{"id":9900,"date":"2023-01-27T11:14:05","date_gmt":"2023-01-27T10:14:05","guid":{"rendered":"https:\/\/efilatelija.posta.rs\/?post_type=product&#038;p=9900"},"modified":"2026-02-02T10:40:26","modified_gmt":"2026-02-02T09:40:26","slug":"210-%d0%b3%d0%be%d0%b4%d0%b8%d0%bd%d0%b0-%d0%be%d0%b4-%d1%80%d0%be%d1%92%d0%b5%d1%9a%d0%b0-%d0%bf%d0%b5%d1%82%d1%80%d0%b0-ii-%d0%bf%d0%b5%d1%82%d1%80%d0%be%d0%b2%d0%b8%d1%9b%d0%b0-%d1%9a%d0%b5%d0%b3","status":"publish","type":"product","link":"https:\/\/efilatelija.posta.rs\/en\/product\/210-%d0%b3%d0%be%d0%b4%d0%b8%d0%bd%d0%b0-%d0%be%d0%b4-%d1%80%d0%be%d1%92%d0%b5%d1%9a%d0%b0-%d0%bf%d0%b5%d1%82%d1%80%d0%b0-ii-%d0%bf%d0%b5%d1%82%d1%80%d0%be%d0%b2%d0%b8%d1%9b%d0%b0-%d1%9a%d0%b5%d0%b3\/","title":{"rendered":"210 years since the birth of Petar II Petrovi\u0107 Njego\u0161"},"content":{"rendered":"<p>Petar II Petrovi\u0107 Njego\u0161 (November 1, 1813 \u2013 October 19, 1851) was an Orthodox Montenegrin and Highland Prince-Bishop and head of Old Montenegro and Highland from 1830 to 1851. He was one of the greatest poets and philosophers of this region.<\/p>\n<p>Njego\u0161 was a charismatic and striking historical figure, but at the same time he was also a deeply enlightened and thought-provoking figure, which is evidenced primarily by his literary work. Respected as a ruler, he is best remembered as the author of the epic poem \"The Mountain Wreath\", which is considered one of the greatest masterpieces of European and world literature.<\/p>\n<p>He was born in the village of Njegu\u0161i, near Cetinje, and after the death of his Uncle Petar I, he became the spiritual and secular leader of Montenegro.<\/p>\n<p>He worked for the unification of Montenegrin tribes and the establishment of a centralized state. He introduced regular taxes, and his reign was marked by efforts to expand the territory of Montenegro.<\/p>\n<p>He collected folk songs, which he published in the collection \"The Serbian Mirror\". A considerable number of his shorter poems, odes and epistles were published in the periodicals of that time. Although he had no formal schooling, through reading and reflection, Njego\u0161 developed spiritually and shaped his artistic expression more deeply and completely, so in the last seven years of his life he created three of his most important pieces: \"The Ray of the Microcosm\", \"The Mountain Wreath\" and \"False Tsar \u0160\u0107epan the Little\". His works have been translated into several languages, including Japanese.<\/p>\n<p>Petar II Petrovi\u0107 Njego\u0161 died in 1851. He was buried in Lov\u0107en at the place where the Mausoleum designed by Ivan Me\u0161trovi\u0107  is located today.<\/p>\n<p>Stamp motif: Portrait of Njego\u0161, Petar Lubarda, 1940s, dimensions 96 x 80 cm, oil on canvas, private collection<\/p>\n<p>Motif on the vignettes and on the envelope: Mausoleum of NJego\u0161 on Lov\u0107en designed by Ivan Me\u0161trovi\u0107 , Miroslav Nikoli\u0107<\/p>\n<p>Professional cooperation: Association of Writers of Serbia<\/p>\n<p>Graphic realization of the issue: Nade\u017eda Sko\u010daji\u0107, academic graphic designer<\/p>","protected":false},"excerpt":{"rendered":"<h3>Commemorative postage stamps<\/h3>\n<p>Year of issue: <strong>2023<\/strong><\/p>","protected":false},"featured_media":9901,"template":"","meta":{"inline_featured_image":false,"pgc_sgb_lightbox_settings":""},"product_brand":[],"product_cat":[96,164,39,40],"product_tag":[],"class_list":{"0":"post-9900","1":"product","2":"type-product","3":"status-publish","4":"has-post-thumbnail","6":"product_cat-godina-izdanja","7":"product_cat-164","8":"product_cat-postanske-marke","9":"product_cat-prigodne-marke","10":"pa_godina-izdanja-165","11":"pa_tema-znamenite-licnosti","13":"first","14":"instock","15":"shipping-taxable","16":"purchasable","17":"product-type-simple"},"yoast_head":"<!-- This site is optimized with the Yoast SEO plugin v26.8 - https:\/\/yoast.com\/product\/yoast-seo-wordpress\/ -->\n<title>210 \u0433\u043e\u0434\u0438\u043d\u0430 \u043e\u0434 \u0440\u043e\u0452\u0435\u045a\u0430 \u041f\u0435\u0442\u0440\u0430 II \u041f\u0435\u0442\u0440\u043e\u0432\u0438\u045b\u0430 \u040a\u0435\u0433\u043e\u0448\u0430 - \u0435\u0424\u0438\u043b\u0430\u0442\u0435\u043b\u0438\u0458\u0430<\/title>\n<meta name=\"robots\" content=\"index, follow, max-snippet:-1, max-image-preview:large, max-video-preview:-1\" \/>\n<link rel=\"canonical\" href=\"https:\/\/efilatelija.posta.rs\/en\/product\/210-\u0433\u043e\u0434\u0438\u043d\u0430-\u043e\u0434-\u0440\u043e\u0452\u0435\u045a\u0430-\u043f\u0435\u0442\u0440\u0430-ii-\u043f\u0435\u0442\u0440\u043e\u0432\u0438\u045b\u0430-\u045a\u0435\u0433\/\" \/>\n<meta property=\"og:locale\" content=\"en_GB\" \/>\n<meta property=\"og:type\" content=\"article\" \/>\n<meta property=\"og:title\" content=\"210 \u0433\u043e\u0434\u0438\u043d\u0430 \u043e\u0434 \u0440\u043e\u0452\u0435\u045a\u0430 \u041f\u0435\u0442\u0440\u0430 II \u041f\u0435\u0442\u0440\u043e\u0432\u0438\u045b\u0430 \u040a\u0435\u0433\u043e\u0448\u0430 - \u0435\u0424\u0438\u043b\u0430\u0442\u0435\u043b\u0438\u0458\u0430\" \/>\n<meta property=\"og:description\" content=\"\u041f\u0440\u0438\u0433\u043e\u0434\u043d\u0430 \u043f\u043e\u0448\u0442\u0430\u043d\u0441\u043a\u0430 \u043c\u0430\u0440\u043a\u0430 \u0413\u043e\u0434\u0438\u043d\u0430 \u0438\u0437\u0434\u0430\u045a\u0430: 2023\" \/>\n<meta property=\"og:url\" content=\"https:\/\/efilatelija.posta.rs\/en\/product\/210-\u0433\u043e\u0434\u0438\u043d\u0430-\u043e\u0434-\u0440\u043e\u0452\u0435\u045a\u0430-\u043f\u0435\u0442\u0440\u0430-ii-\u043f\u0435\u0442\u0440\u043e\u0432\u0438\u045b\u0430-\u045a\u0435\u0433\/\" \/>\n<meta property=\"og:site_name\" content=\"\u0435\u0424\u0438\u043b\u0430\u0442\u0435\u043b\u0438\u0458\u0430\" \/>\n<meta property=\"article:modified_time\" content=\"2026-02-02T09:40:26+00:00\" \/>\n<meta property=\"og:image\" content=\"https:\/\/efilatelija.posta.rs\/wp-content\/uploads\/2023\/01\/801816.jpg\" \/>\n\t<meta property=\"og:image:width\" content=\"800\" \/>\n\t<meta property=\"og:image:height\" content=\"800\" \/>\n\t<meta property=\"og:image:type\" content=\"image\/jpeg\" \/>\n<meta name=\"twitter:card\" content=\"summary_large_image\" \/>\n<script type=\"application\/ld+json\" class=\"yoast-schema-graph\">{\"@context\":\"https:\/\/schema.org\",\"@graph\":[{\"@type\":\"WebPage\",\"@id\":\"https:\/\/efilatelija.posta.rs\/product\/210-%d0%b3%d0%be%d0%b4%d0%b8%d0%bd%d0%b0-%d0%be%d0%b4-%d1%80%d0%be%d1%92%d0%b5%d1%9a%d0%b0-%d0%bf%d0%b5%d1%82%d1%80%d0%b0-ii-%d0%bf%d0%b5%d1%82%d1%80%d0%be%d0%b2%d0%b8%d1%9b%d0%b0-%d1%9a%d0%b5%d0%b3\/\",\"url\":\"https:\/\/efilatelija.posta.rs\/product\/210-%d0%b3%d0%be%d0%b4%d0%b8%d0%bd%d0%b0-%d0%be%d0%b4-%d1%80%d0%be%d1%92%d0%b5%d1%9a%d0%b0-%d0%bf%d0%b5%d1%82%d1%80%d0%b0-ii-%d0%bf%d0%b5%d1%82%d1%80%d0%be%d0%b2%d0%b8%d1%9b%d0%b0-%d1%9a%d0%b5%d0%b3\/\",\"name\":\"210 \u0433\u043e\u0434\u0438\u043d\u0430 \u043e\u0434 \u0440\u043e\u0452\u0435\u045a\u0430 \u041f\u0435\u0442\u0440\u0430 II \u041f\u0435\u0442\u0440\u043e\u0432\u0438\u045b\u0430 \u040a\u0435\u0433\u043e\u0448\u0430 - \u0435\u0424\u0438\u043b\u0430\u0442\u0435\u043b\u0438\u0458\u0430\",\"isPartOf\":{\"@id\":\"https:\/\/efilatelija.posta.rs\/#website\"},\"primaryImageOfPage\":{\"@id\":\"https:\/\/efilatelija.posta.rs\/product\/210-%d0%b3%d0%be%d0%b4%d0%b8%d0%bd%d0%b0-%d0%be%d0%b4-%d1%80%d0%be%d1%92%d0%b5%d1%9a%d0%b0-%d0%bf%d0%b5%d1%82%d1%80%d0%b0-ii-%d0%bf%d0%b5%d1%82%d1%80%d0%be%d0%b2%d0%b8%d1%9b%d0%b0-%d1%9a%d0%b5%d0%b3\/#primaryimage\"},\"image\":{\"@id\":\"https:\/\/efilatelija.posta.rs\/product\/210-%d0%b3%d0%be%d0%b4%d0%b8%d0%bd%d0%b0-%d0%be%d0%b4-%d1%80%d0%be%d1%92%d0%b5%d1%9a%d0%b0-%d0%bf%d0%b5%d1%82%d1%80%d0%b0-ii-%d0%bf%d0%b5%d1%82%d1%80%d0%be%d0%b2%d0%b8%d1%9b%d0%b0-%d1%9a%d0%b5%d0%b3\/#primaryimage\"},\"thumbnailUrl\":\"https:\/\/efilatelija.posta.rs\/wp-content\/uploads\/2023\/01\/801816.jpg\",\"datePublished\":\"2023-01-27T10:14:05+00:00\",\"dateModified\":\"2026-02-02T09:40:26+00:00\",\"breadcrumb\":{\"@id\":\"https:\/\/efilatelija.posta.rs\/product\/210-%d0%b3%d0%be%d0%b4%d0%b8%d0%bd%d0%b0-%d0%be%d0%b4-%d1%80%d0%be%d1%92%d0%b5%d1%9a%d0%b0-%d0%bf%d0%b5%d1%82%d1%80%d0%b0-ii-%d0%bf%d0%b5%d1%82%d1%80%d0%be%d0%b2%d0%b8%d1%9b%d0%b0-%d1%9a%d0%b5%d0%b3\/#breadcrumb\"},\"inLanguage\":\"en-GB\",\"potentialAction\":[{\"@type\":\"ReadAction\",\"target\":[\"https:\/\/efilatelija.posta.rs\/product\/210-%d0%b3%d0%be%d0%b4%d0%b8%d0%bd%d0%b0-%d0%be%d0%b4-%d1%80%d0%be%d1%92%d0%b5%d1%9a%d0%b0-%d0%bf%d0%b5%d1%82%d1%80%d0%b0-ii-%d0%bf%d0%b5%d1%82%d1%80%d0%be%d0%b2%d0%b8%d1%9b%d0%b0-%d1%9a%d0%b5%d0%b3\/\"]}]},{\"@type\":\"ImageObject\",\"inLanguage\":\"en-GB\",\"@id\":\"https:\/\/efilatelija.posta.rs\/product\/210-%d0%b3%d0%be%d0%b4%d0%b8%d0%bd%d0%b0-%d0%be%d0%b4-%d1%80%d0%be%d1%92%d0%b5%d1%9a%d0%b0-%d0%bf%d0%b5%d1%82%d1%80%d0%b0-ii-%d0%bf%d0%b5%d1%82%d1%80%d0%be%d0%b2%d0%b8%d1%9b%d0%b0-%d1%9a%d0%b5%d0%b3\/#primaryimage\",\"url\":\"https:\/\/efilatelija.posta.rs\/wp-content\/uploads\/2023\/01\/801816.jpg\",\"contentUrl\":\"https:\/\/efilatelija.posta.rs\/wp-content\/uploads\/2023\/01\/801816.jpg\",\"width\":800,\"height\":800,\"caption\":\"2023 210 \u0433\u043e\u0434\u0438\u043d\u0430 \u043e\u0434 \u0440\u043e\u0452\u0435\u045a\u0430 \u041f\u0435\u0442\u0440\u0430 II \u041f\u0435\u0442\u0440\u043e\u0432\u0438\u045b\u0430 \u040a\u0435\u0433\u043e\u0448\u0430 \u043f\u0440\u0438\u0433\u043e\u0434\u043d\u0430 \u043f\u043e\u0448\u0442\u0430\u043d\u0441\u043a\u0430 \u043c\u0430\u0440\u043a\u0430\"},{\"@type\":\"BreadcrumbList\",\"@id\":\"https:\/\/efilatelija.posta.rs\/product\/210-%d0%b3%d0%be%d0%b4%d0%b8%d0%bd%d0%b0-%d0%be%d0%b4-%d1%80%d0%be%d1%92%d0%b5%d1%9a%d0%b0-%d0%bf%d0%b5%d1%82%d1%80%d0%b0-ii-%d0%bf%d0%b5%d1%82%d1%80%d0%be%d0%b2%d0%b8%d1%9b%d0%b0-%d1%9a%d0%b5%d0%b3\/#breadcrumb\",\"itemListElement\":[{\"@type\":\"ListItem\",\"position\":1,\"name\":\"\u041f\u0440\u043e\u0434\u0430\u0432\u043d\u0438\u0446\u0430\",\"item\":\"https:\/\/efilatelija.posta.rs\/shop\/\"},{\"@type\":\"ListItem\",\"position\":2,\"name\":\"210 \u0433\u043e\u0434\u0438\u043d\u0430 \u043e\u0434 \u0440\u043e\u0452\u0435\u045a\u0430 \u041f\u0435\u0442\u0440\u0430 II \u041f\u0435\u0442\u0440\u043e\u0432\u0438\u045b\u0430 \u040a\u0435\u0433\u043e\u0448\u0430\"}]},{\"@type\":\"WebSite\",\"@id\":\"https:\/\/efilatelija.posta.rs\/#website\",\"url\":\"https:\/\/efilatelija.posta.rs\/\",\"name\":\"\u0435\u0424\u0438\u043b\u0430\u0442\u0435\u043b\u0438\u0458\u0430\",\"description\":\"\u041f\u043e\u0448\u0442\u0430 \u0421\u0440\u0431\u0438\u0458\u0435 \u0434.\u043e.\u043e.\",\"publisher\":{\"@id\":\"https:\/\/efilatelija.posta.rs\/#organization\"},\"potentialAction\":[{\"@type\":\"SearchAction\",\"target\":{\"@type\":\"EntryPoint\",\"urlTemplate\":\"https:\/\/efilatelija.posta.rs\/?s={search_term_string}\"},\"query-input\":{\"@type\":\"PropertyValueSpecification\",\"valueRequired\":true,\"valueName\":\"search_term_string\"}}],\"inLanguage\":\"en-GB\"},{\"@type\":\"Organization\",\"@id\":\"https:\/\/efilatelija.posta.rs\/#organization\",\"name\":\"\u0435\u0424\u0438\u043b\u0430\u0442\u0435\u043b\u0438\u0458\u0430 - \u0408\u041f \u041f\u043e\u0448\u0442\u0430 \u0421\u0440\u0431\u0438\u0458\u0435\",\"url\":\"https:\/\/efilatelija.posta.rs\/\",\"logo\":{\"@type\":\"ImageObject\",\"inLanguage\":\"en-GB\",\"@id\":\"https:\/\/efilatelija.posta.rs\/#\/schema\/logo\/image\/\",\"url\":\"https:\/\/efilatelija.posta.rs\/wp-content\/uploads\/2025\/01\/logo-posta-srbije-500x500-1.jpg\",\"contentUrl\":\"https:\/\/efilatelija.posta.rs\/wp-content\/uploads\/2025\/01\/logo-posta-srbije-500x500-1.jpg\",\"width\":500,\"height\":500,\"caption\":\"\u0435\u0424\u0438\u043b\u0430\u0442\u0435\u043b\u0438\u0458\u0430 - \u0408\u041f \u041f\u043e\u0448\u0442\u0430 \u0421\u0440\u0431\u0438\u0458\u0435\"},\"image\":{\"@id\":\"https:\/\/efilatelija.posta.rs\/#\/schema\/logo\/image\/\"}}]}<\/script>\n<!-- \/ Yoast SEO plugin. -->","yoast_head_json":{"title":"210 \u0433\u043e\u0434\u0438\u043d\u0430 \u043e\u0434 \u0440\u043e\u0452\u0435\u045a\u0430 \u041f\u0435\u0442\u0440\u0430 II \u041f\u0435\u0442\u0440\u043e\u0432\u0438\u045b\u0430 \u040a\u0435\u0433\u043e\u0448\u0430 - \u0435\u0424\u0438\u043b\u0430\u0442\u0435\u043b\u0438\u0458\u0430","robots":{"index":"index","follow":"follow","max-snippet":"max-snippet:-1","max-image-preview":"max-image-preview:large","max-video-preview":"max-video-preview:-1"},"canonical":"https:\/\/efilatelija.posta.rs\/en\/product\/210-\u0433\u043e\u0434\u0438\u043d\u0430-\u043e\u0434-\u0440\u043e\u0452\u0435\u045a\u0430-\u043f\u0435\u0442\u0440\u0430-ii-\u043f\u0435\u0442\u0440\u043e\u0432\u0438\u045b\u0430-\u045a\u0435\u0433\/","og_locale":"en_GB","og_type":"article","og_title":"210 \u0433\u043e\u0434\u0438\u043d\u0430 \u043e\u0434 \u0440\u043e\u0452\u0435\u045a\u0430 \u041f\u0435\u0442\u0440\u0430 II \u041f\u0435\u0442\u0440\u043e\u0432\u0438\u045b\u0430 \u040a\u0435\u0433\u043e\u0448\u0430 - \u0435\u0424\u0438\u043b\u0430\u0442\u0435\u043b\u0438\u0458\u0430","og_description":"\u041f\u0440\u0438\u0433\u043e\u0434\u043d\u0430 \u043f\u043e\u0448\u0442\u0430\u043d\u0441\u043a\u0430 \u043c\u0430\u0440\u043a\u0430 \u0413\u043e\u0434\u0438\u043d\u0430 \u0438\u0437\u0434\u0430\u045a\u0430: 2023","og_url":"https:\/\/efilatelija.posta.rs\/en\/product\/210-\u0433\u043e\u0434\u0438\u043d\u0430-\u043e\u0434-\u0440\u043e\u0452\u0435\u045a\u0430-\u043f\u0435\u0442\u0440\u0430-ii-\u043f\u0435\u0442\u0440\u043e\u0432\u0438\u045b\u0430-\u045a\u0435\u0433\/","og_site_name":"\u0435\u0424\u0438\u043b\u0430\u0442\u0435\u043b\u0438\u0458\u0430","article_modified_time":"2026-02-02T09:40:26+00:00","og_image":[{"width":800,"height":800,"url":"https:\/\/efilatelija.posta.rs\/wp-content\/uploads\/2023\/01\/801816.jpg","type":"image\/jpeg"}],"twitter_card":"summary_large_image","schema":{"@context":"https:\/\/schema.org","@graph":[{"@type":"WebPage","@id":"https:\/\/efilatelija.posta.rs\/product\/210-%d0%b3%d0%be%d0%b4%d0%b8%d0%bd%d0%b0-%d0%be%d0%b4-%d1%80%d0%be%d1%92%d0%b5%d1%9a%d0%b0-%d0%bf%d0%b5%d1%82%d1%80%d0%b0-ii-%d0%bf%d0%b5%d1%82%d1%80%d0%be%d0%b2%d0%b8%d1%9b%d0%b0-%d1%9a%d0%b5%d0%b3\/","url":"https:\/\/efilatelija.posta.rs\/product\/210-%d0%b3%d0%be%d0%b4%d0%b8%d0%bd%d0%b0-%d0%be%d0%b4-%d1%80%d0%be%d1%92%d0%b5%d1%9a%d0%b0-%d0%bf%d0%b5%d1%82%d1%80%d0%b0-ii-%d0%bf%d0%b5%d1%82%d1%80%d0%be%d0%b2%d0%b8%d1%9b%d0%b0-%d1%9a%d0%b5%d0%b3\/","name":"210 \u0433\u043e\u0434\u0438\u043d\u0430 \u043e\u0434 \u0440\u043e\u0452\u0435\u045a\u0430 \u041f\u0435\u0442\u0440\u0430 II \u041f\u0435\u0442\u0440\u043e\u0432\u0438\u045b\u0430 \u040a\u0435\u0433\u043e\u0448\u0430 - \u0435\u0424\u0438\u043b\u0430\u0442\u0435\u043b\u0438\u0458\u0430","isPartOf":{"@id":"https:\/\/efilatelija.posta.rs\/#website"},"primaryImageOfPage":{"@id":"https:\/\/efilatelija.posta.rs\/product\/210-%d0%b3%d0%be%d0%b4%d0%b8%d0%bd%d0%b0-%d0%be%d0%b4-%d1%80%d0%be%d1%92%d0%b5%d1%9a%d0%b0-%d0%bf%d0%b5%d1%82%d1%80%d0%b0-ii-%d0%bf%d0%b5%d1%82%d1%80%d0%be%d0%b2%d0%b8%d1%9b%d0%b0-%d1%9a%d0%b5%d0%b3\/#primaryimage"},"image":{"@id":"https:\/\/efilatelija.posta.rs\/product\/210-%d0%b3%d0%be%d0%b4%d0%b8%d0%bd%d0%b0-%d0%be%d0%b4-%d1%80%d0%be%d1%92%d0%b5%d1%9a%d0%b0-%d0%bf%d0%b5%d1%82%d1%80%d0%b0-ii-%d0%bf%d0%b5%d1%82%d1%80%d0%be%d0%b2%d0%b8%d1%9b%d0%b0-%d1%9a%d0%b5%d0%b3\/#primaryimage"},"thumbnailUrl":"https:\/\/efilatelija.posta.rs\/wp-content\/uploads\/2023\/01\/801816.jpg","datePublished":"2023-01-27T10:14:05+00:00","dateModified":"2026-02-02T09:40:26+00:00","breadcrumb":{"@id":"https:\/\/efilatelija.posta.rs\/product\/210-%d0%b3%d0%be%d0%b4%d0%b8%d0%bd%d0%b0-%d0%be%d0%b4-%d1%80%d0%be%d1%92%d0%b5%d1%9a%d0%b0-%d0%bf%d0%b5%d1%82%d1%80%d0%b0-ii-%d0%bf%d0%b5%d1%82%d1%80%d0%be%d0%b2%d0%b8%d1%9b%d0%b0-%d1%9a%d0%b5%d0%b3\/#breadcrumb"},"inLanguage":"en-GB","potentialAction":[{"@type":"ReadAction","target":["https:\/\/efilatelija.posta.rs\/product\/210-%d0%b3%d0%be%d0%b4%d0%b8%d0%bd%d0%b0-%d0%be%d0%b4-%d1%80%d0%be%d1%92%d0%b5%d1%9a%d0%b0-%d0%bf%d0%b5%d1%82%d1%80%d0%b0-ii-%d0%bf%d0%b5%d1%82%d1%80%d0%be%d0%b2%d0%b8%d1%9b%d0%b0-%d1%9a%d0%b5%d0%b3\/"]}]},{"@type":"ImageObject","inLanguage":"en-GB","@id":"https:\/\/efilatelija.posta.rs\/product\/210-%d0%b3%d0%be%d0%b4%d0%b8%d0%bd%d0%b0-%d0%be%d0%b4-%d1%80%d0%be%d1%92%d0%b5%d1%9a%d0%b0-%d0%bf%d0%b5%d1%82%d1%80%d0%b0-ii-%d0%bf%d0%b5%d1%82%d1%80%d0%be%d0%b2%d0%b8%d1%9b%d0%b0-%d1%9a%d0%b5%d0%b3\/#primaryimage","url":"https:\/\/efilatelija.posta.rs\/wp-content\/uploads\/2023\/01\/801816.jpg","contentUrl":"https:\/\/efilatelija.posta.rs\/wp-content\/uploads\/2023\/01\/801816.jpg","width":800,"height":800,"caption":"2023 210 \u0433\u043e\u0434\u0438\u043d\u0430 \u043e\u0434 \u0440\u043e\u0452\u0435\u045a\u0430 \u041f\u0435\u0442\u0440\u0430 II \u041f\u0435\u0442\u0440\u043e\u0432\u0438\u045b\u0430 \u040a\u0435\u0433\u043e\u0448\u0430 \u043f\u0440\u0438\u0433\u043e\u0434\u043d\u0430 \u043f\u043e\u0448\u0442\u0430\u043d\u0441\u043a\u0430 \u043c\u0430\u0440\u043a\u0430"},{"@type":"BreadcrumbList","@id":"https:\/\/efilatelija.posta.rs\/product\/210-%d0%b3%d0%be%d0%b4%d0%b8%d0%bd%d0%b0-%d0%be%d0%b4-%d1%80%d0%be%d1%92%d0%b5%d1%9a%d0%b0-%d0%bf%d0%b5%d1%82%d1%80%d0%b0-ii-%d0%bf%d0%b5%d1%82%d1%80%d0%be%d0%b2%d0%b8%d1%9b%d0%b0-%d1%9a%d0%b5%d0%b3\/#breadcrumb","itemListElement":[{"@type":"ListItem","position":1,"name":"\u041f\u0440\u043e\u0434\u0430\u0432\u043d\u0438\u0446\u0430","item":"https:\/\/efilatelija.posta.rs\/shop\/"},{"@type":"ListItem","position":2,"name":"210 \u0433\u043e\u0434\u0438\u043d\u0430 \u043e\u0434 \u0440\u043e\u0452\u0435\u045a\u0430 \u041f\u0435\u0442\u0440\u0430 II \u041f\u0435\u0442\u0440\u043e\u0432\u0438\u045b\u0430 \u040a\u0435\u0433\u043e\u0448\u0430"}]},{"@type":"WebSite","@id":"https:\/\/efilatelija.posta.rs\/#website","url":"https:\/\/efilatelija.posta.rs\/","name":"ePhilately","description":"\u041f\u043e\u0448\u0442\u0430 \u0421\u0440\u0431\u0438\u0458\u0435 \u0434.\u043e.\u043e.","publisher":{"@id":"https:\/\/efilatelija.posta.rs\/#organization"},"potentialAction":[{"@type":"SearchAction","target":{"@type":"EntryPoint","urlTemplate":"https:\/\/efilatelija.posta.rs\/?s={search_term_string}"},"query-input":{"@type":"PropertyValueSpecification","valueRequired":true,"valueName":"search_term_string"}}],"inLanguage":"en-GB"},{"@type":"Organization","@id":"https:\/\/efilatelija.posta.rs\/#organization","name":"\u0435\u0424\u0438\u043b\u0430\u0442\u0435\u043b\u0438\u0458\u0430 - \u0408\u041f \u041f\u043e\u0448\u0442\u0430 \u0421\u0440\u0431\u0438\u0458\u0435","url":"https:\/\/efilatelija.posta.rs\/","logo":{"@type":"ImageObject","inLanguage":"en-GB","@id":"https:\/\/efilatelija.posta.rs\/#\/schema\/logo\/image\/","url":"https:\/\/efilatelija.posta.rs\/wp-content\/uploads\/2025\/01\/logo-posta-srbije-500x500-1.jpg","contentUrl":"https:\/\/efilatelija.posta.rs\/wp-content\/uploads\/2025\/01\/logo-posta-srbije-500x500-1.jpg","width":500,"height":500,"caption":"\u0435\u0424\u0438\u043b\u0430\u0442\u0435\u043b\u0438\u0458\u0430 - \u0408\u041f \u041f\u043e\u0448\u0442\u0430 \u0421\u0440\u0431\u0438\u0458\u0435"},"image":{"@id":"https:\/\/efilatelija.posta.rs\/#\/schema\/logo\/image\/"}}]}},"_links":{"self":[{"href":"https:\/\/efilatelija.posta.rs\/en\/wp-json\/wp\/v2\/product\/9900","targetHints":{"allow":["GET"]}}],"collection":[{"href":"https:\/\/efilatelija.posta.rs\/en\/wp-json\/wp\/v2\/product"}],"about":[{"href":"https:\/\/efilatelija.posta.rs\/en\/wp-json\/wp\/v2\/types\/product"}],"wp:featuredmedia":[{"embeddable":true,"href":"https:\/\/efilatelija.posta.rs\/en\/wp-json\/wp\/v2\/media\/9901"}],"wp:attachment":[{"href":"https:\/\/efilatelija.posta.rs\/en\/wp-json\/wp\/v2\/media?parent=9900"}],"wp:term":[{"taxonomy":"product_brand","embeddable":true,"href":"https:\/\/efilatelija.posta.rs\/en\/wp-json\/wp\/v2\/product_brand?post=9900"},{"taxonomy":"product_cat","embeddable":true,"href":"https:\/\/efilatelija.posta.rs\/en\/wp-json\/wp\/v2\/product_cat?post=9900"},{"taxonomy":"product_tag","embeddable":true,"href":"https:\/\/efilatelija.posta.rs\/en\/wp-json\/wp\/v2\/product_tag?post=9900"}],"curies":[{"name":"wp","href":"https:\/\/api.w.org\/{rel}","templated":true}]}}