{"id":17188,"date":"2026-05-07T13:44:35","date_gmt":"2026-05-07T12:44:35","guid":{"rendered":"https:\/\/efilatelija.posta.rs\/?post_type=product&#038;p=17188"},"modified":"2026-05-08T15:23:08","modified_gmt":"2026-05-08T14:23:08","slug":"svetski-dan-crvenog-krsta","status":"publish","type":"product","link":"https:\/\/efilatelija.posta.rs\/en\/product\/svetski-dan-crvenog-krsta\/","title":{"rendered":"World Red Cross Day"},"content":{"rendered":"<p>World Red Cross and Red Crescent Day is celebrated on May 8, the birthday of its founder, Henri Dunant. Faced with the horrors of the Battle of Solferino (1859), Dunant initiated the creation of a humanitarian organization to aid the wounded and protect medical personnel. Today, it is the International Red Cross and Red Crescent Movement, the largest global humanitarian network, providing assistance in wars, natural disasters and health crises, protecting human dignity without discrimination and alleviating suffering wherever it occurs.<\/p>\n<p>This year we are also celebrating a great anniversary \u2013 150 years of the Red Cross of Serbia. Founded in 1876 on the initiative of Dr Vladan \u0110or\u0111evi\u0107, the first Serbian trained surgeon, it is one of the oldest national societies in the world. The first president was Metropolitan Mihailo, while Princess (later Queen) Natalia donated land for the construction of the Society\u2019s headquarters, which was designed by the prominent architect Aleksandar Bugarski.<\/p>\n<p>Since its beginnings, the Red Cross of Serbia has played a crucial role in caring for victims during the Serbian-Turkish, Balkan, and World Wars I and II. Between the two world wars, the organization\u2019s activities expanded to include social protection and health education.<\/p>\n<p>Today, the Red Cross of Serbia consists of 183 organizations in cities and municipalities, along with two provincial organizations. As part of the International Movement, the Red Cross of Serbia implements programmes of voluntary blood donation, social assistance, first aid, emergency response, and education in various fields of work, remaining unwaveringly faithful to its humanitarian principles.<\/p>\n<p>Expert collaboration: the Red Cross of Serbia.<br \/>\nArtistic realization: MA Jak\u0161a Vlahovi\u0107, academic graphic artist<\/p>","protected":false},"excerpt":{"rendered":"<h3>Commemorative postage stamps<\/h3>\n<p>Year of issue: <strong>2026<\/strong><\/p>","protected":false},"featured_media":17189,"template":"","meta":{"inline_featured_image":false,"pgc_sgb_lightbox_settings":""},"product_brand":[],"product_cat":[172,96,39,40],"product_tag":[],"class_list":{"0":"post-17188","1":"product","2":"type-product","3":"status-publish","4":"has-post-thumbnail","6":"product_cat-172","7":"product_cat-godina-izdanja","8":"product_cat-postanske-marke","9":"product_cat-prigodne-marke","10":"pa_godina-izdanja-173","11":"pa_tema-svetske-teme","13":"first","14":"instock","15":"shipping-taxable","16":"purchasable","17":"product-type-simple"},"yoast_head":"<!-- This site is optimized with the Yoast SEO plugin v26.8 - https:\/\/yoast.com\/product\/yoast-seo-wordpress\/ -->\n<title>\u0421\u0432\u0435\u0442\u0441\u043a\u0438 \u0434\u0430\u043d \u0426\u0440\u0432\u0435\u043d\u043e\u0433 \u043a\u0440\u0441\u0442\u0430 - \u0435\u0424\u0438\u043b\u0430\u0442\u0435\u043b\u0438\u0458\u0430<\/title>\n<meta name=\"robots\" content=\"index, follow, max-snippet:-1, max-image-preview:large, max-video-preview:-1\" \/>\n<link rel=\"canonical\" href=\"https:\/\/efilatelija.posta.rs\/en\/product\/svetski-dan-crvenog-krsta\/\" \/>\n<meta property=\"og:locale\" content=\"en_GB\" \/>\n<meta property=\"og:type\" content=\"article\" \/>\n<meta property=\"og:title\" content=\"\u0421\u0432\u0435\u0442\u0441\u043a\u0438 \u0434\u0430\u043d \u0426\u0440\u0432\u0435\u043d\u043e\u0433 \u043a\u0440\u0441\u0442\u0430 - \u0435\u0424\u0438\u043b\u0430\u0442\u0435\u043b\u0438\u0458\u0430\" \/>\n<meta property=\"og:description\" content=\"\u041f\u0440\u0438\u0433\u043e\u0434\u043d\u0430 \u043f\u043e\u0448\u0442\u0430\u043d\u0441\u043a\u0430 \u043c\u0430\u0440\u043a\u0430 \u0413\u043e\u0434\u0438\u043d\u0430 \u0438\u0437\u0434\u0430\u045a\u0430: 2026\" \/>\n<meta property=\"og:url\" content=\"https:\/\/efilatelija.posta.rs\/en\/product\/svetski-dan-crvenog-krsta\/\" \/>\n<meta property=\"og:site_name\" content=\"\u0435\u0424\u0438\u043b\u0430\u0442\u0435\u043b\u0438\u0458\u0430\" \/>\n<meta property=\"article:modified_time\" content=\"2026-05-08T14:23:08+00:00\" \/>\n<meta property=\"og:image\" content=\"https:\/\/efilatelija.posta.rs\/wp-content\/uploads\/2026\/05\/11_MARKA_Svetski-dan-Crvenog-krsta-copy.jpg\" \/>\n\t<meta property=\"og:image:width\" content=\"800\" \/>\n\t<meta property=\"og:image:height\" content=\"800\" \/>\n\t<meta property=\"og:image:type\" content=\"image\/jpeg\" \/>\n<meta name=\"twitter:card\" content=\"summary_large_image\" \/>\n<meta name=\"twitter:label1\" content=\"Estimated reading time\" \/>\n\t<meta name=\"twitter:data1\" content=\"1 minute\" \/>\n<script type=\"application\/ld+json\" class=\"yoast-schema-graph\">{\"@context\":\"https:\/\/schema.org\",\"@graph\":[{\"@type\":\"WebPage\",\"@id\":\"https:\/\/efilatelija.posta.rs\/product\/svetski-dan-crvenog-krsta\/\",\"url\":\"https:\/\/efilatelija.posta.rs\/product\/svetski-dan-crvenog-krsta\/\",\"name\":\"\u0421\u0432\u0435\u0442\u0441\u043a\u0438 \u0434\u0430\u043d \u0426\u0440\u0432\u0435\u043d\u043e\u0433 \u043a\u0440\u0441\u0442\u0430 - \u0435\u0424\u0438\u043b\u0430\u0442\u0435\u043b\u0438\u0458\u0430\",\"isPartOf\":{\"@id\":\"https:\/\/efilatelija.posta.rs\/#website\"},\"primaryImageOfPage\":{\"@id\":\"https:\/\/efilatelija.posta.rs\/product\/svetski-dan-crvenog-krsta\/#primaryimage\"},\"image\":{\"@id\":\"https:\/\/efilatelija.posta.rs\/product\/svetski-dan-crvenog-krsta\/#primaryimage\"},\"thumbnailUrl\":\"https:\/\/efilatelija.posta.rs\/wp-content\/uploads\/2026\/05\/11_MARKA_Svetski-dan-Crvenog-krsta-copy.jpg\",\"datePublished\":\"2026-05-07T12:44:35+00:00\",\"dateModified\":\"2026-05-08T14:23:08+00:00\",\"breadcrumb\":{\"@id\":\"https:\/\/efilatelija.posta.rs\/product\/svetski-dan-crvenog-krsta\/#breadcrumb\"},\"inLanguage\":\"en-GB\",\"potentialAction\":[{\"@type\":\"ReadAction\",\"target\":[\"https:\/\/efilatelija.posta.rs\/product\/svetski-dan-crvenog-krsta\/\"]}]},{\"@type\":\"ImageObject\",\"inLanguage\":\"en-GB\",\"@id\":\"https:\/\/efilatelija.posta.rs\/product\/svetski-dan-crvenog-krsta\/#primaryimage\",\"url\":\"https:\/\/efilatelija.posta.rs\/wp-content\/uploads\/2026\/05\/11_MARKA_Svetski-dan-Crvenog-krsta-copy.jpg\",\"contentUrl\":\"https:\/\/efilatelija.posta.rs\/wp-content\/uploads\/2026\/05\/11_MARKA_Svetski-dan-Crvenog-krsta-copy.jpg\",\"width\":800,\"height\":800,\"caption\":\"2026 \u0421\u0432\u0435\u0442\u0441\u043a\u0438 \u0434\u0430\u043d \u0426\u0440\u0432\u0435\u043d\u043e\u0433 \u043a\u0440\u0441\u0442\u0430 \u043f\u0440\u0438\u0433\u043e\u0434\u043d\u0430 \u043f\u043e\u0448\u0442\u0430\u043d\u0441\u043a\u0430 \u043c\u0430\u0440\u043a\u0430\"},{\"@type\":\"BreadcrumbList\",\"@id\":\"https:\/\/efilatelija.posta.rs\/product\/svetski-dan-crvenog-krsta\/#breadcrumb\",\"itemListElement\":[{\"@type\":\"ListItem\",\"position\":1,\"name\":\"\u041f\u0440\u043e\u0434\u0430\u0432\u043d\u0438\u0446\u0430\",\"item\":\"https:\/\/efilatelija.posta.rs\/shop\/\"},{\"@type\":\"ListItem\",\"position\":2,\"name\":\"\u0421\u0432\u0435\u0442\u0441\u043a\u0438 \u0434\u0430\u043d \u0426\u0440\u0432\u0435\u043d\u043e\u0433 \u043a\u0440\u0441\u0442\u0430\"}]},{\"@type\":\"WebSite\",\"@id\":\"https:\/\/efilatelija.posta.rs\/#website\",\"url\":\"https:\/\/efilatelija.posta.rs\/\",\"name\":\"\u0435\u0424\u0438\u043b\u0430\u0442\u0435\u043b\u0438\u0458\u0430\",\"description\":\"\u041f\u043e\u0448\u0442\u0430 \u0421\u0440\u0431\u0438\u0458\u0435 \u0434.\u043e.\u043e.\",\"publisher\":{\"@id\":\"https:\/\/efilatelija.posta.rs\/#organization\"},\"potentialAction\":[{\"@type\":\"SearchAction\",\"target\":{\"@type\":\"EntryPoint\",\"urlTemplate\":\"https:\/\/efilatelija.posta.rs\/?s={search_term_string}\"},\"query-input\":{\"@type\":\"PropertyValueSpecification\",\"valueRequired\":true,\"valueName\":\"search_term_string\"}}],\"inLanguage\":\"en-GB\"},{\"@type\":\"Organization\",\"@id\":\"https:\/\/efilatelija.posta.rs\/#organization\",\"name\":\"\u0435\u0424\u0438\u043b\u0430\u0442\u0435\u043b\u0438\u0458\u0430 - \u0408\u041f \u041f\u043e\u0448\u0442\u0430 \u0421\u0440\u0431\u0438\u0458\u0435\",\"url\":\"https:\/\/efilatelija.posta.rs\/\",\"logo\":{\"@type\":\"ImageObject\",\"inLanguage\":\"en-GB\",\"@id\":\"https:\/\/efilatelija.posta.rs\/#\/schema\/logo\/image\/\",\"url\":\"https:\/\/efilatelija.posta.rs\/wp-content\/uploads\/2025\/01\/logo-posta-srbije-500x500-1.jpg\",\"contentUrl\":\"https:\/\/efilatelija.posta.rs\/wp-content\/uploads\/2025\/01\/logo-posta-srbije-500x500-1.jpg\",\"width\":500,\"height\":500,\"caption\":\"\u0435\u0424\u0438\u043b\u0430\u0442\u0435\u043b\u0438\u0458\u0430 - \u0408\u041f \u041f\u043e\u0448\u0442\u0430 \u0421\u0440\u0431\u0438\u0458\u0435\"},\"image\":{\"@id\":\"https:\/\/efilatelija.posta.rs\/#\/schema\/logo\/image\/\"}}]}<\/script>\n<!-- \/ Yoast SEO plugin. -->","yoast_head_json":{"title":"\u0421\u0432\u0435\u0442\u0441\u043a\u0438 \u0434\u0430\u043d \u0426\u0440\u0432\u0435\u043d\u043e\u0433 \u043a\u0440\u0441\u0442\u0430 - \u0435\u0424\u0438\u043b\u0430\u0442\u0435\u043b\u0438\u0458\u0430","robots":{"index":"index","follow":"follow","max-snippet":"max-snippet:-1","max-image-preview":"max-image-preview:large","max-video-preview":"max-video-preview:-1"},"canonical":"https:\/\/efilatelija.posta.rs\/en\/product\/svetski-dan-crvenog-krsta\/","og_locale":"en_GB","og_type":"article","og_title":"\u0421\u0432\u0435\u0442\u0441\u043a\u0438 \u0434\u0430\u043d \u0426\u0440\u0432\u0435\u043d\u043e\u0433 \u043a\u0440\u0441\u0442\u0430 - \u0435\u0424\u0438\u043b\u0430\u0442\u0435\u043b\u0438\u0458\u0430","og_description":"\u041f\u0440\u0438\u0433\u043e\u0434\u043d\u0430 \u043f\u043e\u0448\u0442\u0430\u043d\u0441\u043a\u0430 \u043c\u0430\u0440\u043a\u0430 \u0413\u043e\u0434\u0438\u043d\u0430 \u0438\u0437\u0434\u0430\u045a\u0430: 2026","og_url":"https:\/\/efilatelija.posta.rs\/en\/product\/svetski-dan-crvenog-krsta\/","og_site_name":"\u0435\u0424\u0438\u043b\u0430\u0442\u0435\u043b\u0438\u0458\u0430","article_modified_time":"2026-05-08T14:23:08+00:00","og_image":[{"width":800,"height":800,"url":"https:\/\/efilatelija.posta.rs\/wp-content\/uploads\/2026\/05\/11_MARKA_Svetski-dan-Crvenog-krsta-copy.jpg","type":"image\/jpeg"}],"twitter_card":"summary_large_image","twitter_misc":{"Estimated reading time":"1 minute"},"schema":{"@context":"https:\/\/schema.org","@graph":[{"@type":"WebPage","@id":"https:\/\/efilatelija.posta.rs\/product\/svetski-dan-crvenog-krsta\/","url":"https:\/\/efilatelija.posta.rs\/product\/svetski-dan-crvenog-krsta\/","name":"\u0421\u0432\u0435\u0442\u0441\u043a\u0438 \u0434\u0430\u043d \u0426\u0440\u0432\u0435\u043d\u043e\u0433 \u043a\u0440\u0441\u0442\u0430 - \u0435\u0424\u0438\u043b\u0430\u0442\u0435\u043b\u0438\u0458\u0430","isPartOf":{"@id":"https:\/\/efilatelija.posta.rs\/#website"},"primaryImageOfPage":{"@id":"https:\/\/efilatelija.posta.rs\/product\/svetski-dan-crvenog-krsta\/#primaryimage"},"image":{"@id":"https:\/\/efilatelija.posta.rs\/product\/svetski-dan-crvenog-krsta\/#primaryimage"},"thumbnailUrl":"https:\/\/efilatelija.posta.rs\/wp-content\/uploads\/2026\/05\/11_MARKA_Svetski-dan-Crvenog-krsta-copy.jpg","datePublished":"2026-05-07T12:44:35+00:00","dateModified":"2026-05-08T14:23:08+00:00","breadcrumb":{"@id":"https:\/\/efilatelija.posta.rs\/product\/svetski-dan-crvenog-krsta\/#breadcrumb"},"inLanguage":"en-GB","potentialAction":[{"@type":"ReadAction","target":["https:\/\/efilatelija.posta.rs\/product\/svetski-dan-crvenog-krsta\/"]}]},{"@type":"ImageObject","inLanguage":"en-GB","@id":"https:\/\/efilatelija.posta.rs\/product\/svetski-dan-crvenog-krsta\/#primaryimage","url":"https:\/\/efilatelija.posta.rs\/wp-content\/uploads\/2026\/05\/11_MARKA_Svetski-dan-Crvenog-krsta-copy.jpg","contentUrl":"https:\/\/efilatelija.posta.rs\/wp-content\/uploads\/2026\/05\/11_MARKA_Svetski-dan-Crvenog-krsta-copy.jpg","width":800,"height":800,"caption":"2026 \u0421\u0432\u0435\u0442\u0441\u043a\u0438 \u0434\u0430\u043d \u0426\u0440\u0432\u0435\u043d\u043e\u0433 \u043a\u0440\u0441\u0442\u0430 \u043f\u0440\u0438\u0433\u043e\u0434\u043d\u0430 \u043f\u043e\u0448\u0442\u0430\u043d\u0441\u043a\u0430 \u043c\u0430\u0440\u043a\u0430"},{"@type":"BreadcrumbList","@id":"https:\/\/efilatelija.posta.rs\/product\/svetski-dan-crvenog-krsta\/#breadcrumb","itemListElement":[{"@type":"ListItem","position":1,"name":"\u041f\u0440\u043e\u0434\u0430\u0432\u043d\u0438\u0446\u0430","item":"https:\/\/efilatelija.posta.rs\/shop\/"},{"@type":"ListItem","position":2,"name":"\u0421\u0432\u0435\u0442\u0441\u043a\u0438 \u0434\u0430\u043d \u0426\u0440\u0432\u0435\u043d\u043e\u0433 \u043a\u0440\u0441\u0442\u0430"}]},{"@type":"WebSite","@id":"https:\/\/efilatelija.posta.rs\/#website","url":"https:\/\/efilatelija.posta.rs\/","name":"ePhilately","description":"\u041f\u043e\u0448\u0442\u0430 \u0421\u0440\u0431\u0438\u0458\u0435 \u0434.\u043e.\u043e.","publisher":{"@id":"https:\/\/efilatelija.posta.rs\/#organization"},"potentialAction":[{"@type":"SearchAction","target":{"@type":"EntryPoint","urlTemplate":"https:\/\/efilatelija.posta.rs\/?s={search_term_string}"},"query-input":{"@type":"PropertyValueSpecification","valueRequired":true,"valueName":"search_term_string"}}],"inLanguage":"en-GB"},{"@type":"Organization","@id":"https:\/\/efilatelija.posta.rs\/#organization","name":"\u0435\u0424\u0438\u043b\u0430\u0442\u0435\u043b\u0438\u0458\u0430 - \u0408\u041f \u041f\u043e\u0448\u0442\u0430 \u0421\u0440\u0431\u0438\u0458\u0435","url":"https:\/\/efilatelija.posta.rs\/","logo":{"@type":"ImageObject","inLanguage":"en-GB","@id":"https:\/\/efilatelija.posta.rs\/#\/schema\/logo\/image\/","url":"https:\/\/efilatelija.posta.rs\/wp-content\/uploads\/2025\/01\/logo-posta-srbije-500x500-1.jpg","contentUrl":"https:\/\/efilatelija.posta.rs\/wp-content\/uploads\/2025\/01\/logo-posta-srbije-500x500-1.jpg","width":500,"height":500,"caption":"\u0435\u0424\u0438\u043b\u0430\u0442\u0435\u043b\u0438\u0458\u0430 - \u0408\u041f \u041f\u043e\u0448\u0442\u0430 \u0421\u0440\u0431\u0438\u0458\u0435"},"image":{"@id":"https:\/\/efilatelija.posta.rs\/#\/schema\/logo\/image\/"}}]}},"_links":{"self":[{"href":"https:\/\/efilatelija.posta.rs\/en\/wp-json\/wp\/v2\/product\/17188","targetHints":{"allow":["GET"]}}],"collection":[{"href":"https:\/\/efilatelija.posta.rs\/en\/wp-json\/wp\/v2\/product"}],"about":[{"href":"https:\/\/efilatelija.posta.rs\/en\/wp-json\/wp\/v2\/types\/product"}],"wp:featuredmedia":[{"embeddable":true,"href":"https:\/\/efilatelija.posta.rs\/en\/wp-json\/wp\/v2\/media\/17189"}],"wp:attachment":[{"href":"https:\/\/efilatelija.posta.rs\/en\/wp-json\/wp\/v2\/media?parent=17188"}],"wp:term":[{"taxonomy":"product_brand","embeddable":true,"href":"https:\/\/efilatelija.posta.rs\/en\/wp-json\/wp\/v2\/product_brand?post=17188"},{"taxonomy":"product_cat","embeddable":true,"href":"https:\/\/efilatelija.posta.rs\/en\/wp-json\/wp\/v2\/product_cat?post=17188"},{"taxonomy":"product_tag","embeddable":true,"href":"https:\/\/efilatelija.posta.rs\/en\/wp-json\/wp\/v2\/product_tag?post=17188"}],"curies":[{"name":"wp","href":"https:\/\/api.w.org\/{rel}","templated":true}]}}