{"id":16663,"date":"2026-02-09T14:53:21","date_gmt":"2026-02-09T13:53:21","guid":{"rendered":"https:\/\/efilatelija.posta.rs\/?post_type=product&#038;p=16663"},"modified":"2026-03-24T17:45:42","modified_gmt":"2026-03-24T16:45:42","slug":"150-godina-generlstaba","status":"publish","type":"product","link":"https:\/\/efilatelija.posta.rs\/en\/product\/150-godina-generlstaba\/","title":{"rendered":"150 years of the General Staff"},"content":{"rendered":"<p>As a military institution, the General Staff originated in the early 19<sup>th<\/sup> century in Prussia, when it was first formed as part of reforms aimed at adapting the military organization to changes in warfare brought about by the emergence of large national armies and the rapid development of military technology. Since that time, it has participated in the creation and development of the concept of defence for the entire country, drawing up war plans, conceiving and developing military doctrine and strategy, planning the development, organization and structure of the defence system and mobilization readiness, organizing war planning, and coordinating the development of infrastructure and the arrangement of the state territory for waging war.<\/p>\n<p>In the Serbian Armed Forces, the Main General Staff was formed on February 5, 1876. Its first chief was General Franti\u0161ek Aleksandr Zach, and over the course of 150 years, the General Staff was headed by some of the most significant figures in Serbian military history \u2013 General Jovan Mi\u0161kovi\u0107, Dukes Radomir Putnik, \u017divojin Mi\u0161i\u0107 and Petar Bojovi\u0107, Colonel Generals and National Heroes of Yugoslavia Arso Jovanovi\u0107, Ko\u010da Popovi\u0107, Peko Dap\u010devi\u0107, Ljubo Vu\u010dkovi\u0107 and Rade Hamovi\u0107.<\/p>\n<p>The General Staff played a special role in preparing the defence of the Federal Republic of Yugoslavia against NATO aggression in 1999.<\/p>\n<p>The General Staff of the Serbian Armed Forces is the highest expert and staff body for the preparation and use of the army in times of peace, emergency and war. It proposes and operationalizes decisions for the preparation and use of the Serbian Armed Forces within the competence of the President of the Republic of Serbia and the Chief of the General Staff of the Serbian Armed Forces. Today, the General Staff of the Serbian Armed Forces is a military institution formed on modern foundations in the service of the defence of the Republic of Serbia and its citizens.<\/p>\n<p>Professional cooperation: Colonel Prof. Dalibor Denda, PhD, Strategic Research Institute, University of Defence.\nArtistic realization: MA Jak\u0161a Vlahovi\u0107, Academic Graphic Artist<\/p>","protected":false},"excerpt":{"rendered":"<h3>Commemorative postage stamps<\/h3>\n<p>Year of issue: <strong>2026<\/strong><\/p>","protected":false},"featured_media":16664,"template":"","meta":{"inline_featured_image":false,"pgc_sgb_lightbox_settings":""},"product_brand":[],"product_cat":[172,96,39,40],"product_tag":[],"class_list":{"0":"post-16663","1":"product","2":"type-product","3":"status-publish","4":"has-post-thumbnail","6":"product_cat-172","7":"product_cat-godina-izdanja","8":"product_cat-postanske-marke","9":"product_cat-prigodne-marke","10":"pa_godina-izdanja-173","11":"pa_tema-drzavnost","13":"first","14":"instock","15":"shipping-taxable","16":"purchasable","17":"product-type-simple"},"yoast_head":"<!-- This site is optimized with the Yoast SEO plugin v26.8 - https:\/\/yoast.com\/product\/yoast-seo-wordpress\/ -->\n<title>150 \u0433\u043e\u0434\u0438\u043d\u0430 \u0413\u0435\u043d\u0435\u0440\u0430\u043b\u0448\u0442\u0430\u0431\u0430 - \u0435\u0424\u0438\u043b\u0430\u0442\u0435\u043b\u0438\u0458\u0430<\/title>\n<meta name=\"robots\" content=\"index, follow, max-snippet:-1, max-image-preview:large, max-video-preview:-1\" \/>\n<link rel=\"canonical\" href=\"https:\/\/efilatelija.posta.rs\/en\/product\/150-godina-generlstaba\/\" \/>\n<meta property=\"og:locale\" content=\"en_GB\" \/>\n<meta property=\"og:type\" content=\"article\" \/>\n<meta property=\"og:title\" content=\"150 \u0433\u043e\u0434\u0438\u043d\u0430 \u0413\u0435\u043d\u0435\u0440\u0430\u043b\u0448\u0442\u0430\u0431\u0430 - \u0435\u0424\u0438\u043b\u0430\u0442\u0435\u043b\u0438\u0458\u0430\" \/>\n<meta property=\"og:description\" content=\"\u041f\u0440\u0438\u0433\u043e\u0434\u043d\u0430 \u043f\u043e\u0448\u0442\u0430\u043d\u0441\u043a\u0430 \u043c\u0430\u0440\u043a\u0430 \u0413\u043e\u0434\u0438\u043d\u0430 \u0438\u0437\u0434\u0430\u045a\u0430: 2026\" \/>\n<meta property=\"og:url\" content=\"https:\/\/efilatelija.posta.rs\/en\/product\/150-godina-generlstaba\/\" \/>\n<meta property=\"og:site_name\" content=\"\u0435\u0424\u0438\u043b\u0430\u0442\u0435\u043b\u0438\u0458\u0430\" \/>\n<meta property=\"article:modified_time\" content=\"2026-03-24T16:45:42+00:00\" \/>\n<meta property=\"og:image\" content=\"https:\/\/efilatelija.posta.rs\/wp-content\/uploads\/2026\/02\/02_marka_150-godina-Geberalstaba.jpg\" \/>\n\t<meta property=\"og:image:width\" content=\"800\" \/>\n\t<meta property=\"og:image:height\" content=\"800\" \/>\n\t<meta property=\"og:image:type\" content=\"image\/jpeg\" \/>\n<meta name=\"twitter:card\" content=\"summary_large_image\" \/>\n<meta name=\"twitter:label1\" content=\"Estimated reading time\" \/>\n\t<meta name=\"twitter:data1\" content=\"2 minutes\" \/>\n<script type=\"application\/ld+json\" class=\"yoast-schema-graph\">{\"@context\":\"https:\/\/schema.org\",\"@graph\":[{\"@type\":\"WebPage\",\"@id\":\"https:\/\/efilatelija.posta.rs\/product\/150-godina-generlstaba\/\",\"url\":\"https:\/\/efilatelija.posta.rs\/product\/150-godina-generlstaba\/\",\"name\":\"150 \u0433\u043e\u0434\u0438\u043d\u0430 \u0413\u0435\u043d\u0435\u0440\u0430\u043b\u0448\u0442\u0430\u0431\u0430 - \u0435\u0424\u0438\u043b\u0430\u0442\u0435\u043b\u0438\u0458\u0430\",\"isPartOf\":{\"@id\":\"https:\/\/efilatelija.posta.rs\/#website\"},\"primaryImageOfPage\":{\"@id\":\"https:\/\/efilatelija.posta.rs\/product\/150-godina-generlstaba\/#primaryimage\"},\"image\":{\"@id\":\"https:\/\/efilatelija.posta.rs\/product\/150-godina-generlstaba\/#primaryimage\"},\"thumbnailUrl\":\"https:\/\/efilatelija.posta.rs\/wp-content\/uploads\/2026\/02\/02_marka_150-godina-Geberalstaba.jpg\",\"datePublished\":\"2026-02-09T13:53:21+00:00\",\"dateModified\":\"2026-03-24T16:45:42+00:00\",\"breadcrumb\":{\"@id\":\"https:\/\/efilatelija.posta.rs\/product\/150-godina-generlstaba\/#breadcrumb\"},\"inLanguage\":\"en-GB\",\"potentialAction\":[{\"@type\":\"ReadAction\",\"target\":[\"https:\/\/efilatelija.posta.rs\/product\/150-godina-generlstaba\/\"]}]},{\"@type\":\"ImageObject\",\"inLanguage\":\"en-GB\",\"@id\":\"https:\/\/efilatelija.posta.rs\/product\/150-godina-generlstaba\/#primaryimage\",\"url\":\"https:\/\/efilatelija.posta.rs\/wp-content\/uploads\/2026\/02\/02_marka_150-godina-Geberalstaba.jpg\",\"contentUrl\":\"https:\/\/efilatelija.posta.rs\/wp-content\/uploads\/2026\/02\/02_marka_150-godina-Geberalstaba.jpg\",\"width\":800,\"height\":800,\"caption\":\"150\u0433\u043e\u0434\u0438\u043d\u0430 \u0413\u0435\u043d\u0435\u0440\u0430\u043b\u0448\u0442\u0430\u0431\u0430\"},{\"@type\":\"BreadcrumbList\",\"@id\":\"https:\/\/efilatelija.posta.rs\/product\/150-godina-generlstaba\/#breadcrumb\",\"itemListElement\":[{\"@type\":\"ListItem\",\"position\":1,\"name\":\"\u041f\u0440\u043e\u0434\u0430\u0432\u043d\u0438\u0446\u0430\",\"item\":\"https:\/\/efilatelija.posta.rs\/shop\/\"},{\"@type\":\"ListItem\",\"position\":2,\"name\":\"150 \u0433\u043e\u0434\u0438\u043d\u0430 \u0413\u0435\u043d\u0435\u0440\u0430\u043b\u0448\u0442\u0430\u0431\u0430\"}]},{\"@type\":\"WebSite\",\"@id\":\"https:\/\/efilatelija.posta.rs\/#website\",\"url\":\"https:\/\/efilatelija.posta.rs\/\",\"name\":\"\u0435\u0424\u0438\u043b\u0430\u0442\u0435\u043b\u0438\u0458\u0430\",\"description\":\"\u041f\u043e\u0448\u0442\u0430 \u0421\u0440\u0431\u0438\u0458\u0435 \u0434.\u043e.\u043e.\",\"publisher\":{\"@id\":\"https:\/\/efilatelija.posta.rs\/#organization\"},\"potentialAction\":[{\"@type\":\"SearchAction\",\"target\":{\"@type\":\"EntryPoint\",\"urlTemplate\":\"https:\/\/efilatelija.posta.rs\/?s={search_term_string}\"},\"query-input\":{\"@type\":\"PropertyValueSpecification\",\"valueRequired\":true,\"valueName\":\"search_term_string\"}}],\"inLanguage\":\"en-GB\"},{\"@type\":\"Organization\",\"@id\":\"https:\/\/efilatelija.posta.rs\/#organization\",\"name\":\"\u0435\u0424\u0438\u043b\u0430\u0442\u0435\u043b\u0438\u0458\u0430 - \u0408\u041f \u041f\u043e\u0448\u0442\u0430 \u0421\u0440\u0431\u0438\u0458\u0435\",\"url\":\"https:\/\/efilatelija.posta.rs\/\",\"logo\":{\"@type\":\"ImageObject\",\"inLanguage\":\"en-GB\",\"@id\":\"https:\/\/efilatelija.posta.rs\/#\/schema\/logo\/image\/\",\"url\":\"https:\/\/efilatelija.posta.rs\/wp-content\/uploads\/2025\/01\/logo-posta-srbije-500x500-1.jpg\",\"contentUrl\":\"https:\/\/efilatelija.posta.rs\/wp-content\/uploads\/2025\/01\/logo-posta-srbije-500x500-1.jpg\",\"width\":500,\"height\":500,\"caption\":\"\u0435\u0424\u0438\u043b\u0430\u0442\u0435\u043b\u0438\u0458\u0430 - \u0408\u041f \u041f\u043e\u0448\u0442\u0430 \u0421\u0440\u0431\u0438\u0458\u0435\"},\"image\":{\"@id\":\"https:\/\/efilatelija.posta.rs\/#\/schema\/logo\/image\/\"}}]}<\/script>\n<!-- \/ Yoast SEO plugin. -->","yoast_head_json":{"title":"150 \u0433\u043e\u0434\u0438\u043d\u0430 \u0413\u0435\u043d\u0435\u0440\u0430\u043b\u0448\u0442\u0430\u0431\u0430 - \u0435\u0424\u0438\u043b\u0430\u0442\u0435\u043b\u0438\u0458\u0430","robots":{"index":"index","follow":"follow","max-snippet":"max-snippet:-1","max-image-preview":"max-image-preview:large","max-video-preview":"max-video-preview:-1"},"canonical":"https:\/\/efilatelija.posta.rs\/en\/product\/150-godina-generlstaba\/","og_locale":"en_GB","og_type":"article","og_title":"150 \u0433\u043e\u0434\u0438\u043d\u0430 \u0413\u0435\u043d\u0435\u0440\u0430\u043b\u0448\u0442\u0430\u0431\u0430 - \u0435\u0424\u0438\u043b\u0430\u0442\u0435\u043b\u0438\u0458\u0430","og_description":"\u041f\u0440\u0438\u0433\u043e\u0434\u043d\u0430 \u043f\u043e\u0448\u0442\u0430\u043d\u0441\u043a\u0430 \u043c\u0430\u0440\u043a\u0430 \u0413\u043e\u0434\u0438\u043d\u0430 \u0438\u0437\u0434\u0430\u045a\u0430: 2026","og_url":"https:\/\/efilatelija.posta.rs\/en\/product\/150-godina-generlstaba\/","og_site_name":"\u0435\u0424\u0438\u043b\u0430\u0442\u0435\u043b\u0438\u0458\u0430","article_modified_time":"2026-03-24T16:45:42+00:00","og_image":[{"width":800,"height":800,"url":"https:\/\/efilatelija.posta.rs\/wp-content\/uploads\/2026\/02\/02_marka_150-godina-Geberalstaba.jpg","type":"image\/jpeg"}],"twitter_card":"summary_large_image","twitter_misc":{"Estimated reading time":"2 minutes"},"schema":{"@context":"https:\/\/schema.org","@graph":[{"@type":"WebPage","@id":"https:\/\/efilatelija.posta.rs\/product\/150-godina-generlstaba\/","url":"https:\/\/efilatelija.posta.rs\/product\/150-godina-generlstaba\/","name":"150 \u0433\u043e\u0434\u0438\u043d\u0430 \u0413\u0435\u043d\u0435\u0440\u0430\u043b\u0448\u0442\u0430\u0431\u0430 - \u0435\u0424\u0438\u043b\u0430\u0442\u0435\u043b\u0438\u0458\u0430","isPartOf":{"@id":"https:\/\/efilatelija.posta.rs\/#website"},"primaryImageOfPage":{"@id":"https:\/\/efilatelija.posta.rs\/product\/150-godina-generlstaba\/#primaryimage"},"image":{"@id":"https:\/\/efilatelija.posta.rs\/product\/150-godina-generlstaba\/#primaryimage"},"thumbnailUrl":"https:\/\/efilatelija.posta.rs\/wp-content\/uploads\/2026\/02\/02_marka_150-godina-Geberalstaba.jpg","datePublished":"2026-02-09T13:53:21+00:00","dateModified":"2026-03-24T16:45:42+00:00","breadcrumb":{"@id":"https:\/\/efilatelija.posta.rs\/product\/150-godina-generlstaba\/#breadcrumb"},"inLanguage":"en-GB","potentialAction":[{"@type":"ReadAction","target":["https:\/\/efilatelija.posta.rs\/product\/150-godina-generlstaba\/"]}]},{"@type":"ImageObject","inLanguage":"en-GB","@id":"https:\/\/efilatelija.posta.rs\/product\/150-godina-generlstaba\/#primaryimage","url":"https:\/\/efilatelija.posta.rs\/wp-content\/uploads\/2026\/02\/02_marka_150-godina-Geberalstaba.jpg","contentUrl":"https:\/\/efilatelija.posta.rs\/wp-content\/uploads\/2026\/02\/02_marka_150-godina-Geberalstaba.jpg","width":800,"height":800,"caption":"150\u0433\u043e\u0434\u0438\u043d\u0430 \u0413\u0435\u043d\u0435\u0440\u0430\u043b\u0448\u0442\u0430\u0431\u0430"},{"@type":"BreadcrumbList","@id":"https:\/\/efilatelija.posta.rs\/product\/150-godina-generlstaba\/#breadcrumb","itemListElement":[{"@type":"ListItem","position":1,"name":"\u041f\u0440\u043e\u0434\u0430\u0432\u043d\u0438\u0446\u0430","item":"https:\/\/efilatelija.posta.rs\/shop\/"},{"@type":"ListItem","position":2,"name":"150 \u0433\u043e\u0434\u0438\u043d\u0430 \u0413\u0435\u043d\u0435\u0440\u0430\u043b\u0448\u0442\u0430\u0431\u0430"}]},{"@type":"WebSite","@id":"https:\/\/efilatelija.posta.rs\/#website","url":"https:\/\/efilatelija.posta.rs\/","name":"ePhilately","description":"\u041f\u043e\u0448\u0442\u0430 \u0421\u0440\u0431\u0438\u0458\u0435 \u0434.\u043e.\u043e.","publisher":{"@id":"https:\/\/efilatelija.posta.rs\/#organization"},"potentialAction":[{"@type":"SearchAction","target":{"@type":"EntryPoint","urlTemplate":"https:\/\/efilatelija.posta.rs\/?s={search_term_string}"},"query-input":{"@type":"PropertyValueSpecification","valueRequired":true,"valueName":"search_term_string"}}],"inLanguage":"en-GB"},{"@type":"Organization","@id":"https:\/\/efilatelija.posta.rs\/#organization","name":"\u0435\u0424\u0438\u043b\u0430\u0442\u0435\u043b\u0438\u0458\u0430 - \u0408\u041f \u041f\u043e\u0448\u0442\u0430 \u0421\u0440\u0431\u0438\u0458\u0435","url":"https:\/\/efilatelija.posta.rs\/","logo":{"@type":"ImageObject","inLanguage":"en-GB","@id":"https:\/\/efilatelija.posta.rs\/#\/schema\/logo\/image\/","url":"https:\/\/efilatelija.posta.rs\/wp-content\/uploads\/2025\/01\/logo-posta-srbije-500x500-1.jpg","contentUrl":"https:\/\/efilatelija.posta.rs\/wp-content\/uploads\/2025\/01\/logo-posta-srbije-500x500-1.jpg","width":500,"height":500,"caption":"\u0435\u0424\u0438\u043b\u0430\u0442\u0435\u043b\u0438\u0458\u0430 - \u0408\u041f \u041f\u043e\u0448\u0442\u0430 \u0421\u0440\u0431\u0438\u0458\u0435"},"image":{"@id":"https:\/\/efilatelija.posta.rs\/#\/schema\/logo\/image\/"}}]}},"_links":{"self":[{"href":"https:\/\/efilatelija.posta.rs\/en\/wp-json\/wp\/v2\/product\/16663","targetHints":{"allow":["GET"]}}],"collection":[{"href":"https:\/\/efilatelija.posta.rs\/en\/wp-json\/wp\/v2\/product"}],"about":[{"href":"https:\/\/efilatelija.posta.rs\/en\/wp-json\/wp\/v2\/types\/product"}],"wp:featuredmedia":[{"embeddable":true,"href":"https:\/\/efilatelija.posta.rs\/en\/wp-json\/wp\/v2\/media\/16664"}],"wp:attachment":[{"href":"https:\/\/efilatelija.posta.rs\/en\/wp-json\/wp\/v2\/media?parent=16663"}],"wp:term":[{"taxonomy":"product_brand","embeddable":true,"href":"https:\/\/efilatelija.posta.rs\/en\/wp-json\/wp\/v2\/product_brand?post=16663"},{"taxonomy":"product_cat","embeddable":true,"href":"https:\/\/efilatelija.posta.rs\/en\/wp-json\/wp\/v2\/product_cat?post=16663"},{"taxonomy":"product_tag","embeddable":true,"href":"https:\/\/efilatelija.posta.rs\/en\/wp-json\/wp\/v2\/product_tag?post=16663"}],"curies":[{"name":"wp","href":"https:\/\/api.w.org\/{rel}","templated":true}]}}