{"id":16625,"date":"2026-02-03T12:12:24","date_gmt":"2026-02-03T11:12:24","guid":{"rendered":"https:\/\/efilatelija.posta.rs\/?post_type=product&#038;p=16625"},"modified":"2026-03-24T17:45:42","modified_gmt":"2026-03-24T16:45:42","slug":"150-godina-vojnogeografskog-instituta-general-stevan-boskovic","status":"publish","type":"product","link":"https:\/\/efilatelija.posta.rs\/en\/product\/150-godina-vojnogeografskog-instituta-general-stevan-boskovic\/","title":{"rendered":"150 years of the Military Geographical Institute \u2013 \u201cGeneral Stevan Bo\u0161kovi\u0107\u201d"},"content":{"rendered":"<p>The Military Geographical Institute is one of the oldest institutions of our army. It celebrates its day on February 5, the day when Prince Milan M. Obrenovi\u0107 signed a document on the Establishment of the General Staff in 1876, whereby the Second Department was formed with the task of \u201ccarrying out tasks related to the military survey of Serbia, compiling maps necessary for military needs, recording and drawing up various military plans, observing and studying our own and neighbouring countries in terms of geography, topography, statistics, etc.\u201d<\/p>\n<p>In 1920, the Department became the Geographical Institute (in 1923, the Military Geographical Institute), the first military institution to bear the name of an institute. Since its foundation, the Institute has not changed its basic activity \u2013 the production of maps for military needs, and has played a very important role in the development of Serbian geodesy, cartography and photogrammetry. It has implemented a number of projects of national importance, such as the design and establishment of the first state trigonometric, levelling, gravimetric and GPS networks. One of the most important tasks of the Institute is the first systematic topographic survey of the entire state territory, on the basis of which numerous topographic maps have been produced.<\/p>\n<p>Today, the Military Geographical Institute is a scientific, research, production and technical institution of the Serbian Armed Forces, which carries out its activities in the fields of geodesy, photogrammetry, cartography, geographic information systems, cartographic reproduction, metrology and other geodisciplines. Inheriting its long-standing tradition, the Military Geographical Institute continues its pioneering work in this century, which is reflected today in the application of the most modern information technologies for the production of topographic maps.<\/p>\n<p>Professional cooperation: Military Geographical Institute \u2013 \u201cGeneral Stevan Bo\u0161kovi\u0107\u201d Artistic realization: MA Nade\u017eda Sko\u010daji\u0107, Academic Graphic Artist<\/p>","protected":false},"excerpt":{"rendered":"<h3>Commemorative postage stamps<\/h3>\n<p>Year of issue: <strong>2026<\/strong><\/p>","protected":false},"featured_media":16722,"template":"","meta":{"inline_featured_image":false,"pgc_sgb_lightbox_settings":""},"product_brand":[],"product_cat":[172,96,39,40],"product_tag":[],"class_list":{"0":"post-16625","1":"product","2":"type-product","3":"status-publish","4":"has-post-thumbnail","6":"product_cat-172","7":"product_cat-godina-izdanja","8":"product_cat-postanske-marke","9":"product_cat-prigodne-marke","10":"pa_godina-izdanja-173","11":"pa_tema-drzavnost","13":"first","14":"instock","15":"shipping-taxable","16":"purchasable","17":"product-type-simple"},"yoast_head":"<!-- This site is optimized with the Yoast SEO plugin v26.8 - https:\/\/yoast.com\/product\/yoast-seo-wordpress\/ -->\n<title>150 \u0433\u043e\u0434\u0438\u043d\u0430 \u0412\u043e\u0458\u043d\u043e\u0433\u0435\u043e\u0433\u0440\u0430\u0444\u0441\u043a\u043e\u0433 \u0438\u043d\u0441\u0442\u0438\u0442\u0443\u0442\u0430 \u2013 \u201e\u0413\u0435\u043d\u0435\u0440\u0430\u043b \u0421\u0442\u0435\u0432\u0430\u043d \u0411\u043e\u0448\u043a\u043e\u0432\u0438\u045b\u201d - \u0435\u0424\u0438\u043b\u0430\u0442\u0435\u043b\u0438\u0458\u0430<\/title>\n<meta name=\"robots\" content=\"index, follow, max-snippet:-1, max-image-preview:large, max-video-preview:-1\" \/>\n<link rel=\"canonical\" href=\"https:\/\/efilatelija.posta.rs\/en\/product\/150-godina-vojnogeografskog-instituta-general-stevan-boskovic\/\" \/>\n<meta property=\"og:locale\" content=\"en_GB\" \/>\n<meta property=\"og:type\" content=\"article\" \/>\n<meta property=\"og:title\" content=\"150 \u0433\u043e\u0434\u0438\u043d\u0430 \u0412\u043e\u0458\u043d\u043e\u0433\u0435\u043e\u0433\u0440\u0430\u0444\u0441\u043a\u043e\u0433 \u0438\u043d\u0441\u0442\u0438\u0442\u0443\u0442\u0430 \u2013 \u201e\u0413\u0435\u043d\u0435\u0440\u0430\u043b \u0421\u0442\u0435\u0432\u0430\u043d \u0411\u043e\u0448\u043a\u043e\u0432\u0438\u045b\u201d - \u0435\u0424\u0438\u043b\u0430\u0442\u0435\u043b\u0438\u0458\u0430\" \/>\n<meta property=\"og:description\" content=\"\u041f\u0440\u0438\u0433\u043e\u0434\u043d\u0430 \u043f\u043e\u0448\u0442\u0430\u043d\u0441\u043a\u0430 \u043c\u0430\u0440\u043a\u0430 \u0413\u043e\u0434\u0438\u043d\u0430 \u0438\u0437\u0434\u0430\u045a\u0430: 2026\" \/>\n<meta property=\"og:url\" content=\"https:\/\/efilatelija.posta.rs\/en\/product\/150-godina-vojnogeografskog-instituta-general-stevan-boskovic\/\" \/>\n<meta property=\"og:site_name\" content=\"\u0435\u0424\u0438\u043b\u0430\u0442\u0435\u043b\u0438\u0458\u0430\" \/>\n<meta property=\"article:modified_time\" content=\"2026-03-24T16:45:42+00:00\" \/>\n<meta property=\"og:image\" content=\"https:\/\/efilatelija.posta.rs\/wp-content\/uploads\/2026\/02\/01_marka_150-godina-Vojnogeografskog-instituta-1.jpg\" \/>\n\t<meta property=\"og:image:width\" content=\"800\" \/>\n\t<meta property=\"og:image:height\" content=\"800\" \/>\n\t<meta property=\"og:image:type\" content=\"image\/jpeg\" \/>\n<meta name=\"twitter:card\" content=\"summary_large_image\" \/>\n<meta name=\"twitter:label1\" content=\"Estimated reading time\" \/>\n\t<meta name=\"twitter:data1\" content=\"2 minutes\" \/>\n<script type=\"application\/ld+json\" class=\"yoast-schema-graph\">{\"@context\":\"https:\/\/schema.org\",\"@graph\":[{\"@type\":\"WebPage\",\"@id\":\"https:\/\/efilatelija.posta.rs\/product\/150-godina-vojnogeografskog-instituta-general-stevan-boskovic\/\",\"url\":\"https:\/\/efilatelija.posta.rs\/product\/150-godina-vojnogeografskog-instituta-general-stevan-boskovic\/\",\"name\":\"150 \u0433\u043e\u0434\u0438\u043d\u0430 \u0412\u043e\u0458\u043d\u043e\u0433\u0435\u043e\u0433\u0440\u0430\u0444\u0441\u043a\u043e\u0433 \u0438\u043d\u0441\u0442\u0438\u0442\u0443\u0442\u0430 \u2013 \u201e\u0413\u0435\u043d\u0435\u0440\u0430\u043b \u0421\u0442\u0435\u0432\u0430\u043d \u0411\u043e\u0448\u043a\u043e\u0432\u0438\u045b\u201d - \u0435\u0424\u0438\u043b\u0430\u0442\u0435\u043b\u0438\u0458\u0430\",\"isPartOf\":{\"@id\":\"https:\/\/efilatelija.posta.rs\/#website\"},\"primaryImageOfPage\":{\"@id\":\"https:\/\/efilatelija.posta.rs\/product\/150-godina-vojnogeografskog-instituta-general-stevan-boskovic\/#primaryimage\"},\"image\":{\"@id\":\"https:\/\/efilatelija.posta.rs\/product\/150-godina-vojnogeografskog-instituta-general-stevan-boskovic\/#primaryimage\"},\"thumbnailUrl\":\"https:\/\/efilatelija.posta.rs\/wp-content\/uploads\/2026\/02\/01_marka_150-godina-Vojnogeografskog-instituta-1.jpg\",\"datePublished\":\"2026-02-03T11:12:24+00:00\",\"dateModified\":\"2026-03-24T16:45:42+00:00\",\"breadcrumb\":{\"@id\":\"https:\/\/efilatelija.posta.rs\/product\/150-godina-vojnogeografskog-instituta-general-stevan-boskovic\/#breadcrumb\"},\"inLanguage\":\"en-GB\",\"potentialAction\":[{\"@type\":\"ReadAction\",\"target\":[\"https:\/\/efilatelija.posta.rs\/product\/150-godina-vojnogeografskog-instituta-general-stevan-boskovic\/\"]}]},{\"@type\":\"ImageObject\",\"inLanguage\":\"en-GB\",\"@id\":\"https:\/\/efilatelija.posta.rs\/product\/150-godina-vojnogeografskog-instituta-general-stevan-boskovic\/#primaryimage\",\"url\":\"https:\/\/efilatelija.posta.rs\/wp-content\/uploads\/2026\/02\/01_marka_150-godina-Vojnogeografskog-instituta-1.jpg\",\"contentUrl\":\"https:\/\/efilatelija.posta.rs\/wp-content\/uploads\/2026\/02\/01_marka_150-godina-Vojnogeografskog-instituta-1.jpg\",\"width\":800,\"height\":800,\"caption\":\"150 \u0433\u043e\u0434\u0438\u043d\u0430 \u0412\u043e\u0458\u043d\u043e\u0433\u0435\u043e\u0433\u0440\u0430\u0444\u0441\u043a\u043e\u0433 \u0438\u043d\u0441\u0442\u0438\u0442\u0443\u0442\u0430\"},{\"@type\":\"BreadcrumbList\",\"@id\":\"https:\/\/efilatelija.posta.rs\/product\/150-godina-vojnogeografskog-instituta-general-stevan-boskovic\/#breadcrumb\",\"itemListElement\":[{\"@type\":\"ListItem\",\"position\":1,\"name\":\"\u041f\u0440\u043e\u0434\u0430\u0432\u043d\u0438\u0446\u0430\",\"item\":\"https:\/\/efilatelija.posta.rs\/shop\/\"},{\"@type\":\"ListItem\",\"position\":2,\"name\":\"150 \u0433\u043e\u0434\u0438\u043d\u0430 \u0412\u043e\u0458\u043d\u043e\u0433\u0435\u043e\u0433\u0440\u0430\u0444\u0441\u043a\u043e\u0433 \u0438\u043d\u0441\u0442\u0438\u0442\u0443\u0442\u0430 \u2013 \u201e\u0413\u0435\u043d\u0435\u0440\u0430\u043b \u0421\u0442\u0435\u0432\u0430\u043d \u0411\u043e\u0448\u043a\u043e\u0432\u0438\u045b\u201d\"}]},{\"@type\":\"WebSite\",\"@id\":\"https:\/\/efilatelija.posta.rs\/#website\",\"url\":\"https:\/\/efilatelija.posta.rs\/\",\"name\":\"\u0435\u0424\u0438\u043b\u0430\u0442\u0435\u043b\u0438\u0458\u0430\",\"description\":\"\u041f\u043e\u0448\u0442\u0430 \u0421\u0440\u0431\u0438\u0458\u0435 \u0434.\u043e.\u043e.\",\"publisher\":{\"@id\":\"https:\/\/efilatelija.posta.rs\/#organization\"},\"potentialAction\":[{\"@type\":\"SearchAction\",\"target\":{\"@type\":\"EntryPoint\",\"urlTemplate\":\"https:\/\/efilatelija.posta.rs\/?s={search_term_string}\"},\"query-input\":{\"@type\":\"PropertyValueSpecification\",\"valueRequired\":true,\"valueName\":\"search_term_string\"}}],\"inLanguage\":\"en-GB\"},{\"@type\":\"Organization\",\"@id\":\"https:\/\/efilatelija.posta.rs\/#organization\",\"name\":\"\u0435\u0424\u0438\u043b\u0430\u0442\u0435\u043b\u0438\u0458\u0430 - \u0408\u041f \u041f\u043e\u0448\u0442\u0430 \u0421\u0440\u0431\u0438\u0458\u0435\",\"url\":\"https:\/\/efilatelija.posta.rs\/\",\"logo\":{\"@type\":\"ImageObject\",\"inLanguage\":\"en-GB\",\"@id\":\"https:\/\/efilatelija.posta.rs\/#\/schema\/logo\/image\/\",\"url\":\"https:\/\/efilatelija.posta.rs\/wp-content\/uploads\/2025\/01\/logo-posta-srbije-500x500-1.jpg\",\"contentUrl\":\"https:\/\/efilatelija.posta.rs\/wp-content\/uploads\/2025\/01\/logo-posta-srbije-500x500-1.jpg\",\"width\":500,\"height\":500,\"caption\":\"\u0435\u0424\u0438\u043b\u0430\u0442\u0435\u043b\u0438\u0458\u0430 - \u0408\u041f \u041f\u043e\u0448\u0442\u0430 \u0421\u0440\u0431\u0438\u0458\u0435\"},\"image\":{\"@id\":\"https:\/\/efilatelija.posta.rs\/#\/schema\/logo\/image\/\"}}]}<\/script>\n<!-- \/ Yoast SEO plugin. -->","yoast_head_json":{"title":"150 \u0433\u043e\u0434\u0438\u043d\u0430 \u0412\u043e\u0458\u043d\u043e\u0433\u0435\u043e\u0433\u0440\u0430\u0444\u0441\u043a\u043e\u0433 \u0438\u043d\u0441\u0442\u0438\u0442\u0443\u0442\u0430 \u2013 \u201e\u0413\u0435\u043d\u0435\u0440\u0430\u043b \u0421\u0442\u0435\u0432\u0430\u043d \u0411\u043e\u0448\u043a\u043e\u0432\u0438\u045b\u201d - \u0435\u0424\u0438\u043b\u0430\u0442\u0435\u043b\u0438\u0458\u0430","robots":{"index":"index","follow":"follow","max-snippet":"max-snippet:-1","max-image-preview":"max-image-preview:large","max-video-preview":"max-video-preview:-1"},"canonical":"https:\/\/efilatelija.posta.rs\/en\/product\/150-godina-vojnogeografskog-instituta-general-stevan-boskovic\/","og_locale":"en_GB","og_type":"article","og_title":"150 \u0433\u043e\u0434\u0438\u043d\u0430 \u0412\u043e\u0458\u043d\u043e\u0433\u0435\u043e\u0433\u0440\u0430\u0444\u0441\u043a\u043e\u0433 \u0438\u043d\u0441\u0442\u0438\u0442\u0443\u0442\u0430 \u2013 \u201e\u0413\u0435\u043d\u0435\u0440\u0430\u043b \u0421\u0442\u0435\u0432\u0430\u043d \u0411\u043e\u0448\u043a\u043e\u0432\u0438\u045b\u201d - \u0435\u0424\u0438\u043b\u0430\u0442\u0435\u043b\u0438\u0458\u0430","og_description":"\u041f\u0440\u0438\u0433\u043e\u0434\u043d\u0430 \u043f\u043e\u0448\u0442\u0430\u043d\u0441\u043a\u0430 \u043c\u0430\u0440\u043a\u0430 \u0413\u043e\u0434\u0438\u043d\u0430 \u0438\u0437\u0434\u0430\u045a\u0430: 2026","og_url":"https:\/\/efilatelija.posta.rs\/en\/product\/150-godina-vojnogeografskog-instituta-general-stevan-boskovic\/","og_site_name":"\u0435\u0424\u0438\u043b\u0430\u0442\u0435\u043b\u0438\u0458\u0430","article_modified_time":"2026-03-24T16:45:42+00:00","og_image":[{"width":800,"height":800,"url":"https:\/\/efilatelija.posta.rs\/wp-content\/uploads\/2026\/02\/01_marka_150-godina-Vojnogeografskog-instituta-1.jpg","type":"image\/jpeg"}],"twitter_card":"summary_large_image","twitter_misc":{"Estimated reading time":"2 minutes"},"schema":{"@context":"https:\/\/schema.org","@graph":[{"@type":"WebPage","@id":"https:\/\/efilatelija.posta.rs\/product\/150-godina-vojnogeografskog-instituta-general-stevan-boskovic\/","url":"https:\/\/efilatelija.posta.rs\/product\/150-godina-vojnogeografskog-instituta-general-stevan-boskovic\/","name":"150 \u0433\u043e\u0434\u0438\u043d\u0430 \u0412\u043e\u0458\u043d\u043e\u0433\u0435\u043e\u0433\u0440\u0430\u0444\u0441\u043a\u043e\u0433 \u0438\u043d\u0441\u0442\u0438\u0442\u0443\u0442\u0430 \u2013 \u201e\u0413\u0435\u043d\u0435\u0440\u0430\u043b \u0421\u0442\u0435\u0432\u0430\u043d \u0411\u043e\u0448\u043a\u043e\u0432\u0438\u045b\u201d - \u0435\u0424\u0438\u043b\u0430\u0442\u0435\u043b\u0438\u0458\u0430","isPartOf":{"@id":"https:\/\/efilatelija.posta.rs\/#website"},"primaryImageOfPage":{"@id":"https:\/\/efilatelija.posta.rs\/product\/150-godina-vojnogeografskog-instituta-general-stevan-boskovic\/#primaryimage"},"image":{"@id":"https:\/\/efilatelija.posta.rs\/product\/150-godina-vojnogeografskog-instituta-general-stevan-boskovic\/#primaryimage"},"thumbnailUrl":"https:\/\/efilatelija.posta.rs\/wp-content\/uploads\/2026\/02\/01_marka_150-godina-Vojnogeografskog-instituta-1.jpg","datePublished":"2026-02-03T11:12:24+00:00","dateModified":"2026-03-24T16:45:42+00:00","breadcrumb":{"@id":"https:\/\/efilatelija.posta.rs\/product\/150-godina-vojnogeografskog-instituta-general-stevan-boskovic\/#breadcrumb"},"inLanguage":"en-GB","potentialAction":[{"@type":"ReadAction","target":["https:\/\/efilatelija.posta.rs\/product\/150-godina-vojnogeografskog-instituta-general-stevan-boskovic\/"]}]},{"@type":"ImageObject","inLanguage":"en-GB","@id":"https:\/\/efilatelija.posta.rs\/product\/150-godina-vojnogeografskog-instituta-general-stevan-boskovic\/#primaryimage","url":"https:\/\/efilatelija.posta.rs\/wp-content\/uploads\/2026\/02\/01_marka_150-godina-Vojnogeografskog-instituta-1.jpg","contentUrl":"https:\/\/efilatelija.posta.rs\/wp-content\/uploads\/2026\/02\/01_marka_150-godina-Vojnogeografskog-instituta-1.jpg","width":800,"height":800,"caption":"150 \u0433\u043e\u0434\u0438\u043d\u0430 \u0412\u043e\u0458\u043d\u043e\u0433\u0435\u043e\u0433\u0440\u0430\u0444\u0441\u043a\u043e\u0433 \u0438\u043d\u0441\u0442\u0438\u0442\u0443\u0442\u0430"},{"@type":"BreadcrumbList","@id":"https:\/\/efilatelija.posta.rs\/product\/150-godina-vojnogeografskog-instituta-general-stevan-boskovic\/#breadcrumb","itemListElement":[{"@type":"ListItem","position":1,"name":"\u041f\u0440\u043e\u0434\u0430\u0432\u043d\u0438\u0446\u0430","item":"https:\/\/efilatelija.posta.rs\/shop\/"},{"@type":"ListItem","position":2,"name":"150 \u0433\u043e\u0434\u0438\u043d\u0430 \u0412\u043e\u0458\u043d\u043e\u0433\u0435\u043e\u0433\u0440\u0430\u0444\u0441\u043a\u043e\u0433 \u0438\u043d\u0441\u0442\u0438\u0442\u0443\u0442\u0430 \u2013 \u201e\u0413\u0435\u043d\u0435\u0440\u0430\u043b \u0421\u0442\u0435\u0432\u0430\u043d \u0411\u043e\u0448\u043a\u043e\u0432\u0438\u045b\u201d"}]},{"@type":"WebSite","@id":"https:\/\/efilatelija.posta.rs\/#website","url":"https:\/\/efilatelija.posta.rs\/","name":"ePhilately","description":"\u041f\u043e\u0448\u0442\u0430 \u0421\u0440\u0431\u0438\u0458\u0435 \u0434.\u043e.\u043e.","publisher":{"@id":"https:\/\/efilatelija.posta.rs\/#organization"},"potentialAction":[{"@type":"SearchAction","target":{"@type":"EntryPoint","urlTemplate":"https:\/\/efilatelija.posta.rs\/?s={search_term_string}"},"query-input":{"@type":"PropertyValueSpecification","valueRequired":true,"valueName":"search_term_string"}}],"inLanguage":"en-GB"},{"@type":"Organization","@id":"https:\/\/efilatelija.posta.rs\/#organization","name":"\u0435\u0424\u0438\u043b\u0430\u0442\u0435\u043b\u0438\u0458\u0430 - \u0408\u041f \u041f\u043e\u0448\u0442\u0430 \u0421\u0440\u0431\u0438\u0458\u0435","url":"https:\/\/efilatelija.posta.rs\/","logo":{"@type":"ImageObject","inLanguage":"en-GB","@id":"https:\/\/efilatelija.posta.rs\/#\/schema\/logo\/image\/","url":"https:\/\/efilatelija.posta.rs\/wp-content\/uploads\/2025\/01\/logo-posta-srbije-500x500-1.jpg","contentUrl":"https:\/\/efilatelija.posta.rs\/wp-content\/uploads\/2025\/01\/logo-posta-srbije-500x500-1.jpg","width":500,"height":500,"caption":"\u0435\u0424\u0438\u043b\u0430\u0442\u0435\u043b\u0438\u0458\u0430 - \u0408\u041f \u041f\u043e\u0448\u0442\u0430 \u0421\u0440\u0431\u0438\u0458\u0435"},"image":{"@id":"https:\/\/efilatelija.posta.rs\/#\/schema\/logo\/image\/"}}]}},"_links":{"self":[{"href":"https:\/\/efilatelija.posta.rs\/en\/wp-json\/wp\/v2\/product\/16625","targetHints":{"allow":["GET"]}}],"collection":[{"href":"https:\/\/efilatelija.posta.rs\/en\/wp-json\/wp\/v2\/product"}],"about":[{"href":"https:\/\/efilatelija.posta.rs\/en\/wp-json\/wp\/v2\/types\/product"}],"wp:featuredmedia":[{"embeddable":true,"href":"https:\/\/efilatelija.posta.rs\/en\/wp-json\/wp\/v2\/media\/16722"}],"wp:attachment":[{"href":"https:\/\/efilatelija.posta.rs\/en\/wp-json\/wp\/v2\/media?parent=16625"}],"wp:term":[{"taxonomy":"product_brand","embeddable":true,"href":"https:\/\/efilatelija.posta.rs\/en\/wp-json\/wp\/v2\/product_brand?post=16625"},{"taxonomy":"product_cat","embeddable":true,"href":"https:\/\/efilatelija.posta.rs\/en\/wp-json\/wp\/v2\/product_cat?post=16625"},{"taxonomy":"product_tag","embeddable":true,"href":"https:\/\/efilatelija.posta.rs\/en\/wp-json\/wp\/v2\/product_tag?post=16625"}],"curies":[{"name":"wp","href":"https:\/\/api.w.org\/{rel}","templated":true}]}}