{"id":16318,"date":"2025-12-08T09:22:52","date_gmt":"2025-12-08T08:22:52","guid":{"rendered":"https:\/\/efilatelija.posta.rs\/?post_type=product&#038;p=16318"},"modified":"2026-04-04T22:17:53","modified_gmt":"2026-04-04T21:17:53","slug":"vladarke-srbije-iz-dinastije-nemanjica","status":"publish","type":"product","link":"https:\/\/efilatelija.posta.rs\/en\/product\/vladarke-srbije-iz-dinastije-nemanjica\/","title":{"rendered":"Female Rulers of Serbia from the Nemanji\u0107 Dynasty"},"content":{"rendered":"<p class=\"translation-block\"><strong>Ana (Vukanovi\u0107) Nemanji\u0107<\/strong> (1125 \u2013 1200) was a Serbian Grand Princess, the wife of Stefan Nemanja, the founder of the Serbian ruling dynasty of Nemanji\u0107, and the mother of Stefan the First-Crowned, Vukan, and Saint Sava. There is conflicting information about her origins, but what history remembers is that Ana Nemanji\u0107, together with her husband Stefan Nemanja, was the patron of numerous monasteries. Stefan Nemanja and Ana Nemanji\u0107 took monastic vows on the Annunciation in 1196, receiving the names Simeon and Anastasija. The monk Simeon retired to Studenica, and Anastasija to their endowment, the Monastery of the Holy Mother of God in Toplica, where she died in 1200. Her holy remains were later transferred to Studenica, the endowment and burial church of her husband, where they still rest today.<\/p>\n<p>Stamp motif \u2013 detail of a fresco from the Pe\u0107 Patriarchate.<\/p>\n<p class=\"translation-block\"><strong>Simonida Nemanji\u0107 <\/strong>(1294 \u2013 after 1345) was the only daughter of the Byzantine Emperor Andronikos II Palaiologos and Empress Irene. The Serbian King Stefan Uro\u0161 II Milutin Nemanji\u0107 marked the beginning of his reign by conquering Skopje in 1282, and then the entire Vardar Macedonia. Emperor Andronikos II, after an attempt to regain lost territories and long peace negotiations, in 1299 offered the Serbian King Milutin the hand of his minor daughter as a guarantee of peace and friendship between Byzantium and Serbia. Her unusual fate was an inspiration to many artists, and her beauty was celebrated in songs and depicted in many frescoes and paintings. A fresco with her image in the Gra\u010danica Monastery, in the Church of Holy Mother of God (Annunciation), painted around 1320, is considered one of the most valuable frescoes of Serbian medieval painting. After Milutin\u2019s death in 1321, Queen Simonida took monastic vows. She died after 1345.<\/p>\n<p>Stamp motif \u2013 detail of a fresco from the Gra\u010danica Monastery.<\/p>\n<p class=\"translation-block\"><strong>Anna (Dandolo) Nemanji\u0107<\/strong> (year of birth unknown \u2013 around 1265) was a Serbian queen, wife of King Stefan the First-Crowned and mother of the future King Stefan Uro\u0161 I. The daughter of Raniero Dandolo, Vice-Doge of Venice and Procurator of San Marco, she married Stefan Nemanji\u0107 in 1217, when they were crowned together, in the Church of St. Apostles Peter and Paul in Ras. The famous fresco \u201cThe Death of Queen Anna Dandolo\u201d, which is painted on the north wall of the narthex of the Church of the Holy Trinity in Sopo\u0107ani, is dedicated to Queen Anna. The fresco depicts Queen Anna on a deathbed at the moment when an angel receives her soul, and Christ and the Mother of God appear at her headboard. The Serbian court is gathered around her deathbed. Her son and King Uro\u0161 I is depicted in royal robes with a crown on his head, with Princes Dragutin and Milutin standing behind him, and Princess Brn\u010da behind them, while the Queen\u2019s left hand is held and kissed by her daughter-in-law Queen Jelena. Archbishop Sava II is also depicted in the fresco.<\/p>\n<p>Stamp motif \u2013 detail of a fresco from the Sopo\u0107ani Monastery.<\/p>\n<p class=\"translation-block\"><strong>Jelena Nemanji\u0107<\/strong> (c. 1236 \u2013 1314), also known in history as Helen of Anjou, was a Serbian queen, the wife of Serbian King Stefan Uro\u0161 I and the mother of Kings Dragutin and Milutin. She was a descendant of royal and noble families originating from the Byzantine and Hungarian regions, and was active and influential in all spheres of government, politics and diplomacy, but no less in construction and spiritual spheres. Along with Empress Jelena, wife of Du\u0161an the Mighty, Helen of Anjou is the most frequently depicted woman in Serbian medieval painting. She took monastic vows in the Church of Saint Nicholas in Skadar. She died at the court in Brnjaci in 1314, and according to her own wishes she was buried in her endowment, the Gradac Monastery. She was canonized three years after her death.<\/p>\n<p>Stamp motif \u2013 detail of a fresco from the Sopo\u0107ani Monastery.<\/p>\n<p class=\"translation-block\"><strong>\u041aatalina\/Katarina (Arpad) Nemanji\u0107<\/strong> (mid-13th century \u2013 after 1316) Hungarian princess from the Arpad dynasty, was the wife of King Stefan Dragutin Nemanji\u0107, whom she married in 1268. The marriage was concluded as part of a peace treaty between Hungary and Serbia. Katalina became the Serbian queen, and Belgrade was part of the territory that King Dragutin received \u201cas a dowry\u201d. Helena of Anjou, Dragutin\u2019s mother, was her mother-in-law and role model. She had numerous offspring, sons Vladislav and Uro\u0161ic who are depicted as princes in artistic representations of the Nemanji\u0107 dynasty. She also had daughters Jelisaveta, Margarita and Ursa (Ursula). Jelisaveta\u2019s descendant was Tvrtko, the first ruler of Bosnia and part of Serbia, who bore the title of King of Serbia and Bosnia. Katalina is the patron of the Trono\u0161a Monastery near Loznica, from 1317.<\/p>\n<p>Stamp motif \u2013 detail of a fresco from the Church of Saint Achilles in Arilje (copy from National museum of Serbia, copyist Rajko Nikoli\u0107).<\/p>\n<p class=\"translation-block\"><strong>Jelena (Stracimirovi\u0107) Nemanji\u0107<\/strong> (c. 1310 \u2013 1376) was a Bulgarian noble woman and Serbian queen, and later empress, wife of Stefan Du\u0161an and mother of Emperor Uro\u0161 V. The daughter of Despot Stracimir, she married Du\u0161an on Easter, 1332. This marriage confirmed the alliance between Du\u0161an and Jelena\u2019s brother Jovan Aleksandar, who, in 1331, at the same time when the later Emperor Du\u0161an overthrew his father Stefan of De\u010dani, overthrew Tsar Michael III Shishman, from the Bulgarian throne and proclaimed himself Emperor of Bulgaria.\nIn her marriage to Du\u0161an, she gave birth to a son, Uro\u0161, who succeeded his father on the throne. Empress Jelena was of exceptional abilities, a skilled diplomat, a lover of good books, an intellectual, a pious and philanthropic woman. After the death of Emperor Du\u0161an, Jelena took monastic vows, received the monastic name of Jelisaveta, and with her son Uro\u0161 she completed the construction of the Matej\u010da Monastery near Kumanovo. She died in 1376 and, according to her own wishes, was buried next to Emperor Du\u0161an.<\/p>\n<p>Stamp motif \u2013 detail of a fresco from the De\u010dani Monastery.<\/p>\n<p>Professional cooperation on the issue: Museum of the Serbian Orthodox Church except stamp and text for \u041aatalina\/Katarina (Arpad) Nemanji\u0107 \u2013 National Museum of Serbia, Phd Bojan Popovi\u0107, Museum Advisor<br \/>\nArtistic realization: Marija and Jak\u0161a Vlahovi\u0107, MA academic graphic artists<\/p>","protected":false},"excerpt":{"rendered":"<h3>Commemorative postage stamps<\/h3>\n<p>Year of issue: <strong>2024<\/strong><\/p>","protected":false},"featured_media":16322,"template":"","meta":{"inline_featured_image":false,"pgc_sgb_lightbox_settings":""},"product_brand":[],"product_cat":[170,96,39,40],"product_tag":[],"class_list":{"0":"post-16318","1":"product","2":"type-product","3":"status-publish","4":"has-post-thumbnail","6":"product_cat-170","7":"product_cat-godina-izdanja","8":"product_cat-postanske-marke","9":"product_cat-prigodne-marke","10":"pa_godina-izdanja-171","11":"pa_tema-drzavnost","12":"pa_tema-znamenite-licnosti","13":"pa_tema-istorija","15":"first","16":"instock","17":"shipping-taxable","18":"purchasable","19":"product-type-simple"},"yoast_head":"<!-- This site is optimized with the Yoast SEO plugin v26.8 - https:\/\/yoast.com\/product\/yoast-seo-wordpress\/ -->\n<title>\u0412\u043b\u0430\u0434\u0430\u0440\u043a\u0435 \u0421\u0440\u0431\u0438\u0458\u0435 \u0438\u0437 \u0434\u0438\u043d\u0430\u0441\u0442\u0438\u0458\u0435 \u041d\u0435\u043c\u0430\u045a\u0438\u045b\u0430 - \u0435\u0424\u0438\u043b\u0430\u0442\u0435\u043b\u0438\u0458\u0430<\/title>\n<meta name=\"robots\" content=\"index, follow, max-snippet:-1, max-image-preview:large, max-video-preview:-1\" \/>\n<link rel=\"canonical\" href=\"https:\/\/efilatelija.posta.rs\/en\/product\/vladarke-srbije-iz-dinastije-nemanjica\/\" \/>\n<meta property=\"og:locale\" content=\"en_GB\" \/>\n<meta property=\"og:type\" content=\"article\" \/>\n<meta property=\"og:title\" content=\"\u0412\u043b\u0430\u0434\u0430\u0440\u043a\u0435 \u0421\u0440\u0431\u0438\u0458\u0435 \u0438\u0437 \u0434\u0438\u043d\u0430\u0441\u0442\u0438\u0458\u0435 \u041d\u0435\u043c\u0430\u045a\u0438\u045b\u0430 - \u0435\u0424\u0438\u043b\u0430\u0442\u0435\u043b\u0438\u0458\u0430\" \/>\n<meta property=\"og:description\" content=\"\u041f\u0440\u0438\u0433\u043e\u0434\u043d\u0430 \u043f\u043e\u0448\u0442\u0430\u043d\u0441\u043a\u0430 \u043c\u0430\u0440\u043a\u0430 \u0413\u043e\u0434\u0438\u043d\u0430 \u0438\u0437\u0434\u0430\u045a\u0430: 2024\" \/>\n<meta property=\"og:url\" content=\"https:\/\/efilatelija.posta.rs\/en\/product\/vladarke-srbije-iz-dinastije-nemanjica\/\" \/>\n<meta property=\"og:site_name\" content=\"\u0435\u0424\u0438\u043b\u0430\u0442\u0435\u043b\u0438\u0458\u0430\" \/>\n<meta property=\"article:modified_time\" content=\"2026-04-04T21:17:53+00:00\" \/>\n<meta property=\"og:image\" content=\"https:\/\/efilatelija.posta.rs\/wp-content\/uploads\/2025\/12\/863748-T_Vladarke-Srbije-iz-dinastije-Nemanjica.jpg\" \/>\n\t<meta property=\"og:image:width\" content=\"800\" \/>\n\t<meta property=\"og:image:height\" content=\"800\" \/>\n\t<meta property=\"og:image:type\" content=\"image\/jpeg\" \/>\n<meta name=\"twitter:card\" content=\"summary_large_image\" \/>\n<meta name=\"twitter:label1\" content=\"Estimated reading time\" \/>\n\t<meta name=\"twitter:data1\" content=\"5 minutes\" \/>\n<script type=\"application\/ld+json\" class=\"yoast-schema-graph\">{\"@context\":\"https:\/\/schema.org\",\"@graph\":[{\"@type\":\"WebPage\",\"@id\":\"https:\/\/efilatelija.posta.rs\/product\/vladarke-srbije-iz-dinastije-nemanjica\/\",\"url\":\"https:\/\/efilatelija.posta.rs\/product\/vladarke-srbije-iz-dinastije-nemanjica\/\",\"name\":\"\u0412\u043b\u0430\u0434\u0430\u0440\u043a\u0435 \u0421\u0440\u0431\u0438\u0458\u0435 \u0438\u0437 \u0434\u0438\u043d\u0430\u0441\u0442\u0438\u0458\u0435 \u041d\u0435\u043c\u0430\u045a\u0438\u045b\u0430 - \u0435\u0424\u0438\u043b\u0430\u0442\u0435\u043b\u0438\u0458\u0430\",\"isPartOf\":{\"@id\":\"https:\/\/efilatelija.posta.rs\/#website\"},\"primaryImageOfPage\":{\"@id\":\"https:\/\/efilatelija.posta.rs\/product\/vladarke-srbije-iz-dinastije-nemanjica\/#primaryimage\"},\"image\":{\"@id\":\"https:\/\/efilatelija.posta.rs\/product\/vladarke-srbije-iz-dinastije-nemanjica\/#primaryimage\"},\"thumbnailUrl\":\"https:\/\/efilatelija.posta.rs\/wp-content\/uploads\/2025\/12\/863748-T_Vladarke-Srbije-iz-dinastije-Nemanjica.jpg\",\"datePublished\":\"2025-12-08T08:22:52+00:00\",\"dateModified\":\"2026-04-04T21:17:53+00:00\",\"breadcrumb\":{\"@id\":\"https:\/\/efilatelija.posta.rs\/product\/vladarke-srbije-iz-dinastije-nemanjica\/#breadcrumb\"},\"inLanguage\":\"en-GB\",\"potentialAction\":[{\"@type\":\"ReadAction\",\"target\":[\"https:\/\/efilatelija.posta.rs\/product\/vladarke-srbije-iz-dinastije-nemanjica\/\"]}]},{\"@type\":\"ImageObject\",\"inLanguage\":\"en-GB\",\"@id\":\"https:\/\/efilatelija.posta.rs\/product\/vladarke-srbije-iz-dinastije-nemanjica\/#primaryimage\",\"url\":\"https:\/\/efilatelija.posta.rs\/wp-content\/uploads\/2025\/12\/863748-T_Vladarke-Srbije-iz-dinastije-Nemanjica.jpg\",\"contentUrl\":\"https:\/\/efilatelija.posta.rs\/wp-content\/uploads\/2025\/12\/863748-T_Vladarke-Srbije-iz-dinastije-Nemanjica.jpg\",\"width\":800,\"height\":800,\"caption\":\"2025 \u0412\u043b\u0430\u0434\u0430\u0440\u043a\u0435 \u0421\u0440\u0431\u0438\u0458\u0435 \u0438\u0437 \u0434\u0438\u043d\u0430\u0441\u0442\u0438\u0458\u0435 \u041d\u0435\u043c\u0430\u045a\u0438\u045b\u0430\"},{\"@type\":\"BreadcrumbList\",\"@id\":\"https:\/\/efilatelija.posta.rs\/product\/vladarke-srbije-iz-dinastije-nemanjica\/#breadcrumb\",\"itemListElement\":[{\"@type\":\"ListItem\",\"position\":1,\"name\":\"\u041f\u0440\u043e\u0434\u0430\u0432\u043d\u0438\u0446\u0430\",\"item\":\"https:\/\/efilatelija.posta.rs\/shop\/\"},{\"@type\":\"ListItem\",\"position\":2,\"name\":\"\u0412\u043b\u0430\u0434\u0430\u0440\u043a\u0435 \u0421\u0440\u0431\u0438\u0458\u0435 \u0438\u0437 \u0434\u0438\u043d\u0430\u0441\u0442\u0438\u0458\u0435 \u041d\u0435\u043c\u0430\u045a\u0438\u045b\u0430\"}]},{\"@type\":\"WebSite\",\"@id\":\"https:\/\/efilatelija.posta.rs\/#website\",\"url\":\"https:\/\/efilatelija.posta.rs\/\",\"name\":\"\u0435\u0424\u0438\u043b\u0430\u0442\u0435\u043b\u0438\u0458\u0430\",\"description\":\"\u041f\u043e\u0448\u0442\u0430 \u0421\u0440\u0431\u0438\u0458\u0435 \u0434.\u043e.\u043e.\",\"publisher\":{\"@id\":\"https:\/\/efilatelija.posta.rs\/#organization\"},\"potentialAction\":[{\"@type\":\"SearchAction\",\"target\":{\"@type\":\"EntryPoint\",\"urlTemplate\":\"https:\/\/efilatelija.posta.rs\/?s={search_term_string}\"},\"query-input\":{\"@type\":\"PropertyValueSpecification\",\"valueRequired\":true,\"valueName\":\"search_term_string\"}}],\"inLanguage\":\"en-GB\"},{\"@type\":\"Organization\",\"@id\":\"https:\/\/efilatelija.posta.rs\/#organization\",\"name\":\"\u0435\u0424\u0438\u043b\u0430\u0442\u0435\u043b\u0438\u0458\u0430 - \u0408\u041f \u041f\u043e\u0448\u0442\u0430 \u0421\u0440\u0431\u0438\u0458\u0435\",\"url\":\"https:\/\/efilatelija.posta.rs\/\",\"logo\":{\"@type\":\"ImageObject\",\"inLanguage\":\"en-GB\",\"@id\":\"https:\/\/efilatelija.posta.rs\/#\/schema\/logo\/image\/\",\"url\":\"https:\/\/efilatelija.posta.rs\/wp-content\/uploads\/2025\/01\/logo-posta-srbije-500x500-1.jpg\",\"contentUrl\":\"https:\/\/efilatelija.posta.rs\/wp-content\/uploads\/2025\/01\/logo-posta-srbije-500x500-1.jpg\",\"width\":500,\"height\":500,\"caption\":\"\u0435\u0424\u0438\u043b\u0430\u0442\u0435\u043b\u0438\u0458\u0430 - \u0408\u041f \u041f\u043e\u0448\u0442\u0430 \u0421\u0440\u0431\u0438\u0458\u0435\"},\"image\":{\"@id\":\"https:\/\/efilatelija.posta.rs\/#\/schema\/logo\/image\/\"}}]}<\/script>\n<!-- \/ Yoast SEO plugin. -->","yoast_head_json":{"title":"\u0412\u043b\u0430\u0434\u0430\u0440\u043a\u0435 \u0421\u0440\u0431\u0438\u0458\u0435 \u0438\u0437 \u0434\u0438\u043d\u0430\u0441\u0442\u0438\u0458\u0435 \u041d\u0435\u043c\u0430\u045a\u0438\u045b\u0430 - \u0435\u0424\u0438\u043b\u0430\u0442\u0435\u043b\u0438\u0458\u0430","robots":{"index":"index","follow":"follow","max-snippet":"max-snippet:-1","max-image-preview":"max-image-preview:large","max-video-preview":"max-video-preview:-1"},"canonical":"https:\/\/efilatelija.posta.rs\/en\/product\/vladarke-srbije-iz-dinastije-nemanjica\/","og_locale":"en_GB","og_type":"article","og_title":"\u0412\u043b\u0430\u0434\u0430\u0440\u043a\u0435 \u0421\u0440\u0431\u0438\u0458\u0435 \u0438\u0437 \u0434\u0438\u043d\u0430\u0441\u0442\u0438\u0458\u0435 \u041d\u0435\u043c\u0430\u045a\u0438\u045b\u0430 - \u0435\u0424\u0438\u043b\u0430\u0442\u0435\u043b\u0438\u0458\u0430","og_description":"\u041f\u0440\u0438\u0433\u043e\u0434\u043d\u0430 \u043f\u043e\u0448\u0442\u0430\u043d\u0441\u043a\u0430 \u043c\u0430\u0440\u043a\u0430 \u0413\u043e\u0434\u0438\u043d\u0430 \u0438\u0437\u0434\u0430\u045a\u0430: 2024","og_url":"https:\/\/efilatelija.posta.rs\/en\/product\/vladarke-srbije-iz-dinastije-nemanjica\/","og_site_name":"\u0435\u0424\u0438\u043b\u0430\u0442\u0435\u043b\u0438\u0458\u0430","article_modified_time":"2026-04-04T21:17:53+00:00","og_image":[{"width":800,"height":800,"url":"https:\/\/efilatelija.posta.rs\/wp-content\/uploads\/2025\/12\/863748-T_Vladarke-Srbije-iz-dinastije-Nemanjica.jpg","type":"image\/jpeg"}],"twitter_card":"summary_large_image","twitter_misc":{"Estimated reading time":"5 minutes"},"schema":{"@context":"https:\/\/schema.org","@graph":[{"@type":"WebPage","@id":"https:\/\/efilatelija.posta.rs\/product\/vladarke-srbije-iz-dinastije-nemanjica\/","url":"https:\/\/efilatelija.posta.rs\/product\/vladarke-srbije-iz-dinastije-nemanjica\/","name":"\u0412\u043b\u0430\u0434\u0430\u0440\u043a\u0435 \u0421\u0440\u0431\u0438\u0458\u0435 \u0438\u0437 \u0434\u0438\u043d\u0430\u0441\u0442\u0438\u0458\u0435 \u041d\u0435\u043c\u0430\u045a\u0438\u045b\u0430 - \u0435\u0424\u0438\u043b\u0430\u0442\u0435\u043b\u0438\u0458\u0430","isPartOf":{"@id":"https:\/\/efilatelija.posta.rs\/#website"},"primaryImageOfPage":{"@id":"https:\/\/efilatelija.posta.rs\/product\/vladarke-srbije-iz-dinastije-nemanjica\/#primaryimage"},"image":{"@id":"https:\/\/efilatelija.posta.rs\/product\/vladarke-srbije-iz-dinastije-nemanjica\/#primaryimage"},"thumbnailUrl":"https:\/\/efilatelija.posta.rs\/wp-content\/uploads\/2025\/12\/863748-T_Vladarke-Srbije-iz-dinastije-Nemanjica.jpg","datePublished":"2025-12-08T08:22:52+00:00","dateModified":"2026-04-04T21:17:53+00:00","breadcrumb":{"@id":"https:\/\/efilatelija.posta.rs\/product\/vladarke-srbije-iz-dinastije-nemanjica\/#breadcrumb"},"inLanguage":"en-GB","potentialAction":[{"@type":"ReadAction","target":["https:\/\/efilatelija.posta.rs\/product\/vladarke-srbije-iz-dinastije-nemanjica\/"]}]},{"@type":"ImageObject","inLanguage":"en-GB","@id":"https:\/\/efilatelija.posta.rs\/product\/vladarke-srbije-iz-dinastije-nemanjica\/#primaryimage","url":"https:\/\/efilatelija.posta.rs\/wp-content\/uploads\/2025\/12\/863748-T_Vladarke-Srbije-iz-dinastije-Nemanjica.jpg","contentUrl":"https:\/\/efilatelija.posta.rs\/wp-content\/uploads\/2025\/12\/863748-T_Vladarke-Srbije-iz-dinastije-Nemanjica.jpg","width":800,"height":800,"caption":"2025 \u0412\u043b\u0430\u0434\u0430\u0440\u043a\u0435 \u0421\u0440\u0431\u0438\u0458\u0435 \u0438\u0437 \u0434\u0438\u043d\u0430\u0441\u0442\u0438\u0458\u0435 \u041d\u0435\u043c\u0430\u045a\u0438\u045b\u0430"},{"@type":"BreadcrumbList","@id":"https:\/\/efilatelija.posta.rs\/product\/vladarke-srbije-iz-dinastije-nemanjica\/#breadcrumb","itemListElement":[{"@type":"ListItem","position":1,"name":"\u041f\u0440\u043e\u0434\u0430\u0432\u043d\u0438\u0446\u0430","item":"https:\/\/efilatelija.posta.rs\/shop\/"},{"@type":"ListItem","position":2,"name":"\u0412\u043b\u0430\u0434\u0430\u0440\u043a\u0435 \u0421\u0440\u0431\u0438\u0458\u0435 \u0438\u0437 \u0434\u0438\u043d\u0430\u0441\u0442\u0438\u0458\u0435 \u041d\u0435\u043c\u0430\u045a\u0438\u045b\u0430"}]},{"@type":"WebSite","@id":"https:\/\/efilatelija.posta.rs\/#website","url":"https:\/\/efilatelija.posta.rs\/","name":"ePhilately","description":"\u041f\u043e\u0448\u0442\u0430 \u0421\u0440\u0431\u0438\u0458\u0435 \u0434.\u043e.\u043e.","publisher":{"@id":"https:\/\/efilatelija.posta.rs\/#organization"},"potentialAction":[{"@type":"SearchAction","target":{"@type":"EntryPoint","urlTemplate":"https:\/\/efilatelija.posta.rs\/?s={search_term_string}"},"query-input":{"@type":"PropertyValueSpecification","valueRequired":true,"valueName":"search_term_string"}}],"inLanguage":"en-GB"},{"@type":"Organization","@id":"https:\/\/efilatelija.posta.rs\/#organization","name":"\u0435\u0424\u0438\u043b\u0430\u0442\u0435\u043b\u0438\u0458\u0430 - \u0408\u041f \u041f\u043e\u0448\u0442\u0430 \u0421\u0440\u0431\u0438\u0458\u0435","url":"https:\/\/efilatelija.posta.rs\/","logo":{"@type":"ImageObject","inLanguage":"en-GB","@id":"https:\/\/efilatelija.posta.rs\/#\/schema\/logo\/image\/","url":"https:\/\/efilatelija.posta.rs\/wp-content\/uploads\/2025\/01\/logo-posta-srbije-500x500-1.jpg","contentUrl":"https:\/\/efilatelija.posta.rs\/wp-content\/uploads\/2025\/01\/logo-posta-srbije-500x500-1.jpg","width":500,"height":500,"caption":"\u0435\u0424\u0438\u043b\u0430\u0442\u0435\u043b\u0438\u0458\u0430 - \u0408\u041f \u041f\u043e\u0448\u0442\u0430 \u0421\u0440\u0431\u0438\u0458\u0435"},"image":{"@id":"https:\/\/efilatelija.posta.rs\/#\/schema\/logo\/image\/"}}]}},"_links":{"self":[{"href":"https:\/\/efilatelija.posta.rs\/en\/wp-json\/wp\/v2\/product\/16318","targetHints":{"allow":["GET"]}}],"collection":[{"href":"https:\/\/efilatelija.posta.rs\/en\/wp-json\/wp\/v2\/product"}],"about":[{"href":"https:\/\/efilatelija.posta.rs\/en\/wp-json\/wp\/v2\/types\/product"}],"wp:featuredmedia":[{"embeddable":true,"href":"https:\/\/efilatelija.posta.rs\/en\/wp-json\/wp\/v2\/media\/16322"}],"wp:attachment":[{"href":"https:\/\/efilatelija.posta.rs\/en\/wp-json\/wp\/v2\/media?parent=16318"}],"wp:term":[{"taxonomy":"product_brand","embeddable":true,"href":"https:\/\/efilatelija.posta.rs\/en\/wp-json\/wp\/v2\/product_brand?post=16318"},{"taxonomy":"product_cat","embeddable":true,"href":"https:\/\/efilatelija.posta.rs\/en\/wp-json\/wp\/v2\/product_cat?post=16318"},{"taxonomy":"product_tag","embeddable":true,"href":"https:\/\/efilatelija.posta.rs\/en\/wp-json\/wp\/v2\/product_tag?post=16318"}],"curies":[{"name":"wp","href":"https:\/\/api.w.org\/{rel}","templated":true}]}}