{"id":16065,"date":"2025-10-29T10:14:21","date_gmt":"2025-10-29T09:14:21","guid":{"rendered":"https:\/\/efilatelija.posta.rs\/?post_type=product&#038;p=16065"},"modified":"2026-04-06T19:46:28","modified_gmt":"2026-04-06T18:46:28","slug":"prijatelji-srbije-2025","status":"publish","type":"product","link":"https:\/\/efilatelija.posta.rs\/en\/product\/prijatelji-srbije-2025\/","title":{"rendered":"Friends of Serbia 2025"},"content":{"rendered":"<p><strong>FRIENDS OF SERBIA<\/strong><\/p>\n<p>With this commemorative stamp issue, we show our respect and gratitude to the countries of Europe with which Serbia fosters deep friendly relations based on mutual trust and support. The motifs on the stamps depict an example of the rich cultural and historical heritage of our own and our friendly nations, depicted in folk attire that testify to the preservation of tradition and underline the closeness that connects and unites us with our friends.<\/p>\n<p><strong>Friends of Serbia \u2013 GREECE<\/strong><\/p>\n<p><strong><em>Women\u2019s costume from Corfu, Ionian Islands, early 20<sup>th<\/sup> century<\/em><\/strong><\/p>\n<p>The bridal and festive costume of Corfu includes as undergarments a white bodice and the \u201crok\u00e9to\u201d a fine calico petticoat. The skirt, \u201cvelesi\u201d or \u201cambito\u201d, is made of blue taffeta with gold embroidery on the hem. The bosom is covered with the \u201cboust\u00edna\u201d (a white dickey), and the waist is tightened with the \u201cchrys\u00f3zoni\u201d or \u201cchrysok\u00edmero\u201d (gold belt), over which a short sleeveless waistcoat, \u201czipouni\u201d, is worn, which is fastened with \u201cfio\u00fambes\u201d (gold cufflinks). The outer sleeved jacket (the \u201dpessel\u00ed\u201d or \u201ckr\u00e9mezo\u201d) is made of garnet-red velvet adorned with gold embroidery. The bridal apron is made of white tulle and is completely embroidered with multi-coloured wool, and decorated with small bows and rosettes made of coloured ribbons. The headdress (\u201cyi\u00e1dema\u201d or \u201cst\u00f3los\u201d) is worn for the first time by a girl on her wedding day after which she continues to wear it throughout her life. The old hairstyle has been replaced by the \u201ctork\u00f3s\u201d, which is formed from four long black coils of hair (\u201cboumb\u00e1ria\u201d) bound with red ribbons (\u201cstaft\u00e1des\u201d). It is adorned with flowers, mirrors, thin metal spirals, feathers, peacock feathers and a starched \u201c b\u00f3lia\u201d (a type of veil). The earrings are \u201cverges\u201d and \u201ckamb\u00e1nes\u201d, and round the neck is a chain fastened to a filigree brooch on the bosom called the \u00edlios (sun). She has three more gold brooches of different sizes and a gold cross with a crown.<\/p>\n<p>Collection of the Basil Papantoniou Foundation, Nafplion.<\/p>\n<p><strong><em>Female folk attire, Vlasina, southeastern Serbia, 19<sup>th<\/sup> century<\/em><\/strong><\/p>\n<p>So-called \u201cShopi attire\u201d are widespread in the regions of southeastern Serbia, and its content and appearance show significant individuality in the overall corpus of Serbian folk attires. Certain elements of the attire intended for the bride, such as a long, uncut, sleeveless dress, \u201cmanovil\u201d, a shirt \u201calenica\u201d and a cap \u201ckaica\u201d, of specific craftsmanship and predominantly red in colour, with their archaic, Old Slavic origin, still attract the attention of museum experts and ethnologists today.<\/p>\n<p>Professional cooperation on the issue: Embassy of Greece in Belgrade; Basil Papantoniou Foundation, Nafplion Greece \u2013 Angeliki Roumelioti, Head of Collection Department.<\/p>\n<p><strong>Friends of Serbia \u2013 SLOVAKIA<\/strong><\/p>\n<p><strong><em>Bridal attire from Krakovany, Trnava region, Slovak Republic, first half of the 20<sup>th<\/sup> century<\/em><\/strong><\/p>\n<p>Krakovany belongs to the Trnava region and is a typical representative of the traditional clothing of western Slovakia. What is characteristic of traditional folk attire from Krakovany is that it is very richly decorated with various types of embroidery, using yellow-orange, red, yellow and gold thread. The decoration of female clothing is dominated by bobbin lace (spools) with geometric patterns, which in 2022 was entered on the Representative List of Intangible Cultural Heritage of Slovakia.<\/p>\n<p>The traditional folk attire shown on the issue is the property of Daniela Piscova.<\/p>\n<p><strong><em>Female attire, Ra\u0161ka<\/em><\/strong><\/p>\n<p>Serbian female attire from the Ra\u0161ka region was made mainly of wool and hemp cloth (rarely of cotton and linen) and dyed with natural vegetable dyes. It consisted of an embroidered hemp shirt and a woollen skirt, with a colourful woollen apron over which the woven belt was tied. Over everything, a \u201czubun\u201d was worn \u2013 one of the oldest pieces of clothing in the southern Balkans, sleeveless, cut in front, length from mid-thigh to below the knee. It is made mostly of white rolled woollen cloth and lavishly decorated with colourful embroidery with wool cords and thread. Geometric and stylized plant ornamentation was most commonly used.<\/p>\n<p>All pieces of clothing were made and decorated by hand, using local craftsmanship.<\/p>\n<p>Professional cooperation on the issue: Embassy of the Slovak Republic in Belgrade, Slovak Intangible Heritage Centre of Slovak State Traditional Dance Company (S\u013dUK), state-funded organization established by the Ministry of Culture of the Slovak Republic.<\/p>\n<p><strong>Friends of Serbia \u2013 CYPRUS<\/strong><\/p>\n<p><strong><em>Traditional attire from Cyprus<\/em><\/strong><\/p>\n<p>Cypriot folk attire is characterized by simplicity and relative uniformity, with regional variations in ornamentation, the combination of individual garments, and the use of colour. The four traditional types of attire \u2013 urban, mountain, Karpasia, and Paphos \u2013 were made of wool, linen, cotton, or silk, often hand-woven, and enriched with embroidery or printed patterns.<\/p>\n<p>Female clothing usually consisted of an inner and outer headscarf, a cotton shirt with wide sleeves, over which a long \u201csagia\u201d of woven cotton was worn; open in front, with slits on the sides and narrow black sleeves. Over the \u201csagia\u201d, women wore a white cotton tunic (\u201ctupletti\u201d) or a short cloak with wide sleeves (\u201csarka\u201d). Footwear consisted of leather knee-high boots (\u201cpodines\u201d) with heels, or low flat shoes. The attire was completed by an embroidered belt on the hips and jewellery that decorated the chest, neck and arms.<\/p>\n<p><strong><em>Female attire, Ni\u0161 area, Serbia, 19<sup>th<\/sup> century<\/em><\/strong><\/p>\n<p>Female attire from the Ni\u0161 area was created in the mid-19<sup>th<\/sup>  century, with still visible influences from the clothing styles of the upper social classes of medieval Serbia. With the numerous migration movements of the Serbian people towards the northern and western regions, this type of attire spread and adapted to different local traditions and ways of making clothing ensembles. The main elements are as follows: a long open dress, \u201czubun\u201d or \u201c\u0107urdija\u201d, a large presence of gold thread in the decoration, such as on the apron \u201cprega\u010da\u201d and a specific headdress \u201cru\u010dnik\u201d over a specially curled hairstyle \u201ctrvelji\u201d, which gives this attire unique artistic quality in the context of Serbian history and culture.<\/p>\n<p>Professional cooperation on the issue: Embassy of the Republic of Cyprus in Belgrade; Charalampos Chotzakoglou, PhD, Cyprus Folk Art Museum of the Society of Cypriot Studies.<\/p>\n<p><strong>Friends of Serbia \u2013 SPAIN<\/strong><\/p>\n<p><strong><em>Bridal attire, Lagartera, Province of Toledo, Castilla\u2013La Mancha, 16<sup>th<\/sup> \u201317<sup>th<\/sup>  century<\/em><\/strong><\/p>\n<p>In the heart of Castilla\u2013La Mancha, one of the most impressive and complex items of clothing has been preserved \u2013 the bridal attire, which is associated with the story of centuries of embroidery, made with patience, dedication and high artistic and symbolic value. This attire comes from the 16th and 17th centuries, when Lagartera was already known for its textile industry. Over time, this incredibly rich embroidery became an element of collective identity, surviving to this day as a cultural symbol that can be seen at festivals, in museums, in the press and in photographic records.<\/p>\n<p><strong><em>Bridal attire with a plumed cap, Ra\u0161ka, southwestern Serbia, 19<sup>th<\/sup>  century<\/em><\/strong><\/p>\n<p>The rich bridal clothing consisted of a long linen shirt, a waistcoat, a woollen sleeveless dress \u201czubun\u201d, a woven woollen apron, and a belt. All pieces of clothing were made and decorated by hand, from local materials, using local craftsmanship. The most impressive element of the bride\u2019s attire is the cap, which had a strong symbolic role because, according to belief, it protected the bride from evil forces and curses. It was richly decorated with beads, bells, buttons, mirrors, horse hair accessories. It was believed that the bride is most vulnerable on her wedding day, so by wearing a hat that made a sound when the bride moved, demons were chased away. This kind of headpiece was worn by the bride not only on her wedding day, but also later, until the birth of her first child.<\/p>\n<p>Professional cooperation on the issue: Embassy of Spain in Belgrade.<\/p>\n<p><strong>Friends of Serbia \u2013 ROMANIA<\/strong><\/p>\n<p><strong><em>Traditional folk attire from the Bistri\u021ba area, Romania<\/em><\/strong><\/p>\n<p>The folk attire from the Bistri\u021ba area clearly differs from the attire in neighbouring areas, both in terms of elements and in how it changed over time, with each community having a well-defined dress code, in accordance with social and marital status.<\/p>\n<p>The bride from Bistri\u021ba wears colourful attire with various decorations, consisting of a shirt made of handmade textile, decorated above the elbow with embroidery of colourful glass beads, with pleats around the neck.<\/p>\n<p>Male folk attire consists of a plain shirt, sewn from handmade cotton fabric, decorated around the collar, front and sleeves with embroidery made of multi-coloured beads with plant motifs.<\/p>\n<p><strong><em>Female folk attire with a woollen robe and silver buckles, Vranjska P\u010dinja, southern Serbia, late 19t<sup>th<\/sup> century<\/em><\/strong><\/p>\n<p>Specific forms of certain clothing elements such as the open-type skirt, the so-called \u201cfuta\u201d and the extensive use of brown woollen cloth \u201ckla\u0161nja\u201d, as a reflection of the economic activity, predominantly livestock farming in these regions, are characteristic elements of the Serbian folk attire of the Central Balkan type. We find them in two different variants, depending on the length and openness in the front, from Kosovo and Metohija, Macedonia, Pomoravlje, through Resava and Svrljig all the way to the Timok regions in northeastern Serbia.<\/p>\n<p>Professional cooperation on the issue: dr. Virgil \u0218tefan Ni\u021bulescu \u2013 manager of the National Museum of the Romanian Peasant; Embassy of the Republic of Romania in Belgrade, Vlad Nicoar\u0103.<\/p>\n<p>Professional cooperation on the entire issue (motifs from Serbia): Ethnographic Museum, Belgrade, Tatjana Mikuli\u0107, PhD, Museum Advisor; Vjera Medi\u0107, Museum Advisor, Ivan Maksimovi\u0107, Curator. Vuk Nenezi\u0107, Photographer.<\/p>\n<p>Artistic realization of the issue: Miroslav Nikoli\u0107, MA Nade\u017eda Sko\u010daji\u0107, Academic Graphic Artist.<\/p>","protected":false},"excerpt":{"rendered":"<h3>Commemorative postage stamps<\/h3>\n<p>Year of issue: <strong>2025<\/strong><\/p>","protected":false},"featured_media":16066,"template":"","meta":{"inline_featured_image":false,"pgc_sgb_lightbox_settings":""},"product_brand":[],"product_cat":[170,96,39,40],"product_tag":[],"class_list":{"0":"post-16065","1":"product","2":"type-product","3":"status-publish","4":"has-post-thumbnail","6":"product_cat-170","7":"product_cat-godina-izdanja","8":"product_cat-postanske-marke","9":"product_cat-prigodne-marke","10":"pa_godina-izdanja-171","11":"pa_tema-drzavnost","12":"pa_tema-istorija","13":"pa_tema-svetske-teme","14":"pa_tema-umetnost","16":"first","17":"instock","18":"shipping-taxable","19":"purchasable","20":"product-type-simple"},"yoast_head":"<!-- This site is optimized with the Yoast SEO plugin v26.8 - https:\/\/yoast.com\/product\/yoast-seo-wordpress\/ -->\n<title>\u041f\u0440\u0438\u0458\u0430\u0442\u0435\u0459\u0438 \u0421\u0440\u0431\u0438\u0458\u0435 2025 - \u0435\u0424\u0438\u043b\u0430\u0442\u0435\u043b\u0438\u0458\u0430<\/title>\n<meta name=\"robots\" content=\"index, follow, max-snippet:-1, max-image-preview:large, max-video-preview:-1\" \/>\n<link rel=\"canonical\" href=\"https:\/\/efilatelija.posta.rs\/en\/product\/prijatelji-srbije-2025\/\" \/>\n<meta property=\"og:locale\" content=\"en_GB\" \/>\n<meta property=\"og:type\" content=\"article\" \/>\n<meta property=\"og:title\" content=\"\u041f\u0440\u0438\u0458\u0430\u0442\u0435\u0459\u0438 \u0421\u0440\u0431\u0438\u0458\u0435 2025 - \u0435\u0424\u0438\u043b\u0430\u0442\u0435\u043b\u0438\u0458\u0430\" \/>\n<meta property=\"og:description\" content=\"\u041f\u0440\u0438\u0433\u043e\u0434\u043d\u0430 \u043f\u043e\u0448\u0442\u0430\u043d\u0441\u043a\u0430 \u043c\u0430\u0440\u043a\u0430 \u0413\u043e\u0434\u0438\u043d\u0430 \u0438\u0437\u0434\u0430\u045a\u0430: 2025\" \/>\n<meta property=\"og:url\" content=\"https:\/\/efilatelija.posta.rs\/en\/product\/prijatelji-srbije-2025\/\" \/>\n<meta property=\"og:site_name\" content=\"\u0435\u0424\u0438\u043b\u0430\u0442\u0435\u043b\u0438\u0458\u0430\" \/>\n<meta property=\"article:modified_time\" content=\"2026-04-06T18:46:28+00:00\" \/>\n<meta property=\"og:image\" content=\"https:\/\/efilatelija.posta.rs\/wp-content\/uploads\/2025\/10\/863724Prijatelji-Srbije.jpg\" \/>\n\t<meta property=\"og:image:width\" content=\"800\" \/>\n\t<meta property=\"og:image:height\" content=\"800\" \/>\n\t<meta property=\"og:image:type\" content=\"image\/jpeg\" \/>\n<meta name=\"twitter:card\" content=\"summary_large_image\" \/>\n<meta name=\"twitter:label1\" content=\"Estimated reading time\" \/>\n\t<meta name=\"twitter:data1\" content=\"8 minutes\" \/>\n<script type=\"application\/ld+json\" class=\"yoast-schema-graph\">{\"@context\":\"https:\/\/schema.org\",\"@graph\":[{\"@type\":\"WebPage\",\"@id\":\"https:\/\/efilatelija.posta.rs\/product\/prijatelji-srbije-2025\/\",\"url\":\"https:\/\/efilatelija.posta.rs\/product\/prijatelji-srbije-2025\/\",\"name\":\"\u041f\u0440\u0438\u0458\u0430\u0442\u0435\u0459\u0438 \u0421\u0440\u0431\u0438\u0458\u0435 2025 - \u0435\u0424\u0438\u043b\u0430\u0442\u0435\u043b\u0438\u0458\u0430\",\"isPartOf\":{\"@id\":\"https:\/\/efilatelija.posta.rs\/#website\"},\"primaryImageOfPage\":{\"@id\":\"https:\/\/efilatelija.posta.rs\/product\/prijatelji-srbije-2025\/#primaryimage\"},\"image\":{\"@id\":\"https:\/\/efilatelija.posta.rs\/product\/prijatelji-srbije-2025\/#primaryimage\"},\"thumbnailUrl\":\"https:\/\/efilatelija.posta.rs\/wp-content\/uploads\/2025\/10\/863724Prijatelji-Srbije.jpg\",\"datePublished\":\"2025-10-29T09:14:21+00:00\",\"dateModified\":\"2026-04-06T18:46:28+00:00\",\"breadcrumb\":{\"@id\":\"https:\/\/efilatelija.posta.rs\/product\/prijatelji-srbije-2025\/#breadcrumb\"},\"inLanguage\":\"en-GB\",\"potentialAction\":[{\"@type\":\"ReadAction\",\"target\":[\"https:\/\/efilatelija.posta.rs\/product\/prijatelji-srbije-2025\/\"]}]},{\"@type\":\"ImageObject\",\"inLanguage\":\"en-GB\",\"@id\":\"https:\/\/efilatelija.posta.rs\/product\/prijatelji-srbije-2025\/#primaryimage\",\"url\":\"https:\/\/efilatelija.posta.rs\/wp-content\/uploads\/2025\/10\/863724Prijatelji-Srbije.jpg\",\"contentUrl\":\"https:\/\/efilatelija.posta.rs\/wp-content\/uploads\/2025\/10\/863724Prijatelji-Srbije.jpg\",\"width\":800,\"height\":800,\"caption\":\"2025 \u041f\u0440\u0438\u0458\u0430\u0442\u0435\u0459\u0438 \u0421\u0440\u0431\u0438\u0458\u0435 \u043f\u0440\u0438\u0433\u043e\u0434\u043d\u0430 \u043f\u043e\u0448\u0442\u0430\u043d\u0441\u043a\u0430 \u043c\u0430\u0440\u043a\u0430\"},{\"@type\":\"BreadcrumbList\",\"@id\":\"https:\/\/efilatelija.posta.rs\/product\/prijatelji-srbije-2025\/#breadcrumb\",\"itemListElement\":[{\"@type\":\"ListItem\",\"position\":1,\"name\":\"\u041f\u0440\u043e\u0434\u0430\u0432\u043d\u0438\u0446\u0430\",\"item\":\"https:\/\/efilatelija.posta.rs\/shop\/\"},{\"@type\":\"ListItem\",\"position\":2,\"name\":\"\u041f\u0440\u0438\u0458\u0430\u0442\u0435\u0459\u0438 \u0421\u0440\u0431\u0438\u0458\u0435 2025\"}]},{\"@type\":\"WebSite\",\"@id\":\"https:\/\/efilatelija.posta.rs\/#website\",\"url\":\"https:\/\/efilatelija.posta.rs\/\",\"name\":\"\u0435\u0424\u0438\u043b\u0430\u0442\u0435\u043b\u0438\u0458\u0430\",\"description\":\"\u041f\u043e\u0448\u0442\u0430 \u0421\u0440\u0431\u0438\u0458\u0435 \u0434.\u043e.\u043e.\",\"publisher\":{\"@id\":\"https:\/\/efilatelija.posta.rs\/#organization\"},\"potentialAction\":[{\"@type\":\"SearchAction\",\"target\":{\"@type\":\"EntryPoint\",\"urlTemplate\":\"https:\/\/efilatelija.posta.rs\/?s={search_term_string}\"},\"query-input\":{\"@type\":\"PropertyValueSpecification\",\"valueRequired\":true,\"valueName\":\"search_term_string\"}}],\"inLanguage\":\"en-GB\"},{\"@type\":\"Organization\",\"@id\":\"https:\/\/efilatelija.posta.rs\/#organization\",\"name\":\"\u0435\u0424\u0438\u043b\u0430\u0442\u0435\u043b\u0438\u0458\u0430 - \u0408\u041f \u041f\u043e\u0448\u0442\u0430 \u0421\u0440\u0431\u0438\u0458\u0435\",\"url\":\"https:\/\/efilatelija.posta.rs\/\",\"logo\":{\"@type\":\"ImageObject\",\"inLanguage\":\"en-GB\",\"@id\":\"https:\/\/efilatelija.posta.rs\/#\/schema\/logo\/image\/\",\"url\":\"https:\/\/efilatelija.posta.rs\/wp-content\/uploads\/2025\/01\/logo-posta-srbije-500x500-1.jpg\",\"contentUrl\":\"https:\/\/efilatelija.posta.rs\/wp-content\/uploads\/2025\/01\/logo-posta-srbije-500x500-1.jpg\",\"width\":500,\"height\":500,\"caption\":\"\u0435\u0424\u0438\u043b\u0430\u0442\u0435\u043b\u0438\u0458\u0430 - \u0408\u041f \u041f\u043e\u0448\u0442\u0430 \u0421\u0440\u0431\u0438\u0458\u0435\"},\"image\":{\"@id\":\"https:\/\/efilatelija.posta.rs\/#\/schema\/logo\/image\/\"}}]}<\/script>\n<!-- \/ Yoast SEO plugin. -->","yoast_head_json":{"title":"\u041f\u0440\u0438\u0458\u0430\u0442\u0435\u0459\u0438 \u0421\u0440\u0431\u0438\u0458\u0435 2025 - \u0435\u0424\u0438\u043b\u0430\u0442\u0435\u043b\u0438\u0458\u0430","robots":{"index":"index","follow":"follow","max-snippet":"max-snippet:-1","max-image-preview":"max-image-preview:large","max-video-preview":"max-video-preview:-1"},"canonical":"https:\/\/efilatelija.posta.rs\/en\/product\/prijatelji-srbije-2025\/","og_locale":"en_GB","og_type":"article","og_title":"\u041f\u0440\u0438\u0458\u0430\u0442\u0435\u0459\u0438 \u0421\u0440\u0431\u0438\u0458\u0435 2025 - \u0435\u0424\u0438\u043b\u0430\u0442\u0435\u043b\u0438\u0458\u0430","og_description":"\u041f\u0440\u0438\u0433\u043e\u0434\u043d\u0430 \u043f\u043e\u0448\u0442\u0430\u043d\u0441\u043a\u0430 \u043c\u0430\u0440\u043a\u0430 \u0413\u043e\u0434\u0438\u043d\u0430 \u0438\u0437\u0434\u0430\u045a\u0430: 2025","og_url":"https:\/\/efilatelija.posta.rs\/en\/product\/prijatelji-srbije-2025\/","og_site_name":"\u0435\u0424\u0438\u043b\u0430\u0442\u0435\u043b\u0438\u0458\u0430","article_modified_time":"2026-04-06T18:46:28+00:00","og_image":[{"width":800,"height":800,"url":"https:\/\/efilatelija.posta.rs\/wp-content\/uploads\/2025\/10\/863724Prijatelji-Srbije.jpg","type":"image\/jpeg"}],"twitter_card":"summary_large_image","twitter_misc":{"Estimated reading time":"8 minutes"},"schema":{"@context":"https:\/\/schema.org","@graph":[{"@type":"WebPage","@id":"https:\/\/efilatelija.posta.rs\/product\/prijatelji-srbije-2025\/","url":"https:\/\/efilatelija.posta.rs\/product\/prijatelji-srbije-2025\/","name":"\u041f\u0440\u0438\u0458\u0430\u0442\u0435\u0459\u0438 \u0421\u0440\u0431\u0438\u0458\u0435 2025 - \u0435\u0424\u0438\u043b\u0430\u0442\u0435\u043b\u0438\u0458\u0430","isPartOf":{"@id":"https:\/\/efilatelija.posta.rs\/#website"},"primaryImageOfPage":{"@id":"https:\/\/efilatelija.posta.rs\/product\/prijatelji-srbije-2025\/#primaryimage"},"image":{"@id":"https:\/\/efilatelija.posta.rs\/product\/prijatelji-srbije-2025\/#primaryimage"},"thumbnailUrl":"https:\/\/efilatelija.posta.rs\/wp-content\/uploads\/2025\/10\/863724Prijatelji-Srbije.jpg","datePublished":"2025-10-29T09:14:21+00:00","dateModified":"2026-04-06T18:46:28+00:00","breadcrumb":{"@id":"https:\/\/efilatelija.posta.rs\/product\/prijatelji-srbije-2025\/#breadcrumb"},"inLanguage":"en-GB","potentialAction":[{"@type":"ReadAction","target":["https:\/\/efilatelija.posta.rs\/product\/prijatelji-srbije-2025\/"]}]},{"@type":"ImageObject","inLanguage":"en-GB","@id":"https:\/\/efilatelija.posta.rs\/product\/prijatelji-srbije-2025\/#primaryimage","url":"https:\/\/efilatelija.posta.rs\/wp-content\/uploads\/2025\/10\/863724Prijatelji-Srbije.jpg","contentUrl":"https:\/\/efilatelija.posta.rs\/wp-content\/uploads\/2025\/10\/863724Prijatelji-Srbije.jpg","width":800,"height":800,"caption":"2025 \u041f\u0440\u0438\u0458\u0430\u0442\u0435\u0459\u0438 \u0421\u0440\u0431\u0438\u0458\u0435 \u043f\u0440\u0438\u0433\u043e\u0434\u043d\u0430 \u043f\u043e\u0448\u0442\u0430\u043d\u0441\u043a\u0430 \u043c\u0430\u0440\u043a\u0430"},{"@type":"BreadcrumbList","@id":"https:\/\/efilatelija.posta.rs\/product\/prijatelji-srbije-2025\/#breadcrumb","itemListElement":[{"@type":"ListItem","position":1,"name":"\u041f\u0440\u043e\u0434\u0430\u0432\u043d\u0438\u0446\u0430","item":"https:\/\/efilatelija.posta.rs\/shop\/"},{"@type":"ListItem","position":2,"name":"\u041f\u0440\u0438\u0458\u0430\u0442\u0435\u0459\u0438 \u0421\u0440\u0431\u0438\u0458\u0435 2025"}]},{"@type":"WebSite","@id":"https:\/\/efilatelija.posta.rs\/#website","url":"https:\/\/efilatelija.posta.rs\/","name":"ePhilately","description":"\u041f\u043e\u0448\u0442\u0430 \u0421\u0440\u0431\u0438\u0458\u0435 \u0434.\u043e.\u043e.","publisher":{"@id":"https:\/\/efilatelija.posta.rs\/#organization"},"potentialAction":[{"@type":"SearchAction","target":{"@type":"EntryPoint","urlTemplate":"https:\/\/efilatelija.posta.rs\/?s={search_term_string}"},"query-input":{"@type":"PropertyValueSpecification","valueRequired":true,"valueName":"search_term_string"}}],"inLanguage":"en-GB"},{"@type":"Organization","@id":"https:\/\/efilatelija.posta.rs\/#organization","name":"\u0435\u0424\u0438\u043b\u0430\u0442\u0435\u043b\u0438\u0458\u0430 - \u0408\u041f \u041f\u043e\u0448\u0442\u0430 \u0421\u0440\u0431\u0438\u0458\u0435","url":"https:\/\/efilatelija.posta.rs\/","logo":{"@type":"ImageObject","inLanguage":"en-GB","@id":"https:\/\/efilatelija.posta.rs\/#\/schema\/logo\/image\/","url":"https:\/\/efilatelija.posta.rs\/wp-content\/uploads\/2025\/01\/logo-posta-srbije-500x500-1.jpg","contentUrl":"https:\/\/efilatelija.posta.rs\/wp-content\/uploads\/2025\/01\/logo-posta-srbije-500x500-1.jpg","width":500,"height":500,"caption":"\u0435\u0424\u0438\u043b\u0430\u0442\u0435\u043b\u0438\u0458\u0430 - \u0408\u041f \u041f\u043e\u0448\u0442\u0430 \u0421\u0440\u0431\u0438\u0458\u0435"},"image":{"@id":"https:\/\/efilatelija.posta.rs\/#\/schema\/logo\/image\/"}}]}},"_links":{"self":[{"href":"https:\/\/efilatelija.posta.rs\/en\/wp-json\/wp\/v2\/product\/16065","targetHints":{"allow":["GET"]}}],"collection":[{"href":"https:\/\/efilatelija.posta.rs\/en\/wp-json\/wp\/v2\/product"}],"about":[{"href":"https:\/\/efilatelija.posta.rs\/en\/wp-json\/wp\/v2\/types\/product"}],"wp:featuredmedia":[{"embeddable":true,"href":"https:\/\/efilatelija.posta.rs\/en\/wp-json\/wp\/v2\/media\/16066"}],"wp:attachment":[{"href":"https:\/\/efilatelija.posta.rs\/en\/wp-json\/wp\/v2\/media?parent=16065"}],"wp:term":[{"taxonomy":"product_brand","embeddable":true,"href":"https:\/\/efilatelija.posta.rs\/en\/wp-json\/wp\/v2\/product_brand?post=16065"},{"taxonomy":"product_cat","embeddable":true,"href":"https:\/\/efilatelija.posta.rs\/en\/wp-json\/wp\/v2\/product_cat?post=16065"},{"taxonomy":"product_tag","embeddable":true,"href":"https:\/\/efilatelija.posta.rs\/en\/wp-json\/wp\/v2\/product_tag?post=16065"}],"curies":[{"name":"wp","href":"https:\/\/api.w.org\/{rel}","templated":true}]}}