{"id":15950,"date":"2025-10-15T09:06:41","date_gmt":"2025-10-15T08:06:41","guid":{"rendered":"https:\/\/efilatelija.posta.rs\/?post_type=product&#038;p=15950"},"modified":"2026-03-24T10:42:03","modified_gmt":"2026-03-24T09:42:03","slug":"muzejski-eksponati-2025","status":"publish","type":"product","link":"https:\/\/efilatelija.posta.rs\/en\/product\/muzejski-eksponati-2025\/","title":{"rendered":"Museum exhibits 2025"},"content":{"rendered":"<p><strong>75 years of the Museum of Applied Art<\/strong><\/p>\n<p>The Museum of Applied Arts (MAA) in Belgrade was founded on November 6, 1950, as the main institution for applied arts in the territory of the Republic of Serbia. In its seven current art collections, the heritage of national and international applied art and design is preserved, tradition is nurtured, and an active attitude towards contemporary artistic practices is fostered. The museum is located in the \u010celebonovi\u0107 Palace, at 18 Vuka Karad\u017ei\u0107a Street, which is one of the most representative examples of Belgrade architecture from the 1920s. The Museum owns around 45,000 objects of applied art, including works of exceptional artistic and cultural significance. The Museum\u2019s collections include the following: Metal and Jewellery; Furniture; Ceramics; Glass and Porcelain; Textiles and Costumes; Architecture and Urbanism; Photography; Applied Graphics and Artistic Book Processing; Contemporary Applied Art and Design. Overall, the collections trace the development of applied art over a period of almost 2,500 years.<\/p>\n<p>In addition to the basic museum activities of research, collection and preservation, the MAA organizes appearances of the Republic of Serbia at international events and festivals. The Museum\u2019s activities also include documentation, wood and textile conservation, and a library. The Museum\u2019s exhibition activities take place in as many as four active gallery spaces, including traditional events such as the Architecture Salon, the Contemporary Applied Arts Salon and the Children\u2019s October Salon, studio exhibitions that open every year on the Day of the Museum of Applied Arts, as well as numerous program and visiting exhibitions. On the occasion of the anniversary in 2025, the Museum of Applied Arts will present a selection of the most representative objects from its collections as part of the new Permanent Exhibition.<\/p>\n<p>Stamp motifs: Dessert tray, Principality of Serbia, around 1850 Crni Vrh, Glass Factory of Avram Petronijevi\u0107, cast glass, red glaze, enamel, gold paint.<\/p>\n<p>Aleksandar Joksimovi\u0107, illustration for the collection Prokleta Jerina, Belgrade, 1968, paper, ink, printed fragment of a reproduction of baroque graphics.<\/p>\n<p>Signet ring, silver, niello, second half of the 14<sup>th<\/sup> century.<\/p>\n<p>Vignette motif: Head-ornament \u2013 tepeluk<strong>,<\/strong>\u00a0Principality \/ Kingdom of Serbia, second half of the 19<sup>th<\/sup> century, wool, pearl; baize, embroidery.<\/p>\n<p>Envelope motifs: Aleksandar Joksimovi\u0107, illustration for the collection Prokleta Jerina, Belgrade, 1968, paper, ink, printed fragment of a reproduction of baroque graphics.<\/p>\n<p>Du\u0161an Jankovi\u0107, Draft for a poster for the One Thousand and Second Night ball, Belgrade, 1923, paper, tempera, ink.<\/p>\n<p>Milan Zlokovi\u0107, Lighthouse Tower in San Domingo \u2013 Columbus Tower<strong>,\u00a0<\/strong>combination of ink on paper with watercolour technique and wax paints.<\/p>\n<p>Maximum Card motifs: Dessert tray, Principality of Serbia, around 1850 Crni Vrh, Glass Factory of Avram Petronijevi\u0107, cast glass, red glaze, enamel, gold paint.<\/p>\n<p>Ivan Tabakovi\u0107, Plate, Belgrade, 1965, maiolica.<\/p>\n<p>Signet ring, silver, niello, second half of the 14<sup>th<\/sup> century.<\/p>\n<p>Expert cooperation on the issue: Museum of Applied Arts<br \/>\nArtistic realization of the issue: MA Anamari Banjac, Academic Painter<\/p>\n<p>&nbsp;<\/p>\n<p>&nbsp;<\/p>\n<p><strong>75 years of the Railway Museum<\/strong><\/p>\n<p>The Railway Museum, part of Serbian Railways JSC, guardian of the rich and colourful history of railways in this region, is located in the monumental building of the former Ministry of Transport, in Nemanja Street. The building was built in 1931 according to the project of architect Svetozar Jovanovi\u0107.<\/p>\n<p>The Museum was founded on February 1, 1950 and is a living monument to the time when the railway was the main driver of development, a symbol of progress and connectivity. It preserves the memory of the people who built the railways, operated the trains and took care of their maintenance. The Railway Museum was founded as the only museum of its kind in the then FNR Yugoslavia. The founder\u2019s idea was to collect, preserve and exhibit materials that testify to the development of the railway.<\/p>\n<p>The museum collections are as follows: Technical, Historical, Applied Art Collection and Art Collection. Through its collections, Library and Archives, the Museum allows visitors to enter the world of railways.<\/p>\n<p>Stamp motifs: Stefan Rafaj, New building of the Ministry of Transport and General Directorate Belgrade, drawing, exhibit of permanent exhibition;<br \/>\nThe medal encrusted with emeralds (obverse), awarded by the Wagons-Lits company to its employee Milan Ciganovi\u0107 in 1938;<br \/>\nGeorge Stevenson\u2019s 1875 steam locomotive model.<\/p>\n<p>Envelope motifs: Vasa Pomori\u0161ac, Tank on the Doboj \u2013 Banja Luka railway, oil on hardboard;<br \/>\nThe medal encrusted with emeralds (reverse), awarded by the Wagons-Lits company to its employee Milan Ciganovi\u0107 in 1938;<br \/>\nStanoje Cvetkovi\u0107, Train dispatcher with a baton, plaster cast;<br \/>\nLocomotive model No. 1 \u2013 George Stevenson.<\/p>\n<p>Maximum card motif: Belgrade Railway Station in 1884 by Nikola Graovac (1907\u20132000), a painting that is part of the Art Collection, represents a valuable testimony of the appearance of Belgrade and the station in the 19th century. The railway station was built between 1882 and 1885. Its architect was Dragutin Milutinovi\u0107, and today it has the status of a cultural monument of great importance. At the time of its construction, the building was one of the most monumental buildings and symbols of the then royal capital.<\/p>\n<p>Professional cooperation on the issue: Railway Museum, part of Serbian Railways JSC<br \/>\nArtistic realization of the issue: MA Anamari Banjac, academic painter<\/p>","protected":false},"excerpt":{"rendered":"<h3>Commemorative postage stamps<\/h3>\n<p>Year of issue: <strong>2025<\/strong><\/p>","protected":false},"featured_media":15963,"template":"","meta":{"inline_featured_image":false,"pgc_sgb_lightbox_settings":""},"product_brand":[],"product_cat":[170,96,39,40],"product_tag":[],"class_list":{"0":"post-15950","1":"product","2":"type-product","3":"status-publish","4":"has-post-thumbnail","6":"product_cat-170","7":"product_cat-godina-izdanja","8":"product_cat-postanske-marke","9":"product_cat-prigodne-marke","10":"pa_godina-izdanja-171","11":"pa_tema-istorija","12":"pa_tema-nauka","13":"pa_tema-svetske-teme","15":"first","16":"instock","17":"shipping-taxable","18":"purchasable","19":"product-type-simple"},"yoast_head":"<!-- This site is optimized with the Yoast SEO plugin v26.8 - https:\/\/yoast.com\/product\/yoast-seo-wordpress\/ -->\n<title>\u041c\u0443\u0437\u0435\u0458\u0441\u043a\u0438 \u0435\u043a\u0441\u043f\u043e\u043d\u0430\u0442\u0438 2025 - \u0435\u0424\u0438\u043b\u0430\u0442\u0435\u043b\u0438\u0458\u0430<\/title>\n<meta name=\"robots\" content=\"index, follow, max-snippet:-1, max-image-preview:large, max-video-preview:-1\" \/>\n<link rel=\"canonical\" href=\"https:\/\/efilatelija.posta.rs\/en\/product\/muzejski-eksponati-2025\/\" \/>\n<meta property=\"og:locale\" content=\"en_GB\" \/>\n<meta property=\"og:type\" content=\"article\" \/>\n<meta property=\"og:title\" content=\"\u041c\u0443\u0437\u0435\u0458\u0441\u043a\u0438 \u0435\u043a\u0441\u043f\u043e\u043d\u0430\u0442\u0438 2025 - \u0435\u0424\u0438\u043b\u0430\u0442\u0435\u043b\u0438\u0458\u0430\" \/>\n<meta property=\"og:description\" content=\"\u041f\u0440\u0438\u0433\u043e\u0434\u043d\u0430 \u043f\u043e\u0448\u0442\u0430\u043d\u0441\u043a\u0430 \u043c\u0430\u0440\u043a\u0430 \u0413\u043e\u0434\u0438\u043d\u0430 \u0438\u0437\u0434\u0430\u045a\u0430: 2025\" \/>\n<meta property=\"og:url\" content=\"https:\/\/efilatelija.posta.rs\/en\/product\/muzejski-eksponati-2025\/\" \/>\n<meta property=\"og:site_name\" content=\"\u0435\u0424\u0438\u043b\u0430\u0442\u0435\u043b\u0438\u0458\u0430\" \/>\n<meta property=\"article:modified_time\" content=\"2026-03-24T09:42:03+00:00\" \/>\n<meta property=\"og:image\" content=\"https:\/\/efilatelija.posta.rs\/wp-content\/uploads\/2025\/10\/863710.jpg\" \/>\n\t<meta property=\"og:image:width\" content=\"800\" \/>\n\t<meta property=\"og:image:height\" content=\"800\" \/>\n\t<meta property=\"og:image:type\" content=\"image\/jpeg\" \/>\n<meta name=\"twitter:card\" content=\"summary_large_image\" \/>\n<meta name=\"twitter:label1\" content=\"Estimated reading time\" \/>\n\t<meta name=\"twitter:data1\" content=\"5 minutes\" \/>\n<script type=\"application\/ld+json\" class=\"yoast-schema-graph\">{\"@context\":\"https:\/\/schema.org\",\"@graph\":[{\"@type\":\"WebPage\",\"@id\":\"https:\/\/efilatelija.posta.rs\/product\/muzejski-eksponati-2025\/\",\"url\":\"https:\/\/efilatelija.posta.rs\/product\/muzejski-eksponati-2025\/\",\"name\":\"\u041c\u0443\u0437\u0435\u0458\u0441\u043a\u0438 \u0435\u043a\u0441\u043f\u043e\u043d\u0430\u0442\u0438 2025 - \u0435\u0424\u0438\u043b\u0430\u0442\u0435\u043b\u0438\u0458\u0430\",\"isPartOf\":{\"@id\":\"https:\/\/efilatelija.posta.rs\/#website\"},\"primaryImageOfPage\":{\"@id\":\"https:\/\/efilatelija.posta.rs\/product\/muzejski-eksponati-2025\/#primaryimage\"},\"image\":{\"@id\":\"https:\/\/efilatelija.posta.rs\/product\/muzejski-eksponati-2025\/#primaryimage\"},\"thumbnailUrl\":\"https:\/\/efilatelija.posta.rs\/wp-content\/uploads\/2025\/10\/863710.jpg\",\"datePublished\":\"2025-10-15T08:06:41+00:00\",\"dateModified\":\"2026-03-24T09:42:03+00:00\",\"breadcrumb\":{\"@id\":\"https:\/\/efilatelija.posta.rs\/product\/muzejski-eksponati-2025\/#breadcrumb\"},\"inLanguage\":\"en-GB\",\"potentialAction\":[{\"@type\":\"ReadAction\",\"target\":[\"https:\/\/efilatelija.posta.rs\/product\/muzejski-eksponati-2025\/\"]}]},{\"@type\":\"ImageObject\",\"inLanguage\":\"en-GB\",\"@id\":\"https:\/\/efilatelija.posta.rs\/product\/muzejski-eksponati-2025\/#primaryimage\",\"url\":\"https:\/\/efilatelija.posta.rs\/wp-content\/uploads\/2025\/10\/863710.jpg\",\"contentUrl\":\"https:\/\/efilatelija.posta.rs\/wp-content\/uploads\/2025\/10\/863710.jpg\",\"width\":800,\"height\":800,\"caption\":\"2025 \u041c\u0443\u0437\u0435\u0458\u0441\u043a\u0438 \u0435\u043a\u0441\u043f\u043e\u043d\u0430\u0442\u0438 \u043f\u0440\u0438\u0433\u043e\u0434\u043d\u0430 \u043f\u043e\u0448\u0442\u0430\u043d\u0441\u043a\u0430 \u043c\u0430\u0440\u043a\u0430\"},{\"@type\":\"BreadcrumbList\",\"@id\":\"https:\/\/efilatelija.posta.rs\/product\/muzejski-eksponati-2025\/#breadcrumb\",\"itemListElement\":[{\"@type\":\"ListItem\",\"position\":1,\"name\":\"\u041f\u0440\u043e\u0434\u0430\u0432\u043d\u0438\u0446\u0430\",\"item\":\"https:\/\/efilatelija.posta.rs\/shop\/\"},{\"@type\":\"ListItem\",\"position\":2,\"name\":\"\u041c\u0443\u0437\u0435\u0458\u0441\u043a\u0438 \u0435\u043a\u0441\u043f\u043e\u043d\u0430\u0442\u0438 2025\"}]},{\"@type\":\"WebSite\",\"@id\":\"https:\/\/efilatelija.posta.rs\/#website\",\"url\":\"https:\/\/efilatelija.posta.rs\/\",\"name\":\"\u0435\u0424\u0438\u043b\u0430\u0442\u0435\u043b\u0438\u0458\u0430\",\"description\":\"\u041f\u043e\u0448\u0442\u0430 \u0421\u0440\u0431\u0438\u0458\u0435 \u0434.\u043e.\u043e.\",\"publisher\":{\"@id\":\"https:\/\/efilatelija.posta.rs\/#organization\"},\"potentialAction\":[{\"@type\":\"SearchAction\",\"target\":{\"@type\":\"EntryPoint\",\"urlTemplate\":\"https:\/\/efilatelija.posta.rs\/?s={search_term_string}\"},\"query-input\":{\"@type\":\"PropertyValueSpecification\",\"valueRequired\":true,\"valueName\":\"search_term_string\"}}],\"inLanguage\":\"en-GB\"},{\"@type\":\"Organization\",\"@id\":\"https:\/\/efilatelija.posta.rs\/#organization\",\"name\":\"\u0435\u0424\u0438\u043b\u0430\u0442\u0435\u043b\u0438\u0458\u0430 - \u0408\u041f \u041f\u043e\u0448\u0442\u0430 \u0421\u0440\u0431\u0438\u0458\u0435\",\"url\":\"https:\/\/efilatelija.posta.rs\/\",\"logo\":{\"@type\":\"ImageObject\",\"inLanguage\":\"en-GB\",\"@id\":\"https:\/\/efilatelija.posta.rs\/#\/schema\/logo\/image\/\",\"url\":\"https:\/\/efilatelija.posta.rs\/wp-content\/uploads\/2025\/01\/logo-posta-srbije-500x500-1.jpg\",\"contentUrl\":\"https:\/\/efilatelija.posta.rs\/wp-content\/uploads\/2025\/01\/logo-posta-srbije-500x500-1.jpg\",\"width\":500,\"height\":500,\"caption\":\"\u0435\u0424\u0438\u043b\u0430\u0442\u0435\u043b\u0438\u0458\u0430 - \u0408\u041f \u041f\u043e\u0448\u0442\u0430 \u0421\u0440\u0431\u0438\u0458\u0435\"},\"image\":{\"@id\":\"https:\/\/efilatelija.posta.rs\/#\/schema\/logo\/image\/\"}}]}<\/script>\n<!-- \/ Yoast SEO plugin. -->","yoast_head_json":{"title":"\u041c\u0443\u0437\u0435\u0458\u0441\u043a\u0438 \u0435\u043a\u0441\u043f\u043e\u043d\u0430\u0442\u0438 2025 - \u0435\u0424\u0438\u043b\u0430\u0442\u0435\u043b\u0438\u0458\u0430","robots":{"index":"index","follow":"follow","max-snippet":"max-snippet:-1","max-image-preview":"max-image-preview:large","max-video-preview":"max-video-preview:-1"},"canonical":"https:\/\/efilatelija.posta.rs\/en\/product\/muzejski-eksponati-2025\/","og_locale":"en_GB","og_type":"article","og_title":"\u041c\u0443\u0437\u0435\u0458\u0441\u043a\u0438 \u0435\u043a\u0441\u043f\u043e\u043d\u0430\u0442\u0438 2025 - \u0435\u0424\u0438\u043b\u0430\u0442\u0435\u043b\u0438\u0458\u0430","og_description":"\u041f\u0440\u0438\u0433\u043e\u0434\u043d\u0430 \u043f\u043e\u0448\u0442\u0430\u043d\u0441\u043a\u0430 \u043c\u0430\u0440\u043a\u0430 \u0413\u043e\u0434\u0438\u043d\u0430 \u0438\u0437\u0434\u0430\u045a\u0430: 2025","og_url":"https:\/\/efilatelija.posta.rs\/en\/product\/muzejski-eksponati-2025\/","og_site_name":"\u0435\u0424\u0438\u043b\u0430\u0442\u0435\u043b\u0438\u0458\u0430","article_modified_time":"2026-03-24T09:42:03+00:00","og_image":[{"width":800,"height":800,"url":"https:\/\/efilatelija.posta.rs\/wp-content\/uploads\/2025\/10\/863710.jpg","type":"image\/jpeg"}],"twitter_card":"summary_large_image","twitter_misc":{"Estimated reading time":"5 minutes"},"schema":{"@context":"https:\/\/schema.org","@graph":[{"@type":"WebPage","@id":"https:\/\/efilatelija.posta.rs\/product\/muzejski-eksponati-2025\/","url":"https:\/\/efilatelija.posta.rs\/product\/muzejski-eksponati-2025\/","name":"\u041c\u0443\u0437\u0435\u0458\u0441\u043a\u0438 \u0435\u043a\u0441\u043f\u043e\u043d\u0430\u0442\u0438 2025 - \u0435\u0424\u0438\u043b\u0430\u0442\u0435\u043b\u0438\u0458\u0430","isPartOf":{"@id":"https:\/\/efilatelija.posta.rs\/#website"},"primaryImageOfPage":{"@id":"https:\/\/efilatelija.posta.rs\/product\/muzejski-eksponati-2025\/#primaryimage"},"image":{"@id":"https:\/\/efilatelija.posta.rs\/product\/muzejski-eksponati-2025\/#primaryimage"},"thumbnailUrl":"https:\/\/efilatelija.posta.rs\/wp-content\/uploads\/2025\/10\/863710.jpg","datePublished":"2025-10-15T08:06:41+00:00","dateModified":"2026-03-24T09:42:03+00:00","breadcrumb":{"@id":"https:\/\/efilatelija.posta.rs\/product\/muzejski-eksponati-2025\/#breadcrumb"},"inLanguage":"en-GB","potentialAction":[{"@type":"ReadAction","target":["https:\/\/efilatelija.posta.rs\/product\/muzejski-eksponati-2025\/"]}]},{"@type":"ImageObject","inLanguage":"en-GB","@id":"https:\/\/efilatelija.posta.rs\/product\/muzejski-eksponati-2025\/#primaryimage","url":"https:\/\/efilatelija.posta.rs\/wp-content\/uploads\/2025\/10\/863710.jpg","contentUrl":"https:\/\/efilatelija.posta.rs\/wp-content\/uploads\/2025\/10\/863710.jpg","width":800,"height":800,"caption":"2025 \u041c\u0443\u0437\u0435\u0458\u0441\u043a\u0438 \u0435\u043a\u0441\u043f\u043e\u043d\u0430\u0442\u0438 \u043f\u0440\u0438\u0433\u043e\u0434\u043d\u0430 \u043f\u043e\u0448\u0442\u0430\u043d\u0441\u043a\u0430 \u043c\u0430\u0440\u043a\u0430"},{"@type":"BreadcrumbList","@id":"https:\/\/efilatelija.posta.rs\/product\/muzejski-eksponati-2025\/#breadcrumb","itemListElement":[{"@type":"ListItem","position":1,"name":"\u041f\u0440\u043e\u0434\u0430\u0432\u043d\u0438\u0446\u0430","item":"https:\/\/efilatelija.posta.rs\/shop\/"},{"@type":"ListItem","position":2,"name":"\u041c\u0443\u0437\u0435\u0458\u0441\u043a\u0438 \u0435\u043a\u0441\u043f\u043e\u043d\u0430\u0442\u0438 2025"}]},{"@type":"WebSite","@id":"https:\/\/efilatelija.posta.rs\/#website","url":"https:\/\/efilatelija.posta.rs\/","name":"ePhilately","description":"\u041f\u043e\u0448\u0442\u0430 \u0421\u0440\u0431\u0438\u0458\u0435 \u0434.\u043e.\u043e.","publisher":{"@id":"https:\/\/efilatelija.posta.rs\/#organization"},"potentialAction":[{"@type":"SearchAction","target":{"@type":"EntryPoint","urlTemplate":"https:\/\/efilatelija.posta.rs\/?s={search_term_string}"},"query-input":{"@type":"PropertyValueSpecification","valueRequired":true,"valueName":"search_term_string"}}],"inLanguage":"en-GB"},{"@type":"Organization","@id":"https:\/\/efilatelija.posta.rs\/#organization","name":"\u0435\u0424\u0438\u043b\u0430\u0442\u0435\u043b\u0438\u0458\u0430 - \u0408\u041f \u041f\u043e\u0448\u0442\u0430 \u0421\u0440\u0431\u0438\u0458\u0435","url":"https:\/\/efilatelija.posta.rs\/","logo":{"@type":"ImageObject","inLanguage":"en-GB","@id":"https:\/\/efilatelija.posta.rs\/#\/schema\/logo\/image\/","url":"https:\/\/efilatelija.posta.rs\/wp-content\/uploads\/2025\/01\/logo-posta-srbije-500x500-1.jpg","contentUrl":"https:\/\/efilatelija.posta.rs\/wp-content\/uploads\/2025\/01\/logo-posta-srbije-500x500-1.jpg","width":500,"height":500,"caption":"\u0435\u0424\u0438\u043b\u0430\u0442\u0435\u043b\u0438\u0458\u0430 - \u0408\u041f \u041f\u043e\u0448\u0442\u0430 \u0421\u0440\u0431\u0438\u0458\u0435"},"image":{"@id":"https:\/\/efilatelija.posta.rs\/#\/schema\/logo\/image\/"}}]}},"_links":{"self":[{"href":"https:\/\/efilatelija.posta.rs\/en\/wp-json\/wp\/v2\/product\/15950","targetHints":{"allow":["GET"]}}],"collection":[{"href":"https:\/\/efilatelija.posta.rs\/en\/wp-json\/wp\/v2\/product"}],"about":[{"href":"https:\/\/efilatelija.posta.rs\/en\/wp-json\/wp\/v2\/types\/product"}],"wp:featuredmedia":[{"embeddable":true,"href":"https:\/\/efilatelija.posta.rs\/en\/wp-json\/wp\/v2\/media\/15963"}],"wp:attachment":[{"href":"https:\/\/efilatelija.posta.rs\/en\/wp-json\/wp\/v2\/media?parent=15950"}],"wp:term":[{"taxonomy":"product_brand","embeddable":true,"href":"https:\/\/efilatelija.posta.rs\/en\/wp-json\/wp\/v2\/product_brand?post=15950"},{"taxonomy":"product_cat","embeddable":true,"href":"https:\/\/efilatelija.posta.rs\/en\/wp-json\/wp\/v2\/product_cat?post=15950"},{"taxonomy":"product_tag","embeddable":true,"href":"https:\/\/efilatelija.posta.rs\/en\/wp-json\/wp\/v2\/product_tag?post=15950"}],"curies":[{"name":"wp","href":"https:\/\/api.w.org\/{rel}","templated":true}]}}