{"id":15830,"date":"2025-09-23T13:49:49","date_gmt":"2025-09-23T12:49:49","guid":{"rendered":"https:\/\/efilatelija.posta.rs\/?post_type=product&#038;p=15830"},"modified":"2026-03-08T10:54:33","modified_gmt":"2026-03-08T09:54:33","slug":"znameniti-srbi-2025","status":"publish","type":"product","link":"https:\/\/efilatelija.posta.rs\/en\/product\/znameniti-srbi-2025\/","title":{"rendered":"Notable Serbs 2025"},"content":{"rendered":"<p><strong>200<sup>th<\/sup> anniversary of the birth of \u0110ura Dani\u010di\u0107<\/strong><\/p>\n<p>\u0110ura Dani\u010di\u0107 (April 6, 1825 \u2013 November 17, 1882), a Serbian philologist, member of the Society of Serbian Letters and the Serbian Learned Society, marked Serbian linguistics in the second half of the 19<sup>th<\/sup> century. An agile supporter of Vuk Karad\u017ei\u0107\u203as reform, with his commitment and work he made an immeasurable contribution to the constitution of the Serbian literary language, describing and prescribing its morphological, syntactic and accentual system. He published the Little Serbian Grammar and Forms of the Serbian Language. He collaborated with Vuk on the second edition of the Serbian Dictionary, in which, owing to him, the marking of the four-accentual system was consistently implemented, and he also wrote several studies on Serbian accents. In the work Serbian Syntax, Dani\u010di\u0107 thoroughly described the case system of the Serbian language. His translations, the most famous of which is the translation of the Old Testament, are also of great importance for the codification of the Vuk type of literary language.<\/p>\n<p>Dani\u010di\u0107 devoted himself to the study of Serbian linguistic and literary heritage and lexicographic work. The book History of Forms of the Serbian or Croatian Language until the End of the 17<sup>th<\/sup>Century is unsurpassed to this day. He compiled the Dictionary of Serbian Literary Antiquities, the first historical dictionary of the Serbian language. He was the initiator and first editor of the Dictionary of the Croatian or Serbian Language (YASA). He also published old Serbian manuscripts.<\/p>\n<p>A versatile and tireless researcher in the field of synchrony and diachrony of the Serbian language and the founder of several scientific disciplines in Serbian philology, Dani\u010di\u0107 left a permanent mark on the history of our science and culture with his work.<\/p>\n<p>Expert cooperation on the issue: Serbian Academy of Sciences and Arts, Department of Language and Literature.<\/p>\n<p>&nbsp;<\/p>\n<p>&nbsp;<\/p>\n<p><strong>150<sup>th<\/sup> anniversary of the birth of Mileva Mari\u0107 Einstein<\/strong><\/p>\n<p>Mileva Mari\u0107 Einstein (Titel 1875 \u2013 Zurich 1948), mathematician and physicist, scientific associate and wife of Nobel laureate Albert Einstein.<\/p>\n<p>After completing elementary school in Ruma, in order to obtain secondary (grammar school) education, which was difficult for girls at the time, Mileva continued her education in Novi Sad, Sremska Mitrovica, \u0160abac and Zagreb. As one of the few Serbian women who dared to pursue a university education, in 1896 she went to Zurich, where she enrolled in physics and mathematics studies at the State Polytechnic School. Here she met Albert Einstein, with whom she began a scientific collaboration and emotional relationship, which was formalized in 1903 by marriage. In the following years, she continued to provide wholehearted scientific support to her husband, whose career was rapidly advancing. Particularly notable was the year 1905 (\u201cThe Year of Miracles\u201d), when Albert published revolutionary works in the field of physics. Unfortunately, Mileva was not signed as a collaborator in these works, which places her among the female scientists who suffered great injustice by remaining anonymous and in the shadow of their partners. The Einstein couple separated in 1914, when Mileva began an independent life with her sons Hans Albert and Eduard. She was completely dedicated to raising, educating and caring for her children, continuing to struggle with social prejudices and numerous life challenges. When Albert Einstein received the Nobel Prize in 1921, he gave the entire amount of money to Mileva, as a kind of compensation for their joint scientific work, as well as for the needs of raising their children.<\/p>\n<p>Expert cooperation on the issue: Ivana Jovanovi\u0107 Guduri\u0107, Museum Advisor, City Museum of Novi Sad.<\/p>\n<p>&nbsp;<\/p>\n<p>&nbsp;<\/p>\n<p><strong>100<sup>th<\/sup> anniversary of the birth of Stojan \u0106eli\u0107<\/strong><\/p>\n<p>Academician Stojan \u0106eli\u0107 (1925 \u2013 1992) was one of the most significant representatives of Serbian contemporary art in the second half of the 20<sup>th<\/sup> century. As a painter, art theorist, essayist and professor, he left a deep and multifaceted mark on the cultural life of the country. His work developed from art informel to personal expression based on lyricism, structural balance and spiritual expression, thereby shaping an authentic visual language.<\/p>\n<p>He was a full member of the Serbian Academy of Sciences and Arts and a long-time professor at the Faculty of Fine Arts in Belgrade, where his pedagogical and intellectual work shaped entire generations of artists. \u0106eli\u0107 was also a thoughtful writer on art \u2013 his texts and essays represent a significant contribution to the theory and understanding of contemporary art in the Serbian and Yugoslav context.<\/p>\n<p>On the occasion of the centenary of his birth, the work and personality of Stojan \u0106eli\u0107 once again remind us of the enduring value of artistic authenticity, intellectual rigor, and an ethical approach to art. His oeuvre remains the foundation of contemporary Serbian visual culture.<\/p>\n<p>Expert cooperation on the issue: Academician Branislav Mitrovi\u0107.<\/p>\n<p>&nbsp;<\/p>\n<p>&nbsp;<\/p>\n<p><strong>100<sup>th<\/sup> anniversary of the birth of Mihailo \u0110uri\u0107<\/strong><\/p>\n<p>Mihailo \u0110uri\u0107 (\u0160abac, August 22, 1925 \u2013 Belgrade, November 25, 2011) was a philosopher, legal professional and sociologist, full professor at the Faculty of Law, University of Belgrade, scientific advisor at the Institute of Social Sciences and full member of the Serbian Academy of Sciences and Arts. He graduated from the Faculty of Law in Belgrade (1949), where he also received his doctorate with the thesis \u201cThe Idea of Natural Law in the Greek Sophists\u201d (1954). In the same year, he was elected assistant professor at the Faculty of Law in Belgrade, where he completed all university, i.e. academic titles (becoming full professor in 1969). He taught History of Political Theories, General Sociology and Methodology of Social Sciences.<\/p>\n<p>During a debate on constitutional amendments, he warned of the dangers to the future of Yugoslavia and the Serbian people (1971), for which he was expelled from the University and sentenced to nine months in prison (1973). After serving his sentence, he worked at the Institute of Social Sciences in Belgrade (1974\u20131989). He was a visiting professor at the universities of Vienna, West Berlin and Augsburg. He returned to the Faculty of Law in 1989. He was judicially rehabilitated in 2009. He was the president of the Scientific Council of the Institute of Philosophy of the Faculty of Philosophy in Belgrade (1986\u20131997). He was elected a corresponding member of the Serbian Academy of Sciences and Arts in 1994, and a full member in 2000.<\/p>\n<p>He published his collected works in 12 volumes (2009). His works dedicated to ancient philosophy (Humanism as a Political Ideal), sociology (Sociology of Max Weber, etc.), Nietzsche\u2019s philosophy (The Challenge of Nihilism, Nietzsche and Metaphysics, Paths to Nietzsche) and Serbian philosophy are especially well known.<\/p>\n<p>Expert cooperation on the issue: Serbian Academy of Sciences and Arts, Department of Social Sciences.<\/p>\n<p>Artistic realization of the issue: Miroslav Nikoli\u0107 and MA Nade\u017eda Sko\u010daji\u0107, Academic Graphic Artist.<\/p>","protected":false},"excerpt":{"rendered":"<h3>Commemorative postage stamps<\/h3>\n<p>Year of issue: <strong>2025<\/strong><\/p>","protected":false},"featured_media":15832,"template":"","meta":{"inline_featured_image":false,"pgc_sgb_lightbox_settings":""},"product_brand":[],"product_cat":[170,96,39,40],"product_tag":[],"class_list":{"0":"post-15830","1":"product","2":"type-product","3":"status-publish","4":"has-post-thumbnail","6":"product_cat-170","7":"product_cat-godina-izdanja","8":"product_cat-postanske-marke","9":"product_cat-prigodne-marke","10":"pa_godina-izdanja-171","11":"pa_tema-znamenite-licnosti","12":"pa_tema-istorija","13":"pa_tema-obrazovanje","15":"first","16":"instock","17":"shipping-taxable","18":"purchasable","19":"product-type-simple"},"yoast_head":"<!-- This site is optimized with the Yoast SEO plugin v26.8 - https:\/\/yoast.com\/product\/yoast-seo-wordpress\/ -->\n<title>\u0417\u043d\u0430\u043c\u0435\u043d\u0438\u0442\u0438 \u0421\u0440\u0431\u0438 2025 - \u0435\u0424\u0438\u043b\u0430\u0442\u0435\u043b\u0438\u0458\u0430<\/title>\n<meta name=\"robots\" content=\"index, follow, max-snippet:-1, max-image-preview:large, max-video-preview:-1\" \/>\n<link rel=\"canonical\" href=\"https:\/\/efilatelija.posta.rs\/en\/product\/znameniti-srbi-2025\/\" \/>\n<meta property=\"og:locale\" content=\"en_GB\" \/>\n<meta property=\"og:type\" content=\"article\" \/>\n<meta property=\"og:title\" content=\"\u0417\u043d\u0430\u043c\u0435\u043d\u0438\u0442\u0438 \u0421\u0440\u0431\u0438 2025 - \u0435\u0424\u0438\u043b\u0430\u0442\u0435\u043b\u0438\u0458\u0430\" \/>\n<meta property=\"og:description\" content=\"\u041f\u0440\u0438\u0433\u043e\u0434\u043d\u0430 \u043f\u043e\u0448\u0442\u0430\u043d\u0441\u043a\u0430 \u043c\u0430\u0440\u043a\u0430 \u0413\u043e\u0434\u0438\u043d\u0430 \u0438\u0437\u0434\u0430\u045a\u0430: 2025\" \/>\n<meta property=\"og:url\" content=\"https:\/\/efilatelija.posta.rs\/en\/product\/znameniti-srbi-2025\/\" \/>\n<meta property=\"og:site_name\" content=\"\u0435\u0424\u0438\u043b\u0430\u0442\u0435\u043b\u0438\u0458\u0430\" \/>\n<meta property=\"article:modified_time\" content=\"2026-03-08T09:54:33+00:00\" \/>\n<meta property=\"og:image\" content=\"https:\/\/efilatelija.posta.rs\/wp-content\/uploads\/2025\/09\/21_marke_Znameniti-Srbi.jpg\" \/>\n\t<meta property=\"og:image:width\" content=\"800\" \/>\n\t<meta property=\"og:image:height\" content=\"800\" \/>\n\t<meta property=\"og:image:type\" content=\"image\/jpeg\" \/>\n<meta name=\"twitter:card\" content=\"summary_large_image\" \/>\n<meta name=\"twitter:label1\" content=\"Estimated reading time\" \/>\n\t<meta name=\"twitter:data1\" content=\"5 minutes\" \/>\n<script type=\"application\/ld+json\" class=\"yoast-schema-graph\">{\"@context\":\"https:\/\/schema.org\",\"@graph\":[{\"@type\":\"WebPage\",\"@id\":\"https:\/\/efilatelija.posta.rs\/product\/znameniti-srbi-2025\/\",\"url\":\"https:\/\/efilatelija.posta.rs\/product\/znameniti-srbi-2025\/\",\"name\":\"\u0417\u043d\u0430\u043c\u0435\u043d\u0438\u0442\u0438 \u0421\u0440\u0431\u0438 2025 - \u0435\u0424\u0438\u043b\u0430\u0442\u0435\u043b\u0438\u0458\u0430\",\"isPartOf\":{\"@id\":\"https:\/\/efilatelija.posta.rs\/#website\"},\"primaryImageOfPage\":{\"@id\":\"https:\/\/efilatelija.posta.rs\/product\/znameniti-srbi-2025\/#primaryimage\"},\"image\":{\"@id\":\"https:\/\/efilatelija.posta.rs\/product\/znameniti-srbi-2025\/#primaryimage\"},\"thumbnailUrl\":\"https:\/\/efilatelija.posta.rs\/wp-content\/uploads\/2025\/09\/21_marke_Znameniti-Srbi.jpg\",\"datePublished\":\"2025-09-23T12:49:49+00:00\",\"dateModified\":\"2026-03-08T09:54:33+00:00\",\"breadcrumb\":{\"@id\":\"https:\/\/efilatelija.posta.rs\/product\/znameniti-srbi-2025\/#breadcrumb\"},\"inLanguage\":\"en-GB\",\"potentialAction\":[{\"@type\":\"ReadAction\",\"target\":[\"https:\/\/efilatelija.posta.rs\/product\/znameniti-srbi-2025\/\"]}]},{\"@type\":\"ImageObject\",\"inLanguage\":\"en-GB\",\"@id\":\"https:\/\/efilatelija.posta.rs\/product\/znameniti-srbi-2025\/#primaryimage\",\"url\":\"https:\/\/efilatelija.posta.rs\/wp-content\/uploads\/2025\/09\/21_marke_Znameniti-Srbi.jpg\",\"contentUrl\":\"https:\/\/efilatelija.posta.rs\/wp-content\/uploads\/2025\/09\/21_marke_Znameniti-Srbi.jpg\",\"width\":800,\"height\":800,\"caption\":\"\u0417\u043d\u0430\u043c\u0435\u043d\u0438\u0442\u0438 \u0421\u0440\u0431\u0438 2025 \u041f\u0440\u0438\u0433\u043e\u0434\u043d\u0435 \u043c\u0430\u0440\u043a\u0435\"},{\"@type\":\"BreadcrumbList\",\"@id\":\"https:\/\/efilatelija.posta.rs\/product\/znameniti-srbi-2025\/#breadcrumb\",\"itemListElement\":[{\"@type\":\"ListItem\",\"position\":1,\"name\":\"\u041f\u0440\u043e\u0434\u0430\u0432\u043d\u0438\u0446\u0430\",\"item\":\"https:\/\/efilatelija.posta.rs\/shop\/\"},{\"@type\":\"ListItem\",\"position\":2,\"name\":\"\u0417\u043d\u0430\u043c\u0435\u043d\u0438\u0442\u0438 \u0421\u0440\u0431\u0438 2025\"}]},{\"@type\":\"WebSite\",\"@id\":\"https:\/\/efilatelija.posta.rs\/#website\",\"url\":\"https:\/\/efilatelija.posta.rs\/\",\"name\":\"\u0435\u0424\u0438\u043b\u0430\u0442\u0435\u043b\u0438\u0458\u0430\",\"description\":\"\u041f\u043e\u0448\u0442\u0430 \u0421\u0440\u0431\u0438\u0458\u0435 \u0434.\u043e.\u043e.\",\"publisher\":{\"@id\":\"https:\/\/efilatelija.posta.rs\/#organization\"},\"potentialAction\":[{\"@type\":\"SearchAction\",\"target\":{\"@type\":\"EntryPoint\",\"urlTemplate\":\"https:\/\/efilatelija.posta.rs\/?s={search_term_string}\"},\"query-input\":{\"@type\":\"PropertyValueSpecification\",\"valueRequired\":true,\"valueName\":\"search_term_string\"}}],\"inLanguage\":\"en-GB\"},{\"@type\":\"Organization\",\"@id\":\"https:\/\/efilatelija.posta.rs\/#organization\",\"name\":\"\u0435\u0424\u0438\u043b\u0430\u0442\u0435\u043b\u0438\u0458\u0430 - \u0408\u041f \u041f\u043e\u0448\u0442\u0430 \u0421\u0440\u0431\u0438\u0458\u0435\",\"url\":\"https:\/\/efilatelija.posta.rs\/\",\"logo\":{\"@type\":\"ImageObject\",\"inLanguage\":\"en-GB\",\"@id\":\"https:\/\/efilatelija.posta.rs\/#\/schema\/logo\/image\/\",\"url\":\"https:\/\/efilatelija.posta.rs\/wp-content\/uploads\/2025\/01\/logo-posta-srbije-500x500-1.jpg\",\"contentUrl\":\"https:\/\/efilatelija.posta.rs\/wp-content\/uploads\/2025\/01\/logo-posta-srbije-500x500-1.jpg\",\"width\":500,\"height\":500,\"caption\":\"\u0435\u0424\u0438\u043b\u0430\u0442\u0435\u043b\u0438\u0458\u0430 - \u0408\u041f \u041f\u043e\u0448\u0442\u0430 \u0421\u0440\u0431\u0438\u0458\u0435\"},\"image\":{\"@id\":\"https:\/\/efilatelija.posta.rs\/#\/schema\/logo\/image\/\"}}]}<\/script>\n<!-- \/ Yoast SEO plugin. -->","yoast_head_json":{"title":"\u0417\u043d\u0430\u043c\u0435\u043d\u0438\u0442\u0438 \u0421\u0440\u0431\u0438 2025 - \u0435\u0424\u0438\u043b\u0430\u0442\u0435\u043b\u0438\u0458\u0430","robots":{"index":"index","follow":"follow","max-snippet":"max-snippet:-1","max-image-preview":"max-image-preview:large","max-video-preview":"max-video-preview:-1"},"canonical":"https:\/\/efilatelija.posta.rs\/en\/product\/znameniti-srbi-2025\/","og_locale":"en_GB","og_type":"article","og_title":"\u0417\u043d\u0430\u043c\u0435\u043d\u0438\u0442\u0438 \u0421\u0440\u0431\u0438 2025 - \u0435\u0424\u0438\u043b\u0430\u0442\u0435\u043b\u0438\u0458\u0430","og_description":"\u041f\u0440\u0438\u0433\u043e\u0434\u043d\u0430 \u043f\u043e\u0448\u0442\u0430\u043d\u0441\u043a\u0430 \u043c\u0430\u0440\u043a\u0430 \u0413\u043e\u0434\u0438\u043d\u0430 \u0438\u0437\u0434\u0430\u045a\u0430: 2025","og_url":"https:\/\/efilatelija.posta.rs\/en\/product\/znameniti-srbi-2025\/","og_site_name":"\u0435\u0424\u0438\u043b\u0430\u0442\u0435\u043b\u0438\u0458\u0430","article_modified_time":"2026-03-08T09:54:33+00:00","og_image":[{"width":800,"height":800,"url":"https:\/\/efilatelija.posta.rs\/wp-content\/uploads\/2025\/09\/21_marke_Znameniti-Srbi.jpg","type":"image\/jpeg"}],"twitter_card":"summary_large_image","twitter_misc":{"Estimated reading time":"5 minutes"},"schema":{"@context":"https:\/\/schema.org","@graph":[{"@type":"WebPage","@id":"https:\/\/efilatelija.posta.rs\/product\/znameniti-srbi-2025\/","url":"https:\/\/efilatelija.posta.rs\/product\/znameniti-srbi-2025\/","name":"\u0417\u043d\u0430\u043c\u0435\u043d\u0438\u0442\u0438 \u0421\u0440\u0431\u0438 2025 - \u0435\u0424\u0438\u043b\u0430\u0442\u0435\u043b\u0438\u0458\u0430","isPartOf":{"@id":"https:\/\/efilatelija.posta.rs\/#website"},"primaryImageOfPage":{"@id":"https:\/\/efilatelija.posta.rs\/product\/znameniti-srbi-2025\/#primaryimage"},"image":{"@id":"https:\/\/efilatelija.posta.rs\/product\/znameniti-srbi-2025\/#primaryimage"},"thumbnailUrl":"https:\/\/efilatelija.posta.rs\/wp-content\/uploads\/2025\/09\/21_marke_Znameniti-Srbi.jpg","datePublished":"2025-09-23T12:49:49+00:00","dateModified":"2026-03-08T09:54:33+00:00","breadcrumb":{"@id":"https:\/\/efilatelija.posta.rs\/product\/znameniti-srbi-2025\/#breadcrumb"},"inLanguage":"en-GB","potentialAction":[{"@type":"ReadAction","target":["https:\/\/efilatelija.posta.rs\/product\/znameniti-srbi-2025\/"]}]},{"@type":"ImageObject","inLanguage":"en-GB","@id":"https:\/\/efilatelija.posta.rs\/product\/znameniti-srbi-2025\/#primaryimage","url":"https:\/\/efilatelija.posta.rs\/wp-content\/uploads\/2025\/09\/21_marke_Znameniti-Srbi.jpg","contentUrl":"https:\/\/efilatelija.posta.rs\/wp-content\/uploads\/2025\/09\/21_marke_Znameniti-Srbi.jpg","width":800,"height":800,"caption":"\u0417\u043d\u0430\u043c\u0435\u043d\u0438\u0442\u0438 \u0421\u0440\u0431\u0438 2025 \u041f\u0440\u0438\u0433\u043e\u0434\u043d\u0435 \u043c\u0430\u0440\u043a\u0435"},{"@type":"BreadcrumbList","@id":"https:\/\/efilatelija.posta.rs\/product\/znameniti-srbi-2025\/#breadcrumb","itemListElement":[{"@type":"ListItem","position":1,"name":"\u041f\u0440\u043e\u0434\u0430\u0432\u043d\u0438\u0446\u0430","item":"https:\/\/efilatelija.posta.rs\/shop\/"},{"@type":"ListItem","position":2,"name":"\u0417\u043d\u0430\u043c\u0435\u043d\u0438\u0442\u0438 \u0421\u0440\u0431\u0438 2025"}]},{"@type":"WebSite","@id":"https:\/\/efilatelija.posta.rs\/#website","url":"https:\/\/efilatelija.posta.rs\/","name":"ePhilately","description":"\u041f\u043e\u0448\u0442\u0430 \u0421\u0440\u0431\u0438\u0458\u0435 \u0434.\u043e.\u043e.","publisher":{"@id":"https:\/\/efilatelija.posta.rs\/#organization"},"potentialAction":[{"@type":"SearchAction","target":{"@type":"EntryPoint","urlTemplate":"https:\/\/efilatelija.posta.rs\/?s={search_term_string}"},"query-input":{"@type":"PropertyValueSpecification","valueRequired":true,"valueName":"search_term_string"}}],"inLanguage":"en-GB"},{"@type":"Organization","@id":"https:\/\/efilatelija.posta.rs\/#organization","name":"\u0435\u0424\u0438\u043b\u0430\u0442\u0435\u043b\u0438\u0458\u0430 - \u0408\u041f \u041f\u043e\u0448\u0442\u0430 \u0421\u0440\u0431\u0438\u0458\u0435","url":"https:\/\/efilatelija.posta.rs\/","logo":{"@type":"ImageObject","inLanguage":"en-GB","@id":"https:\/\/efilatelija.posta.rs\/#\/schema\/logo\/image\/","url":"https:\/\/efilatelija.posta.rs\/wp-content\/uploads\/2025\/01\/logo-posta-srbije-500x500-1.jpg","contentUrl":"https:\/\/efilatelija.posta.rs\/wp-content\/uploads\/2025\/01\/logo-posta-srbije-500x500-1.jpg","width":500,"height":500,"caption":"\u0435\u0424\u0438\u043b\u0430\u0442\u0435\u043b\u0438\u0458\u0430 - \u0408\u041f \u041f\u043e\u0448\u0442\u0430 \u0421\u0440\u0431\u0438\u0458\u0435"},"image":{"@id":"https:\/\/efilatelija.posta.rs\/#\/schema\/logo\/image\/"}}]}},"_links":{"self":[{"href":"https:\/\/efilatelija.posta.rs\/en\/wp-json\/wp\/v2\/product\/15830","targetHints":{"allow":["GET"]}}],"collection":[{"href":"https:\/\/efilatelija.posta.rs\/en\/wp-json\/wp\/v2\/product"}],"about":[{"href":"https:\/\/efilatelija.posta.rs\/en\/wp-json\/wp\/v2\/types\/product"}],"wp:featuredmedia":[{"embeddable":true,"href":"https:\/\/efilatelija.posta.rs\/en\/wp-json\/wp\/v2\/media\/15832"}],"wp:attachment":[{"href":"https:\/\/efilatelija.posta.rs\/en\/wp-json\/wp\/v2\/media?parent=15830"}],"wp:term":[{"taxonomy":"product_brand","embeddable":true,"href":"https:\/\/efilatelija.posta.rs\/en\/wp-json\/wp\/v2\/product_brand?post=15830"},{"taxonomy":"product_cat","embeddable":true,"href":"https:\/\/efilatelija.posta.rs\/en\/wp-json\/wp\/v2\/product_cat?post=15830"},{"taxonomy":"product_tag","embeddable":true,"href":"https:\/\/efilatelija.posta.rs\/en\/wp-json\/wp\/v2\/product_tag?post=15830"}],"curies":[{"name":"wp","href":"https:\/\/api.w.org\/{rel}","templated":true}]}}