{"id":15751,"date":"2025-09-05T08:00:15","date_gmt":"2025-09-05T07:00:15","guid":{"rendered":"https:\/\/efilatelija.posta.rs\/?post_type=product&#038;p=15751"},"modified":"2026-02-16T17:21:38","modified_gmt":"2026-02-16T16:21:38","slug":"ekspo-2025-osaka-kansai","status":"publish","type":"product","link":"https:\/\/efilatelija.posta.rs\/en\/product\/ekspo-2025-osaka-kansai\/","title":{"rendered":"EXPO 2025 Osaka Kansai"},"content":{"rendered":"<p>The Pavilion of the Republic of Serbia at the World Exhibition Expo 2025 in Osaka is a symbol of sustainable architecture, imbued with cultural content that combines technological vision and emotional narrative. Inspired by Belgrade\u2019s Great War Island, which is a protected natural resource, the National Pavilion of Serbia is the only pavilion at the Osaka World Expo with a natural, green facade.<\/p>\n<p>During the design and construction, special attention has been paid to sustainability, therefore 95% of the materials from which the Pavilion has been built are recyclable, and 80% are reusable. The dynamic design of the Pavilion of the Republic of Serbia exhibition represents a distinctive bridge that connects the theme of the World Exhibition Expo 2025 Osaka \u2013 \u201cSociety 5.0\u201d with the theme of the Specialized World Exhibition Expo 2027 Belgrade \u2013 \u201cPlay for Humanity\u201d.<\/p>\n<p>The pavilion of the Republic of Serbia has been ranked among the most interesting ones by the most influential Japanese and world portals as it offers visitors the opportunity to discover the importance of play in all aspects of life through music, dance, sports, science and technology.<\/p>\n<p>Expert cooperation on the issue: Ministry of Domestic and Foreign Trade; Chamber of Commerce and Industry of Serbia; Photographer Dragan Kujund\u017ei\u0107; \u201cEXPO 2027 d.o.o.\u201d.<br \/>\nArtistic realization of the issue: MA Nade\u017eda Sko\u010daji\u0107, Academic Graphic Artist.<\/p>","protected":false},"excerpt":{"rendered":"<h3>Commemorative postage stamps<\/h3>\n<p>Year of issue: <strong>2025<\/strong><\/p>","protected":false},"featured_media":15752,"template":"","meta":{"inline_featured_image":false,"pgc_sgb_lightbox_settings":""},"product_brand":[],"product_cat":[170,96,39,40],"product_tag":[],"class_list":{"0":"post-15751","1":"product","2":"type-product","3":"status-publish","4":"has-post-thumbnail","6":"product_cat-170","7":"product_cat-godina-izdanja","8":"product_cat-postanske-marke","9":"product_cat-prigodne-marke","10":"pa_godina-izdanja-171","11":"pa_tema-svetske-teme","13":"first","14":"instock","15":"shipping-taxable","16":"purchasable","17":"product-type-simple"},"yoast_head":"<!-- This site is optimized with the Yoast SEO plugin v26.8 - https:\/\/yoast.com\/product\/yoast-seo-wordpress\/ -->\n<title>\u0415\u043a\u0441\u043f\u043e 2025 \u041e\u0441\u0430\u043a\u0430 \u041a\u0430\u043d\u0441\u0430\u0438 - \u0435\u0424\u0438\u043b\u0430\u0442\u0435\u043b\u0438\u0458\u0430<\/title>\n<meta name=\"robots\" content=\"index, follow, max-snippet:-1, max-image-preview:large, max-video-preview:-1\" \/>\n<link rel=\"canonical\" href=\"https:\/\/efilatelija.posta.rs\/en\/product\/ekspo-2025-osaka-kansai\/\" \/>\n<meta property=\"og:locale\" content=\"en_GB\" \/>\n<meta property=\"og:type\" content=\"article\" \/>\n<meta property=\"og:title\" content=\"\u0415\u043a\u0441\u043f\u043e 2025 \u041e\u0441\u0430\u043a\u0430 \u041a\u0430\u043d\u0441\u0430\u0438 - \u0435\u0424\u0438\u043b\u0430\u0442\u0435\u043b\u0438\u0458\u0430\" \/>\n<meta property=\"og:description\" content=\"\u041f\u0440\u0438\u0433\u043e\u0434\u043d\u0430 \u043f\u043e\u0448\u0442\u0430\u043d\u0441\u043a\u0430 \u043c\u0430\u0440\u043a\u0430 \u0413\u043e\u0434\u0438\u043d\u0430 \u0438\u0437\u0434\u0430\u045a\u0430: 2025\" \/>\n<meta property=\"og:url\" content=\"https:\/\/efilatelija.posta.rs\/en\/product\/ekspo-2025-osaka-kansai\/\" \/>\n<meta property=\"og:site_name\" content=\"\u0435\u0424\u0438\u043b\u0430\u0442\u0435\u043b\u0438\u0458\u0430\" \/>\n<meta property=\"article:modified_time\" content=\"2026-02-16T16:21:38+00:00\" \/>\n<meta property=\"og:image\" content=\"https:\/\/efilatelija.posta.rs\/wp-content\/uploads\/2025\/09\/801961.jpg\" \/>\n\t<meta property=\"og:image:width\" content=\"800\" \/>\n\t<meta property=\"og:image:height\" content=\"800\" \/>\n\t<meta property=\"og:image:type\" content=\"image\/jpeg\" \/>\n<meta name=\"twitter:card\" content=\"summary_large_image\" \/>\n<meta name=\"twitter:label1\" content=\"Estimated reading time\" \/>\n\t<meta name=\"twitter:data1\" content=\"2 minutes\" \/>\n<script type=\"application\/ld+json\" class=\"yoast-schema-graph\">{\"@context\":\"https:\/\/schema.org\",\"@graph\":[{\"@type\":\"WebPage\",\"@id\":\"https:\/\/efilatelija.posta.rs\/product\/ekspo-2025-osaka-kansai\/\",\"url\":\"https:\/\/efilatelija.posta.rs\/product\/ekspo-2025-osaka-kansai\/\",\"name\":\"\u0415\u043a\u0441\u043f\u043e 2025 \u041e\u0441\u0430\u043a\u0430 \u041a\u0430\u043d\u0441\u0430\u0438 - \u0435\u0424\u0438\u043b\u0430\u0442\u0435\u043b\u0438\u0458\u0430\",\"isPartOf\":{\"@id\":\"https:\/\/efilatelija.posta.rs\/#website\"},\"primaryImageOfPage\":{\"@id\":\"https:\/\/efilatelija.posta.rs\/product\/ekspo-2025-osaka-kansai\/#primaryimage\"},\"image\":{\"@id\":\"https:\/\/efilatelija.posta.rs\/product\/ekspo-2025-osaka-kansai\/#primaryimage\"},\"thumbnailUrl\":\"https:\/\/efilatelija.posta.rs\/wp-content\/uploads\/2025\/09\/801961.jpg\",\"datePublished\":\"2025-09-05T07:00:15+00:00\",\"dateModified\":\"2026-02-16T16:21:38+00:00\",\"breadcrumb\":{\"@id\":\"https:\/\/efilatelija.posta.rs\/product\/ekspo-2025-osaka-kansai\/#breadcrumb\"},\"inLanguage\":\"en-GB\",\"potentialAction\":[{\"@type\":\"ReadAction\",\"target\":[\"https:\/\/efilatelija.posta.rs\/product\/ekspo-2025-osaka-kansai\/\"]}]},{\"@type\":\"ImageObject\",\"inLanguage\":\"en-GB\",\"@id\":\"https:\/\/efilatelija.posta.rs\/product\/ekspo-2025-osaka-kansai\/#primaryimage\",\"url\":\"https:\/\/efilatelija.posta.rs\/wp-content\/uploads\/2025\/09\/801961.jpg\",\"contentUrl\":\"https:\/\/efilatelija.posta.rs\/wp-content\/uploads\/2025\/09\/801961.jpg\",\"width\":800,\"height\":800,\"caption\":\"2025 \u0415\u043a\u0441\u043f\u043e 2025 \u041e\u0441\u0430\u043a\u0430 \u041a\u0430\u043d\u0441\u0430\u0438 \u043f\u0440\u0438\u0433\u043e\u0434\u043d\u0430 \u043c\u0430\u0440\u043a\u0430\"},{\"@type\":\"BreadcrumbList\",\"@id\":\"https:\/\/efilatelija.posta.rs\/product\/ekspo-2025-osaka-kansai\/#breadcrumb\",\"itemListElement\":[{\"@type\":\"ListItem\",\"position\":1,\"name\":\"\u041f\u0440\u043e\u0434\u0430\u0432\u043d\u0438\u0446\u0430\",\"item\":\"https:\/\/efilatelija.posta.rs\/shop\/\"},{\"@type\":\"ListItem\",\"position\":2,\"name\":\"\u0415\u043a\u0441\u043f\u043e 2025 \u041e\u0441\u0430\u043a\u0430 \u041a\u0430\u043d\u0441\u0430\u0438\"}]},{\"@type\":\"WebSite\",\"@id\":\"https:\/\/efilatelija.posta.rs\/#website\",\"url\":\"https:\/\/efilatelija.posta.rs\/\",\"name\":\"\u0435\u0424\u0438\u043b\u0430\u0442\u0435\u043b\u0438\u0458\u0430\",\"description\":\"\u041f\u043e\u0448\u0442\u0430 \u0421\u0440\u0431\u0438\u0458\u0435 \u0434.\u043e.\u043e.\",\"publisher\":{\"@id\":\"https:\/\/efilatelija.posta.rs\/#organization\"},\"potentialAction\":[{\"@type\":\"SearchAction\",\"target\":{\"@type\":\"EntryPoint\",\"urlTemplate\":\"https:\/\/efilatelija.posta.rs\/?s={search_term_string}\"},\"query-input\":{\"@type\":\"PropertyValueSpecification\",\"valueRequired\":true,\"valueName\":\"search_term_string\"}}],\"inLanguage\":\"en-GB\"},{\"@type\":\"Organization\",\"@id\":\"https:\/\/efilatelija.posta.rs\/#organization\",\"name\":\"\u0435\u0424\u0438\u043b\u0430\u0442\u0435\u043b\u0438\u0458\u0430 - \u0408\u041f \u041f\u043e\u0448\u0442\u0430 \u0421\u0440\u0431\u0438\u0458\u0435\",\"url\":\"https:\/\/efilatelija.posta.rs\/\",\"logo\":{\"@type\":\"ImageObject\",\"inLanguage\":\"en-GB\",\"@id\":\"https:\/\/efilatelija.posta.rs\/#\/schema\/logo\/image\/\",\"url\":\"https:\/\/efilatelija.posta.rs\/wp-content\/uploads\/2025\/01\/logo-posta-srbije-500x500-1.jpg\",\"contentUrl\":\"https:\/\/efilatelija.posta.rs\/wp-content\/uploads\/2025\/01\/logo-posta-srbije-500x500-1.jpg\",\"width\":500,\"height\":500,\"caption\":\"\u0435\u0424\u0438\u043b\u0430\u0442\u0435\u043b\u0438\u0458\u0430 - \u0408\u041f \u041f\u043e\u0448\u0442\u0430 \u0421\u0440\u0431\u0438\u0458\u0435\"},\"image\":{\"@id\":\"https:\/\/efilatelija.posta.rs\/#\/schema\/logo\/image\/\"}}]}<\/script>\n<!-- \/ Yoast SEO plugin. -->","yoast_head_json":{"title":"\u0415\u043a\u0441\u043f\u043e 2025 \u041e\u0441\u0430\u043a\u0430 \u041a\u0430\u043d\u0441\u0430\u0438 - \u0435\u0424\u0438\u043b\u0430\u0442\u0435\u043b\u0438\u0458\u0430","robots":{"index":"index","follow":"follow","max-snippet":"max-snippet:-1","max-image-preview":"max-image-preview:large","max-video-preview":"max-video-preview:-1"},"canonical":"https:\/\/efilatelija.posta.rs\/en\/product\/ekspo-2025-osaka-kansai\/","og_locale":"en_GB","og_type":"article","og_title":"\u0415\u043a\u0441\u043f\u043e 2025 \u041e\u0441\u0430\u043a\u0430 \u041a\u0430\u043d\u0441\u0430\u0438 - \u0435\u0424\u0438\u043b\u0430\u0442\u0435\u043b\u0438\u0458\u0430","og_description":"\u041f\u0440\u0438\u0433\u043e\u0434\u043d\u0430 \u043f\u043e\u0448\u0442\u0430\u043d\u0441\u043a\u0430 \u043c\u0430\u0440\u043a\u0430 \u0413\u043e\u0434\u0438\u043d\u0430 \u0438\u0437\u0434\u0430\u045a\u0430: 2025","og_url":"https:\/\/efilatelija.posta.rs\/en\/product\/ekspo-2025-osaka-kansai\/","og_site_name":"\u0435\u0424\u0438\u043b\u0430\u0442\u0435\u043b\u0438\u0458\u0430","article_modified_time":"2026-02-16T16:21:38+00:00","og_image":[{"width":800,"height":800,"url":"https:\/\/efilatelija.posta.rs\/wp-content\/uploads\/2025\/09\/801961.jpg","type":"image\/jpeg"}],"twitter_card":"summary_large_image","twitter_misc":{"Estimated reading time":"2 minutes"},"schema":{"@context":"https:\/\/schema.org","@graph":[{"@type":"WebPage","@id":"https:\/\/efilatelija.posta.rs\/product\/ekspo-2025-osaka-kansai\/","url":"https:\/\/efilatelija.posta.rs\/product\/ekspo-2025-osaka-kansai\/","name":"\u0415\u043a\u0441\u043f\u043e 2025 \u041e\u0441\u0430\u043a\u0430 \u041a\u0430\u043d\u0441\u0430\u0438 - \u0435\u0424\u0438\u043b\u0430\u0442\u0435\u043b\u0438\u0458\u0430","isPartOf":{"@id":"https:\/\/efilatelija.posta.rs\/#website"},"primaryImageOfPage":{"@id":"https:\/\/efilatelija.posta.rs\/product\/ekspo-2025-osaka-kansai\/#primaryimage"},"image":{"@id":"https:\/\/efilatelija.posta.rs\/product\/ekspo-2025-osaka-kansai\/#primaryimage"},"thumbnailUrl":"https:\/\/efilatelija.posta.rs\/wp-content\/uploads\/2025\/09\/801961.jpg","datePublished":"2025-09-05T07:00:15+00:00","dateModified":"2026-02-16T16:21:38+00:00","breadcrumb":{"@id":"https:\/\/efilatelija.posta.rs\/product\/ekspo-2025-osaka-kansai\/#breadcrumb"},"inLanguage":"en-GB","potentialAction":[{"@type":"ReadAction","target":["https:\/\/efilatelija.posta.rs\/product\/ekspo-2025-osaka-kansai\/"]}]},{"@type":"ImageObject","inLanguage":"en-GB","@id":"https:\/\/efilatelija.posta.rs\/product\/ekspo-2025-osaka-kansai\/#primaryimage","url":"https:\/\/efilatelija.posta.rs\/wp-content\/uploads\/2025\/09\/801961.jpg","contentUrl":"https:\/\/efilatelija.posta.rs\/wp-content\/uploads\/2025\/09\/801961.jpg","width":800,"height":800,"caption":"2025 \u0415\u043a\u0441\u043f\u043e 2025 \u041e\u0441\u0430\u043a\u0430 \u041a\u0430\u043d\u0441\u0430\u0438 \u043f\u0440\u0438\u0433\u043e\u0434\u043d\u0430 \u043c\u0430\u0440\u043a\u0430"},{"@type":"BreadcrumbList","@id":"https:\/\/efilatelija.posta.rs\/product\/ekspo-2025-osaka-kansai\/#breadcrumb","itemListElement":[{"@type":"ListItem","position":1,"name":"\u041f\u0440\u043e\u0434\u0430\u0432\u043d\u0438\u0446\u0430","item":"https:\/\/efilatelija.posta.rs\/shop\/"},{"@type":"ListItem","position":2,"name":"\u0415\u043a\u0441\u043f\u043e 2025 \u041e\u0441\u0430\u043a\u0430 \u041a\u0430\u043d\u0441\u0430\u0438"}]},{"@type":"WebSite","@id":"https:\/\/efilatelija.posta.rs\/#website","url":"https:\/\/efilatelija.posta.rs\/","name":"ePhilately","description":"\u041f\u043e\u0448\u0442\u0430 \u0421\u0440\u0431\u0438\u0458\u0435 \u0434.\u043e.\u043e.","publisher":{"@id":"https:\/\/efilatelija.posta.rs\/#organization"},"potentialAction":[{"@type":"SearchAction","target":{"@type":"EntryPoint","urlTemplate":"https:\/\/efilatelija.posta.rs\/?s={search_term_string}"},"query-input":{"@type":"PropertyValueSpecification","valueRequired":true,"valueName":"search_term_string"}}],"inLanguage":"en-GB"},{"@type":"Organization","@id":"https:\/\/efilatelija.posta.rs\/#organization","name":"\u0435\u0424\u0438\u043b\u0430\u0442\u0435\u043b\u0438\u0458\u0430 - \u0408\u041f \u041f\u043e\u0448\u0442\u0430 \u0421\u0440\u0431\u0438\u0458\u0435","url":"https:\/\/efilatelija.posta.rs\/","logo":{"@type":"ImageObject","inLanguage":"en-GB","@id":"https:\/\/efilatelija.posta.rs\/#\/schema\/logo\/image\/","url":"https:\/\/efilatelija.posta.rs\/wp-content\/uploads\/2025\/01\/logo-posta-srbije-500x500-1.jpg","contentUrl":"https:\/\/efilatelija.posta.rs\/wp-content\/uploads\/2025\/01\/logo-posta-srbije-500x500-1.jpg","width":500,"height":500,"caption":"\u0435\u0424\u0438\u043b\u0430\u0442\u0435\u043b\u0438\u0458\u0430 - \u0408\u041f \u041f\u043e\u0448\u0442\u0430 \u0421\u0440\u0431\u0438\u0458\u0435"},"image":{"@id":"https:\/\/efilatelija.posta.rs\/#\/schema\/logo\/image\/"}}]}},"_links":{"self":[{"href":"https:\/\/efilatelija.posta.rs\/en\/wp-json\/wp\/v2\/product\/15751","targetHints":{"allow":["GET"]}}],"collection":[{"href":"https:\/\/efilatelija.posta.rs\/en\/wp-json\/wp\/v2\/product"}],"about":[{"href":"https:\/\/efilatelija.posta.rs\/en\/wp-json\/wp\/v2\/types\/product"}],"wp:featuredmedia":[{"embeddable":true,"href":"https:\/\/efilatelija.posta.rs\/en\/wp-json\/wp\/v2\/media\/15752"}],"wp:attachment":[{"href":"https:\/\/efilatelija.posta.rs\/en\/wp-json\/wp\/v2\/media?parent=15751"}],"wp:term":[{"taxonomy":"product_brand","embeddable":true,"href":"https:\/\/efilatelija.posta.rs\/en\/wp-json\/wp\/v2\/product_brand?post=15751"},{"taxonomy":"product_cat","embeddable":true,"href":"https:\/\/efilatelija.posta.rs\/en\/wp-json\/wp\/v2\/product_cat?post=15751"},{"taxonomy":"product_tag","embeddable":true,"href":"https:\/\/efilatelija.posta.rs\/en\/wp-json\/wp\/v2\/product_tag?post=15751"}],"curies":[{"name":"wp","href":"https:\/\/api.w.org\/{rel}","templated":true}]}}