{"id":15302,"date":"2025-06-10T10:04:42","date_gmt":"2025-06-10T09:04:42","guid":{"rendered":"https:\/\/efilatelija.posta.rs\/?post_type=product&#038;p=15302"},"modified":"2026-03-30T20:37:10","modified_gmt":"2026-03-30T19:37:10","slug":"125-godina-ucesca-srbije-na-svetskoj-izlozbi","status":"publish","type":"product","link":"https:\/\/efilatelija.posta.rs\/en\/product\/125-godina-ucesca-srbije-na-svetskoj-izlozbi\/","title":{"rendered":"125 years since Serbia\u2019s participation in the World Expo"},"content":{"rendered":"<p>One of the most important World Expos at the turn of the century was held in Paris in 1900, under the name\u00a0<em><i>Exposition Universelle 1900<\/i><\/em>. It lasted from April to November and had over 50 million visitors. The exhibition presented numerous scientific and technological achievements of the time. The first modern Olympic Games outside of Greece were also held as part of the <i>Exposition Universelle 1900<\/i>.<\/p>\n<p>The pavilion of the Kingdom of Serbia, resembling Serbian monasteries in the Serbian-Byzantine style, covering an area of 550m<sup>2<\/sup>, was erected on the banks of the Seine. It was designed by the professor of the Great School Milan Kapetanovi\u0107 and the architect Milorad Ruvidi\u0107. In it, Serbia exhibited folk handicrafts, agricultural products, mineral waters, brandies and wines, ores and minerals, as well as furniture, carpets and products of the Kragujevac <i>Topolivnica<\/i> (Cannon Foundry), which presented the trade, production and industrial potential of Serbia.<\/p>\n<p>The works of art exhibited in our pavilion, which depict themes from national history and folk life, were created by the most famous Serbian artists of the time, including Paja Jovanovi\u0107, \u0110or\u0111e Krsti\u0107, Marko Murat, Rista and Beta Vukanovi\u0107, Petar Ubavki\u0107, Leon Koen and Simeon Roksandi\u0107.<\/p>\n<p>Serbia\u2019s notable and thoroughly prepared performance was crowned with numerous awards \u2013 Grand Prix awards and gold, silver and bronze medals. One of them went to mathematician, professor of the Great School and academician Mihailo Petrovi\u0107 Alas, for an analogue computer for solving differential equations. Paja Jovanovi\u0107\u2019s monumental artistic composition\u00a0<em><i>Coronation of Emperor Du\u0161an<\/i>,<\/em>\u00a0painted by order of the Government of the Kingdom of Serbia, and \u0110or\u0111e Jovanovi\u0107\u2019s sculpture\u00a0<em><i>Kosovo Monument<\/i><\/em>\u00a0were awarded gold medals.<\/p>\n<p>Stamp motifs: Pavle Paja Jovanovi\u0107,\u00a0<em><i>Coronation of Emperor Du\u0161an<\/i><\/em>\u00a0(1900), oil on canvas; Tony Szirmai,\u00a0<em><i>Plaque of the Kingdom of Serbia<\/i><\/em>, Exposition Universelle 1900, Paris, silver-plated bronze. Works from the collection of the National Museum of Serbia in Belgrade.<\/p>\n<p>Professional cooperation: National Museum of Serbia, Belgrade<br \/>\nArtistic realization of the issue: MA Jak\u0161a Vlahovi\u0107, academic graphic artist<\/p>","protected":false},"excerpt":{"rendered":"<h3>Commemorative postage stamps<\/h3>\n<p>Year of issue: <strong>2025<\/strong><\/p>","protected":false},"featured_media":15303,"template":"","meta":{"inline_featured_image":false,"pgc_sgb_lightbox_settings":""},"product_brand":[],"product_cat":[170,96,39,40],"product_tag":[],"class_list":{"0":"post-15302","1":"product","2":"type-product","3":"status-publish","4":"has-post-thumbnail","6":"product_cat-170","7":"product_cat-godina-izdanja","8":"product_cat-postanske-marke","9":"product_cat-prigodne-marke","10":"pa_godina-izdanja-171","11":"pa_tema-svetske-teme","12":"pa_tema-umetnost","14":"first","15":"instock","16":"shipping-taxable","17":"purchasable","18":"product-type-simple"},"yoast_head":"<!-- This site is optimized with the Yoast SEO plugin v26.8 - https:\/\/yoast.com\/product\/yoast-seo-wordpress\/ -->\n<title>125 \u0433\u043e\u0434\u0438\u043d\u0430 \u0443\u0447\u0435\u0448\u045b\u0430 \u0421\u0440\u0431\u0438\u0458\u0435 \u043d\u0430 \u0421\u0432\u0435\u0442\u0441\u043a\u043e\u0458 \u0438\u0437\u043b\u043e\u0436\u0431\u0438 - \u0435\u0424\u0438\u043b\u0430\u0442\u0435\u043b\u0438\u0458\u0430<\/title>\n<meta name=\"robots\" content=\"index, follow, max-snippet:-1, max-image-preview:large, max-video-preview:-1\" \/>\n<link rel=\"canonical\" href=\"https:\/\/efilatelija.posta.rs\/en\/product\/125-godina-ucesca-srbije-na-svetskoj-izlozbi\/\" \/>\n<meta property=\"og:locale\" content=\"en_GB\" \/>\n<meta property=\"og:type\" content=\"article\" \/>\n<meta property=\"og:title\" content=\"125 \u0433\u043e\u0434\u0438\u043d\u0430 \u0443\u0447\u0435\u0448\u045b\u0430 \u0421\u0440\u0431\u0438\u0458\u0435 \u043d\u0430 \u0421\u0432\u0435\u0442\u0441\u043a\u043e\u0458 \u0438\u0437\u043b\u043e\u0436\u0431\u0438 - \u0435\u0424\u0438\u043b\u0430\u0442\u0435\u043b\u0438\u0458\u0430\" \/>\n<meta property=\"og:description\" content=\"\u041f\u0440\u0438\u0433\u043e\u0434\u043d\u0430 \u043f\u043e\u0448\u0442\u0430\u043d\u0441\u043a\u0430 \u043c\u0430\u0440\u043a\u0430 \u0413\u043e\u0434\u0438\u043d\u0430 \u0438\u0437\u0434\u0430\u045a\u0430: 2025\" \/>\n<meta property=\"og:url\" content=\"https:\/\/efilatelija.posta.rs\/en\/product\/125-godina-ucesca-srbije-na-svetskoj-izlozbi\/\" \/>\n<meta property=\"og:site_name\" content=\"\u0435\u0424\u0438\u043b\u0430\u0442\u0435\u043b\u0438\u0458\u0430\" \/>\n<meta property=\"article:modified_time\" content=\"2026-03-30T19:37:10+00:00\" \/>\n<meta property=\"og:image\" content=\"https:\/\/efilatelija.posta.rs\/wp-content\/uploads\/2025\/06\/863660.jpg\" \/>\n\t<meta property=\"og:image:width\" content=\"800\" \/>\n\t<meta property=\"og:image:height\" content=\"800\" \/>\n\t<meta property=\"og:image:type\" content=\"image\/jpeg\" \/>\n<meta name=\"twitter:card\" content=\"summary_large_image\" \/>\n<meta name=\"twitter:label1\" content=\"Estimated reading time\" \/>\n\t<meta name=\"twitter:data1\" content=\"2 minutes\" \/>\n<script type=\"application\/ld+json\" class=\"yoast-schema-graph\">{\"@context\":\"https:\/\/schema.org\",\"@graph\":[{\"@type\":\"WebPage\",\"@id\":\"https:\/\/efilatelija.posta.rs\/product\/125-godina-ucesca-srbije-na-svetskoj-izlozbi\/\",\"url\":\"https:\/\/efilatelija.posta.rs\/product\/125-godina-ucesca-srbije-na-svetskoj-izlozbi\/\",\"name\":\"125 \u0433\u043e\u0434\u0438\u043d\u0430 \u0443\u0447\u0435\u0448\u045b\u0430 \u0421\u0440\u0431\u0438\u0458\u0435 \u043d\u0430 \u0421\u0432\u0435\u0442\u0441\u043a\u043e\u0458 \u0438\u0437\u043b\u043e\u0436\u0431\u0438 - \u0435\u0424\u0438\u043b\u0430\u0442\u0435\u043b\u0438\u0458\u0430\",\"isPartOf\":{\"@id\":\"https:\/\/efilatelija.posta.rs\/#website\"},\"primaryImageOfPage\":{\"@id\":\"https:\/\/efilatelija.posta.rs\/product\/125-godina-ucesca-srbije-na-svetskoj-izlozbi\/#primaryimage\"},\"image\":{\"@id\":\"https:\/\/efilatelija.posta.rs\/product\/125-godina-ucesca-srbije-na-svetskoj-izlozbi\/#primaryimage\"},\"thumbnailUrl\":\"https:\/\/efilatelija.posta.rs\/wp-content\/uploads\/2025\/06\/863660.jpg\",\"datePublished\":\"2025-06-10T09:04:42+00:00\",\"dateModified\":\"2026-03-30T19:37:10+00:00\",\"breadcrumb\":{\"@id\":\"https:\/\/efilatelija.posta.rs\/product\/125-godina-ucesca-srbije-na-svetskoj-izlozbi\/#breadcrumb\"},\"inLanguage\":\"en-GB\",\"potentialAction\":[{\"@type\":\"ReadAction\",\"target\":[\"https:\/\/efilatelija.posta.rs\/product\/125-godina-ucesca-srbije-na-svetskoj-izlozbi\/\"]}]},{\"@type\":\"ImageObject\",\"inLanguage\":\"en-GB\",\"@id\":\"https:\/\/efilatelija.posta.rs\/product\/125-godina-ucesca-srbije-na-svetskoj-izlozbi\/#primaryimage\",\"url\":\"https:\/\/efilatelija.posta.rs\/wp-content\/uploads\/2025\/06\/863660.jpg\",\"contentUrl\":\"https:\/\/efilatelija.posta.rs\/wp-content\/uploads\/2025\/06\/863660.jpg\",\"width\":800,\"height\":800,\"caption\":\"2025 125 \u0433\u043e\u0434\u0438\u043d\u0430 \u0443\u0447\u0435\u0448\u045b\u0430 \u0421\u0440\u0431\u0438\u0458\u0435 \u043d\u0430 \u0421\u0432\u0435\u0442\u0441\u043a\u043e\u0458 \u0438\u0437\u043b\u043e\u0436\u0431\u0438 \u043f\u0440\u0438\u0433\u043e\u0434\u043d\u0430 \u043f\u043e\u0448\u0442\u0430\u043d\u0441\u043a\u0430 \u043c\u0430\u0440\u043a\u0430\"},{\"@type\":\"BreadcrumbList\",\"@id\":\"https:\/\/efilatelija.posta.rs\/product\/125-godina-ucesca-srbije-na-svetskoj-izlozbi\/#breadcrumb\",\"itemListElement\":[{\"@type\":\"ListItem\",\"position\":1,\"name\":\"\u041f\u0440\u043e\u0434\u0430\u0432\u043d\u0438\u0446\u0430\",\"item\":\"https:\/\/efilatelija.posta.rs\/shop\/\"},{\"@type\":\"ListItem\",\"position\":2,\"name\":\"125 \u0433\u043e\u0434\u0438\u043d\u0430 \u0443\u0447\u0435\u0448\u045b\u0430 \u0421\u0440\u0431\u0438\u0458\u0435 \u043d\u0430 \u0421\u0432\u0435\u0442\u0441\u043a\u043e\u0458 \u0438\u0437\u043b\u043e\u0436\u0431\u0438\"}]},{\"@type\":\"WebSite\",\"@id\":\"https:\/\/efilatelija.posta.rs\/#website\",\"url\":\"https:\/\/efilatelija.posta.rs\/\",\"name\":\"\u0435\u0424\u0438\u043b\u0430\u0442\u0435\u043b\u0438\u0458\u0430\",\"description\":\"\u041f\u043e\u0448\u0442\u0430 \u0421\u0440\u0431\u0438\u0458\u0435 \u0434.\u043e.\u043e.\",\"publisher\":{\"@id\":\"https:\/\/efilatelija.posta.rs\/#organization\"},\"potentialAction\":[{\"@type\":\"SearchAction\",\"target\":{\"@type\":\"EntryPoint\",\"urlTemplate\":\"https:\/\/efilatelija.posta.rs\/?s={search_term_string}\"},\"query-input\":{\"@type\":\"PropertyValueSpecification\",\"valueRequired\":true,\"valueName\":\"search_term_string\"}}],\"inLanguage\":\"en-GB\"},{\"@type\":\"Organization\",\"@id\":\"https:\/\/efilatelija.posta.rs\/#organization\",\"name\":\"\u0435\u0424\u0438\u043b\u0430\u0442\u0435\u043b\u0438\u0458\u0430 - \u0408\u041f \u041f\u043e\u0448\u0442\u0430 \u0421\u0440\u0431\u0438\u0458\u0435\",\"url\":\"https:\/\/efilatelija.posta.rs\/\",\"logo\":{\"@type\":\"ImageObject\",\"inLanguage\":\"en-GB\",\"@id\":\"https:\/\/efilatelija.posta.rs\/#\/schema\/logo\/image\/\",\"url\":\"https:\/\/efilatelija.posta.rs\/wp-content\/uploads\/2025\/01\/logo-posta-srbije-500x500-1.jpg\",\"contentUrl\":\"https:\/\/efilatelija.posta.rs\/wp-content\/uploads\/2025\/01\/logo-posta-srbije-500x500-1.jpg\",\"width\":500,\"height\":500,\"caption\":\"\u0435\u0424\u0438\u043b\u0430\u0442\u0435\u043b\u0438\u0458\u0430 - \u0408\u041f \u041f\u043e\u0448\u0442\u0430 \u0421\u0440\u0431\u0438\u0458\u0435\"},\"image\":{\"@id\":\"https:\/\/efilatelija.posta.rs\/#\/schema\/logo\/image\/\"}}]}<\/script>\n<!-- \/ Yoast SEO plugin. -->","yoast_head_json":{"title":"125 \u0433\u043e\u0434\u0438\u043d\u0430 \u0443\u0447\u0435\u0448\u045b\u0430 \u0421\u0440\u0431\u0438\u0458\u0435 \u043d\u0430 \u0421\u0432\u0435\u0442\u0441\u043a\u043e\u0458 \u0438\u0437\u043b\u043e\u0436\u0431\u0438 - \u0435\u0424\u0438\u043b\u0430\u0442\u0435\u043b\u0438\u0458\u0430","robots":{"index":"index","follow":"follow","max-snippet":"max-snippet:-1","max-image-preview":"max-image-preview:large","max-video-preview":"max-video-preview:-1"},"canonical":"https:\/\/efilatelija.posta.rs\/en\/product\/125-godina-ucesca-srbije-na-svetskoj-izlozbi\/","og_locale":"en_GB","og_type":"article","og_title":"125 \u0433\u043e\u0434\u0438\u043d\u0430 \u0443\u0447\u0435\u0448\u045b\u0430 \u0421\u0440\u0431\u0438\u0458\u0435 \u043d\u0430 \u0421\u0432\u0435\u0442\u0441\u043a\u043e\u0458 \u0438\u0437\u043b\u043e\u0436\u0431\u0438 - \u0435\u0424\u0438\u043b\u0430\u0442\u0435\u043b\u0438\u0458\u0430","og_description":"\u041f\u0440\u0438\u0433\u043e\u0434\u043d\u0430 \u043f\u043e\u0448\u0442\u0430\u043d\u0441\u043a\u0430 \u043c\u0430\u0440\u043a\u0430 \u0413\u043e\u0434\u0438\u043d\u0430 \u0438\u0437\u0434\u0430\u045a\u0430: 2025","og_url":"https:\/\/efilatelija.posta.rs\/en\/product\/125-godina-ucesca-srbije-na-svetskoj-izlozbi\/","og_site_name":"\u0435\u0424\u0438\u043b\u0430\u0442\u0435\u043b\u0438\u0458\u0430","article_modified_time":"2026-03-30T19:37:10+00:00","og_image":[{"width":800,"height":800,"url":"https:\/\/efilatelija.posta.rs\/wp-content\/uploads\/2025\/06\/863660.jpg","type":"image\/jpeg"}],"twitter_card":"summary_large_image","twitter_misc":{"Estimated reading time":"2 minutes"},"schema":{"@context":"https:\/\/schema.org","@graph":[{"@type":"WebPage","@id":"https:\/\/efilatelija.posta.rs\/product\/125-godina-ucesca-srbije-na-svetskoj-izlozbi\/","url":"https:\/\/efilatelija.posta.rs\/product\/125-godina-ucesca-srbije-na-svetskoj-izlozbi\/","name":"125 \u0433\u043e\u0434\u0438\u043d\u0430 \u0443\u0447\u0435\u0448\u045b\u0430 \u0421\u0440\u0431\u0438\u0458\u0435 \u043d\u0430 \u0421\u0432\u0435\u0442\u0441\u043a\u043e\u0458 \u0438\u0437\u043b\u043e\u0436\u0431\u0438 - \u0435\u0424\u0438\u043b\u0430\u0442\u0435\u043b\u0438\u0458\u0430","isPartOf":{"@id":"https:\/\/efilatelija.posta.rs\/#website"},"primaryImageOfPage":{"@id":"https:\/\/efilatelija.posta.rs\/product\/125-godina-ucesca-srbije-na-svetskoj-izlozbi\/#primaryimage"},"image":{"@id":"https:\/\/efilatelija.posta.rs\/product\/125-godina-ucesca-srbije-na-svetskoj-izlozbi\/#primaryimage"},"thumbnailUrl":"https:\/\/efilatelija.posta.rs\/wp-content\/uploads\/2025\/06\/863660.jpg","datePublished":"2025-06-10T09:04:42+00:00","dateModified":"2026-03-30T19:37:10+00:00","breadcrumb":{"@id":"https:\/\/efilatelija.posta.rs\/product\/125-godina-ucesca-srbije-na-svetskoj-izlozbi\/#breadcrumb"},"inLanguage":"en-GB","potentialAction":[{"@type":"ReadAction","target":["https:\/\/efilatelija.posta.rs\/product\/125-godina-ucesca-srbije-na-svetskoj-izlozbi\/"]}]},{"@type":"ImageObject","inLanguage":"en-GB","@id":"https:\/\/efilatelija.posta.rs\/product\/125-godina-ucesca-srbije-na-svetskoj-izlozbi\/#primaryimage","url":"https:\/\/efilatelija.posta.rs\/wp-content\/uploads\/2025\/06\/863660.jpg","contentUrl":"https:\/\/efilatelija.posta.rs\/wp-content\/uploads\/2025\/06\/863660.jpg","width":800,"height":800,"caption":"2025 125 \u0433\u043e\u0434\u0438\u043d\u0430 \u0443\u0447\u0435\u0448\u045b\u0430 \u0421\u0440\u0431\u0438\u0458\u0435 \u043d\u0430 \u0421\u0432\u0435\u0442\u0441\u043a\u043e\u0458 \u0438\u0437\u043b\u043e\u0436\u0431\u0438 \u043f\u0440\u0438\u0433\u043e\u0434\u043d\u0430 \u043f\u043e\u0448\u0442\u0430\u043d\u0441\u043a\u0430 \u043c\u0430\u0440\u043a\u0430"},{"@type":"BreadcrumbList","@id":"https:\/\/efilatelija.posta.rs\/product\/125-godina-ucesca-srbije-na-svetskoj-izlozbi\/#breadcrumb","itemListElement":[{"@type":"ListItem","position":1,"name":"\u041f\u0440\u043e\u0434\u0430\u0432\u043d\u0438\u0446\u0430","item":"https:\/\/efilatelija.posta.rs\/shop\/"},{"@type":"ListItem","position":2,"name":"125 \u0433\u043e\u0434\u0438\u043d\u0430 \u0443\u0447\u0435\u0448\u045b\u0430 \u0421\u0440\u0431\u0438\u0458\u0435 \u043d\u0430 \u0421\u0432\u0435\u0442\u0441\u043a\u043e\u0458 \u0438\u0437\u043b\u043e\u0436\u0431\u0438"}]},{"@type":"WebSite","@id":"https:\/\/efilatelija.posta.rs\/#website","url":"https:\/\/efilatelija.posta.rs\/","name":"ePhilately","description":"\u041f\u043e\u0448\u0442\u0430 \u0421\u0440\u0431\u0438\u0458\u0435 \u0434.\u043e.\u043e.","publisher":{"@id":"https:\/\/efilatelija.posta.rs\/#organization"},"potentialAction":[{"@type":"SearchAction","target":{"@type":"EntryPoint","urlTemplate":"https:\/\/efilatelija.posta.rs\/?s={search_term_string}"},"query-input":{"@type":"PropertyValueSpecification","valueRequired":true,"valueName":"search_term_string"}}],"inLanguage":"en-GB"},{"@type":"Organization","@id":"https:\/\/efilatelija.posta.rs\/#organization","name":"\u0435\u0424\u0438\u043b\u0430\u0442\u0435\u043b\u0438\u0458\u0430 - \u0408\u041f \u041f\u043e\u0448\u0442\u0430 \u0421\u0440\u0431\u0438\u0458\u0435","url":"https:\/\/efilatelija.posta.rs\/","logo":{"@type":"ImageObject","inLanguage":"en-GB","@id":"https:\/\/efilatelija.posta.rs\/#\/schema\/logo\/image\/","url":"https:\/\/efilatelija.posta.rs\/wp-content\/uploads\/2025\/01\/logo-posta-srbije-500x500-1.jpg","contentUrl":"https:\/\/efilatelija.posta.rs\/wp-content\/uploads\/2025\/01\/logo-posta-srbije-500x500-1.jpg","width":500,"height":500,"caption":"\u0435\u0424\u0438\u043b\u0430\u0442\u0435\u043b\u0438\u0458\u0430 - \u0408\u041f \u041f\u043e\u0448\u0442\u0430 \u0421\u0440\u0431\u0438\u0458\u0435"},"image":{"@id":"https:\/\/efilatelija.posta.rs\/#\/schema\/logo\/image\/"}}]}},"_links":{"self":[{"href":"https:\/\/efilatelija.posta.rs\/en\/wp-json\/wp\/v2\/product\/15302","targetHints":{"allow":["GET"]}}],"collection":[{"href":"https:\/\/efilatelija.posta.rs\/en\/wp-json\/wp\/v2\/product"}],"about":[{"href":"https:\/\/efilatelija.posta.rs\/en\/wp-json\/wp\/v2\/types\/product"}],"wp:featuredmedia":[{"embeddable":true,"href":"https:\/\/efilatelija.posta.rs\/en\/wp-json\/wp\/v2\/media\/15303"}],"wp:attachment":[{"href":"https:\/\/efilatelija.posta.rs\/en\/wp-json\/wp\/v2\/media?parent=15302"}],"wp:term":[{"taxonomy":"product_brand","embeddable":true,"href":"https:\/\/efilatelija.posta.rs\/en\/wp-json\/wp\/v2\/product_brand?post=15302"},{"taxonomy":"product_cat","embeddable":true,"href":"https:\/\/efilatelija.posta.rs\/en\/wp-json\/wp\/v2\/product_cat?post=15302"},{"taxonomy":"product_tag","embeddable":true,"href":"https:\/\/efilatelija.posta.rs\/en\/wp-json\/wp\/v2\/product_tag?post=15302"}],"curies":[{"name":"wp","href":"https:\/\/api.w.org\/{rel}","templated":true}]}}