{"id":13862,"date":"2024-11-05T08:58:26","date_gmt":"2024-11-05T07:58:26","guid":{"rendered":"https:\/\/efilatelija.posta.rs\/?post_type=product&#038;p=13862"},"modified":"2026-01-17T17:04:31","modified_gmt":"2026-01-17T16:04:31","slug":"75-godina-od-osnivanja-radio-televizije-vojvodine","status":"publish","type":"product","link":"https:\/\/efilatelija.posta.rs\/en\/product\/75-godina-od-osnivanja-radio-televizije-vojvodine\/","title":{"rendered":"75 years since the founding of Radio-television of Vojvodina"},"content":{"rendered":"<p>In the tumultuous years after the end of World War II, the young socialist state of Yugoslavia faced a propaganda war waged against it by the Cominform. In the desire to adequately respond to the accusations of the countries of the Stalin bloc in the surrounding of which Yugoslavia was located, on November 29, 1949, Radio\u2013Novi Sad was launched, a regional radio station that broadcast its program in five languages \u2013 Serbo-Croatian, Hungarian, Slovak, Romanian and Rusyn.<\/p>\n<p>The informative program of this radio was not intended only for members of the national minorities of the multi-ethnic Vojvodina, but also for the residents of the surrounding countries who, very soon after the launch of Radio\u2013Novi Sad, became its permanent listeners, because this radio, in addition to informative programs, also broadcast popular music unconstrained by ideology, bringing a touch of European and global pop culture to the residents of the Eastern Bloc countries on their radio waves.<\/p>\n<p>The development of the media and the progress of technology in the 20<sup>th<\/sup> century also led to the need to create a television program for the residents of Vojvodina, so, by the decision of the Assembly of AP Vojvodina, Radio-Novi Sad grew into Radio\u2013Television Novi Sad, RTNS in 1972. The first minutes of the television program of this media company were broadcast on November 26, 1975 from the newly built studio in Mi\u0161eluk, Novi Sad. The informative program was broadcast in Serbo-Croatian and Hungarian, and the rest of the program, just like on the radio two and a half decades earlier, was broadcast in five languages.<\/p>\n<p>At the beginning of the 21<sup>st<\/sup> century, RTNS grew into a public radio and television service, Radio-television of Vojvodina. Today, two television and four radio programs of this media house are broadcast from the new building of Radio-television of Vojvodina in Mi\u0161eluk, recognizable by its dominant antenna pole. In the modern building, moved into in 2021, there are five TV studios, radio studios, a music studio and two universal sound studios where around 1,200 RTV employees create countless hours of television and radio programs every day.<\/p>\n<p>Expert collaboration and design: Radio-television of  Vojvodina<\/p>\n<p>Graphic realization: MA Nade\u017eda Sko\u010daji\u0107, Academic Graphic Artist<\/p>","protected":false},"excerpt":{"rendered":"<h3>Commemorative postage stamps<\/h3>\n<p>Year of issue: <strong>2024<\/strong><\/p>","protected":false},"featured_media":13868,"template":"","meta":{"inline_featured_image":false,"pgc_sgb_lightbox_settings":""},"product_brand":[],"product_cat":[96,166,39,40],"product_tag":[],"class_list":{"0":"post-13862","1":"product","2":"type-product","3":"status-publish","4":"has-post-thumbnail","6":"product_cat-godina-izdanja","7":"product_cat-166","8":"product_cat-postanske-marke","9":"product_cat-prigodne-marke","10":"pa_godina-izdanja-167","12":"first","13":"instock","14":"shipping-taxable","15":"purchasable","16":"product-type-simple"},"yoast_head":"<!-- This site is optimized with the Yoast SEO plugin v26.8 - https:\/\/yoast.com\/product\/yoast-seo-wordpress\/ -->\n<title>75 \u0433\u043e\u0434\u0438\u043d\u0430 \u043e\u0434 \u043e\u0441\u043d\u0438\u0432\u0430\u045a\u0430 \u0420\u0430\u0434\u0438\u043e - \u0442\u0435\u043b\u0435\u0432\u0438\u0437\u0438\u0458\u0435 \u0412\u043e\u0458\u0432\u043e\u0434\u0438\u043d\u0435 - \u0435\u0424\u0438\u043b\u0430\u0442\u0435\u043b\u0438\u0458\u0430<\/title>\n<meta name=\"robots\" content=\"index, follow, max-snippet:-1, max-image-preview:large, max-video-preview:-1\" \/>\n<link rel=\"canonical\" href=\"https:\/\/efilatelija.posta.rs\/en\/product\/75-godina-od-osnivanja-radio-televizije-vojvodine\/\" \/>\n<meta property=\"og:locale\" content=\"en_GB\" \/>\n<meta property=\"og:type\" content=\"article\" \/>\n<meta property=\"og:title\" content=\"75 \u0433\u043e\u0434\u0438\u043d\u0430 \u043e\u0434 \u043e\u0441\u043d\u0438\u0432\u0430\u045a\u0430 \u0420\u0430\u0434\u0438\u043e - \u0442\u0435\u043b\u0435\u0432\u0438\u0437\u0438\u0458\u0435 \u0412\u043e\u0458\u0432\u043e\u0434\u0438\u043d\u0435 - \u0435\u0424\u0438\u043b\u0430\u0442\u0435\u043b\u0438\u0458\u0430\" \/>\n<meta property=\"og:description\" content=\"\u041f\u0440\u0438\u0433\u043e\u0434\u043d\u0430 \u043f\u043e\u0448\u0442\u0430\u043d\u0441\u043a\u0430 \u043c\u0430\u0440\u043a\u0430 \u0413\u043e\u0434\u0438\u043d\u0430 \u0438\u0437\u0434\u0430\u045a\u0430: 2024\" \/>\n<meta property=\"og:url\" content=\"https:\/\/efilatelija.posta.rs\/en\/product\/75-godina-od-osnivanja-radio-televizije-vojvodine\/\" \/>\n<meta property=\"og:site_name\" content=\"\u0435\u0424\u0438\u043b\u0430\u0442\u0435\u043b\u0438\u0458\u0430\" \/>\n<meta property=\"article:modified_time\" content=\"2026-01-17T16:04:31+00:00\" \/>\n<meta property=\"og:image\" content=\"https:\/\/efilatelija.posta.rs\/wp-content\/uploads\/2024\/11\/801925-1.jpg\" \/>\n\t<meta property=\"og:image:width\" content=\"800\" \/>\n\t<meta property=\"og:image:height\" content=\"800\" \/>\n\t<meta property=\"og:image:type\" content=\"image\/jpeg\" \/>\n<meta name=\"twitter:card\" content=\"summary_large_image\" \/>\n<meta name=\"twitter:label1\" content=\"Estimated reading time\" \/>\n\t<meta name=\"twitter:data1\" content=\"1 minute\" \/>\n<script type=\"application\/ld+json\" class=\"yoast-schema-graph\">{\"@context\":\"https:\/\/schema.org\",\"@graph\":[{\"@type\":\"WebPage\",\"@id\":\"https:\/\/efilatelija.posta.rs\/product\/75-godina-od-osnivanja-radio-televizije-vojvodine\/\",\"url\":\"https:\/\/efilatelija.posta.rs\/product\/75-godina-od-osnivanja-radio-televizije-vojvodine\/\",\"name\":\"75 \u0433\u043e\u0434\u0438\u043d\u0430 \u043e\u0434 \u043e\u0441\u043d\u0438\u0432\u0430\u045a\u0430 \u0420\u0430\u0434\u0438\u043e - \u0442\u0435\u043b\u0435\u0432\u0438\u0437\u0438\u0458\u0435 \u0412\u043e\u0458\u0432\u043e\u0434\u0438\u043d\u0435 - \u0435\u0424\u0438\u043b\u0430\u0442\u0435\u043b\u0438\u0458\u0430\",\"isPartOf\":{\"@id\":\"https:\/\/efilatelija.posta.rs\/#website\"},\"primaryImageOfPage\":{\"@id\":\"https:\/\/efilatelija.posta.rs\/product\/75-godina-od-osnivanja-radio-televizije-vojvodine\/#primaryimage\"},\"image\":{\"@id\":\"https:\/\/efilatelija.posta.rs\/product\/75-godina-od-osnivanja-radio-televizije-vojvodine\/#primaryimage\"},\"thumbnailUrl\":\"https:\/\/efilatelija.posta.rs\/wp-content\/uploads\/2024\/11\/801925-1.jpg\",\"datePublished\":\"2024-11-05T07:58:26+00:00\",\"dateModified\":\"2026-01-17T16:04:31+00:00\",\"breadcrumb\":{\"@id\":\"https:\/\/efilatelija.posta.rs\/product\/75-godina-od-osnivanja-radio-televizije-vojvodine\/#breadcrumb\"},\"inLanguage\":\"en-GB\",\"potentialAction\":[{\"@type\":\"ReadAction\",\"target\":[\"https:\/\/efilatelija.posta.rs\/product\/75-godina-od-osnivanja-radio-televizije-vojvodine\/\"]}]},{\"@type\":\"ImageObject\",\"inLanguage\":\"en-GB\",\"@id\":\"https:\/\/efilatelija.posta.rs\/product\/75-godina-od-osnivanja-radio-televizije-vojvodine\/#primaryimage\",\"url\":\"https:\/\/efilatelija.posta.rs\/wp-content\/uploads\/2024\/11\/801925-1.jpg\",\"contentUrl\":\"https:\/\/efilatelija.posta.rs\/wp-content\/uploads\/2024\/11\/801925-1.jpg\",\"width\":800,\"height\":800,\"caption\":\"2024 75 \u0433\u043e\u0434\u0438\u043d\u0430 \u043e\u0434 \u043e\u0441\u043d\u0438\u0432\u0430\u045a\u0430 \u0420\u0430\u0434\u0438\u043e \u0442\u0435\u043b\u0435\u0432\u0438\u0437\u0438\u0458\u0435 \u0412\u043e\u0458\u0432\u043e\u0434\u0438\u043d\u0435 \u043f\u0440\u0438\u0433\u043e\u0434\u043d\u0430 \u043f\u043e\u0448\u0442\u0430\u043d\u0441\u043a\u0430 \u043c\u0430\u0440\u043a\u0430\"},{\"@type\":\"BreadcrumbList\",\"@id\":\"https:\/\/efilatelija.posta.rs\/product\/75-godina-od-osnivanja-radio-televizije-vojvodine\/#breadcrumb\",\"itemListElement\":[{\"@type\":\"ListItem\",\"position\":1,\"name\":\"\u041f\u0440\u043e\u0434\u0430\u0432\u043d\u0438\u0446\u0430\",\"item\":\"https:\/\/efilatelija.posta.rs\/shop\/\"},{\"@type\":\"ListItem\",\"position\":2,\"name\":\"75 \u0433\u043e\u0434\u0438\u043d\u0430 \u043e\u0434 \u043e\u0441\u043d\u0438\u0432\u0430\u045a\u0430 \u0420\u0430\u0434\u0438\u043e &#8211; \u0442\u0435\u043b\u0435\u0432\u0438\u0437\u0438\u0458\u0435 \u0412\u043e\u0458\u0432\u043e\u0434\u0438\u043d\u0435\"}]},{\"@type\":\"WebSite\",\"@id\":\"https:\/\/efilatelija.posta.rs\/#website\",\"url\":\"https:\/\/efilatelija.posta.rs\/\",\"name\":\"\u0435\u0424\u0438\u043b\u0430\u0442\u0435\u043b\u0438\u0458\u0430\",\"description\":\"\u041f\u043e\u0448\u0442\u0430 \u0421\u0440\u0431\u0438\u0458\u0435 \u0434.\u043e.\u043e.\",\"publisher\":{\"@id\":\"https:\/\/efilatelija.posta.rs\/#organization\"},\"potentialAction\":[{\"@type\":\"SearchAction\",\"target\":{\"@type\":\"EntryPoint\",\"urlTemplate\":\"https:\/\/efilatelija.posta.rs\/?s={search_term_string}\"},\"query-input\":{\"@type\":\"PropertyValueSpecification\",\"valueRequired\":true,\"valueName\":\"search_term_string\"}}],\"inLanguage\":\"en-GB\"},{\"@type\":\"Organization\",\"@id\":\"https:\/\/efilatelija.posta.rs\/#organization\",\"name\":\"\u0435\u0424\u0438\u043b\u0430\u0442\u0435\u043b\u0438\u0458\u0430 - \u0408\u041f \u041f\u043e\u0448\u0442\u0430 \u0421\u0440\u0431\u0438\u0458\u0435\",\"url\":\"https:\/\/efilatelija.posta.rs\/\",\"logo\":{\"@type\":\"ImageObject\",\"inLanguage\":\"en-GB\",\"@id\":\"https:\/\/efilatelija.posta.rs\/#\/schema\/logo\/image\/\",\"url\":\"https:\/\/efilatelija.posta.rs\/wp-content\/uploads\/2025\/01\/logo-posta-srbije-500x500-1.jpg\",\"contentUrl\":\"https:\/\/efilatelija.posta.rs\/wp-content\/uploads\/2025\/01\/logo-posta-srbije-500x500-1.jpg\",\"width\":500,\"height\":500,\"caption\":\"\u0435\u0424\u0438\u043b\u0430\u0442\u0435\u043b\u0438\u0458\u0430 - \u0408\u041f \u041f\u043e\u0448\u0442\u0430 \u0421\u0440\u0431\u0438\u0458\u0435\"},\"image\":{\"@id\":\"https:\/\/efilatelija.posta.rs\/#\/schema\/logo\/image\/\"}}]}<\/script>\n<!-- \/ Yoast SEO plugin. -->","yoast_head_json":{"title":"75 \u0433\u043e\u0434\u0438\u043d\u0430 \u043e\u0434 \u043e\u0441\u043d\u0438\u0432\u0430\u045a\u0430 \u0420\u0430\u0434\u0438\u043e - \u0442\u0435\u043b\u0435\u0432\u0438\u0437\u0438\u0458\u0435 \u0412\u043e\u0458\u0432\u043e\u0434\u0438\u043d\u0435 - \u0435\u0424\u0438\u043b\u0430\u0442\u0435\u043b\u0438\u0458\u0430","robots":{"index":"index","follow":"follow","max-snippet":"max-snippet:-1","max-image-preview":"max-image-preview:large","max-video-preview":"max-video-preview:-1"},"canonical":"https:\/\/efilatelija.posta.rs\/en\/product\/75-godina-od-osnivanja-radio-televizije-vojvodine\/","og_locale":"en_GB","og_type":"article","og_title":"75 \u0433\u043e\u0434\u0438\u043d\u0430 \u043e\u0434 \u043e\u0441\u043d\u0438\u0432\u0430\u045a\u0430 \u0420\u0430\u0434\u0438\u043e - \u0442\u0435\u043b\u0435\u0432\u0438\u0437\u0438\u0458\u0435 \u0412\u043e\u0458\u0432\u043e\u0434\u0438\u043d\u0435 - \u0435\u0424\u0438\u043b\u0430\u0442\u0435\u043b\u0438\u0458\u0430","og_description":"\u041f\u0440\u0438\u0433\u043e\u0434\u043d\u0430 \u043f\u043e\u0448\u0442\u0430\u043d\u0441\u043a\u0430 \u043c\u0430\u0440\u043a\u0430 \u0413\u043e\u0434\u0438\u043d\u0430 \u0438\u0437\u0434\u0430\u045a\u0430: 2024","og_url":"https:\/\/efilatelija.posta.rs\/en\/product\/75-godina-od-osnivanja-radio-televizije-vojvodine\/","og_site_name":"\u0435\u0424\u0438\u043b\u0430\u0442\u0435\u043b\u0438\u0458\u0430","article_modified_time":"2026-01-17T16:04:31+00:00","og_image":[{"width":800,"height":800,"url":"https:\/\/efilatelija.posta.rs\/wp-content\/uploads\/2024\/11\/801925-1.jpg","type":"image\/jpeg"}],"twitter_card":"summary_large_image","twitter_misc":{"Estimated reading time":"1 minute"},"schema":{"@context":"https:\/\/schema.org","@graph":[{"@type":"WebPage","@id":"https:\/\/efilatelija.posta.rs\/product\/75-godina-od-osnivanja-radio-televizije-vojvodine\/","url":"https:\/\/efilatelija.posta.rs\/product\/75-godina-od-osnivanja-radio-televizije-vojvodine\/","name":"75 \u0433\u043e\u0434\u0438\u043d\u0430 \u043e\u0434 \u043e\u0441\u043d\u0438\u0432\u0430\u045a\u0430 \u0420\u0430\u0434\u0438\u043e - \u0442\u0435\u043b\u0435\u0432\u0438\u0437\u0438\u0458\u0435 \u0412\u043e\u0458\u0432\u043e\u0434\u0438\u043d\u0435 - \u0435\u0424\u0438\u043b\u0430\u0442\u0435\u043b\u0438\u0458\u0430","isPartOf":{"@id":"https:\/\/efilatelija.posta.rs\/#website"},"primaryImageOfPage":{"@id":"https:\/\/efilatelija.posta.rs\/product\/75-godina-od-osnivanja-radio-televizije-vojvodine\/#primaryimage"},"image":{"@id":"https:\/\/efilatelija.posta.rs\/product\/75-godina-od-osnivanja-radio-televizije-vojvodine\/#primaryimage"},"thumbnailUrl":"https:\/\/efilatelija.posta.rs\/wp-content\/uploads\/2024\/11\/801925-1.jpg","datePublished":"2024-11-05T07:58:26+00:00","dateModified":"2026-01-17T16:04:31+00:00","breadcrumb":{"@id":"https:\/\/efilatelija.posta.rs\/product\/75-godina-od-osnivanja-radio-televizije-vojvodine\/#breadcrumb"},"inLanguage":"en-GB","potentialAction":[{"@type":"ReadAction","target":["https:\/\/efilatelija.posta.rs\/product\/75-godina-od-osnivanja-radio-televizije-vojvodine\/"]}]},{"@type":"ImageObject","inLanguage":"en-GB","@id":"https:\/\/efilatelija.posta.rs\/product\/75-godina-od-osnivanja-radio-televizije-vojvodine\/#primaryimage","url":"https:\/\/efilatelija.posta.rs\/wp-content\/uploads\/2024\/11\/801925-1.jpg","contentUrl":"https:\/\/efilatelija.posta.rs\/wp-content\/uploads\/2024\/11\/801925-1.jpg","width":800,"height":800,"caption":"2024 75 \u0433\u043e\u0434\u0438\u043d\u0430 \u043e\u0434 \u043e\u0441\u043d\u0438\u0432\u0430\u045a\u0430 \u0420\u0430\u0434\u0438\u043e \u0442\u0435\u043b\u0435\u0432\u0438\u0437\u0438\u0458\u0435 \u0412\u043e\u0458\u0432\u043e\u0434\u0438\u043d\u0435 \u043f\u0440\u0438\u0433\u043e\u0434\u043d\u0430 \u043f\u043e\u0448\u0442\u0430\u043d\u0441\u043a\u0430 \u043c\u0430\u0440\u043a\u0430"},{"@type":"BreadcrumbList","@id":"https:\/\/efilatelija.posta.rs\/product\/75-godina-od-osnivanja-radio-televizije-vojvodine\/#breadcrumb","itemListElement":[{"@type":"ListItem","position":1,"name":"\u041f\u0440\u043e\u0434\u0430\u0432\u043d\u0438\u0446\u0430","item":"https:\/\/efilatelija.posta.rs\/shop\/"},{"@type":"ListItem","position":2,"name":"75 \u0433\u043e\u0434\u0438\u043d\u0430 \u043e\u0434 \u043e\u0441\u043d\u0438\u0432\u0430\u045a\u0430 \u0420\u0430\u0434\u0438\u043e &#8211; \u0442\u0435\u043b\u0435\u0432\u0438\u0437\u0438\u0458\u0435 \u0412\u043e\u0458\u0432\u043e\u0434\u0438\u043d\u0435"}]},{"@type":"WebSite","@id":"https:\/\/efilatelija.posta.rs\/#website","url":"https:\/\/efilatelija.posta.rs\/","name":"ePhilately","description":"\u041f\u043e\u0448\u0442\u0430 \u0421\u0440\u0431\u0438\u0458\u0435 \u0434.\u043e.\u043e.","publisher":{"@id":"https:\/\/efilatelija.posta.rs\/#organization"},"potentialAction":[{"@type":"SearchAction","target":{"@type":"EntryPoint","urlTemplate":"https:\/\/efilatelija.posta.rs\/?s={search_term_string}"},"query-input":{"@type":"PropertyValueSpecification","valueRequired":true,"valueName":"search_term_string"}}],"inLanguage":"en-GB"},{"@type":"Organization","@id":"https:\/\/efilatelija.posta.rs\/#organization","name":"\u0435\u0424\u0438\u043b\u0430\u0442\u0435\u043b\u0438\u0458\u0430 - \u0408\u041f \u041f\u043e\u0448\u0442\u0430 \u0421\u0440\u0431\u0438\u0458\u0435","url":"https:\/\/efilatelija.posta.rs\/","logo":{"@type":"ImageObject","inLanguage":"en-GB","@id":"https:\/\/efilatelija.posta.rs\/#\/schema\/logo\/image\/","url":"https:\/\/efilatelija.posta.rs\/wp-content\/uploads\/2025\/01\/logo-posta-srbije-500x500-1.jpg","contentUrl":"https:\/\/efilatelija.posta.rs\/wp-content\/uploads\/2025\/01\/logo-posta-srbije-500x500-1.jpg","width":500,"height":500,"caption":"\u0435\u0424\u0438\u043b\u0430\u0442\u0435\u043b\u0438\u0458\u0430 - \u0408\u041f \u041f\u043e\u0448\u0442\u0430 \u0421\u0440\u0431\u0438\u0458\u0435"},"image":{"@id":"https:\/\/efilatelija.posta.rs\/#\/schema\/logo\/image\/"}}]}},"_links":{"self":[{"href":"https:\/\/efilatelija.posta.rs\/en\/wp-json\/wp\/v2\/product\/13862","targetHints":{"allow":["GET"]}}],"collection":[{"href":"https:\/\/efilatelija.posta.rs\/en\/wp-json\/wp\/v2\/product"}],"about":[{"href":"https:\/\/efilatelija.posta.rs\/en\/wp-json\/wp\/v2\/types\/product"}],"wp:featuredmedia":[{"embeddable":true,"href":"https:\/\/efilatelija.posta.rs\/en\/wp-json\/wp\/v2\/media\/13868"}],"wp:attachment":[{"href":"https:\/\/efilatelija.posta.rs\/en\/wp-json\/wp\/v2\/media?parent=13862"}],"wp:term":[{"taxonomy":"product_brand","embeddable":true,"href":"https:\/\/efilatelija.posta.rs\/en\/wp-json\/wp\/v2\/product_brand?post=13862"},{"taxonomy":"product_cat","embeddable":true,"href":"https:\/\/efilatelija.posta.rs\/en\/wp-json\/wp\/v2\/product_cat?post=13862"},{"taxonomy":"product_tag","embeddable":true,"href":"https:\/\/efilatelija.posta.rs\/en\/wp-json\/wp\/v2\/product_tag?post=13862"}],"curies":[{"name":"wp","href":"https:\/\/api.w.org\/{rel}","templated":true}]}}