{"id":13842,"date":"2024-11-04T10:17:16","date_gmt":"2024-11-04T09:17:16","guid":{"rendered":"https:\/\/efilatelija.posta.rs\/?post_type=product&#038;p=13842"},"modified":"2025-11-29T09:05:42","modified_gmt":"2025-11-29T08:05:42","slug":"70-godina-diplomatskih-odnosa-republike-srbije-i-republike-indonezije","status":"publish","type":"product","link":"https:\/\/efilatelija.posta.rs\/en\/product\/70-godina-diplomatskih-odnosa-republike-srbije-i-republike-indonezije\/","title":{"rendered":"70 years of diplomatic relations between the Republic of Serbia and the Republic of Indonesia"},"content":{"rendered":"<p>Diplomatic relations between Serbia and Indonesia were established in 1954 at the height of the global decolonization process. Our people were among the first in Europe to welcome the people of Indonesia with open arms and open hearts into the great family of equal people of the world, and the relations between the two countries intensified through cooperation on the formation of the Non-Aligned Movement.<\/p>\n<p>Decades of successful bilateral cooperation between the two countries and very good political relations have also been confirmed in this century by interstate visits at the highest level. This is evidenced by two extremely important visits to the Republic of Serbia in 2024, the year of the 70<sup>th<\/sup> anniversary of the establishment of diplomatic relations \u2013 by the President of Indonesia Prabowo Subianto and the Speaker of the House of Representatives of the Parliament Puan Maharani, as well as the participation of the Ministers of Foreign Affairs of Indonesia at the ceremonial gatherings in Belgrade in 2011 and 2021, on the occasion of the 50<sup>th<\/sup> and 60<sup>th<\/sup> anniversaries of the First Conference of the Non-Aligned Movement. The friendly relations between the two countries are confirmed by a series of signed interstate agreements that facilitate economic cooperation and the cooperation in the fields of education, science, culture and other areas of mutual importance.<\/p>\n<p>Motifs on the stamp: \u0110ur\u0111evka, anthropomorphic figure, Vin\u010da culture (5300\u20134500 BC), Friendship boat from the island of Sulawesi; in the background \u2013 Ambassador Pavli\u010d hands over letters of credit to President Sukarno in 1954.  Motifs on the vignettes: medicinal herbs container; manuscript on lontar palm leaves; Balinese winged lion; Pirot rug; a medicinal herbs container and a Balinese wooden treasure chest.  On the edges: in the corners \u2013 Balinese and Javanese masks for dance and shadow theatre; left \u2013 buffalo bone mythological creature, Balinese winged lion and tenun ikat (detail) \u2013 double weave (ceremonial fabric from central Indonesia); right \u2013 \u201cJavajka\u201d (Java doll) \u2013 Wayang puppet for shadow theatre and a Pirot rug (detail). Motif on the envelope: Pirot rug and Garuda, a golden mythical bird, symbol of Indonesia.<\/p>\n<p>Publishing materials: Adligat Association, Museum of Books and Travels, Indonesia Collection, Ambassador Stane Pavli\u010d's Legacy, Ivan and Cherry Hadisubroto's Legacy and Vladislava Golubovi\u0107's Legacy.<\/p>\n<p>Expert cooperation: The Embassy of the Republic of Indonesia in Belgrade and the Adligat Association.<br \/>\nArtistic realization: Nade\u017eda Sko\u010daji\u0107, academic graphic artist.<\/p>","protected":false},"excerpt":{"rendered":"<h3>Commemorative postage stamps<\/h3>\n<p>Year of issue: <strong>2024<\/strong><\/p>","protected":false},"featured_media":13843,"template":"","meta":{"inline_featured_image":false,"pgc_sgb_lightbox_settings":""},"product_brand":[],"product_cat":[96,166,39,40],"product_tag":[],"class_list":{"0":"post-13842","1":"product","2":"type-product","3":"status-publish","4":"has-post-thumbnail","6":"product_cat-godina-izdanja","7":"product_cat-166","8":"product_cat-postanske-marke","9":"product_cat-prigodne-marke","10":"pa_godina-izdanja-167","11":"pa_tema-drzavnost","13":"first","14":"instock","15":"shipping-taxable","16":"purchasable","17":"product-type-simple"},"yoast_head":"<!-- This site is optimized with the Yoast SEO plugin v26.8 - https:\/\/yoast.com\/product\/yoast-seo-wordpress\/ -->\n<title>70 \u0433\u043e\u0434\u0438\u043d\u0430 \u0434\u0438\u043f\u043b\u043e\u043c\u0430\u0442\u0441\u043a\u0438\u0445 \u043e\u0434\u043d\u043e\u0441\u0430 \u0420\u0435\u043f\u0443\u0431\u043b\u0438\u043a\u0435 \u0421\u0440\u0431\u0438\u0458\u0435 \u0438 \u0420\u0435\u043f\u0443\u0431\u043b\u0438\u043a\u0435 \u0418\u043d\u0434\u043e\u043d\u0435\u0437\u0438\u0458\u0435 - \u0435\u0424\u0438\u043b\u0430\u0442\u0435\u043b\u0438\u0458\u0430<\/title>\n<meta name=\"robots\" content=\"index, follow, max-snippet:-1, max-image-preview:large, max-video-preview:-1\" \/>\n<link rel=\"canonical\" href=\"https:\/\/efilatelija.posta.rs\/en\/product\/70-godina-diplomatskih-odnosa-republike-srbije-i-republike-indonezije\/\" \/>\n<meta property=\"og:locale\" content=\"en_GB\" \/>\n<meta property=\"og:type\" content=\"article\" \/>\n<meta property=\"og:title\" content=\"70 \u0433\u043e\u0434\u0438\u043d\u0430 \u0434\u0438\u043f\u043b\u043e\u043c\u0430\u0442\u0441\u043a\u0438\u0445 \u043e\u0434\u043d\u043e\u0441\u0430 \u0420\u0435\u043f\u0443\u0431\u043b\u0438\u043a\u0435 \u0421\u0440\u0431\u0438\u0458\u0435 \u0438 \u0420\u0435\u043f\u0443\u0431\u043b\u0438\u043a\u0435 \u0418\u043d\u0434\u043e\u043d\u0435\u0437\u0438\u0458\u0435 - \u0435\u0424\u0438\u043b\u0430\u0442\u0435\u043b\u0438\u0458\u0430\" \/>\n<meta property=\"og:description\" content=\"\u041f\u0440\u0438\u0433\u043e\u0434\u043d\u0430 \u043f\u043e\u0448\u0442\u0430\u043d\u0441\u043a\u0430 \u043c\u0430\u0440\u043a\u0430 \u0413\u043e\u0434\u0438\u043d\u0430 \u0438\u0437\u0434\u0430\u045a\u0430: 2024\" \/>\n<meta property=\"og:url\" content=\"https:\/\/efilatelija.posta.rs\/en\/product\/70-godina-diplomatskih-odnosa-republike-srbije-i-republike-indonezije\/\" \/>\n<meta property=\"og:site_name\" content=\"\u0435\u0424\u0438\u043b\u0430\u0442\u0435\u043b\u0438\u0458\u0430\" \/>\n<meta property=\"article:modified_time\" content=\"2025-11-29T08:05:42+00:00\" \/>\n<meta property=\"og:image\" content=\"https:\/\/efilatelija.posta.rs\/wp-content\/uploads\/2024\/11\/801924.jpg\" \/>\n\t<meta property=\"og:image:width\" content=\"800\" \/>\n\t<meta property=\"og:image:height\" content=\"800\" \/>\n\t<meta property=\"og:image:type\" content=\"image\/jpeg\" \/>\n<meta name=\"twitter:card\" content=\"summary_large_image\" \/>\n<meta name=\"twitter:label1\" content=\"Estimated reading time\" \/>\n\t<meta name=\"twitter:data1\" content=\"2 minutes\" \/>\n<script type=\"application\/ld+json\" class=\"yoast-schema-graph\">{\"@context\":\"https:\/\/schema.org\",\"@graph\":[{\"@type\":\"WebPage\",\"@id\":\"https:\/\/efilatelija.posta.rs\/product\/70-godina-diplomatskih-odnosa-republike-srbije-i-republike-indonezije\/\",\"url\":\"https:\/\/efilatelija.posta.rs\/product\/70-godina-diplomatskih-odnosa-republike-srbije-i-republike-indonezije\/\",\"name\":\"70 \u0433\u043e\u0434\u0438\u043d\u0430 \u0434\u0438\u043f\u043b\u043e\u043c\u0430\u0442\u0441\u043a\u0438\u0445 \u043e\u0434\u043d\u043e\u0441\u0430 \u0420\u0435\u043f\u0443\u0431\u043b\u0438\u043a\u0435 \u0421\u0440\u0431\u0438\u0458\u0435 \u0438 \u0420\u0435\u043f\u0443\u0431\u043b\u0438\u043a\u0435 \u0418\u043d\u0434\u043e\u043d\u0435\u0437\u0438\u0458\u0435 - \u0435\u0424\u0438\u043b\u0430\u0442\u0435\u043b\u0438\u0458\u0430\",\"isPartOf\":{\"@id\":\"https:\/\/efilatelija.posta.rs\/#website\"},\"primaryImageOfPage\":{\"@id\":\"https:\/\/efilatelija.posta.rs\/product\/70-godina-diplomatskih-odnosa-republike-srbije-i-republike-indonezije\/#primaryimage\"},\"image\":{\"@id\":\"https:\/\/efilatelija.posta.rs\/product\/70-godina-diplomatskih-odnosa-republike-srbije-i-republike-indonezije\/#primaryimage\"},\"thumbnailUrl\":\"https:\/\/efilatelija.posta.rs\/wp-content\/uploads\/2024\/11\/801924.jpg\",\"datePublished\":\"2024-11-04T09:17:16+00:00\",\"dateModified\":\"2025-11-29T08:05:42+00:00\",\"breadcrumb\":{\"@id\":\"https:\/\/efilatelija.posta.rs\/product\/70-godina-diplomatskih-odnosa-republike-srbije-i-republike-indonezije\/#breadcrumb\"},\"inLanguage\":\"en-GB\",\"potentialAction\":[{\"@type\":\"ReadAction\",\"target\":[\"https:\/\/efilatelija.posta.rs\/product\/70-godina-diplomatskih-odnosa-republike-srbije-i-republike-indonezije\/\"]}]},{\"@type\":\"ImageObject\",\"inLanguage\":\"en-GB\",\"@id\":\"https:\/\/efilatelija.posta.rs\/product\/70-godina-diplomatskih-odnosa-republike-srbije-i-republike-indonezije\/#primaryimage\",\"url\":\"https:\/\/efilatelija.posta.rs\/wp-content\/uploads\/2024\/11\/801924.jpg\",\"contentUrl\":\"https:\/\/efilatelija.posta.rs\/wp-content\/uploads\/2024\/11\/801924.jpg\",\"width\":800,\"height\":800,\"caption\":\"2024 70 \u0433\u043e\u0434\u0438\u043d\u0430 \u0434\u0438\u043f\u043b\u043e\u043c\u0430\u0442\u0441\u043a\u0438\u0445 \u043e\u0434\u043d\u043e\u0441\u0430 \u0420\u0435\u043f\u0443\u0431\u043b\u0438\u043a\u0435 \u0421\u0440\u0431\u0438\u0458\u0435 \u0438 \u0420\u0435\u043f\u0443\u0431\u043b\u0438\u043a\u0435 \u0418\u043d\u0434\u043e\u043d\u0435\u0437\u0438\u0458\u0435 \u043f\u0440\u0438\u0433\u043e\u0434\u043d\u0430 \u043f\u043e\u0448\u0442\u0430\u043d\u0441\u043a\u0430 \u043c\u0430\u0440\u043a\u0430\"},{\"@type\":\"BreadcrumbList\",\"@id\":\"https:\/\/efilatelija.posta.rs\/product\/70-godina-diplomatskih-odnosa-republike-srbije-i-republike-indonezije\/#breadcrumb\",\"itemListElement\":[{\"@type\":\"ListItem\",\"position\":1,\"name\":\"\u041f\u0440\u043e\u0434\u0430\u0432\u043d\u0438\u0446\u0430\",\"item\":\"https:\/\/efilatelija.posta.rs\/shop\/\"},{\"@type\":\"ListItem\",\"position\":2,\"name\":\"70 \u0433\u043e\u0434\u0438\u043d\u0430 \u0434\u0438\u043f\u043b\u043e\u043c\u0430\u0442\u0441\u043a\u0438\u0445 \u043e\u0434\u043d\u043e\u0441\u0430 \u0420\u0435\u043f\u0443\u0431\u043b\u0438\u043a\u0435 \u0421\u0440\u0431\u0438\u0458\u0435 \u0438 \u0420\u0435\u043f\u0443\u0431\u043b\u0438\u043a\u0435 \u0418\u043d\u0434\u043e\u043d\u0435\u0437\u0438\u0458\u0435\"}]},{\"@type\":\"WebSite\",\"@id\":\"https:\/\/efilatelija.posta.rs\/#website\",\"url\":\"https:\/\/efilatelija.posta.rs\/\",\"name\":\"\u0435\u0424\u0438\u043b\u0430\u0442\u0435\u043b\u0438\u0458\u0430\",\"description\":\"\u041f\u043e\u0448\u0442\u0430 \u0421\u0440\u0431\u0438\u0458\u0435 \u0434.\u043e.\u043e.\",\"publisher\":{\"@id\":\"https:\/\/efilatelija.posta.rs\/#organization\"},\"potentialAction\":[{\"@type\":\"SearchAction\",\"target\":{\"@type\":\"EntryPoint\",\"urlTemplate\":\"https:\/\/efilatelija.posta.rs\/?s={search_term_string}\"},\"query-input\":{\"@type\":\"PropertyValueSpecification\",\"valueRequired\":true,\"valueName\":\"search_term_string\"}}],\"inLanguage\":\"en-GB\"},{\"@type\":\"Organization\",\"@id\":\"https:\/\/efilatelija.posta.rs\/#organization\",\"name\":\"\u0435\u0424\u0438\u043b\u0430\u0442\u0435\u043b\u0438\u0458\u0430 - \u0408\u041f \u041f\u043e\u0448\u0442\u0430 \u0421\u0440\u0431\u0438\u0458\u0435\",\"url\":\"https:\/\/efilatelija.posta.rs\/\",\"logo\":{\"@type\":\"ImageObject\",\"inLanguage\":\"en-GB\",\"@id\":\"https:\/\/efilatelija.posta.rs\/#\/schema\/logo\/image\/\",\"url\":\"https:\/\/efilatelija.posta.rs\/wp-content\/uploads\/2025\/01\/logo-posta-srbije-500x500-1.jpg\",\"contentUrl\":\"https:\/\/efilatelija.posta.rs\/wp-content\/uploads\/2025\/01\/logo-posta-srbije-500x500-1.jpg\",\"width\":500,\"height\":500,\"caption\":\"\u0435\u0424\u0438\u043b\u0430\u0442\u0435\u043b\u0438\u0458\u0430 - \u0408\u041f \u041f\u043e\u0448\u0442\u0430 \u0421\u0440\u0431\u0438\u0458\u0435\"},\"image\":{\"@id\":\"https:\/\/efilatelija.posta.rs\/#\/schema\/logo\/image\/\"}}]}<\/script>\n<!-- \/ Yoast SEO plugin. -->","yoast_head_json":{"title":"70 \u0433\u043e\u0434\u0438\u043d\u0430 \u0434\u0438\u043f\u043b\u043e\u043c\u0430\u0442\u0441\u043a\u0438\u0445 \u043e\u0434\u043d\u043e\u0441\u0430 \u0420\u0435\u043f\u0443\u0431\u043b\u0438\u043a\u0435 \u0421\u0440\u0431\u0438\u0458\u0435 \u0438 \u0420\u0435\u043f\u0443\u0431\u043b\u0438\u043a\u0435 \u0418\u043d\u0434\u043e\u043d\u0435\u0437\u0438\u0458\u0435 - \u0435\u0424\u0438\u043b\u0430\u0442\u0435\u043b\u0438\u0458\u0430","robots":{"index":"index","follow":"follow","max-snippet":"max-snippet:-1","max-image-preview":"max-image-preview:large","max-video-preview":"max-video-preview:-1"},"canonical":"https:\/\/efilatelija.posta.rs\/en\/product\/70-godina-diplomatskih-odnosa-republike-srbije-i-republike-indonezije\/","og_locale":"en_GB","og_type":"article","og_title":"70 \u0433\u043e\u0434\u0438\u043d\u0430 \u0434\u0438\u043f\u043b\u043e\u043c\u0430\u0442\u0441\u043a\u0438\u0445 \u043e\u0434\u043d\u043e\u0441\u0430 \u0420\u0435\u043f\u0443\u0431\u043b\u0438\u043a\u0435 \u0421\u0440\u0431\u0438\u0458\u0435 \u0438 \u0420\u0435\u043f\u0443\u0431\u043b\u0438\u043a\u0435 \u0418\u043d\u0434\u043e\u043d\u0435\u0437\u0438\u0458\u0435 - \u0435\u0424\u0438\u043b\u0430\u0442\u0435\u043b\u0438\u0458\u0430","og_description":"\u041f\u0440\u0438\u0433\u043e\u0434\u043d\u0430 \u043f\u043e\u0448\u0442\u0430\u043d\u0441\u043a\u0430 \u043c\u0430\u0440\u043a\u0430 \u0413\u043e\u0434\u0438\u043d\u0430 \u0438\u0437\u0434\u0430\u045a\u0430: 2024","og_url":"https:\/\/efilatelija.posta.rs\/en\/product\/70-godina-diplomatskih-odnosa-republike-srbije-i-republike-indonezije\/","og_site_name":"\u0435\u0424\u0438\u043b\u0430\u0442\u0435\u043b\u0438\u0458\u0430","article_modified_time":"2025-11-29T08:05:42+00:00","og_image":[{"width":800,"height":800,"url":"https:\/\/efilatelija.posta.rs\/wp-content\/uploads\/2024\/11\/801924.jpg","type":"image\/jpeg"}],"twitter_card":"summary_large_image","twitter_misc":{"Estimated reading time":"2 minutes"},"schema":{"@context":"https:\/\/schema.org","@graph":[{"@type":"WebPage","@id":"https:\/\/efilatelija.posta.rs\/product\/70-godina-diplomatskih-odnosa-republike-srbije-i-republike-indonezije\/","url":"https:\/\/efilatelija.posta.rs\/product\/70-godina-diplomatskih-odnosa-republike-srbije-i-republike-indonezije\/","name":"70 \u0433\u043e\u0434\u0438\u043d\u0430 \u0434\u0438\u043f\u043b\u043e\u043c\u0430\u0442\u0441\u043a\u0438\u0445 \u043e\u0434\u043d\u043e\u0441\u0430 \u0420\u0435\u043f\u0443\u0431\u043b\u0438\u043a\u0435 \u0421\u0440\u0431\u0438\u0458\u0435 \u0438 \u0420\u0435\u043f\u0443\u0431\u043b\u0438\u043a\u0435 \u0418\u043d\u0434\u043e\u043d\u0435\u0437\u0438\u0458\u0435 - \u0435\u0424\u0438\u043b\u0430\u0442\u0435\u043b\u0438\u0458\u0430","isPartOf":{"@id":"https:\/\/efilatelija.posta.rs\/#website"},"primaryImageOfPage":{"@id":"https:\/\/efilatelija.posta.rs\/product\/70-godina-diplomatskih-odnosa-republike-srbije-i-republike-indonezije\/#primaryimage"},"image":{"@id":"https:\/\/efilatelija.posta.rs\/product\/70-godina-diplomatskih-odnosa-republike-srbije-i-republike-indonezije\/#primaryimage"},"thumbnailUrl":"https:\/\/efilatelija.posta.rs\/wp-content\/uploads\/2024\/11\/801924.jpg","datePublished":"2024-11-04T09:17:16+00:00","dateModified":"2025-11-29T08:05:42+00:00","breadcrumb":{"@id":"https:\/\/efilatelija.posta.rs\/product\/70-godina-diplomatskih-odnosa-republike-srbije-i-republike-indonezije\/#breadcrumb"},"inLanguage":"en-GB","potentialAction":[{"@type":"ReadAction","target":["https:\/\/efilatelija.posta.rs\/product\/70-godina-diplomatskih-odnosa-republike-srbije-i-republike-indonezije\/"]}]},{"@type":"ImageObject","inLanguage":"en-GB","@id":"https:\/\/efilatelija.posta.rs\/product\/70-godina-diplomatskih-odnosa-republike-srbije-i-republike-indonezije\/#primaryimage","url":"https:\/\/efilatelija.posta.rs\/wp-content\/uploads\/2024\/11\/801924.jpg","contentUrl":"https:\/\/efilatelija.posta.rs\/wp-content\/uploads\/2024\/11\/801924.jpg","width":800,"height":800,"caption":"2024 70 \u0433\u043e\u0434\u0438\u043d\u0430 \u0434\u0438\u043f\u043b\u043e\u043c\u0430\u0442\u0441\u043a\u0438\u0445 \u043e\u0434\u043d\u043e\u0441\u0430 \u0420\u0435\u043f\u0443\u0431\u043b\u0438\u043a\u0435 \u0421\u0440\u0431\u0438\u0458\u0435 \u0438 \u0420\u0435\u043f\u0443\u0431\u043b\u0438\u043a\u0435 \u0418\u043d\u0434\u043e\u043d\u0435\u0437\u0438\u0458\u0435 \u043f\u0440\u0438\u0433\u043e\u0434\u043d\u0430 \u043f\u043e\u0448\u0442\u0430\u043d\u0441\u043a\u0430 \u043c\u0430\u0440\u043a\u0430"},{"@type":"BreadcrumbList","@id":"https:\/\/efilatelija.posta.rs\/product\/70-godina-diplomatskih-odnosa-republike-srbije-i-republike-indonezije\/#breadcrumb","itemListElement":[{"@type":"ListItem","position":1,"name":"\u041f\u0440\u043e\u0434\u0430\u0432\u043d\u0438\u0446\u0430","item":"https:\/\/efilatelija.posta.rs\/shop\/"},{"@type":"ListItem","position":2,"name":"70 \u0433\u043e\u0434\u0438\u043d\u0430 \u0434\u0438\u043f\u043b\u043e\u043c\u0430\u0442\u0441\u043a\u0438\u0445 \u043e\u0434\u043d\u043e\u0441\u0430 \u0420\u0435\u043f\u0443\u0431\u043b\u0438\u043a\u0435 \u0421\u0440\u0431\u0438\u0458\u0435 \u0438 \u0420\u0435\u043f\u0443\u0431\u043b\u0438\u043a\u0435 \u0418\u043d\u0434\u043e\u043d\u0435\u0437\u0438\u0458\u0435"}]},{"@type":"WebSite","@id":"https:\/\/efilatelija.posta.rs\/#website","url":"https:\/\/efilatelija.posta.rs\/","name":"ePhilately","description":"\u041f\u043e\u0448\u0442\u0430 \u0421\u0440\u0431\u0438\u0458\u0435 \u0434.\u043e.\u043e.","publisher":{"@id":"https:\/\/efilatelija.posta.rs\/#organization"},"potentialAction":[{"@type":"SearchAction","target":{"@type":"EntryPoint","urlTemplate":"https:\/\/efilatelija.posta.rs\/?s={search_term_string}"},"query-input":{"@type":"PropertyValueSpecification","valueRequired":true,"valueName":"search_term_string"}}],"inLanguage":"en-GB"},{"@type":"Organization","@id":"https:\/\/efilatelija.posta.rs\/#organization","name":"\u0435\u0424\u0438\u043b\u0430\u0442\u0435\u043b\u0438\u0458\u0430 - \u0408\u041f \u041f\u043e\u0448\u0442\u0430 \u0421\u0440\u0431\u0438\u0458\u0435","url":"https:\/\/efilatelija.posta.rs\/","logo":{"@type":"ImageObject","inLanguage":"en-GB","@id":"https:\/\/efilatelija.posta.rs\/#\/schema\/logo\/image\/","url":"https:\/\/efilatelija.posta.rs\/wp-content\/uploads\/2025\/01\/logo-posta-srbije-500x500-1.jpg","contentUrl":"https:\/\/efilatelija.posta.rs\/wp-content\/uploads\/2025\/01\/logo-posta-srbije-500x500-1.jpg","width":500,"height":500,"caption":"\u0435\u0424\u0438\u043b\u0430\u0442\u0435\u043b\u0438\u0458\u0430 - \u0408\u041f \u041f\u043e\u0448\u0442\u0430 \u0421\u0440\u0431\u0438\u0458\u0435"},"image":{"@id":"https:\/\/efilatelija.posta.rs\/#\/schema\/logo\/image\/"}}]}},"_links":{"self":[{"href":"https:\/\/efilatelija.posta.rs\/en\/wp-json\/wp\/v2\/product\/13842","targetHints":{"allow":["GET"]}}],"collection":[{"href":"https:\/\/efilatelija.posta.rs\/en\/wp-json\/wp\/v2\/product"}],"about":[{"href":"https:\/\/efilatelija.posta.rs\/en\/wp-json\/wp\/v2\/types\/product"}],"wp:featuredmedia":[{"embeddable":true,"href":"https:\/\/efilatelija.posta.rs\/en\/wp-json\/wp\/v2\/media\/13843"}],"wp:attachment":[{"href":"https:\/\/efilatelija.posta.rs\/en\/wp-json\/wp\/v2\/media?parent=13842"}],"wp:term":[{"taxonomy":"product_brand","embeddable":true,"href":"https:\/\/efilatelija.posta.rs\/en\/wp-json\/wp\/v2\/product_brand?post=13842"},{"taxonomy":"product_cat","embeddable":true,"href":"https:\/\/efilatelija.posta.rs\/en\/wp-json\/wp\/v2\/product_cat?post=13842"},{"taxonomy":"product_tag","embeddable":true,"href":"https:\/\/efilatelija.posta.rs\/en\/wp-json\/wp\/v2\/product_tag?post=13842"}],"curies":[{"name":"wp","href":"https:\/\/api.w.org\/{rel}","templated":true}]}}