{"id":13698,"date":"2024-10-15T12:14:14","date_gmt":"2024-10-15T11:14:14","guid":{"rendered":"https:\/\/efilatelija.posta.rs\/?post_type=product&#038;p=13698"},"modified":"2026-01-21T16:53:43","modified_gmt":"2026-01-21T15:53:43","slug":"100-godina-instituta-za-javno-zdravlje-srbije-dr-milan-jovanovic-batut","status":"publish","type":"product","link":"https:\/\/efilatelija.posta.rs\/en\/product\/100-godina-instituta-za-javno-zdravlje-srbije-dr-milan-jovanovic-batut\/","title":{"rendered":"100 years of the Institute of Public Health of Serbia \u201cDr Milan Jovanovi\u0107 Batut\u201d"},"content":{"rendered":"<p>On the initiative of doctor and university professor Milan Jovanovi\u0107 Batut, on May 13, 1919, the Permanent Epidemic Commission of the Ministry of Health was established and monitoring of hygienic conditions and infectious diseases organized in the Kingdom of SCS. The first president of the Commission was Dr Milan Jovanovi\u0107 Batut. This Commission grew into the Central Institute of Hygiene in 1924.<\/p>\n<p>After the Second World War, the Central Institute of Hygiene first became the Institute of Hygiene, and then the Institute for Healthcare of Serbia and took over the function of the republic's healthcare centre. In 1979, it became the Institute for Health Protection of Serbia, today the Institute of Public Health of Serbia.<\/p>\n<p>The initiator of the work of the future Institute, Professor Doctor Milan Jovanovi\u0107 Batut was born on October 10, 1847 in Sremski Karlovci. He attended secondary school in Pan\u010devo and Sremski Karlovci, and completed his medical studies in Vienna. He left a permanent mark in the history of the Serbian people, not only as the founder of the Faculty of Medicine and its first dean, but also as a dedicated scientific and social worker, whose life goal was medical education and raising healthcare awareness of the people. In numerous published works, he particularly emphasized the importance of family values, underlining that the family is the foundation of the strength and spirit of the people. For his entire life's work, he was awarded numerous decorations, among others the French Legion of Honour and the Order of the White Eagle. He was one of the most respected associates of \"Politika\" newspaper, the founder of the Serbian Literary Cooperative and an associate of Matica Srpska. He died in Belgrade on September 11, 1940. In his honour, since 1979, today's Institute of Public Health of Serbia proudly bears the name \"Dr Milan Jovanovi\u0107 Batut\".<\/p>\n<p>Professional cooperation: Institute of Public Health of Serbia \"Dr Milan Jovanovi\u0107 Batut\". Artistic realization: Miroslav Nikoli\u0107, Nade\u017eda Sko\u010daji\u0107, academic graphic artist.<\/p>","protected":false},"excerpt":{"rendered":"<h3>Commemorative postage stamps<\/h3>\n<p>Year of issue: <strong>2024<\/strong><\/p>","protected":false},"featured_media":13699,"template":"","meta":{"inline_featured_image":false,"pgc_sgb_lightbox_settings":""},"product_brand":[],"product_cat":[96,166,39,40],"product_tag":[],"class_list":{"0":"post-13698","1":"product","2":"type-product","3":"status-publish","4":"has-post-thumbnail","6":"product_cat-godina-izdanja","7":"product_cat-166","8":"product_cat-postanske-marke","9":"product_cat-prigodne-marke","10":"pa_godina-izdanja-167","11":"pa_tema-znamenite-licnosti","12":"pa_tema-nauka","14":"first","15":"instock","16":"shipping-taxable","17":"purchasable","18":"product-type-simple"},"yoast_head":"<!-- This site is optimized with the Yoast SEO plugin v26.8 - https:\/\/yoast.com\/product\/yoast-seo-wordpress\/ -->\n<title>100 \u0433\u043e\u0434\u0438\u043d\u0430 \u0418\u043d\u0441\u0442\u0438\u0442\u0443\u0442\u0430 \u0437\u0430 \u0458\u0430\u0432\u043d\u043e \u0437\u0434\u0440\u0430\u0432\u0459\u0435 \u0421\u0440\u0431\u0438\u0458\u0435 &quot;\u0414\u0440 \u041c\u0438\u043b\u0430\u043d \u0408\u043e\u0432\u0430\u043d\u043e\u0432\u0438\u045b \u0411\u0430\u0442\u0443\u0442&quot; - \u0435\u0424\u0438\u043b\u0430\u0442\u0435\u043b\u0438\u0458\u0430<\/title>\n<meta name=\"robots\" content=\"index, follow, max-snippet:-1, max-image-preview:large, max-video-preview:-1\" \/>\n<link rel=\"canonical\" href=\"https:\/\/efilatelija.posta.rs\/en\/product\/100-godina-instituta-za-javno-zdravlje-srbije-dr-milan-jovanovic-batut\/\" \/>\n<meta property=\"og:locale\" content=\"en_GB\" \/>\n<meta property=\"og:type\" content=\"article\" \/>\n<meta property=\"og:title\" content=\"100 \u0433\u043e\u0434\u0438\u043d\u0430 \u0418\u043d\u0441\u0442\u0438\u0442\u0443\u0442\u0430 \u0437\u0430 \u0458\u0430\u0432\u043d\u043e \u0437\u0434\u0440\u0430\u0432\u0459\u0435 \u0421\u0440\u0431\u0438\u0458\u0435 &quot;\u0414\u0440 \u041c\u0438\u043b\u0430\u043d \u0408\u043e\u0432\u0430\u043d\u043e\u0432\u0438\u045b \u0411\u0430\u0442\u0443\u0442&quot; - \u0435\u0424\u0438\u043b\u0430\u0442\u0435\u043b\u0438\u0458\u0430\" \/>\n<meta property=\"og:description\" content=\"\u041f\u0440\u0438\u0433\u043e\u0434\u043d\u0430 \u043f\u043e\u0448\u0442\u0430\u043d\u0441\u043a\u0430 \u043c\u0430\u0440\u043a\u0430 \u0413\u043e\u0434\u0438\u043d\u0430 \u0438\u0437\u0434\u0430\u045a\u0430: 2024\" \/>\n<meta property=\"og:url\" content=\"https:\/\/efilatelija.posta.rs\/en\/product\/100-godina-instituta-za-javno-zdravlje-srbije-dr-milan-jovanovic-batut\/\" \/>\n<meta property=\"og:site_name\" content=\"\u0435\u0424\u0438\u043b\u0430\u0442\u0435\u043b\u0438\u0458\u0430\" \/>\n<meta property=\"article:modified_time\" content=\"2026-01-21T15:53:43+00:00\" \/>\n<meta property=\"og:image\" content=\"https:\/\/efilatelija.posta.rs\/wp-content\/uploads\/2024\/10\/801919.jpg\" \/>\n\t<meta property=\"og:image:width\" content=\"800\" \/>\n\t<meta property=\"og:image:height\" content=\"800\" \/>\n\t<meta property=\"og:image:type\" content=\"image\/jpeg\" \/>\n<meta name=\"twitter:card\" content=\"summary_large_image\" \/>\n<meta name=\"twitter:label1\" content=\"Estimated reading time\" \/>\n\t<meta name=\"twitter:data1\" content=\"2 minutes\" \/>\n<script type=\"application\/ld+json\" class=\"yoast-schema-graph\">{\"@context\":\"https:\/\/schema.org\",\"@graph\":[{\"@type\":\"WebPage\",\"@id\":\"https:\/\/efilatelija.posta.rs\/product\/100-godina-instituta-za-javno-zdravlje-srbije-dr-milan-jovanovic-batut\/\",\"url\":\"https:\/\/efilatelija.posta.rs\/product\/100-godina-instituta-za-javno-zdravlje-srbije-dr-milan-jovanovic-batut\/\",\"name\":\"100 \u0433\u043e\u0434\u0438\u043d\u0430 \u0418\u043d\u0441\u0442\u0438\u0442\u0443\u0442\u0430 \u0437\u0430 \u0458\u0430\u0432\u043d\u043e \u0437\u0434\u0440\u0430\u0432\u0459\u0435 \u0421\u0440\u0431\u0438\u0458\u0435 \\\"\u0414\u0440 \u041c\u0438\u043b\u0430\u043d \u0408\u043e\u0432\u0430\u043d\u043e\u0432\u0438\u045b \u0411\u0430\u0442\u0443\u0442\\\" - \u0435\u0424\u0438\u043b\u0430\u0442\u0435\u043b\u0438\u0458\u0430\",\"isPartOf\":{\"@id\":\"https:\/\/efilatelija.posta.rs\/#website\"},\"primaryImageOfPage\":{\"@id\":\"https:\/\/efilatelija.posta.rs\/product\/100-godina-instituta-za-javno-zdravlje-srbije-dr-milan-jovanovic-batut\/#primaryimage\"},\"image\":{\"@id\":\"https:\/\/efilatelija.posta.rs\/product\/100-godina-instituta-za-javno-zdravlje-srbije-dr-milan-jovanovic-batut\/#primaryimage\"},\"thumbnailUrl\":\"https:\/\/efilatelija.posta.rs\/wp-content\/uploads\/2024\/10\/801919.jpg\",\"datePublished\":\"2024-10-15T11:14:14+00:00\",\"dateModified\":\"2026-01-21T15:53:43+00:00\",\"breadcrumb\":{\"@id\":\"https:\/\/efilatelija.posta.rs\/product\/100-godina-instituta-za-javno-zdravlje-srbije-dr-milan-jovanovic-batut\/#breadcrumb\"},\"inLanguage\":\"en-GB\",\"potentialAction\":[{\"@type\":\"ReadAction\",\"target\":[\"https:\/\/efilatelija.posta.rs\/product\/100-godina-instituta-za-javno-zdravlje-srbije-dr-milan-jovanovic-batut\/\"]}]},{\"@type\":\"ImageObject\",\"inLanguage\":\"en-GB\",\"@id\":\"https:\/\/efilatelija.posta.rs\/product\/100-godina-instituta-za-javno-zdravlje-srbije-dr-milan-jovanovic-batut\/#primaryimage\",\"url\":\"https:\/\/efilatelija.posta.rs\/wp-content\/uploads\/2024\/10\/801919.jpg\",\"contentUrl\":\"https:\/\/efilatelija.posta.rs\/wp-content\/uploads\/2024\/10\/801919.jpg\",\"width\":800,\"height\":800,\"caption\":\"2024 100 \u0433\u043e\u0434\u0438\u043d\u0430 \u0418\u043d\u0441\u0442\u0438\u0442\u0443\u0442\u0430 \u0437\u0430 \u0458\u0430\u0432\u043d\u043e \u0437\u0434\u0440\u0430\u0432\u0459\u0435 \u0421\u0440\u0431\u0438\u0458\u0435 \\\"\u0414\u0440 \u041c\u0438\u043b\u0430\u043d \u0408\u043e\u0432\u0430\u043d\u043e\u0432\u0438\u045b \u0411\u0430\u0442\u0443\u0442\\\" \u043f\u0440\u0438\u0433\u043e\u0434\u043d\u0430 \u043f\u043e\u0448\u0442\u0430\u043d\u0441\u043a\u0430 \u043c\u0430\u0440\u043a\u0430\"},{\"@type\":\"BreadcrumbList\",\"@id\":\"https:\/\/efilatelija.posta.rs\/product\/100-godina-instituta-za-javno-zdravlje-srbije-dr-milan-jovanovic-batut\/#breadcrumb\",\"itemListElement\":[{\"@type\":\"ListItem\",\"position\":1,\"name\":\"\u041f\u0440\u043e\u0434\u0430\u0432\u043d\u0438\u0446\u0430\",\"item\":\"https:\/\/efilatelija.posta.rs\/shop\/\"},{\"@type\":\"ListItem\",\"position\":2,\"name\":\"100 \u0433\u043e\u0434\u0438\u043d\u0430 \u0418\u043d\u0441\u0442\u0438\u0442\u0443\u0442\u0430 \u0437\u0430 \u0458\u0430\u0432\u043d\u043e \u0437\u0434\u0440\u0430\u0432\u0459\u0435 \u0421\u0440\u0431\u0438\u0458\u0435 &#8220;\u0414\u0440 \u041c\u0438\u043b\u0430\u043d \u0408\u043e\u0432\u0430\u043d\u043e\u0432\u0438\u045b \u0411\u0430\u0442\u0443\u0442&#8221;\"}]},{\"@type\":\"WebSite\",\"@id\":\"https:\/\/efilatelija.posta.rs\/#website\",\"url\":\"https:\/\/efilatelija.posta.rs\/\",\"name\":\"\u0435\u0424\u0438\u043b\u0430\u0442\u0435\u043b\u0438\u0458\u0430\",\"description\":\"\u041f\u043e\u0448\u0442\u0430 \u0421\u0440\u0431\u0438\u0458\u0435 \u0434.\u043e.\u043e.\",\"publisher\":{\"@id\":\"https:\/\/efilatelija.posta.rs\/#organization\"},\"potentialAction\":[{\"@type\":\"SearchAction\",\"target\":{\"@type\":\"EntryPoint\",\"urlTemplate\":\"https:\/\/efilatelija.posta.rs\/?s={search_term_string}\"},\"query-input\":{\"@type\":\"PropertyValueSpecification\",\"valueRequired\":true,\"valueName\":\"search_term_string\"}}],\"inLanguage\":\"en-GB\"},{\"@type\":\"Organization\",\"@id\":\"https:\/\/efilatelija.posta.rs\/#organization\",\"name\":\"\u0435\u0424\u0438\u043b\u0430\u0442\u0435\u043b\u0438\u0458\u0430 - \u0408\u041f \u041f\u043e\u0448\u0442\u0430 \u0421\u0440\u0431\u0438\u0458\u0435\",\"url\":\"https:\/\/efilatelija.posta.rs\/\",\"logo\":{\"@type\":\"ImageObject\",\"inLanguage\":\"en-GB\",\"@id\":\"https:\/\/efilatelija.posta.rs\/#\/schema\/logo\/image\/\",\"url\":\"https:\/\/efilatelija.posta.rs\/wp-content\/uploads\/2025\/01\/logo-posta-srbije-500x500-1.jpg\",\"contentUrl\":\"https:\/\/efilatelija.posta.rs\/wp-content\/uploads\/2025\/01\/logo-posta-srbije-500x500-1.jpg\",\"width\":500,\"height\":500,\"caption\":\"\u0435\u0424\u0438\u043b\u0430\u0442\u0435\u043b\u0438\u0458\u0430 - \u0408\u041f \u041f\u043e\u0448\u0442\u0430 \u0421\u0440\u0431\u0438\u0458\u0435\"},\"image\":{\"@id\":\"https:\/\/efilatelija.posta.rs\/#\/schema\/logo\/image\/\"}}]}<\/script>\n<!-- \/ Yoast SEO plugin. -->","yoast_head_json":{"title":"100 \u0433\u043e\u0434\u0438\u043d\u0430 \u0418\u043d\u0441\u0442\u0438\u0442\u0443\u0442\u0430 \u0437\u0430 \u0458\u0430\u0432\u043d\u043e \u0437\u0434\u0440\u0430\u0432\u0459\u0435 \u0421\u0440\u0431\u0438\u0458\u0435 \"\u0414\u0440 \u041c\u0438\u043b\u0430\u043d \u0408\u043e\u0432\u0430\u043d\u043e\u0432\u0438\u045b \u0411\u0430\u0442\u0443\u0442\" - \u0435\u0424\u0438\u043b\u0430\u0442\u0435\u043b\u0438\u0458\u0430","robots":{"index":"index","follow":"follow","max-snippet":"max-snippet:-1","max-image-preview":"max-image-preview:large","max-video-preview":"max-video-preview:-1"},"canonical":"https:\/\/efilatelija.posta.rs\/en\/product\/100-godina-instituta-za-javno-zdravlje-srbije-dr-milan-jovanovic-batut\/","og_locale":"en_GB","og_type":"article","og_title":"100 \u0433\u043e\u0434\u0438\u043d\u0430 \u0418\u043d\u0441\u0442\u0438\u0442\u0443\u0442\u0430 \u0437\u0430 \u0458\u0430\u0432\u043d\u043e \u0437\u0434\u0440\u0430\u0432\u0459\u0435 \u0421\u0440\u0431\u0438\u0458\u0435 \"\u0414\u0440 \u041c\u0438\u043b\u0430\u043d \u0408\u043e\u0432\u0430\u043d\u043e\u0432\u0438\u045b \u0411\u0430\u0442\u0443\u0442\" - \u0435\u0424\u0438\u043b\u0430\u0442\u0435\u043b\u0438\u0458\u0430","og_description":"\u041f\u0440\u0438\u0433\u043e\u0434\u043d\u0430 \u043f\u043e\u0448\u0442\u0430\u043d\u0441\u043a\u0430 \u043c\u0430\u0440\u043a\u0430 \u0413\u043e\u0434\u0438\u043d\u0430 \u0438\u0437\u0434\u0430\u045a\u0430: 2024","og_url":"https:\/\/efilatelija.posta.rs\/en\/product\/100-godina-instituta-za-javno-zdravlje-srbije-dr-milan-jovanovic-batut\/","og_site_name":"\u0435\u0424\u0438\u043b\u0430\u0442\u0435\u043b\u0438\u0458\u0430","article_modified_time":"2026-01-21T15:53:43+00:00","og_image":[{"width":800,"height":800,"url":"https:\/\/efilatelija.posta.rs\/wp-content\/uploads\/2024\/10\/801919.jpg","type":"image\/jpeg"}],"twitter_card":"summary_large_image","twitter_misc":{"Estimated reading time":"2 minutes"},"schema":{"@context":"https:\/\/schema.org","@graph":[{"@type":"WebPage","@id":"https:\/\/efilatelija.posta.rs\/product\/100-godina-instituta-za-javno-zdravlje-srbije-dr-milan-jovanovic-batut\/","url":"https:\/\/efilatelija.posta.rs\/product\/100-godina-instituta-za-javno-zdravlje-srbije-dr-milan-jovanovic-batut\/","name":"100 \u0433\u043e\u0434\u0438\u043d\u0430 \u0418\u043d\u0441\u0442\u0438\u0442\u0443\u0442\u0430 \u0437\u0430 \u0458\u0430\u0432\u043d\u043e \u0437\u0434\u0440\u0430\u0432\u0459\u0435 \u0421\u0440\u0431\u0438\u0458\u0435 \"\u0414\u0440 \u041c\u0438\u043b\u0430\u043d \u0408\u043e\u0432\u0430\u043d\u043e\u0432\u0438\u045b \u0411\u0430\u0442\u0443\u0442\" - \u0435\u0424\u0438\u043b\u0430\u0442\u0435\u043b\u0438\u0458\u0430","isPartOf":{"@id":"https:\/\/efilatelija.posta.rs\/#website"},"primaryImageOfPage":{"@id":"https:\/\/efilatelija.posta.rs\/product\/100-godina-instituta-za-javno-zdravlje-srbije-dr-milan-jovanovic-batut\/#primaryimage"},"image":{"@id":"https:\/\/efilatelija.posta.rs\/product\/100-godina-instituta-za-javno-zdravlje-srbije-dr-milan-jovanovic-batut\/#primaryimage"},"thumbnailUrl":"https:\/\/efilatelija.posta.rs\/wp-content\/uploads\/2024\/10\/801919.jpg","datePublished":"2024-10-15T11:14:14+00:00","dateModified":"2026-01-21T15:53:43+00:00","breadcrumb":{"@id":"https:\/\/efilatelija.posta.rs\/product\/100-godina-instituta-za-javno-zdravlje-srbije-dr-milan-jovanovic-batut\/#breadcrumb"},"inLanguage":"en-GB","potentialAction":[{"@type":"ReadAction","target":["https:\/\/efilatelija.posta.rs\/product\/100-godina-instituta-za-javno-zdravlje-srbije-dr-milan-jovanovic-batut\/"]}]},{"@type":"ImageObject","inLanguage":"en-GB","@id":"https:\/\/efilatelija.posta.rs\/product\/100-godina-instituta-za-javno-zdravlje-srbije-dr-milan-jovanovic-batut\/#primaryimage","url":"https:\/\/efilatelija.posta.rs\/wp-content\/uploads\/2024\/10\/801919.jpg","contentUrl":"https:\/\/efilatelija.posta.rs\/wp-content\/uploads\/2024\/10\/801919.jpg","width":800,"height":800,"caption":"2024 100 \u0433\u043e\u0434\u0438\u043d\u0430 \u0418\u043d\u0441\u0442\u0438\u0442\u0443\u0442\u0430 \u0437\u0430 \u0458\u0430\u0432\u043d\u043e \u0437\u0434\u0440\u0430\u0432\u0459\u0435 \u0421\u0440\u0431\u0438\u0458\u0435 \"\u0414\u0440 \u041c\u0438\u043b\u0430\u043d \u0408\u043e\u0432\u0430\u043d\u043e\u0432\u0438\u045b \u0411\u0430\u0442\u0443\u0442\" \u043f\u0440\u0438\u0433\u043e\u0434\u043d\u0430 \u043f\u043e\u0448\u0442\u0430\u043d\u0441\u043a\u0430 \u043c\u0430\u0440\u043a\u0430"},{"@type":"BreadcrumbList","@id":"https:\/\/efilatelija.posta.rs\/product\/100-godina-instituta-za-javno-zdravlje-srbije-dr-milan-jovanovic-batut\/#breadcrumb","itemListElement":[{"@type":"ListItem","position":1,"name":"\u041f\u0440\u043e\u0434\u0430\u0432\u043d\u0438\u0446\u0430","item":"https:\/\/efilatelija.posta.rs\/shop\/"},{"@type":"ListItem","position":2,"name":"100 \u0433\u043e\u0434\u0438\u043d\u0430 \u0418\u043d\u0441\u0442\u0438\u0442\u0443\u0442\u0430 \u0437\u0430 \u0458\u0430\u0432\u043d\u043e \u0437\u0434\u0440\u0430\u0432\u0459\u0435 \u0421\u0440\u0431\u0438\u0458\u0435 &#8220;\u0414\u0440 \u041c\u0438\u043b\u0430\u043d \u0408\u043e\u0432\u0430\u043d\u043e\u0432\u0438\u045b \u0411\u0430\u0442\u0443\u0442&#8221;"}]},{"@type":"WebSite","@id":"https:\/\/efilatelija.posta.rs\/#website","url":"https:\/\/efilatelija.posta.rs\/","name":"ePhilately","description":"\u041f\u043e\u0448\u0442\u0430 \u0421\u0440\u0431\u0438\u0458\u0435 \u0434.\u043e.\u043e.","publisher":{"@id":"https:\/\/efilatelija.posta.rs\/#organization"},"potentialAction":[{"@type":"SearchAction","target":{"@type":"EntryPoint","urlTemplate":"https:\/\/efilatelija.posta.rs\/?s={search_term_string}"},"query-input":{"@type":"PropertyValueSpecification","valueRequired":true,"valueName":"search_term_string"}}],"inLanguage":"en-GB"},{"@type":"Organization","@id":"https:\/\/efilatelija.posta.rs\/#organization","name":"\u0435\u0424\u0438\u043b\u0430\u0442\u0435\u043b\u0438\u0458\u0430 - \u0408\u041f \u041f\u043e\u0448\u0442\u0430 \u0421\u0440\u0431\u0438\u0458\u0435","url":"https:\/\/efilatelija.posta.rs\/","logo":{"@type":"ImageObject","inLanguage":"en-GB","@id":"https:\/\/efilatelija.posta.rs\/#\/schema\/logo\/image\/","url":"https:\/\/efilatelija.posta.rs\/wp-content\/uploads\/2025\/01\/logo-posta-srbije-500x500-1.jpg","contentUrl":"https:\/\/efilatelija.posta.rs\/wp-content\/uploads\/2025\/01\/logo-posta-srbije-500x500-1.jpg","width":500,"height":500,"caption":"\u0435\u0424\u0438\u043b\u0430\u0442\u0435\u043b\u0438\u0458\u0430 - \u0408\u041f \u041f\u043e\u0448\u0442\u0430 \u0421\u0440\u0431\u0438\u0458\u0435"},"image":{"@id":"https:\/\/efilatelija.posta.rs\/#\/schema\/logo\/image\/"}}]}},"_links":{"self":[{"href":"https:\/\/efilatelija.posta.rs\/en\/wp-json\/wp\/v2\/product\/13698","targetHints":{"allow":["GET"]}}],"collection":[{"href":"https:\/\/efilatelija.posta.rs\/en\/wp-json\/wp\/v2\/product"}],"about":[{"href":"https:\/\/efilatelija.posta.rs\/en\/wp-json\/wp\/v2\/types\/product"}],"wp:featuredmedia":[{"embeddable":true,"href":"https:\/\/efilatelija.posta.rs\/en\/wp-json\/wp\/v2\/media\/13699"}],"wp:attachment":[{"href":"https:\/\/efilatelija.posta.rs\/en\/wp-json\/wp\/v2\/media?parent=13698"}],"wp:term":[{"taxonomy":"product_brand","embeddable":true,"href":"https:\/\/efilatelija.posta.rs\/en\/wp-json\/wp\/v2\/product_brand?post=13698"},{"taxonomy":"product_cat","embeddable":true,"href":"https:\/\/efilatelija.posta.rs\/en\/wp-json\/wp\/v2\/product_cat?post=13698"},{"taxonomy":"product_tag","embeddable":true,"href":"https:\/\/efilatelija.posta.rs\/en\/wp-json\/wp\/v2\/product_tag?post=13698"}],"curies":[{"name":"wp","href":"https:\/\/api.w.org\/{rel}","templated":true}]}}