{"id":13538,"date":"2024-09-12T12:35:12","date_gmt":"2024-09-12T11:35:12","guid":{"rendered":"https:\/\/efilatelija.posta.rs\/?post_type=product&#038;p=13538"},"modified":"2026-03-09T09:22:09","modified_gmt":"2026-03-09T08:22:09","slug":"140-godina-izgradnje-zeleznicke-infrastrukture-u-srbiji","status":"publish","type":"product","link":"https:\/\/efilatelija.posta.rs\/en\/product\/140-godina-izgradnje-zeleznicke-infrastrukture-u-srbiji\/","title":{"rendered":"140 years of railway infrastructure construction in Serbia"},"content":{"rendered":"<p>The first half of the 19<sup>th<\/sup> century brought to Europe intensive economic development, industrial and civil revolution throughout the continent, struggles for the liberation of peoples and the emergence of new states.<\/p>\n<p>After the Berlin Congress, which confirmed the independence of Serbia as an independent state and expanded its borders, intensive work began on the implementation of plans for the development of railway traffic, which primarily involved the connection between the Austro-Hungarian Empire and the Ottoman Empire through the territory of the Principality of Serbia, in which the young state saw its strategic interest, since Austria\u2013Hungary undertook to connect its railway network with the planned first Serbian railway near Belgrade, via the Sava bridge.<\/p>\n<p>The agreement signed by the two countries stipulated 1883 as the deadline for the completion of the construction of the first Serbian railway. Works on the construction of railway infrastructure in Serbia were led by the Ministry of Construction headed by Minister Jevrem Gudovi\u0107. At the big ceremony held on the occasion of the start of the construction works, on July 3, 1881, in the presence of members of the Government, the state leadership and a large number of dignitaries, near today\u2019s Mostar interchange in Belgrade, Prince Milan Obrenovi\u0107 used a silver pickaxe to symbolize laying of the foundation for the first Serbian railway on the route Belgrade\u2013Ni\u0161.<\/p>\n<p>The construction of the railway began in the Principality of Serbia, and the first train ran through the new railway, 243 kilometres long, in the Kingdom of Serbia, because Serbia had become a kingdom in the meantime. The first, ceremonial train, left Belgrade for Ni\u0161 on September 4, 1884. Regular railway traffic began operating on September 15 of the same year.<\/p>\n<p>Serbian Railways celebrates this day every year as Railway Day.<\/p>\n<p>Motifs: portraits of King Milan Obrenovi\u0107 and Minister Jevrem Gudovi\u0107; facsimile of the timetable of the first ceremonial train from August 23, 1884; the \u201cWinged wheel\u201d symbol and an illustration from a framed tableau from the permanent exhibition \u201cTrain engineers of the Ni\u0161 boiler room 1884\u20131910\u201d; railway pocket watch \u201cZenit\u201d, 1884; sound signalling device \u2013 a whistle; photographs \u201cRailway construction in the Si\u0107evo Gorge\u201d, \u201cRalja Viaduct on railway route Belgrade\u2013Vranje\u201d (1885) and \u201cViaduct Veliki potok, on the railway route Belgrade\u2013Vranje\u201d (1885) and a map of the railway route Belgrade\u2013Ni\u0161.<\/p>\n<p>Professional cooperation and material for motifs: Railway Museum as part of Serbian Railways<\/p>\n<p>Artistic realization: Miroslav Nikoli\u0107 and Nade\u017eda Sko\u010daji\u0107, academic graphic artist<\/p>","protected":false},"excerpt":{"rendered":"<h3>Commemorative postage stamps<\/h3>\n<p>Year of issue: <strong>2024<\/strong><\/p>","protected":false},"featured_media":13539,"template":"","meta":{"inline_featured_image":false,"pgc_sgb_lightbox_settings":""},"product_brand":[],"product_cat":[96,166,40],"product_tag":[],"class_list":{"0":"post-13538","1":"product","2":"type-product","3":"status-publish","4":"has-post-thumbnail","6":"product_cat-godina-izdanja","7":"product_cat-166","8":"product_cat-prigodne-marke","9":"pa_godina-izdanja-167","11":"first","12":"instock","13":"shipping-taxable","14":"purchasable","15":"product-type-simple"},"yoast_head":"<!-- This site is optimized with the Yoast SEO plugin v26.8 - https:\/\/yoast.com\/product\/yoast-seo-wordpress\/ -->\n<title>140 \u0433\u043e\u0434\u0438\u043d\u0430 \u0438\u0437\u0433\u0440\u0430\u0434\u045a\u0435 \u0436\u0435\u043b\u0435\u0437\u043d\u0438\u0447\u043a\u0435 \u0438\u043d\u0444\u0440\u0430\u0441\u0442\u0440\u0443\u043a\u0442\u0443\u0440\u0435 \u0443 \u0421\u0440\u0431\u0438\u0458\u0438 - \u0435\u0424\u0438\u043b\u0430\u0442\u0435\u043b\u0438\u0458\u0430<\/title>\n<meta name=\"robots\" content=\"index, follow, max-snippet:-1, max-image-preview:large, max-video-preview:-1\" \/>\n<link rel=\"canonical\" href=\"https:\/\/efilatelija.posta.rs\/en\/product\/140-godina-izgradnje-zeleznicke-infrastrukture-u-srbiji\/\" \/>\n<meta property=\"og:locale\" content=\"en_GB\" \/>\n<meta property=\"og:type\" content=\"article\" \/>\n<meta property=\"og:title\" content=\"140 \u0433\u043e\u0434\u0438\u043d\u0430 \u0438\u0437\u0433\u0440\u0430\u0434\u045a\u0435 \u0436\u0435\u043b\u0435\u0437\u043d\u0438\u0447\u043a\u0435 \u0438\u043d\u0444\u0440\u0430\u0441\u0442\u0440\u0443\u043a\u0442\u0443\u0440\u0435 \u0443 \u0421\u0440\u0431\u0438\u0458\u0438 - \u0435\u0424\u0438\u043b\u0430\u0442\u0435\u043b\u0438\u0458\u0430\" \/>\n<meta property=\"og:description\" content=\"\u041f\u0440\u0438\u0433\u043e\u0434\u043d\u0430 \u043f\u043e\u0448\u0442\u0430\u043d\u0441\u043a\u0430 \u043c\u0430\u0440\u043a\u0430 \u0413\u043e\u0434\u0438\u043d\u0430 \u0438\u0437\u0434\u0430\u045a\u0430: 2024\" \/>\n<meta property=\"og:url\" content=\"https:\/\/efilatelija.posta.rs\/en\/product\/140-godina-izgradnje-zeleznicke-infrastrukture-u-srbiji\/\" \/>\n<meta property=\"og:site_name\" content=\"\u0435\u0424\u0438\u043b\u0430\u0442\u0435\u043b\u0438\u0458\u0430\" \/>\n<meta property=\"article:modified_time\" content=\"2026-03-09T08:22:09+00:00\" \/>\n<meta property=\"og:image\" content=\"https:\/\/efilatelija.posta.rs\/wp-content\/uploads\/2024\/09\/801918.jpg\" \/>\n\t<meta property=\"og:image:width\" content=\"800\" \/>\n\t<meta property=\"og:image:height\" content=\"800\" \/>\n\t<meta property=\"og:image:type\" content=\"image\/jpeg\" \/>\n<meta name=\"twitter:card\" content=\"summary_large_image\" \/>\n<meta name=\"twitter:label1\" content=\"Estimated reading time\" \/>\n\t<meta name=\"twitter:data1\" content=\"2 minutes\" \/>\n<script type=\"application\/ld+json\" class=\"yoast-schema-graph\">{\"@context\":\"https:\/\/schema.org\",\"@graph\":[{\"@type\":\"WebPage\",\"@id\":\"https:\/\/efilatelija.posta.rs\/product\/140-godina-izgradnje-zeleznicke-infrastrukture-u-srbiji\/\",\"url\":\"https:\/\/efilatelija.posta.rs\/product\/140-godina-izgradnje-zeleznicke-infrastrukture-u-srbiji\/\",\"name\":\"140 \u0433\u043e\u0434\u0438\u043d\u0430 \u0438\u0437\u0433\u0440\u0430\u0434\u045a\u0435 \u0436\u0435\u043b\u0435\u0437\u043d\u0438\u0447\u043a\u0435 \u0438\u043d\u0444\u0440\u0430\u0441\u0442\u0440\u0443\u043a\u0442\u0443\u0440\u0435 \u0443 \u0421\u0440\u0431\u0438\u0458\u0438 - \u0435\u0424\u0438\u043b\u0430\u0442\u0435\u043b\u0438\u0458\u0430\",\"isPartOf\":{\"@id\":\"https:\/\/efilatelija.posta.rs\/#website\"},\"primaryImageOfPage\":{\"@id\":\"https:\/\/efilatelija.posta.rs\/product\/140-godina-izgradnje-zeleznicke-infrastrukture-u-srbiji\/#primaryimage\"},\"image\":{\"@id\":\"https:\/\/efilatelija.posta.rs\/product\/140-godina-izgradnje-zeleznicke-infrastrukture-u-srbiji\/#primaryimage\"},\"thumbnailUrl\":\"https:\/\/efilatelija.posta.rs\/wp-content\/uploads\/2024\/09\/801918.jpg\",\"datePublished\":\"2024-09-12T11:35:12+00:00\",\"dateModified\":\"2026-03-09T08:22:09+00:00\",\"breadcrumb\":{\"@id\":\"https:\/\/efilatelija.posta.rs\/product\/140-godina-izgradnje-zeleznicke-infrastrukture-u-srbiji\/#breadcrumb\"},\"inLanguage\":\"en-GB\",\"potentialAction\":[{\"@type\":\"ReadAction\",\"target\":[\"https:\/\/efilatelija.posta.rs\/product\/140-godina-izgradnje-zeleznicke-infrastrukture-u-srbiji\/\"]}]},{\"@type\":\"ImageObject\",\"inLanguage\":\"en-GB\",\"@id\":\"https:\/\/efilatelija.posta.rs\/product\/140-godina-izgradnje-zeleznicke-infrastrukture-u-srbiji\/#primaryimage\",\"url\":\"https:\/\/efilatelija.posta.rs\/wp-content\/uploads\/2024\/09\/801918.jpg\",\"contentUrl\":\"https:\/\/efilatelija.posta.rs\/wp-content\/uploads\/2024\/09\/801918.jpg\",\"width\":800,\"height\":800,\"caption\":\"2024 140 \u0433\u043e\u0434\u0438\u043d\u0430 \u043e\u0434 \u0438\u0437\u0433\u0440\u0430\u0434\u045a\u0435 \u0436\u0435\u043b\u0435\u0437\u043d\u0438\u0447\u043a\u0435 \u0438\u043d\u0444\u0440\u0430\u0441\u0442\u0440\u0443\u043a\u0442\u0443\u0440\u0435 \u0443 \u0421\u0440\u0431\u0438\u0458\u0438 \u043f\u0440\u0438\u0433\u043e\u0434\u043d\u0430 \u043f\u043e\u0448\u0442\u0430\u043d\u0441\u043a\u0430 \u043c\u0430\u0440\u043a\u0430\"},{\"@type\":\"BreadcrumbList\",\"@id\":\"https:\/\/efilatelija.posta.rs\/product\/140-godina-izgradnje-zeleznicke-infrastrukture-u-srbiji\/#breadcrumb\",\"itemListElement\":[{\"@type\":\"ListItem\",\"position\":1,\"name\":\"\u041f\u0440\u043e\u0434\u0430\u0432\u043d\u0438\u0446\u0430\",\"item\":\"https:\/\/efilatelija.posta.rs\/shop\/\"},{\"@type\":\"ListItem\",\"position\":2,\"name\":\"140 \u0433\u043e\u0434\u0438\u043d\u0430 \u0438\u0437\u0433\u0440\u0430\u0434\u045a\u0435 \u0436\u0435\u043b\u0435\u0437\u043d\u0438\u0447\u043a\u0435 \u0438\u043d\u0444\u0440\u0430\u0441\u0442\u0440\u0443\u043a\u0442\u0443\u0440\u0435 \u0443 \u0421\u0440\u0431\u0438\u0458\u0438\"}]},{\"@type\":\"WebSite\",\"@id\":\"https:\/\/efilatelija.posta.rs\/#website\",\"url\":\"https:\/\/efilatelija.posta.rs\/\",\"name\":\"\u0435\u0424\u0438\u043b\u0430\u0442\u0435\u043b\u0438\u0458\u0430\",\"description\":\"\u041f\u043e\u0448\u0442\u0430 \u0421\u0440\u0431\u0438\u0458\u0435 \u0434.\u043e.\u043e.\",\"publisher\":{\"@id\":\"https:\/\/efilatelija.posta.rs\/#organization\"},\"potentialAction\":[{\"@type\":\"SearchAction\",\"target\":{\"@type\":\"EntryPoint\",\"urlTemplate\":\"https:\/\/efilatelija.posta.rs\/?s={search_term_string}\"},\"query-input\":{\"@type\":\"PropertyValueSpecification\",\"valueRequired\":true,\"valueName\":\"search_term_string\"}}],\"inLanguage\":\"en-GB\"},{\"@type\":\"Organization\",\"@id\":\"https:\/\/efilatelija.posta.rs\/#organization\",\"name\":\"\u0435\u0424\u0438\u043b\u0430\u0442\u0435\u043b\u0438\u0458\u0430 - \u0408\u041f \u041f\u043e\u0448\u0442\u0430 \u0421\u0440\u0431\u0438\u0458\u0435\",\"url\":\"https:\/\/efilatelija.posta.rs\/\",\"logo\":{\"@type\":\"ImageObject\",\"inLanguage\":\"en-GB\",\"@id\":\"https:\/\/efilatelija.posta.rs\/#\/schema\/logo\/image\/\",\"url\":\"https:\/\/efilatelija.posta.rs\/wp-content\/uploads\/2025\/01\/logo-posta-srbije-500x500-1.jpg\",\"contentUrl\":\"https:\/\/efilatelija.posta.rs\/wp-content\/uploads\/2025\/01\/logo-posta-srbije-500x500-1.jpg\",\"width\":500,\"height\":500,\"caption\":\"\u0435\u0424\u0438\u043b\u0430\u0442\u0435\u043b\u0438\u0458\u0430 - \u0408\u041f \u041f\u043e\u0448\u0442\u0430 \u0421\u0440\u0431\u0438\u0458\u0435\"},\"image\":{\"@id\":\"https:\/\/efilatelija.posta.rs\/#\/schema\/logo\/image\/\"}}]}<\/script>\n<!-- \/ Yoast SEO plugin. -->","yoast_head_json":{"title":"140 \u0433\u043e\u0434\u0438\u043d\u0430 \u0438\u0437\u0433\u0440\u0430\u0434\u045a\u0435 \u0436\u0435\u043b\u0435\u0437\u043d\u0438\u0447\u043a\u0435 \u0438\u043d\u0444\u0440\u0430\u0441\u0442\u0440\u0443\u043a\u0442\u0443\u0440\u0435 \u0443 \u0421\u0440\u0431\u0438\u0458\u0438 - \u0435\u0424\u0438\u043b\u0430\u0442\u0435\u043b\u0438\u0458\u0430","robots":{"index":"index","follow":"follow","max-snippet":"max-snippet:-1","max-image-preview":"max-image-preview:large","max-video-preview":"max-video-preview:-1"},"canonical":"https:\/\/efilatelija.posta.rs\/en\/product\/140-godina-izgradnje-zeleznicke-infrastrukture-u-srbiji\/","og_locale":"en_GB","og_type":"article","og_title":"140 \u0433\u043e\u0434\u0438\u043d\u0430 \u0438\u0437\u0433\u0440\u0430\u0434\u045a\u0435 \u0436\u0435\u043b\u0435\u0437\u043d\u0438\u0447\u043a\u0435 \u0438\u043d\u0444\u0440\u0430\u0441\u0442\u0440\u0443\u043a\u0442\u0443\u0440\u0435 \u0443 \u0421\u0440\u0431\u0438\u0458\u0438 - \u0435\u0424\u0438\u043b\u0430\u0442\u0435\u043b\u0438\u0458\u0430","og_description":"\u041f\u0440\u0438\u0433\u043e\u0434\u043d\u0430 \u043f\u043e\u0448\u0442\u0430\u043d\u0441\u043a\u0430 \u043c\u0430\u0440\u043a\u0430 \u0413\u043e\u0434\u0438\u043d\u0430 \u0438\u0437\u0434\u0430\u045a\u0430: 2024","og_url":"https:\/\/efilatelija.posta.rs\/en\/product\/140-godina-izgradnje-zeleznicke-infrastrukture-u-srbiji\/","og_site_name":"\u0435\u0424\u0438\u043b\u0430\u0442\u0435\u043b\u0438\u0458\u0430","article_modified_time":"2026-03-09T08:22:09+00:00","og_image":[{"width":800,"height":800,"url":"https:\/\/efilatelija.posta.rs\/wp-content\/uploads\/2024\/09\/801918.jpg","type":"image\/jpeg"}],"twitter_card":"summary_large_image","twitter_misc":{"Estimated reading time":"2 minutes"},"schema":{"@context":"https:\/\/schema.org","@graph":[{"@type":"WebPage","@id":"https:\/\/efilatelija.posta.rs\/product\/140-godina-izgradnje-zeleznicke-infrastrukture-u-srbiji\/","url":"https:\/\/efilatelija.posta.rs\/product\/140-godina-izgradnje-zeleznicke-infrastrukture-u-srbiji\/","name":"140 \u0433\u043e\u0434\u0438\u043d\u0430 \u0438\u0437\u0433\u0440\u0430\u0434\u045a\u0435 \u0436\u0435\u043b\u0435\u0437\u043d\u0438\u0447\u043a\u0435 \u0438\u043d\u0444\u0440\u0430\u0441\u0442\u0440\u0443\u043a\u0442\u0443\u0440\u0435 \u0443 \u0421\u0440\u0431\u0438\u0458\u0438 - \u0435\u0424\u0438\u043b\u0430\u0442\u0435\u043b\u0438\u0458\u0430","isPartOf":{"@id":"https:\/\/efilatelija.posta.rs\/#website"},"primaryImageOfPage":{"@id":"https:\/\/efilatelija.posta.rs\/product\/140-godina-izgradnje-zeleznicke-infrastrukture-u-srbiji\/#primaryimage"},"image":{"@id":"https:\/\/efilatelija.posta.rs\/product\/140-godina-izgradnje-zeleznicke-infrastrukture-u-srbiji\/#primaryimage"},"thumbnailUrl":"https:\/\/efilatelija.posta.rs\/wp-content\/uploads\/2024\/09\/801918.jpg","datePublished":"2024-09-12T11:35:12+00:00","dateModified":"2026-03-09T08:22:09+00:00","breadcrumb":{"@id":"https:\/\/efilatelija.posta.rs\/product\/140-godina-izgradnje-zeleznicke-infrastrukture-u-srbiji\/#breadcrumb"},"inLanguage":"en-GB","potentialAction":[{"@type":"ReadAction","target":["https:\/\/efilatelija.posta.rs\/product\/140-godina-izgradnje-zeleznicke-infrastrukture-u-srbiji\/"]}]},{"@type":"ImageObject","inLanguage":"en-GB","@id":"https:\/\/efilatelija.posta.rs\/product\/140-godina-izgradnje-zeleznicke-infrastrukture-u-srbiji\/#primaryimage","url":"https:\/\/efilatelija.posta.rs\/wp-content\/uploads\/2024\/09\/801918.jpg","contentUrl":"https:\/\/efilatelija.posta.rs\/wp-content\/uploads\/2024\/09\/801918.jpg","width":800,"height":800,"caption":"2024 140 \u0433\u043e\u0434\u0438\u043d\u0430 \u043e\u0434 \u0438\u0437\u0433\u0440\u0430\u0434\u045a\u0435 \u0436\u0435\u043b\u0435\u0437\u043d\u0438\u0447\u043a\u0435 \u0438\u043d\u0444\u0440\u0430\u0441\u0442\u0440\u0443\u043a\u0442\u0443\u0440\u0435 \u0443 \u0421\u0440\u0431\u0438\u0458\u0438 \u043f\u0440\u0438\u0433\u043e\u0434\u043d\u0430 \u043f\u043e\u0448\u0442\u0430\u043d\u0441\u043a\u0430 \u043c\u0430\u0440\u043a\u0430"},{"@type":"BreadcrumbList","@id":"https:\/\/efilatelija.posta.rs\/product\/140-godina-izgradnje-zeleznicke-infrastrukture-u-srbiji\/#breadcrumb","itemListElement":[{"@type":"ListItem","position":1,"name":"\u041f\u0440\u043e\u0434\u0430\u0432\u043d\u0438\u0446\u0430","item":"https:\/\/efilatelija.posta.rs\/shop\/"},{"@type":"ListItem","position":2,"name":"140 \u0433\u043e\u0434\u0438\u043d\u0430 \u0438\u0437\u0433\u0440\u0430\u0434\u045a\u0435 \u0436\u0435\u043b\u0435\u0437\u043d\u0438\u0447\u043a\u0435 \u0438\u043d\u0444\u0440\u0430\u0441\u0442\u0440\u0443\u043a\u0442\u0443\u0440\u0435 \u0443 \u0421\u0440\u0431\u0438\u0458\u0438"}]},{"@type":"WebSite","@id":"https:\/\/efilatelija.posta.rs\/#website","url":"https:\/\/efilatelija.posta.rs\/","name":"ePhilately","description":"\u041f\u043e\u0448\u0442\u0430 \u0421\u0440\u0431\u0438\u0458\u0435 \u0434.\u043e.\u043e.","publisher":{"@id":"https:\/\/efilatelija.posta.rs\/#organization"},"potentialAction":[{"@type":"SearchAction","target":{"@type":"EntryPoint","urlTemplate":"https:\/\/efilatelija.posta.rs\/?s={search_term_string}"},"query-input":{"@type":"PropertyValueSpecification","valueRequired":true,"valueName":"search_term_string"}}],"inLanguage":"en-GB"},{"@type":"Organization","@id":"https:\/\/efilatelija.posta.rs\/#organization","name":"\u0435\u0424\u0438\u043b\u0430\u0442\u0435\u043b\u0438\u0458\u0430 - \u0408\u041f \u041f\u043e\u0448\u0442\u0430 \u0421\u0440\u0431\u0438\u0458\u0435","url":"https:\/\/efilatelija.posta.rs\/","logo":{"@type":"ImageObject","inLanguage":"en-GB","@id":"https:\/\/efilatelija.posta.rs\/#\/schema\/logo\/image\/","url":"https:\/\/efilatelija.posta.rs\/wp-content\/uploads\/2025\/01\/logo-posta-srbije-500x500-1.jpg","contentUrl":"https:\/\/efilatelija.posta.rs\/wp-content\/uploads\/2025\/01\/logo-posta-srbije-500x500-1.jpg","width":500,"height":500,"caption":"\u0435\u0424\u0438\u043b\u0430\u0442\u0435\u043b\u0438\u0458\u0430 - \u0408\u041f \u041f\u043e\u0448\u0442\u0430 \u0421\u0440\u0431\u0438\u0458\u0435"},"image":{"@id":"https:\/\/efilatelija.posta.rs\/#\/schema\/logo\/image\/"}}]}},"_links":{"self":[{"href":"https:\/\/efilatelija.posta.rs\/en\/wp-json\/wp\/v2\/product\/13538","targetHints":{"allow":["GET"]}}],"collection":[{"href":"https:\/\/efilatelija.posta.rs\/en\/wp-json\/wp\/v2\/product"}],"about":[{"href":"https:\/\/efilatelija.posta.rs\/en\/wp-json\/wp\/v2\/types\/product"}],"wp:featuredmedia":[{"embeddable":true,"href":"https:\/\/efilatelija.posta.rs\/en\/wp-json\/wp\/v2\/media\/13539"}],"wp:attachment":[{"href":"https:\/\/efilatelija.posta.rs\/en\/wp-json\/wp\/v2\/media?parent=13538"}],"wp:term":[{"taxonomy":"product_brand","embeddable":true,"href":"https:\/\/efilatelija.posta.rs\/en\/wp-json\/wp\/v2\/product_brand?post=13538"},{"taxonomy":"product_cat","embeddable":true,"href":"https:\/\/efilatelija.posta.rs\/en\/wp-json\/wp\/v2\/product_cat?post=13538"},{"taxonomy":"product_tag","embeddable":true,"href":"https:\/\/efilatelija.posta.rs\/en\/wp-json\/wp\/v2\/product_tag?post=13538"}],"curies":[{"name":"wp","href":"https:\/\/api.w.org\/{rel}","templated":true}]}}