{"id":13243,"date":"2024-06-27T09:00:12","date_gmt":"2024-06-27T08:00:12","guid":{"rendered":"https:\/\/efilatelija.posta.rs\/?post_type=product&#038;p=13243"},"modified":"2026-04-13T01:18:29","modified_gmt":"2026-04-13T00:18:29","slug":"srbija-kanada-100-godina-od-rodjenja-milomira-glavcica","status":"publish","type":"product","link":"https:\/\/efilatelija.posta.rs\/en\/product\/srbija-kanada-100-godina-od-rodjenja-milomira-glavcica\/","title":{"rendered":"Serbia \u2013 Canada: 100 years since the birth of Milomir Glav\u010di\u0107"},"content":{"rendered":"<p>Diplomatic relations between Serbia and Canada were formally established only in 1941, but today a large and influential Serbian community has been present in this North American country since the end of the 19<sup>th<\/sup> century.<\/p>\n<p>One of the most prominent residents of Canada of Serbian origin, Milomir Glav\u010di\u0107, a native of the village of Pope near Jo\u0161ani\u010dka Banja, the Canadian with the longest residential address in Niagara Falls, is celebrating his hundredth birthday this year.<\/p>\n<p>Born on 6 December, 1924, he spent his childhood and youth in pre-war Yugoslavia in misery and poverty. After the end of the Second World War, he settled in Canada, where, through hard and thoughtful work, he managed to acquire wealth for himself and others.<\/p>\n<p>Milomir Glav\u010di\u0107 is a true member of the world of humanity and philanthropy. He helped people regardless of religion and nation. In Canada, he invested considerable funds for the construction of a church and a hospital in Niagara Falls, and in his native Serbia, he helped build a bridge over the Ibar in Kraljevo, which not only connected the banks of this river, but also two countries \u2013 Canada and Serbia, and today the cities of friends \u2013 Kraljevo and Niagara Falls, as evidenced by the markings on this building.<\/p>\n<p>He also financed the construction of churches, kindergartens, centres of culture, library buildings, asphalting of roads, and renovation of elementary schools. He donated medical devices and ambulances to hospitals in Kraljevo and Ra\u0161ka. He helped, and continues to help, both close and distant relatives, but also hundreds of unknown families. In Serbia, his charity is kept from being forgotten. Streets, a boulevard, a kindergarten, and a cultural centre are named after him in the area of the Ra\u0161ki district. He is the winner of numerous awards, as well as the highest state and church awards. In Canada, as a sign of respect, on his 99<sup>th<\/sup> birthday, Niagara Falls were painted with the colours of the Serbian flag.<\/p>\n<p>Thanks to Milomir Glav\u010di\u0107, in 2015 the first Serbian\u2013Canadian Friendship Charter in modern history was signed, which is a significant step in the improvement of bilateral relations between the two countries, especially in terms of cultural exchange and economic cooperation and investments.<\/p>\n<p>Artistic realization of the issue: Boban Savi\u0107 MA, academic painter<\/p>","protected":false},"excerpt":{"rendered":"<h3>Souvenir sheets<\/h3>\n<p>Year of issue: <strong>2024<\/strong><\/p>","protected":false},"featured_media":13244,"template":"","meta":{"inline_featured_image":false,"pgc_sgb_lightbox_settings":""},"product_brand":[],"product_cat":[96,166,39,70],"product_tag":[],"class_list":{"0":"post-13243","1":"product","2":"type-product","3":"status-publish","4":"has-post-thumbnail","6":"product_cat-godina-izdanja","7":"product_cat-166","8":"product_cat-postanske-marke","9":"product_cat-blokovi","10":"pa_godina-izdanja-167","11":"pa_tema-znamenite-licnosti","13":"first","14":"instock","15":"shipping-taxable","16":"purchasable","17":"product-type-simple"},"yoast_head":"<!-- This site is optimized with the Yoast SEO plugin v26.8 - https:\/\/yoast.com\/product\/yoast-seo-wordpress\/ -->\n<title>\u0421\u0440\u0431\u0438\u0458\u0430 - \u041a\u0430\u043d\u0430\u0434\u0430: 100 \u0433\u043e\u0434\u0438\u043d\u0430 \u043e\u0434 \u0440\u043e\u0452\u0435\u045a\u0430 \u041c\u0438\u043b\u043e\u043c\u0438\u0440\u0430 \u0413\u043b\u0430\u0432\u0447\u0438\u045b\u0430 - \u0435\u0424\u0438\u043b\u0430\u0442\u0435\u043b\u0438\u0458\u0430<\/title>\n<meta name=\"robots\" content=\"index, follow, max-snippet:-1, max-image-preview:large, max-video-preview:-1\" \/>\n<link rel=\"canonical\" href=\"https:\/\/efilatelija.posta.rs\/en\/product\/srbija-kanada-100-godina-od-rodjenja-milomira-glavcica\/\" \/>\n<meta property=\"og:locale\" content=\"en_GB\" \/>\n<meta property=\"og:type\" content=\"article\" \/>\n<meta property=\"og:title\" content=\"\u0421\u0440\u0431\u0438\u0458\u0430 - \u041a\u0430\u043d\u0430\u0434\u0430: 100 \u0433\u043e\u0434\u0438\u043d\u0430 \u043e\u0434 \u0440\u043e\u0452\u0435\u045a\u0430 \u041c\u0438\u043b\u043e\u043c\u0438\u0440\u0430 \u0413\u043b\u0430\u0432\u0447\u0438\u045b\u0430 - \u0435\u0424\u0438\u043b\u0430\u0442\u0435\u043b\u0438\u0458\u0430\" \/>\n<meta property=\"og:description\" content=\"\u0411\u043b\u043e\u043a \u0413\u043e\u0434\u0438\u043d\u0430 \u0438\u0437\u0434\u0430\u045a\u0430: 2024\" \/>\n<meta property=\"og:url\" content=\"https:\/\/efilatelija.posta.rs\/en\/product\/srbija-kanada-100-godina-od-rodjenja-milomira-glavcica\/\" \/>\n<meta property=\"og:site_name\" content=\"\u0435\u0424\u0438\u043b\u0430\u0442\u0435\u043b\u0438\u0458\u0430\" \/>\n<meta property=\"article:modified_time\" content=\"2026-04-13T00:18:29+00:00\" \/>\n<meta property=\"og:image\" content=\"https:\/\/efilatelija.posta.rs\/wp-content\/uploads\/2024\/06\/801912.jpg\" \/>\n\t<meta property=\"og:image:width\" content=\"800\" \/>\n\t<meta property=\"og:image:height\" content=\"800\" \/>\n\t<meta property=\"og:image:type\" content=\"image\/jpeg\" \/>\n<meta name=\"twitter:card\" content=\"summary_large_image\" \/>\n<script type=\"application\/ld+json\" class=\"yoast-schema-graph\">{\"@context\":\"https:\/\/schema.org\",\"@graph\":[{\"@type\":\"WebPage\",\"@id\":\"https:\/\/efilatelija.posta.rs\/product\/srbija-kanada-100-godina-od-rodjenja-milomira-glavcica\/\",\"url\":\"https:\/\/efilatelija.posta.rs\/product\/srbija-kanada-100-godina-od-rodjenja-milomira-glavcica\/\",\"name\":\"\u0421\u0440\u0431\u0438\u0458\u0430 - \u041a\u0430\u043d\u0430\u0434\u0430: 100 \u0433\u043e\u0434\u0438\u043d\u0430 \u043e\u0434 \u0440\u043e\u0452\u0435\u045a\u0430 \u041c\u0438\u043b\u043e\u043c\u0438\u0440\u0430 \u0413\u043b\u0430\u0432\u0447\u0438\u045b\u0430 - \u0435\u0424\u0438\u043b\u0430\u0442\u0435\u043b\u0438\u0458\u0430\",\"isPartOf\":{\"@id\":\"https:\/\/efilatelija.posta.rs\/#website\"},\"primaryImageOfPage\":{\"@id\":\"https:\/\/efilatelija.posta.rs\/product\/srbija-kanada-100-godina-od-rodjenja-milomira-glavcica\/#primaryimage\"},\"image\":{\"@id\":\"https:\/\/efilatelija.posta.rs\/product\/srbija-kanada-100-godina-od-rodjenja-milomira-glavcica\/#primaryimage\"},\"thumbnailUrl\":\"https:\/\/efilatelija.posta.rs\/wp-content\/uploads\/2024\/06\/801912.jpg\",\"datePublished\":\"2024-06-27T08:00:12+00:00\",\"dateModified\":\"2026-04-13T00:18:29+00:00\",\"breadcrumb\":{\"@id\":\"https:\/\/efilatelija.posta.rs\/product\/srbija-kanada-100-godina-od-rodjenja-milomira-glavcica\/#breadcrumb\"},\"inLanguage\":\"en-GB\",\"potentialAction\":[{\"@type\":\"ReadAction\",\"target\":[\"https:\/\/efilatelija.posta.rs\/product\/srbija-kanada-100-godina-od-rodjenja-milomira-glavcica\/\"]}]},{\"@type\":\"ImageObject\",\"inLanguage\":\"en-GB\",\"@id\":\"https:\/\/efilatelija.posta.rs\/product\/srbija-kanada-100-godina-od-rodjenja-milomira-glavcica\/#primaryimage\",\"url\":\"https:\/\/efilatelija.posta.rs\/wp-content\/uploads\/2024\/06\/801912.jpg\",\"contentUrl\":\"https:\/\/efilatelija.posta.rs\/wp-content\/uploads\/2024\/06\/801912.jpg\",\"width\":800,\"height\":800,\"caption\":\"2024 \u0421\u0440\u0431\u0438\u0458\u0430 - \u041a\u0430\u043d\u0430\u0434\u0430: 100 \u0433\u043e\u0434\u0438\u043d\u0430 \u043e\u0434 \u0440\u043e\u0452\u0435\u045a\u0430 \u041c\u0438\u043b\u043e\u043c\u0438\u0440\u0430 \u0413\u043b\u0430\u0432\u0447\u0438\u045b\u0430 \u0431\u043b\u043e\u043a\"},{\"@type\":\"BreadcrumbList\",\"@id\":\"https:\/\/efilatelija.posta.rs\/product\/srbija-kanada-100-godina-od-rodjenja-milomira-glavcica\/#breadcrumb\",\"itemListElement\":[{\"@type\":\"ListItem\",\"position\":1,\"name\":\"\u041f\u0440\u043e\u0434\u0430\u0432\u043d\u0438\u0446\u0430\",\"item\":\"https:\/\/efilatelija.posta.rs\/shop\/\"},{\"@type\":\"ListItem\",\"position\":2,\"name\":\"\u0421\u0440\u0431\u0438\u0458\u0430 &#8211; \u041a\u0430\u043d\u0430\u0434\u0430: 100 \u0433\u043e\u0434\u0438\u043d\u0430 \u043e\u0434 \u0440\u043e\u0452\u0435\u045a\u0430 \u041c\u0438\u043b\u043e\u043c\u0438\u0440\u0430 \u0413\u043b\u0430\u0432\u0447\u0438\u045b\u0430\"}]},{\"@type\":\"WebSite\",\"@id\":\"https:\/\/efilatelija.posta.rs\/#website\",\"url\":\"https:\/\/efilatelija.posta.rs\/\",\"name\":\"\u0435\u0424\u0438\u043b\u0430\u0442\u0435\u043b\u0438\u0458\u0430\",\"description\":\"\u041f\u043e\u0448\u0442\u0430 \u0421\u0440\u0431\u0438\u0458\u0435 \u0434.\u043e.\u043e.\",\"publisher\":{\"@id\":\"https:\/\/efilatelija.posta.rs\/#organization\"},\"potentialAction\":[{\"@type\":\"SearchAction\",\"target\":{\"@type\":\"EntryPoint\",\"urlTemplate\":\"https:\/\/efilatelija.posta.rs\/?s={search_term_string}\"},\"query-input\":{\"@type\":\"PropertyValueSpecification\",\"valueRequired\":true,\"valueName\":\"search_term_string\"}}],\"inLanguage\":\"en-GB\"},{\"@type\":\"Organization\",\"@id\":\"https:\/\/efilatelija.posta.rs\/#organization\",\"name\":\"\u0435\u0424\u0438\u043b\u0430\u0442\u0435\u043b\u0438\u0458\u0430 - \u0408\u041f \u041f\u043e\u0448\u0442\u0430 \u0421\u0440\u0431\u0438\u0458\u0435\",\"url\":\"https:\/\/efilatelija.posta.rs\/\",\"logo\":{\"@type\":\"ImageObject\",\"inLanguage\":\"en-GB\",\"@id\":\"https:\/\/efilatelija.posta.rs\/#\/schema\/logo\/image\/\",\"url\":\"https:\/\/efilatelija.posta.rs\/wp-content\/uploads\/2025\/01\/logo-posta-srbije-500x500-1.jpg\",\"contentUrl\":\"https:\/\/efilatelija.posta.rs\/wp-content\/uploads\/2025\/01\/logo-posta-srbije-500x500-1.jpg\",\"width\":500,\"height\":500,\"caption\":\"\u0435\u0424\u0438\u043b\u0430\u0442\u0435\u043b\u0438\u0458\u0430 - \u0408\u041f \u041f\u043e\u0448\u0442\u0430 \u0421\u0440\u0431\u0438\u0458\u0435\"},\"image\":{\"@id\":\"https:\/\/efilatelija.posta.rs\/#\/schema\/logo\/image\/\"}}]}<\/script>\n<!-- \/ Yoast SEO plugin. -->","yoast_head_json":{"title":"\u0421\u0440\u0431\u0438\u0458\u0430 - \u041a\u0430\u043d\u0430\u0434\u0430: 100 \u0433\u043e\u0434\u0438\u043d\u0430 \u043e\u0434 \u0440\u043e\u0452\u0435\u045a\u0430 \u041c\u0438\u043b\u043e\u043c\u0438\u0440\u0430 \u0413\u043b\u0430\u0432\u0447\u0438\u045b\u0430 - \u0435\u0424\u0438\u043b\u0430\u0442\u0435\u043b\u0438\u0458\u0430","robots":{"index":"index","follow":"follow","max-snippet":"max-snippet:-1","max-image-preview":"max-image-preview:large","max-video-preview":"max-video-preview:-1"},"canonical":"https:\/\/efilatelija.posta.rs\/en\/product\/srbija-kanada-100-godina-od-rodjenja-milomira-glavcica\/","og_locale":"en_GB","og_type":"article","og_title":"\u0421\u0440\u0431\u0438\u0458\u0430 - \u041a\u0430\u043d\u0430\u0434\u0430: 100 \u0433\u043e\u0434\u0438\u043d\u0430 \u043e\u0434 \u0440\u043e\u0452\u0435\u045a\u0430 \u041c\u0438\u043b\u043e\u043c\u0438\u0440\u0430 \u0413\u043b\u0430\u0432\u0447\u0438\u045b\u0430 - \u0435\u0424\u0438\u043b\u0430\u0442\u0435\u043b\u0438\u0458\u0430","og_description":"\u0411\u043b\u043e\u043a \u0413\u043e\u0434\u0438\u043d\u0430 \u0438\u0437\u0434\u0430\u045a\u0430: 2024","og_url":"https:\/\/efilatelija.posta.rs\/en\/product\/srbija-kanada-100-godina-od-rodjenja-milomira-glavcica\/","og_site_name":"\u0435\u0424\u0438\u043b\u0430\u0442\u0435\u043b\u0438\u0458\u0430","article_modified_time":"2026-04-13T00:18:29+00:00","og_image":[{"width":800,"height":800,"url":"https:\/\/efilatelija.posta.rs\/wp-content\/uploads\/2024\/06\/801912.jpg","type":"image\/jpeg"}],"twitter_card":"summary_large_image","schema":{"@context":"https:\/\/schema.org","@graph":[{"@type":"WebPage","@id":"https:\/\/efilatelija.posta.rs\/product\/srbija-kanada-100-godina-od-rodjenja-milomira-glavcica\/","url":"https:\/\/efilatelija.posta.rs\/product\/srbija-kanada-100-godina-od-rodjenja-milomira-glavcica\/","name":"\u0421\u0440\u0431\u0438\u0458\u0430 - \u041a\u0430\u043d\u0430\u0434\u0430: 100 \u0433\u043e\u0434\u0438\u043d\u0430 \u043e\u0434 \u0440\u043e\u0452\u0435\u045a\u0430 \u041c\u0438\u043b\u043e\u043c\u0438\u0440\u0430 \u0413\u043b\u0430\u0432\u0447\u0438\u045b\u0430 - \u0435\u0424\u0438\u043b\u0430\u0442\u0435\u043b\u0438\u0458\u0430","isPartOf":{"@id":"https:\/\/efilatelija.posta.rs\/#website"},"primaryImageOfPage":{"@id":"https:\/\/efilatelija.posta.rs\/product\/srbija-kanada-100-godina-od-rodjenja-milomira-glavcica\/#primaryimage"},"image":{"@id":"https:\/\/efilatelija.posta.rs\/product\/srbija-kanada-100-godina-od-rodjenja-milomira-glavcica\/#primaryimage"},"thumbnailUrl":"https:\/\/efilatelija.posta.rs\/wp-content\/uploads\/2024\/06\/801912.jpg","datePublished":"2024-06-27T08:00:12+00:00","dateModified":"2026-04-13T00:18:29+00:00","breadcrumb":{"@id":"https:\/\/efilatelija.posta.rs\/product\/srbija-kanada-100-godina-od-rodjenja-milomira-glavcica\/#breadcrumb"},"inLanguage":"en-GB","potentialAction":[{"@type":"ReadAction","target":["https:\/\/efilatelija.posta.rs\/product\/srbija-kanada-100-godina-od-rodjenja-milomira-glavcica\/"]}]},{"@type":"ImageObject","inLanguage":"en-GB","@id":"https:\/\/efilatelija.posta.rs\/product\/srbija-kanada-100-godina-od-rodjenja-milomira-glavcica\/#primaryimage","url":"https:\/\/efilatelija.posta.rs\/wp-content\/uploads\/2024\/06\/801912.jpg","contentUrl":"https:\/\/efilatelija.posta.rs\/wp-content\/uploads\/2024\/06\/801912.jpg","width":800,"height":800,"caption":"2024 \u0421\u0440\u0431\u0438\u0458\u0430 - \u041a\u0430\u043d\u0430\u0434\u0430: 100 \u0433\u043e\u0434\u0438\u043d\u0430 \u043e\u0434 \u0440\u043e\u0452\u0435\u045a\u0430 \u041c\u0438\u043b\u043e\u043c\u0438\u0440\u0430 \u0413\u043b\u0430\u0432\u0447\u0438\u045b\u0430 \u0431\u043b\u043e\u043a"},{"@type":"BreadcrumbList","@id":"https:\/\/efilatelija.posta.rs\/product\/srbija-kanada-100-godina-od-rodjenja-milomira-glavcica\/#breadcrumb","itemListElement":[{"@type":"ListItem","position":1,"name":"\u041f\u0440\u043e\u0434\u0430\u0432\u043d\u0438\u0446\u0430","item":"https:\/\/efilatelija.posta.rs\/shop\/"},{"@type":"ListItem","position":2,"name":"\u0421\u0440\u0431\u0438\u0458\u0430 &#8211; \u041a\u0430\u043d\u0430\u0434\u0430: 100 \u0433\u043e\u0434\u0438\u043d\u0430 \u043e\u0434 \u0440\u043e\u0452\u0435\u045a\u0430 \u041c\u0438\u043b\u043e\u043c\u0438\u0440\u0430 \u0413\u043b\u0430\u0432\u0447\u0438\u045b\u0430"}]},{"@type":"WebSite","@id":"https:\/\/efilatelija.posta.rs\/#website","url":"https:\/\/efilatelija.posta.rs\/","name":"ePhilately","description":"\u041f\u043e\u0448\u0442\u0430 \u0421\u0440\u0431\u0438\u0458\u0435 \u0434.\u043e.\u043e.","publisher":{"@id":"https:\/\/efilatelija.posta.rs\/#organization"},"potentialAction":[{"@type":"SearchAction","target":{"@type":"EntryPoint","urlTemplate":"https:\/\/efilatelija.posta.rs\/?s={search_term_string}"},"query-input":{"@type":"PropertyValueSpecification","valueRequired":true,"valueName":"search_term_string"}}],"inLanguage":"en-GB"},{"@type":"Organization","@id":"https:\/\/efilatelija.posta.rs\/#organization","name":"\u0435\u0424\u0438\u043b\u0430\u0442\u0435\u043b\u0438\u0458\u0430 - \u0408\u041f \u041f\u043e\u0448\u0442\u0430 \u0421\u0440\u0431\u0438\u0458\u0435","url":"https:\/\/efilatelija.posta.rs\/","logo":{"@type":"ImageObject","inLanguage":"en-GB","@id":"https:\/\/efilatelija.posta.rs\/#\/schema\/logo\/image\/","url":"https:\/\/efilatelija.posta.rs\/wp-content\/uploads\/2025\/01\/logo-posta-srbije-500x500-1.jpg","contentUrl":"https:\/\/efilatelija.posta.rs\/wp-content\/uploads\/2025\/01\/logo-posta-srbije-500x500-1.jpg","width":500,"height":500,"caption":"\u0435\u0424\u0438\u043b\u0430\u0442\u0435\u043b\u0438\u0458\u0430 - \u0408\u041f \u041f\u043e\u0448\u0442\u0430 \u0421\u0440\u0431\u0438\u0458\u0435"},"image":{"@id":"https:\/\/efilatelija.posta.rs\/#\/schema\/logo\/image\/"}}]}},"_links":{"self":[{"href":"https:\/\/efilatelija.posta.rs\/en\/wp-json\/wp\/v2\/product\/13243","targetHints":{"allow":["GET"]}}],"collection":[{"href":"https:\/\/efilatelija.posta.rs\/en\/wp-json\/wp\/v2\/product"}],"about":[{"href":"https:\/\/efilatelija.posta.rs\/en\/wp-json\/wp\/v2\/types\/product"}],"wp:featuredmedia":[{"embeddable":true,"href":"https:\/\/efilatelija.posta.rs\/en\/wp-json\/wp\/v2\/media\/13244"}],"wp:attachment":[{"href":"https:\/\/efilatelija.posta.rs\/en\/wp-json\/wp\/v2\/media?parent=13243"}],"wp:term":[{"taxonomy":"product_brand","embeddable":true,"href":"https:\/\/efilatelija.posta.rs\/en\/wp-json\/wp\/v2\/product_brand?post=13243"},{"taxonomy":"product_cat","embeddable":true,"href":"https:\/\/efilatelija.posta.rs\/en\/wp-json\/wp\/v2\/product_cat?post=13243"},{"taxonomy":"product_tag","embeddable":true,"href":"https:\/\/efilatelija.posta.rs\/en\/wp-json\/wp\/v2\/product_tag?post=13243"}],"curies":[{"name":"wp","href":"https:\/\/api.w.org\/{rel}","templated":true}]}}