{"id":13232,"date":"2024-06-24T09:30:06","date_gmt":"2024-06-24T08:30:06","guid":{"rendered":"https:\/\/efilatelija.posta.rs\/?post_type=product&#038;p=13232"},"modified":"2025-12-29T07:36:23","modified_gmt":"2025-12-29T06:36:23","slug":"200-godina-od-rodjenja-branka-radicevica","status":"publish","type":"product","link":"https:\/\/efilatelija.posta.rs\/en\/product\/200-godina-od-rodjenja-branka-radicevica\/","title":{"rendered":"200<sup>th<\/sup> Anniversary of the birth of Branko Radi\u010devi\u0107"},"content":{"rendered":"<p>Branko Radi\u010devi\u0107 (Slavonski Brod, March 28, 1824 \u2013 Vienna, July 1, 1853), a great poet of Serbian romanticism, introduced revolutionary changes in the development of Serbian literature and language. He was born to his father Todor and mother Ru\u017ea just before the holiday of St. Alexius, after whom he got his baptismal name. He lived in Slavonski Brod (Brod na Savi) with his family until 1830. Until 1835, he studied at Serbian and German elementary schools in Zemun. From 1835 to 1841, he studied at the Karlovac Gymnasium \u2013 \"the most excellent student\" with calligraphic handwriting and the best herbarium with plants from Stra\u017eilovo. In Timisoara from 1841 to 1843, he studied philosophy. There he writes his first poem in Serbian \u2013\u00a0<em><i>Girl at the Well<\/i><\/em>. He moved to Vienna to study law, which he did not like.<\/p>\n<p>With the publication of his first book, \"Poems\" (1847), he translated his name from Greek (Alexios) into Serbian \u2013 Branko, and his first poetic debut caused a tectonic upheaval on the literary scene. With the encouragement of Vuk Stefanovi\u0107 Karad\u017ei\u0107, the divinely inspired Branko brings into Serbian poetry the ozone-pure beauty of the vernacular language as opposed to the artificial Slavonic Serbian in the literary use of that era.<\/p>\n<p>He contracted tuberculosis and died in 1853 at the age of twenty-nine. After three decades (1883), his remains were transferred from Vienna to Stra\u017eilovo. On Stra\u017eilovo, there is a monument made of mountain blocks from the areas where Serbs live: Fru\u0161ka gora, Dinara, Klek, Lov\u0107en, Plje\u0161evica, Vr\u0161a\u010dki Breg, Velebit and Avala. On the top of the marble monument, in golden letters it says: TO BRANKO \u2013 THE SERBIAN PEOPLE. It is the sign of the libertarian Kolo (circle dance) from the poem\u00a0<em>The Parting of School Friends,<\/em>\u00a0in which Branko invites all Serbs who suffer under the yoke of the Austrian and Turkish empires to unite, naming them after the regions, (sub)regions and areas where they have always lived.<\/p>\n<p>Even though he wrote only fifty-four lyrical poems, seven epics, two fragments of epics, a handful of letters and one response to criticism, the importance of Branko Radi\u010devi\u0107 is epochal and inspiring for new generations. Many of the poems are anthological:\u00a0<em><i>As I Thought of Dying, Prayer, Reprimand, Curse, (Nikad nije vito tvoje telo), In Memory of Mina Karad\u017ei\u0107 (Pevam danju, pevam no\u0107u), Fisherman's Dream, Sorrow and Admonition, Mischief, A Traveller at Dawn<\/i><\/em>\u00a0and others. There are about a hundred musical compositions based on Branko's verses that leave the impression that the people themselves created these poems.<\/p>\n<p>Professional cooperation: Nenad Gruji\u010di\u0107, \u201cBrankovo kolo\u201d<\/p>\n<p>Artistic realization: Miroslav Nikoli\u0107 and Nade\u017eda Sko\u010daji\u0107, Academic Graphic Artist<\/p>","protected":false},"excerpt":{"rendered":"<h3>Commemorative postage stamps<\/h3>\n<p>Year of issue: <strong>2024<\/strong><\/p>","protected":false},"featured_media":13233,"template":"","meta":{"inline_featured_image":false,"pgc_sgb_lightbox_settings":""},"product_brand":[],"product_cat":[96,166,39,40],"product_tag":[],"class_list":{"0":"post-13232","1":"product","2":"type-product","3":"status-publish","4":"has-post-thumbnail","6":"product_cat-godina-izdanja","7":"product_cat-166","8":"product_cat-postanske-marke","9":"product_cat-prigodne-marke","10":"pa_godina-izdanja-167","11":"pa_tema-znamenite-licnosti","12":"pa_tema-obrazovanje","14":"first","15":"instock","16":"shipping-taxable","17":"purchasable","18":"product-type-simple"},"yoast_head":"<!-- This site is optimized with the Yoast SEO plugin v26.8 - https:\/\/yoast.com\/product\/yoast-seo-wordpress\/ -->\n<title>200 \u0433\u043e\u0434\u0438\u043d\u0430 \u043e\u0434 \u0440\u043e\u0452\u0435\u045a\u0430 \u0411\u0440\u0430\u043d\u043a\u0430 \u0420\u0430\u0434\u0438\u0447\u0435\u0432\u0438\u045b\u0430 - \u0435\u0424\u0438\u043b\u0430\u0442\u0435\u043b\u0438\u0458\u0430<\/title>\n<meta name=\"robots\" content=\"index, follow, max-snippet:-1, max-image-preview:large, max-video-preview:-1\" \/>\n<link rel=\"canonical\" href=\"https:\/\/efilatelija.posta.rs\/en\/product\/200-godina-od-rodjenja-branka-radicevica\/\" \/>\n<meta property=\"og:locale\" content=\"en_GB\" \/>\n<meta property=\"og:type\" content=\"article\" \/>\n<meta property=\"og:title\" content=\"200 \u0433\u043e\u0434\u0438\u043d\u0430 \u043e\u0434 \u0440\u043e\u0452\u0435\u045a\u0430 \u0411\u0440\u0430\u043d\u043a\u0430 \u0420\u0430\u0434\u0438\u0447\u0435\u0432\u0438\u045b\u0430 - \u0435\u0424\u0438\u043b\u0430\u0442\u0435\u043b\u0438\u0458\u0430\" \/>\n<meta property=\"og:description\" content=\"\u041f\u0440\u0438\u0433\u043e\u0434\u043d\u0430 \u043f\u043e\u0448\u0442\u0430\u043d\u0441\u043a\u0430 \u043c\u0430\u0440\u043a\u0430 \u0413\u043e\u0434\u0438\u043d\u0430 \u0438\u0437\u0434\u0430\u045a\u0430: 2024\" \/>\n<meta property=\"og:url\" content=\"https:\/\/efilatelija.posta.rs\/en\/product\/200-godina-od-rodjenja-branka-radicevica\/\" \/>\n<meta property=\"og:site_name\" content=\"\u0435\u0424\u0438\u043b\u0430\u0442\u0435\u043b\u0438\u0458\u0430\" \/>\n<meta property=\"article:modified_time\" content=\"2025-12-29T06:36:23+00:00\" \/>\n<meta property=\"og:image\" content=\"https:\/\/efilatelija.posta.rs\/wp-content\/uploads\/2024\/06\/801909.jpg\" \/>\n\t<meta property=\"og:image:width\" content=\"800\" \/>\n\t<meta property=\"og:image:height\" content=\"800\" \/>\n\t<meta property=\"og:image:type\" content=\"image\/jpeg\" \/>\n<meta name=\"twitter:card\" content=\"summary_large_image\" \/>\n<script type=\"application\/ld+json\" class=\"yoast-schema-graph\">{\"@context\":\"https:\/\/schema.org\",\"@graph\":[{\"@type\":\"WebPage\",\"@id\":\"https:\/\/efilatelija.posta.rs\/product\/200-godina-od-rodjenja-branka-radicevica\/\",\"url\":\"https:\/\/efilatelija.posta.rs\/product\/200-godina-od-rodjenja-branka-radicevica\/\",\"name\":\"200 \u0433\u043e\u0434\u0438\u043d\u0430 \u043e\u0434 \u0440\u043e\u0452\u0435\u045a\u0430 \u0411\u0440\u0430\u043d\u043a\u0430 \u0420\u0430\u0434\u0438\u0447\u0435\u0432\u0438\u045b\u0430 - \u0435\u0424\u0438\u043b\u0430\u0442\u0435\u043b\u0438\u0458\u0430\",\"isPartOf\":{\"@id\":\"https:\/\/efilatelija.posta.rs\/#website\"},\"primaryImageOfPage\":{\"@id\":\"https:\/\/efilatelija.posta.rs\/product\/200-godina-od-rodjenja-branka-radicevica\/#primaryimage\"},\"image\":{\"@id\":\"https:\/\/efilatelija.posta.rs\/product\/200-godina-od-rodjenja-branka-radicevica\/#primaryimage\"},\"thumbnailUrl\":\"https:\/\/efilatelija.posta.rs\/wp-content\/uploads\/2024\/06\/801909.jpg\",\"datePublished\":\"2024-06-24T08:30:06+00:00\",\"dateModified\":\"2025-12-29T06:36:23+00:00\",\"breadcrumb\":{\"@id\":\"https:\/\/efilatelija.posta.rs\/product\/200-godina-od-rodjenja-branka-radicevica\/#breadcrumb\"},\"inLanguage\":\"en-GB\",\"potentialAction\":[{\"@type\":\"ReadAction\",\"target\":[\"https:\/\/efilatelija.posta.rs\/product\/200-godina-od-rodjenja-branka-radicevica\/\"]}]},{\"@type\":\"ImageObject\",\"inLanguage\":\"en-GB\",\"@id\":\"https:\/\/efilatelija.posta.rs\/product\/200-godina-od-rodjenja-branka-radicevica\/#primaryimage\",\"url\":\"https:\/\/efilatelija.posta.rs\/wp-content\/uploads\/2024\/06\/801909.jpg\",\"contentUrl\":\"https:\/\/efilatelija.posta.rs\/wp-content\/uploads\/2024\/06\/801909.jpg\",\"width\":800,\"height\":800,\"caption\":\"2024 200 \u0433\u043e\u0434\u0438\u043d\u0430 \u043e\u0434 \u0440\u043e\u0452\u0435\u045a\u0430 \u0411\u0440\u0430\u043d\u043a\u0430 \u0420\u0430\u0434\u0438\u0447\u0435\u0432\u0438\u045b\u0430 \u043f\u0440\u0438\u0433\u043e\u0434\u043d\u0430 \u043f\u043e\u0448\u0442\u0430\u043d\u0441\u043a\u0430 \u043c\u0430\u0440\u043a\u0430\"},{\"@type\":\"BreadcrumbList\",\"@id\":\"https:\/\/efilatelija.posta.rs\/product\/200-godina-od-rodjenja-branka-radicevica\/#breadcrumb\",\"itemListElement\":[{\"@type\":\"ListItem\",\"position\":1,\"name\":\"\u041f\u0440\u043e\u0434\u0430\u0432\u043d\u0438\u0446\u0430\",\"item\":\"https:\/\/efilatelija.posta.rs\/shop\/\"},{\"@type\":\"ListItem\",\"position\":2,\"name\":\"200 \u0433\u043e\u0434\u0438\u043d\u0430 \u043e\u0434 \u0440\u043e\u0452\u0435\u045a\u0430 \u0411\u0440\u0430\u043d\u043a\u0430 \u0420\u0430\u0434\u0438\u0447\u0435\u0432\u0438\u045b\u0430\"}]},{\"@type\":\"WebSite\",\"@id\":\"https:\/\/efilatelija.posta.rs\/#website\",\"url\":\"https:\/\/efilatelija.posta.rs\/\",\"name\":\"\u0435\u0424\u0438\u043b\u0430\u0442\u0435\u043b\u0438\u0458\u0430\",\"description\":\"\u041f\u043e\u0448\u0442\u0430 \u0421\u0440\u0431\u0438\u0458\u0435 \u0434.\u043e.\u043e.\",\"publisher\":{\"@id\":\"https:\/\/efilatelija.posta.rs\/#organization\"},\"potentialAction\":[{\"@type\":\"SearchAction\",\"target\":{\"@type\":\"EntryPoint\",\"urlTemplate\":\"https:\/\/efilatelija.posta.rs\/?s={search_term_string}\"},\"query-input\":{\"@type\":\"PropertyValueSpecification\",\"valueRequired\":true,\"valueName\":\"search_term_string\"}}],\"inLanguage\":\"en-GB\"},{\"@type\":\"Organization\",\"@id\":\"https:\/\/efilatelija.posta.rs\/#organization\",\"name\":\"\u0435\u0424\u0438\u043b\u0430\u0442\u0435\u043b\u0438\u0458\u0430 - \u0408\u041f \u041f\u043e\u0448\u0442\u0430 \u0421\u0440\u0431\u0438\u0458\u0435\",\"url\":\"https:\/\/efilatelija.posta.rs\/\",\"logo\":{\"@type\":\"ImageObject\",\"inLanguage\":\"en-GB\",\"@id\":\"https:\/\/efilatelija.posta.rs\/#\/schema\/logo\/image\/\",\"url\":\"https:\/\/efilatelija.posta.rs\/wp-content\/uploads\/2025\/01\/logo-posta-srbije-500x500-1.jpg\",\"contentUrl\":\"https:\/\/efilatelija.posta.rs\/wp-content\/uploads\/2025\/01\/logo-posta-srbije-500x500-1.jpg\",\"width\":500,\"height\":500,\"caption\":\"\u0435\u0424\u0438\u043b\u0430\u0442\u0435\u043b\u0438\u0458\u0430 - \u0408\u041f \u041f\u043e\u0448\u0442\u0430 \u0421\u0440\u0431\u0438\u0458\u0435\"},\"image\":{\"@id\":\"https:\/\/efilatelija.posta.rs\/#\/schema\/logo\/image\/\"}}]}<\/script>\n<!-- \/ Yoast SEO plugin. -->","yoast_head_json":{"title":"200 \u0433\u043e\u0434\u0438\u043d\u0430 \u043e\u0434 \u0440\u043e\u0452\u0435\u045a\u0430 \u0411\u0440\u0430\u043d\u043a\u0430 \u0420\u0430\u0434\u0438\u0447\u0435\u0432\u0438\u045b\u0430 - \u0435\u0424\u0438\u043b\u0430\u0442\u0435\u043b\u0438\u0458\u0430","robots":{"index":"index","follow":"follow","max-snippet":"max-snippet:-1","max-image-preview":"max-image-preview:large","max-video-preview":"max-video-preview:-1"},"canonical":"https:\/\/efilatelija.posta.rs\/en\/product\/200-godina-od-rodjenja-branka-radicevica\/","og_locale":"en_GB","og_type":"article","og_title":"200 \u0433\u043e\u0434\u0438\u043d\u0430 \u043e\u0434 \u0440\u043e\u0452\u0435\u045a\u0430 \u0411\u0440\u0430\u043d\u043a\u0430 \u0420\u0430\u0434\u0438\u0447\u0435\u0432\u0438\u045b\u0430 - \u0435\u0424\u0438\u043b\u0430\u0442\u0435\u043b\u0438\u0458\u0430","og_description":"\u041f\u0440\u0438\u0433\u043e\u0434\u043d\u0430 \u043f\u043e\u0448\u0442\u0430\u043d\u0441\u043a\u0430 \u043c\u0430\u0440\u043a\u0430 \u0413\u043e\u0434\u0438\u043d\u0430 \u0438\u0437\u0434\u0430\u045a\u0430: 2024","og_url":"https:\/\/efilatelija.posta.rs\/en\/product\/200-godina-od-rodjenja-branka-radicevica\/","og_site_name":"\u0435\u0424\u0438\u043b\u0430\u0442\u0435\u043b\u0438\u0458\u0430","article_modified_time":"2025-12-29T06:36:23+00:00","og_image":[{"width":800,"height":800,"url":"https:\/\/efilatelija.posta.rs\/wp-content\/uploads\/2024\/06\/801909.jpg","type":"image\/jpeg"}],"twitter_card":"summary_large_image","schema":{"@context":"https:\/\/schema.org","@graph":[{"@type":"WebPage","@id":"https:\/\/efilatelija.posta.rs\/product\/200-godina-od-rodjenja-branka-radicevica\/","url":"https:\/\/efilatelija.posta.rs\/product\/200-godina-od-rodjenja-branka-radicevica\/","name":"200 \u0433\u043e\u0434\u0438\u043d\u0430 \u043e\u0434 \u0440\u043e\u0452\u0435\u045a\u0430 \u0411\u0440\u0430\u043d\u043a\u0430 \u0420\u0430\u0434\u0438\u0447\u0435\u0432\u0438\u045b\u0430 - \u0435\u0424\u0438\u043b\u0430\u0442\u0435\u043b\u0438\u0458\u0430","isPartOf":{"@id":"https:\/\/efilatelija.posta.rs\/#website"},"primaryImageOfPage":{"@id":"https:\/\/efilatelija.posta.rs\/product\/200-godina-od-rodjenja-branka-radicevica\/#primaryimage"},"image":{"@id":"https:\/\/efilatelija.posta.rs\/product\/200-godina-od-rodjenja-branka-radicevica\/#primaryimage"},"thumbnailUrl":"https:\/\/efilatelija.posta.rs\/wp-content\/uploads\/2024\/06\/801909.jpg","datePublished":"2024-06-24T08:30:06+00:00","dateModified":"2025-12-29T06:36:23+00:00","breadcrumb":{"@id":"https:\/\/efilatelija.posta.rs\/product\/200-godina-od-rodjenja-branka-radicevica\/#breadcrumb"},"inLanguage":"en-GB","potentialAction":[{"@type":"ReadAction","target":["https:\/\/efilatelija.posta.rs\/product\/200-godina-od-rodjenja-branka-radicevica\/"]}]},{"@type":"ImageObject","inLanguage":"en-GB","@id":"https:\/\/efilatelija.posta.rs\/product\/200-godina-od-rodjenja-branka-radicevica\/#primaryimage","url":"https:\/\/efilatelija.posta.rs\/wp-content\/uploads\/2024\/06\/801909.jpg","contentUrl":"https:\/\/efilatelija.posta.rs\/wp-content\/uploads\/2024\/06\/801909.jpg","width":800,"height":800,"caption":"2024 200 \u0433\u043e\u0434\u0438\u043d\u0430 \u043e\u0434 \u0440\u043e\u0452\u0435\u045a\u0430 \u0411\u0440\u0430\u043d\u043a\u0430 \u0420\u0430\u0434\u0438\u0447\u0435\u0432\u0438\u045b\u0430 \u043f\u0440\u0438\u0433\u043e\u0434\u043d\u0430 \u043f\u043e\u0448\u0442\u0430\u043d\u0441\u043a\u0430 \u043c\u0430\u0440\u043a\u0430"},{"@type":"BreadcrumbList","@id":"https:\/\/efilatelija.posta.rs\/product\/200-godina-od-rodjenja-branka-radicevica\/#breadcrumb","itemListElement":[{"@type":"ListItem","position":1,"name":"\u041f\u0440\u043e\u0434\u0430\u0432\u043d\u0438\u0446\u0430","item":"https:\/\/efilatelija.posta.rs\/shop\/"},{"@type":"ListItem","position":2,"name":"200 \u0433\u043e\u0434\u0438\u043d\u0430 \u043e\u0434 \u0440\u043e\u0452\u0435\u045a\u0430 \u0411\u0440\u0430\u043d\u043a\u0430 \u0420\u0430\u0434\u0438\u0447\u0435\u0432\u0438\u045b\u0430"}]},{"@type":"WebSite","@id":"https:\/\/efilatelija.posta.rs\/#website","url":"https:\/\/efilatelija.posta.rs\/","name":"ePhilately","description":"\u041f\u043e\u0448\u0442\u0430 \u0421\u0440\u0431\u0438\u0458\u0435 \u0434.\u043e.\u043e.","publisher":{"@id":"https:\/\/efilatelija.posta.rs\/#organization"},"potentialAction":[{"@type":"SearchAction","target":{"@type":"EntryPoint","urlTemplate":"https:\/\/efilatelija.posta.rs\/?s={search_term_string}"},"query-input":{"@type":"PropertyValueSpecification","valueRequired":true,"valueName":"search_term_string"}}],"inLanguage":"en-GB"},{"@type":"Organization","@id":"https:\/\/efilatelija.posta.rs\/#organization","name":"\u0435\u0424\u0438\u043b\u0430\u0442\u0435\u043b\u0438\u0458\u0430 - \u0408\u041f \u041f\u043e\u0448\u0442\u0430 \u0421\u0440\u0431\u0438\u0458\u0435","url":"https:\/\/efilatelija.posta.rs\/","logo":{"@type":"ImageObject","inLanguage":"en-GB","@id":"https:\/\/efilatelija.posta.rs\/#\/schema\/logo\/image\/","url":"https:\/\/efilatelija.posta.rs\/wp-content\/uploads\/2025\/01\/logo-posta-srbije-500x500-1.jpg","contentUrl":"https:\/\/efilatelija.posta.rs\/wp-content\/uploads\/2025\/01\/logo-posta-srbije-500x500-1.jpg","width":500,"height":500,"caption":"\u0435\u0424\u0438\u043b\u0430\u0442\u0435\u043b\u0438\u0458\u0430 - \u0408\u041f \u041f\u043e\u0448\u0442\u0430 \u0421\u0440\u0431\u0438\u0458\u0435"},"image":{"@id":"https:\/\/efilatelija.posta.rs\/#\/schema\/logo\/image\/"}}]}},"_links":{"self":[{"href":"https:\/\/efilatelija.posta.rs\/en\/wp-json\/wp\/v2\/product\/13232","targetHints":{"allow":["GET"]}}],"collection":[{"href":"https:\/\/efilatelija.posta.rs\/en\/wp-json\/wp\/v2\/product"}],"about":[{"href":"https:\/\/efilatelija.posta.rs\/en\/wp-json\/wp\/v2\/types\/product"}],"wp:featuredmedia":[{"embeddable":true,"href":"https:\/\/efilatelija.posta.rs\/en\/wp-json\/wp\/v2\/media\/13233"}],"wp:attachment":[{"href":"https:\/\/efilatelija.posta.rs\/en\/wp-json\/wp\/v2\/media?parent=13232"}],"wp:term":[{"taxonomy":"product_brand","embeddable":true,"href":"https:\/\/efilatelija.posta.rs\/en\/wp-json\/wp\/v2\/product_brand?post=13232"},{"taxonomy":"product_cat","embeddable":true,"href":"https:\/\/efilatelija.posta.rs\/en\/wp-json\/wp\/v2\/product_cat?post=13232"},{"taxonomy":"product_tag","embeddable":true,"href":"https:\/\/efilatelija.posta.rs\/en\/wp-json\/wp\/v2\/product_tag?post=13232"}],"curies":[{"name":"wp","href":"https:\/\/api.w.org\/{rel}","templated":true}]}}