{"id":13159,"date":"2024-06-12T07:00:04","date_gmt":"2024-06-12T06:00:04","guid":{"rendered":"https:\/\/efilatelija.posta.rs\/?post_type=product&#038;p=13159"},"modified":"2026-01-13T20:44:53","modified_gmt":"2026-01-13T19:44:53","slug":"170-godina-strucnog-obrazovanja-u-srbiji","status":"publish","type":"product","link":"https:\/\/efilatelija.posta.rs\/en\/product\/170-godina-strucnog-obrazovanja-u-srbiji\/","title":{"rendered":"170 years of vocational education in Serbia"},"content":{"rendered":"<p>By the Decree of Prince Aleksandar Kara\u0111or\u0111evi\u0107 in March 1854, the first vocational school in Serbia was founded \u2013 the First Vocational School, for the planned and systematic preparation of personnel necessary for the new military factory (Topolivnica). The proposal to establish a boarding-type school, based on the model of vocational schools in France, was sent to the Prince by Charles Loubry at the end of 1853. The school, with notable success, participated in science and technology fairs in Paris in 1889 and London in 1898. By the Decree from 1867, the school was named the Military-Vocational School. The school resumed its work in 1888 through the efforts of the Director of the Institute, Pavel \u0160af\u00e1rik, and received the status of a secondary school. The Military-Vocational School grew into a leading vocational school in the Balkans in the time before the First World War. Before the Second World War, only trades necessary for the military industry were represented in the school programme. The new teaching plan adopted in 1940 could not be implemented due to the outbreak of war.<\/p>\n<p>The Military-Industrial School in Kragujevac was founded in September 1946 by the Ministry of National Defence at the \"Crvena Zastava\" Institute. From the school year 1994\/1995, new courses in the traffic profession were started, and in 1996, the school was named the Technical School for Mechanical Engineering and Traffic. In 2009, the school was named the Polytechnic School and provided students with general and specialist theoretical and practical knowledge that enabled them to quickly and easily join the world of work, but also to successfully continue further education.<\/p>\n<p>The Secondary Vocational School was founded by the Decision on the establishment of the Secondary Vocational School in Kragujevac and the abolition of the Polytechnic School and the Second Technical School in Kragujevac. As of September 1, 2018, the Polytechnic School and the Second Technical School, the origin and development of which are closely related, once again became one institution, under the name Secondary Vocational School. By merging these two schools, the offer was further enriched. In addition to mechanical engineering, traffic, and electrical engineering, forestry, wood processing and culture, art and public information were also added.<\/p>\n<p>Today, the school is called Secondary School \"Knez Aleksandar Kara\u0111or\u0111evi\u0107\".<\/p>\n<p>For the stamp motifs, the following were used: the portrait of Prince Aleksandar Kara\u0111or\u0111evi\u0107, the work of student Ivona Bogdanovi\u0107 and drawing of the school building, the work of student Marko Milanovi\u0107.<\/p>\n<p>Professional cooperation: Sini\u0161a Koji\u0107, Director of Secondary School \u201cKnez Aleksandar Kara\u0111or\u0111evi\u0107\u201d.<\/p>\n<p>Graphic realization: Nade\u017eda Sko\u010daji\u0107, Academic Graphic Artist.<\/p>","protected":false},"excerpt":{"rendered":"<h3>Commemorative postage stamps<\/h3>\n<p>Year of issue: <strong>2024<\/strong><\/p>","protected":false},"featured_media":13150,"template":"","meta":{"inline_featured_image":false,"pgc_sgb_lightbox_settings":""},"product_brand":[],"product_cat":[96,166,39,40],"product_tag":[],"class_list":{"0":"post-13159","1":"product","2":"type-product","3":"status-publish","4":"has-post-thumbnail","6":"product_cat-godina-izdanja","7":"product_cat-166","8":"product_cat-postanske-marke","9":"product_cat-prigodne-marke","10":"pa_godina-izdanja-167","11":"pa_tema-nauka","12":"pa_tema-obrazovanje","14":"first","15":"instock","16":"shipping-taxable","17":"purchasable","18":"product-type-simple"},"yoast_head":"<!-- This site is optimized with the Yoast SEO plugin v26.8 - https:\/\/yoast.com\/product\/yoast-seo-wordpress\/ -->\n<title>170 \u0433\u043e\u0434\u0438\u043d\u0430 \u0441\u0442\u0440\u0443\u0447\u043d\u043e\u0433 \u043e\u0431\u0440\u0430\u0437\u043e\u0432\u0430\u045a\u0430 \u0443 \u0421\u0440\u0431\u0438\u0458\u0438 - \u0435\u0424\u0438\u043b\u0430\u0442\u0435\u043b\u0438\u0458\u0430<\/title>\n<meta name=\"robots\" content=\"index, follow, max-snippet:-1, max-image-preview:large, max-video-preview:-1\" \/>\n<link rel=\"canonical\" href=\"https:\/\/efilatelija.posta.rs\/en\/product\/170-godina-strucnog-obrazovanja-u-srbiji\/\" \/>\n<meta property=\"og:locale\" content=\"en_GB\" \/>\n<meta property=\"og:type\" content=\"article\" \/>\n<meta property=\"og:title\" content=\"170 \u0433\u043e\u0434\u0438\u043d\u0430 \u0441\u0442\u0440\u0443\u0447\u043d\u043e\u0433 \u043e\u0431\u0440\u0430\u0437\u043e\u0432\u0430\u045a\u0430 \u0443 \u0421\u0440\u0431\u0438\u0458\u0438 - \u0435\u0424\u0438\u043b\u0430\u0442\u0435\u043b\u0438\u0458\u0430\" \/>\n<meta property=\"og:description\" content=\"\u041f\u0440\u0438\u0433\u043e\u0434\u043d\u0430 \u043f\u043e\u0448\u0442\u0430\u043d\u0441\u043a\u0430 \u043c\u0430\u0440\u043a\u0430 \u0413\u043e\u0434\u0438\u043d\u0430 \u0438\u0437\u0434\u0430\u045a\u0430: 2024\" \/>\n<meta property=\"og:url\" content=\"https:\/\/efilatelija.posta.rs\/en\/product\/170-godina-strucnog-obrazovanja-u-srbiji\/\" \/>\n<meta property=\"og:site_name\" content=\"\u0435\u0424\u0438\u043b\u0430\u0442\u0435\u043b\u0438\u0458\u0430\" \/>\n<meta property=\"article:modified_time\" content=\"2026-01-13T19:44:53+00:00\" \/>\n<meta property=\"og:image\" content=\"https:\/\/efilatelija.posta.rs\/wp-content\/uploads\/2024\/06\/MARKA_17_2024_170_strucnog_obrazovanja-1.png\" \/>\n\t<meta property=\"og:image:width\" content=\"672\" \/>\n\t<meta property=\"og:image:height\" content=\"538\" \/>\n\t<meta property=\"og:image:type\" content=\"image\/png\" \/>\n<meta name=\"twitter:card\" content=\"summary_large_image\" \/>\n<script type=\"application\/ld+json\" class=\"yoast-schema-graph\">{\"@context\":\"https:\/\/schema.org\",\"@graph\":[{\"@type\":\"WebPage\",\"@id\":\"https:\/\/efilatelija.posta.rs\/product\/170-godina-strucnog-obrazovanja-u-srbiji\/\",\"url\":\"https:\/\/efilatelija.posta.rs\/product\/170-godina-strucnog-obrazovanja-u-srbiji\/\",\"name\":\"170 \u0433\u043e\u0434\u0438\u043d\u0430 \u0441\u0442\u0440\u0443\u0447\u043d\u043e\u0433 \u043e\u0431\u0440\u0430\u0437\u043e\u0432\u0430\u045a\u0430 \u0443 \u0421\u0440\u0431\u0438\u0458\u0438 - \u0435\u0424\u0438\u043b\u0430\u0442\u0435\u043b\u0438\u0458\u0430\",\"isPartOf\":{\"@id\":\"https:\/\/efilatelija.posta.rs\/#website\"},\"primaryImageOfPage\":{\"@id\":\"https:\/\/efilatelija.posta.rs\/product\/170-godina-strucnog-obrazovanja-u-srbiji\/#primaryimage\"},\"image\":{\"@id\":\"https:\/\/efilatelija.posta.rs\/product\/170-godina-strucnog-obrazovanja-u-srbiji\/#primaryimage\"},\"thumbnailUrl\":\"https:\/\/efilatelija.posta.rs\/wp-content\/uploads\/2024\/06\/MARKA_17_2024_170_strucnog_obrazovanja-1.png\",\"datePublished\":\"2024-06-12T06:00:04+00:00\",\"dateModified\":\"2026-01-13T19:44:53+00:00\",\"breadcrumb\":{\"@id\":\"https:\/\/efilatelija.posta.rs\/product\/170-godina-strucnog-obrazovanja-u-srbiji\/#breadcrumb\"},\"inLanguage\":\"en-GB\",\"potentialAction\":[{\"@type\":\"ReadAction\",\"target\":[\"https:\/\/efilatelija.posta.rs\/product\/170-godina-strucnog-obrazovanja-u-srbiji\/\"]}]},{\"@type\":\"ImageObject\",\"inLanguage\":\"en-GB\",\"@id\":\"https:\/\/efilatelija.posta.rs\/product\/170-godina-strucnog-obrazovanja-u-srbiji\/#primaryimage\",\"url\":\"https:\/\/efilatelija.posta.rs\/wp-content\/uploads\/2024\/06\/MARKA_17_2024_170_strucnog_obrazovanja-1.png\",\"contentUrl\":\"https:\/\/efilatelija.posta.rs\/wp-content\/uploads\/2024\/06\/MARKA_17_2024_170_strucnog_obrazovanja-1.png\",\"width\":672,\"height\":538,\"caption\":\"2024 170 \u0433\u043e\u0434\u0438\u043d\u0430 \u0441\u0442\u0440\u0443\u0447\u043d\u043e\u0433 \u043e\u0431\u0440\u0430\u0437\u043e\u0432\u0430\u045a\u0430 \u0443 \u0421\u0440\u0431\u0438\u0458\u0438 \u043f\u0440\u0438\u0433\u043e\u0434\u043d\u0430 \u043f\u043e\u0448\u0442\u0430\u043d\u0441\u043a\u0430 \u043c\u0430\u0440\u043a\u0430\"},{\"@type\":\"BreadcrumbList\",\"@id\":\"https:\/\/efilatelija.posta.rs\/product\/170-godina-strucnog-obrazovanja-u-srbiji\/#breadcrumb\",\"itemListElement\":[{\"@type\":\"ListItem\",\"position\":1,\"name\":\"\u041f\u0440\u043e\u0434\u0430\u0432\u043d\u0438\u0446\u0430\",\"item\":\"https:\/\/efilatelija.posta.rs\/shop\/\"},{\"@type\":\"ListItem\",\"position\":2,\"name\":\"170 \u0433\u043e\u0434\u0438\u043d\u0430 \u0441\u0442\u0440\u0443\u0447\u043d\u043e\u0433 \u043e\u0431\u0440\u0430\u0437\u043e\u0432\u0430\u045a\u0430 \u0443 \u0421\u0440\u0431\u0438\u0458\u0438\"}]},{\"@type\":\"WebSite\",\"@id\":\"https:\/\/efilatelija.posta.rs\/#website\",\"url\":\"https:\/\/efilatelija.posta.rs\/\",\"name\":\"\u0435\u0424\u0438\u043b\u0430\u0442\u0435\u043b\u0438\u0458\u0430\",\"description\":\"\u041f\u043e\u0448\u0442\u0430 \u0421\u0440\u0431\u0438\u0458\u0435 \u0434.\u043e.\u043e.\",\"publisher\":{\"@id\":\"https:\/\/efilatelija.posta.rs\/#organization\"},\"potentialAction\":[{\"@type\":\"SearchAction\",\"target\":{\"@type\":\"EntryPoint\",\"urlTemplate\":\"https:\/\/efilatelija.posta.rs\/?s={search_term_string}\"},\"query-input\":{\"@type\":\"PropertyValueSpecification\",\"valueRequired\":true,\"valueName\":\"search_term_string\"}}],\"inLanguage\":\"en-GB\"},{\"@type\":\"Organization\",\"@id\":\"https:\/\/efilatelija.posta.rs\/#organization\",\"name\":\"\u0435\u0424\u0438\u043b\u0430\u0442\u0435\u043b\u0438\u0458\u0430 - \u0408\u041f \u041f\u043e\u0448\u0442\u0430 \u0421\u0440\u0431\u0438\u0458\u0435\",\"url\":\"https:\/\/efilatelija.posta.rs\/\",\"logo\":{\"@type\":\"ImageObject\",\"inLanguage\":\"en-GB\",\"@id\":\"https:\/\/efilatelija.posta.rs\/#\/schema\/logo\/image\/\",\"url\":\"https:\/\/efilatelija.posta.rs\/wp-content\/uploads\/2025\/01\/logo-posta-srbije-500x500-1.jpg\",\"contentUrl\":\"https:\/\/efilatelija.posta.rs\/wp-content\/uploads\/2025\/01\/logo-posta-srbije-500x500-1.jpg\",\"width\":500,\"height\":500,\"caption\":\"\u0435\u0424\u0438\u043b\u0430\u0442\u0435\u043b\u0438\u0458\u0430 - \u0408\u041f \u041f\u043e\u0448\u0442\u0430 \u0421\u0440\u0431\u0438\u0458\u0435\"},\"image\":{\"@id\":\"https:\/\/efilatelija.posta.rs\/#\/schema\/logo\/image\/\"}}]}<\/script>\n<!-- \/ Yoast SEO plugin. -->","yoast_head_json":{"title":"170 \u0433\u043e\u0434\u0438\u043d\u0430 \u0441\u0442\u0440\u0443\u0447\u043d\u043e\u0433 \u043e\u0431\u0440\u0430\u0437\u043e\u0432\u0430\u045a\u0430 \u0443 \u0421\u0440\u0431\u0438\u0458\u0438 - \u0435\u0424\u0438\u043b\u0430\u0442\u0435\u043b\u0438\u0458\u0430","robots":{"index":"index","follow":"follow","max-snippet":"max-snippet:-1","max-image-preview":"max-image-preview:large","max-video-preview":"max-video-preview:-1"},"canonical":"https:\/\/efilatelija.posta.rs\/en\/product\/170-godina-strucnog-obrazovanja-u-srbiji\/","og_locale":"en_GB","og_type":"article","og_title":"170 \u0433\u043e\u0434\u0438\u043d\u0430 \u0441\u0442\u0440\u0443\u0447\u043d\u043e\u0433 \u043e\u0431\u0440\u0430\u0437\u043e\u0432\u0430\u045a\u0430 \u0443 \u0421\u0440\u0431\u0438\u0458\u0438 - \u0435\u0424\u0438\u043b\u0430\u0442\u0435\u043b\u0438\u0458\u0430","og_description":"\u041f\u0440\u0438\u0433\u043e\u0434\u043d\u0430 \u043f\u043e\u0448\u0442\u0430\u043d\u0441\u043a\u0430 \u043c\u0430\u0440\u043a\u0430 \u0413\u043e\u0434\u0438\u043d\u0430 \u0438\u0437\u0434\u0430\u045a\u0430: 2024","og_url":"https:\/\/efilatelija.posta.rs\/en\/product\/170-godina-strucnog-obrazovanja-u-srbiji\/","og_site_name":"\u0435\u0424\u0438\u043b\u0430\u0442\u0435\u043b\u0438\u0458\u0430","article_modified_time":"2026-01-13T19:44:53+00:00","og_image":[{"width":672,"height":538,"url":"https:\/\/efilatelija.posta.rs\/wp-content\/uploads\/2024\/06\/MARKA_17_2024_170_strucnog_obrazovanja-1.png","type":"image\/png"}],"twitter_card":"summary_large_image","schema":{"@context":"https:\/\/schema.org","@graph":[{"@type":"WebPage","@id":"https:\/\/efilatelija.posta.rs\/product\/170-godina-strucnog-obrazovanja-u-srbiji\/","url":"https:\/\/efilatelija.posta.rs\/product\/170-godina-strucnog-obrazovanja-u-srbiji\/","name":"170 \u0433\u043e\u0434\u0438\u043d\u0430 \u0441\u0442\u0440\u0443\u0447\u043d\u043e\u0433 \u043e\u0431\u0440\u0430\u0437\u043e\u0432\u0430\u045a\u0430 \u0443 \u0421\u0440\u0431\u0438\u0458\u0438 - \u0435\u0424\u0438\u043b\u0430\u0442\u0435\u043b\u0438\u0458\u0430","isPartOf":{"@id":"https:\/\/efilatelija.posta.rs\/#website"},"primaryImageOfPage":{"@id":"https:\/\/efilatelija.posta.rs\/product\/170-godina-strucnog-obrazovanja-u-srbiji\/#primaryimage"},"image":{"@id":"https:\/\/efilatelija.posta.rs\/product\/170-godina-strucnog-obrazovanja-u-srbiji\/#primaryimage"},"thumbnailUrl":"https:\/\/efilatelija.posta.rs\/wp-content\/uploads\/2024\/06\/MARKA_17_2024_170_strucnog_obrazovanja-1.png","datePublished":"2024-06-12T06:00:04+00:00","dateModified":"2026-01-13T19:44:53+00:00","breadcrumb":{"@id":"https:\/\/efilatelija.posta.rs\/product\/170-godina-strucnog-obrazovanja-u-srbiji\/#breadcrumb"},"inLanguage":"en-GB","potentialAction":[{"@type":"ReadAction","target":["https:\/\/efilatelija.posta.rs\/product\/170-godina-strucnog-obrazovanja-u-srbiji\/"]}]},{"@type":"ImageObject","inLanguage":"en-GB","@id":"https:\/\/efilatelija.posta.rs\/product\/170-godina-strucnog-obrazovanja-u-srbiji\/#primaryimage","url":"https:\/\/efilatelija.posta.rs\/wp-content\/uploads\/2024\/06\/MARKA_17_2024_170_strucnog_obrazovanja-1.png","contentUrl":"https:\/\/efilatelija.posta.rs\/wp-content\/uploads\/2024\/06\/MARKA_17_2024_170_strucnog_obrazovanja-1.png","width":672,"height":538,"caption":"2024 170 \u0433\u043e\u0434\u0438\u043d\u0430 \u0441\u0442\u0440\u0443\u0447\u043d\u043e\u0433 \u043e\u0431\u0440\u0430\u0437\u043e\u0432\u0430\u045a\u0430 \u0443 \u0421\u0440\u0431\u0438\u0458\u0438 \u043f\u0440\u0438\u0433\u043e\u0434\u043d\u0430 \u043f\u043e\u0448\u0442\u0430\u043d\u0441\u043a\u0430 \u043c\u0430\u0440\u043a\u0430"},{"@type":"BreadcrumbList","@id":"https:\/\/efilatelija.posta.rs\/product\/170-godina-strucnog-obrazovanja-u-srbiji\/#breadcrumb","itemListElement":[{"@type":"ListItem","position":1,"name":"\u041f\u0440\u043e\u0434\u0430\u0432\u043d\u0438\u0446\u0430","item":"https:\/\/efilatelija.posta.rs\/shop\/"},{"@type":"ListItem","position":2,"name":"170 \u0433\u043e\u0434\u0438\u043d\u0430 \u0441\u0442\u0440\u0443\u0447\u043d\u043e\u0433 \u043e\u0431\u0440\u0430\u0437\u043e\u0432\u0430\u045a\u0430 \u0443 \u0421\u0440\u0431\u0438\u0458\u0438"}]},{"@type":"WebSite","@id":"https:\/\/efilatelija.posta.rs\/#website","url":"https:\/\/efilatelija.posta.rs\/","name":"ePhilately","description":"\u041f\u043e\u0448\u0442\u0430 \u0421\u0440\u0431\u0438\u0458\u0435 \u0434.\u043e.\u043e.","publisher":{"@id":"https:\/\/efilatelija.posta.rs\/#organization"},"potentialAction":[{"@type":"SearchAction","target":{"@type":"EntryPoint","urlTemplate":"https:\/\/efilatelija.posta.rs\/?s={search_term_string}"},"query-input":{"@type":"PropertyValueSpecification","valueRequired":true,"valueName":"search_term_string"}}],"inLanguage":"en-GB"},{"@type":"Organization","@id":"https:\/\/efilatelija.posta.rs\/#organization","name":"\u0435\u0424\u0438\u043b\u0430\u0442\u0435\u043b\u0438\u0458\u0430 - \u0408\u041f \u041f\u043e\u0448\u0442\u0430 \u0421\u0440\u0431\u0438\u0458\u0435","url":"https:\/\/efilatelija.posta.rs\/","logo":{"@type":"ImageObject","inLanguage":"en-GB","@id":"https:\/\/efilatelija.posta.rs\/#\/schema\/logo\/image\/","url":"https:\/\/efilatelija.posta.rs\/wp-content\/uploads\/2025\/01\/logo-posta-srbije-500x500-1.jpg","contentUrl":"https:\/\/efilatelija.posta.rs\/wp-content\/uploads\/2025\/01\/logo-posta-srbije-500x500-1.jpg","width":500,"height":500,"caption":"\u0435\u0424\u0438\u043b\u0430\u0442\u0435\u043b\u0438\u0458\u0430 - \u0408\u041f \u041f\u043e\u0448\u0442\u0430 \u0421\u0440\u0431\u0438\u0458\u0435"},"image":{"@id":"https:\/\/efilatelija.posta.rs\/#\/schema\/logo\/image\/"}}]}},"_links":{"self":[{"href":"https:\/\/efilatelija.posta.rs\/en\/wp-json\/wp\/v2\/product\/13159","targetHints":{"allow":["GET"]}}],"collection":[{"href":"https:\/\/efilatelija.posta.rs\/en\/wp-json\/wp\/v2\/product"}],"about":[{"href":"https:\/\/efilatelija.posta.rs\/en\/wp-json\/wp\/v2\/types\/product"}],"wp:featuredmedia":[{"embeddable":true,"href":"https:\/\/efilatelija.posta.rs\/en\/wp-json\/wp\/v2\/media\/13150"}],"wp:attachment":[{"href":"https:\/\/efilatelija.posta.rs\/en\/wp-json\/wp\/v2\/media?parent=13159"}],"wp:term":[{"taxonomy":"product_brand","embeddable":true,"href":"https:\/\/efilatelija.posta.rs\/en\/wp-json\/wp\/v2\/product_brand?post=13159"},{"taxonomy":"product_cat","embeddable":true,"href":"https:\/\/efilatelija.posta.rs\/en\/wp-json\/wp\/v2\/product_cat?post=13159"},{"taxonomy":"product_tag","embeddable":true,"href":"https:\/\/efilatelija.posta.rs\/en\/wp-json\/wp\/v2\/product_tag?post=13159"}],"curies":[{"name":"wp","href":"https:\/\/api.w.org\/{rel}","templated":true}]}}