{"id":12842,"date":"2024-04-25T06:48:42","date_gmt":"2024-04-25T05:48:42","guid":{"rendered":"https:\/\/efilatelija.posta.rs\/?post_type=product&#038;p=12842"},"modified":"2026-01-13T20:44:53","modified_gmt":"2026-01-13T19:44:53","slug":"90-godina-standardizacije-u-srbiji","status":"publish","type":"product","link":"https:\/\/efilatelija.posta.rs\/en\/product\/90-godina-standardizacije-u-srbiji\/","title":{"rendered":"90 years of standardization in Serbia"},"content":{"rendered":"<p>The beginnings of standardization on the territory of today's Serbia can be found as early as the 15<sup>th<\/sup> century, in the Law on Mines or the Mining (Novo Brdo) Code of despot Stefan Lazarevic, which contains regulations that regulate the exploration of mineral resources and the performance of mining works.<\/p>\n<p>Starting from the twenties of the twentieth century, some normative documents were created for the needs of the economy, however, there is an increasingly strong awareness of the need for an organized approach to standardization work, especially in the field of mining, electrical engineering and construction. As a result of these aspirations, under the leadership of the Dean of the Technical Faculty in Belgrade and the President of the Association of Engineers and Architects Professor Du\u0161an Tomi\u0107, on September 16, 1934, the Yugoslav National Committee for Normalization was formed, the task of which was: \"to work on the normalization of general, technical and commercial conditions and regulations for public works and procurement, normalization of products of economic activity, concentration and coordination of activities in the field of normalization\". The Committee for Normalization suspended its work in 1941 due to the war, and then continued in December 1944, when it published temporary Standards for the manufacture of military boots and Instructions for the maintenance of footwear. In 1946, the Government of FPRY established the Federal Commission for Standardization, which immediately after the renewal of standardization activities requested to be admitted to the International Organization for Standardization ISO, and since January 1, 1950, it has represented our country as the 28<sup>th<\/sup> member.<\/p>\n<p>In the past, the name and legal form of the national standards body changed several times, and the legal successor of all those institutions is today's Institute for Standardization of Serbia (ISS), which is the only national standardization body in the Republic of Serbia. So far, the Institute has published tens of thousands of Serbian standards and related documents, which are harmonized with the corresponding international and European standards.<\/p>\n<p>Professional cooperation: Institute for Standardization of Serbia<\/p>\n<p>Artistic realization: Miroslav Nikoli\u0107 and Nade\u017eda Sko\u010daji\u0107, Academic Graphic Artist<\/p>","protected":false},"excerpt":{"rendered":"<h3>Commemorative postage stamps<\/h3>\n<p>Year of issue: <strong>2024<\/strong><\/p>","protected":false},"featured_media":12843,"template":"","meta":{"inline_featured_image":false,"pgc_sgb_lightbox_settings":""},"product_brand":[],"product_cat":[96,166,39,40],"product_tag":[],"class_list":{"0":"post-12842","1":"product","2":"type-product","3":"status-publish","4":"has-post-thumbnail","6":"product_cat-godina-izdanja","7":"product_cat-166","8":"product_cat-postanske-marke","9":"product_cat-prigodne-marke","10":"pa_godina-izdanja-167","12":"first","13":"instock","14":"shipping-taxable","15":"purchasable","16":"product-type-simple"},"yoast_head":"<!-- This site is optimized with the Yoast SEO plugin v26.8 - https:\/\/yoast.com\/product\/yoast-seo-wordpress\/ -->\n<title>90 \u0433\u043e\u0434\u0438\u043d\u0430 \u0441\u0442\u0430\u043d\u0434\u0430\u0440\u0434\u0438\u0437\u0430\u0446\u0438\u0458\u0435 \u0443 \u0421\u0440\u0431\u0438\u0458\u0438 - \u0435\u0424\u0438\u043b\u0430\u0442\u0435\u043b\u0438\u0458\u0430<\/title>\n<meta name=\"robots\" content=\"index, follow, max-snippet:-1, max-image-preview:large, max-video-preview:-1\" \/>\n<link rel=\"canonical\" href=\"https:\/\/efilatelija.posta.rs\/en\/product\/90-godina-standardizacije-u-srbiji\/\" \/>\n<meta property=\"og:locale\" content=\"en_GB\" \/>\n<meta property=\"og:type\" content=\"article\" \/>\n<meta property=\"og:title\" content=\"90 \u0433\u043e\u0434\u0438\u043d\u0430 \u0441\u0442\u0430\u043d\u0434\u0430\u0440\u0434\u0438\u0437\u0430\u0446\u0438\u0458\u0435 \u0443 \u0421\u0440\u0431\u0438\u0458\u0438 - \u0435\u0424\u0438\u043b\u0430\u0442\u0435\u043b\u0438\u0458\u0430\" \/>\n<meta property=\"og:description\" content=\"\u041f\u0440\u0438\u0433\u043e\u0434\u043d\u0430 \u043f\u043e\u0448\u0442\u0430\u043d\u0441\u043a\u0430 \u043c\u0430\u0440\u043a\u0430 \u0413\u043e\u0434\u0438\u043d\u0430 \u0438\u0437\u0434\u0430\u045a\u0430: 2024\" \/>\n<meta property=\"og:url\" content=\"https:\/\/efilatelija.posta.rs\/en\/product\/90-godina-standardizacije-u-srbiji\/\" \/>\n<meta property=\"og:site_name\" content=\"\u0435\u0424\u0438\u043b\u0430\u0442\u0435\u043b\u0438\u0458\u0430\" \/>\n<meta property=\"article:modified_time\" content=\"2026-01-13T19:44:53+00:00\" \/>\n<meta property=\"og:image\" content=\"https:\/\/efilatelija.posta.rs\/wp-content\/uploads\/2024\/04\/801897.jpg\" \/>\n\t<meta property=\"og:image:width\" content=\"800\" \/>\n\t<meta property=\"og:image:height\" content=\"800\" \/>\n\t<meta property=\"og:image:type\" content=\"image\/jpeg\" \/>\n<meta name=\"twitter:card\" content=\"summary_large_image\" \/>\n<script type=\"application\/ld+json\" class=\"yoast-schema-graph\">{\"@context\":\"https:\/\/schema.org\",\"@graph\":[{\"@type\":\"WebPage\",\"@id\":\"https:\/\/efilatelija.posta.rs\/product\/90-godina-standardizacije-u-srbiji\/\",\"url\":\"https:\/\/efilatelija.posta.rs\/product\/90-godina-standardizacije-u-srbiji\/\",\"name\":\"90 \u0433\u043e\u0434\u0438\u043d\u0430 \u0441\u0442\u0430\u043d\u0434\u0430\u0440\u0434\u0438\u0437\u0430\u0446\u0438\u0458\u0435 \u0443 \u0421\u0440\u0431\u0438\u0458\u0438 - \u0435\u0424\u0438\u043b\u0430\u0442\u0435\u043b\u0438\u0458\u0430\",\"isPartOf\":{\"@id\":\"https:\/\/efilatelija.posta.rs\/#website\"},\"primaryImageOfPage\":{\"@id\":\"https:\/\/efilatelija.posta.rs\/product\/90-godina-standardizacije-u-srbiji\/#primaryimage\"},\"image\":{\"@id\":\"https:\/\/efilatelija.posta.rs\/product\/90-godina-standardizacije-u-srbiji\/#primaryimage\"},\"thumbnailUrl\":\"https:\/\/efilatelija.posta.rs\/wp-content\/uploads\/2024\/04\/801897.jpg\",\"datePublished\":\"2024-04-25T05:48:42+00:00\",\"dateModified\":\"2026-01-13T19:44:53+00:00\",\"breadcrumb\":{\"@id\":\"https:\/\/efilatelija.posta.rs\/product\/90-godina-standardizacije-u-srbiji\/#breadcrumb\"},\"inLanguage\":\"en-GB\",\"potentialAction\":[{\"@type\":\"ReadAction\",\"target\":[\"https:\/\/efilatelija.posta.rs\/product\/90-godina-standardizacije-u-srbiji\/\"]}]},{\"@type\":\"ImageObject\",\"inLanguage\":\"en-GB\",\"@id\":\"https:\/\/efilatelija.posta.rs\/product\/90-godina-standardizacije-u-srbiji\/#primaryimage\",\"url\":\"https:\/\/efilatelija.posta.rs\/wp-content\/uploads\/2024\/04\/801897.jpg\",\"contentUrl\":\"https:\/\/efilatelija.posta.rs\/wp-content\/uploads\/2024\/04\/801897.jpg\",\"width\":800,\"height\":800,\"caption\":\"2024 90 \u0433\u043e\u0434\u0438\u043d\u0430 \u0441\u0442\u0430\u043d\u0434\u0430\u0440\u0434\u0438\u0437\u0430\u0446\u0438\u0458\u0435 \u0443 \u0421\u0440\u0431\u0438\u0458\u0438 \u043f\u0440\u0438\u0433\u043e\u0434\u043d\u0430 \u043f\u043e\u0448\u0442\u0430\u043d\u0441\u043a\u0430 \u043c\u0430\u0440\u043a\u0430\"},{\"@type\":\"BreadcrumbList\",\"@id\":\"https:\/\/efilatelija.posta.rs\/product\/90-godina-standardizacije-u-srbiji\/#breadcrumb\",\"itemListElement\":[{\"@type\":\"ListItem\",\"position\":1,\"name\":\"\u041f\u0440\u043e\u0434\u0430\u0432\u043d\u0438\u0446\u0430\",\"item\":\"https:\/\/efilatelija.posta.rs\/shop\/\"},{\"@type\":\"ListItem\",\"position\":2,\"name\":\"90 \u0433\u043e\u0434\u0438\u043d\u0430 \u0441\u0442\u0430\u043d\u0434\u0430\u0440\u0434\u0438\u0437\u0430\u0446\u0438\u0458\u0435 \u0443 \u0421\u0440\u0431\u0438\u0458\u0438\"}]},{\"@type\":\"WebSite\",\"@id\":\"https:\/\/efilatelija.posta.rs\/#website\",\"url\":\"https:\/\/efilatelija.posta.rs\/\",\"name\":\"\u0435\u0424\u0438\u043b\u0430\u0442\u0435\u043b\u0438\u0458\u0430\",\"description\":\"\u041f\u043e\u0448\u0442\u0430 \u0421\u0440\u0431\u0438\u0458\u0435 \u0434.\u043e.\u043e.\",\"publisher\":{\"@id\":\"https:\/\/efilatelija.posta.rs\/#organization\"},\"potentialAction\":[{\"@type\":\"SearchAction\",\"target\":{\"@type\":\"EntryPoint\",\"urlTemplate\":\"https:\/\/efilatelija.posta.rs\/?s={search_term_string}\"},\"query-input\":{\"@type\":\"PropertyValueSpecification\",\"valueRequired\":true,\"valueName\":\"search_term_string\"}}],\"inLanguage\":\"en-GB\"},{\"@type\":\"Organization\",\"@id\":\"https:\/\/efilatelija.posta.rs\/#organization\",\"name\":\"\u0435\u0424\u0438\u043b\u0430\u0442\u0435\u043b\u0438\u0458\u0430 - \u0408\u041f \u041f\u043e\u0448\u0442\u0430 \u0421\u0440\u0431\u0438\u0458\u0435\",\"url\":\"https:\/\/efilatelija.posta.rs\/\",\"logo\":{\"@type\":\"ImageObject\",\"inLanguage\":\"en-GB\",\"@id\":\"https:\/\/efilatelija.posta.rs\/#\/schema\/logo\/image\/\",\"url\":\"https:\/\/efilatelija.posta.rs\/wp-content\/uploads\/2025\/01\/logo-posta-srbije-500x500-1.jpg\",\"contentUrl\":\"https:\/\/efilatelija.posta.rs\/wp-content\/uploads\/2025\/01\/logo-posta-srbije-500x500-1.jpg\",\"width\":500,\"height\":500,\"caption\":\"\u0435\u0424\u0438\u043b\u0430\u0442\u0435\u043b\u0438\u0458\u0430 - \u0408\u041f \u041f\u043e\u0448\u0442\u0430 \u0421\u0440\u0431\u0438\u0458\u0435\"},\"image\":{\"@id\":\"https:\/\/efilatelija.posta.rs\/#\/schema\/logo\/image\/\"}}]}<\/script>\n<!-- \/ Yoast SEO plugin. -->","yoast_head_json":{"title":"90 \u0433\u043e\u0434\u0438\u043d\u0430 \u0441\u0442\u0430\u043d\u0434\u0430\u0440\u0434\u0438\u0437\u0430\u0446\u0438\u0458\u0435 \u0443 \u0421\u0440\u0431\u0438\u0458\u0438 - \u0435\u0424\u0438\u043b\u0430\u0442\u0435\u043b\u0438\u0458\u0430","robots":{"index":"index","follow":"follow","max-snippet":"max-snippet:-1","max-image-preview":"max-image-preview:large","max-video-preview":"max-video-preview:-1"},"canonical":"https:\/\/efilatelija.posta.rs\/en\/product\/90-godina-standardizacije-u-srbiji\/","og_locale":"en_GB","og_type":"article","og_title":"90 \u0433\u043e\u0434\u0438\u043d\u0430 \u0441\u0442\u0430\u043d\u0434\u0430\u0440\u0434\u0438\u0437\u0430\u0446\u0438\u0458\u0435 \u0443 \u0421\u0440\u0431\u0438\u0458\u0438 - \u0435\u0424\u0438\u043b\u0430\u0442\u0435\u043b\u0438\u0458\u0430","og_description":"\u041f\u0440\u0438\u0433\u043e\u0434\u043d\u0430 \u043f\u043e\u0448\u0442\u0430\u043d\u0441\u043a\u0430 \u043c\u0430\u0440\u043a\u0430 \u0413\u043e\u0434\u0438\u043d\u0430 \u0438\u0437\u0434\u0430\u045a\u0430: 2024","og_url":"https:\/\/efilatelija.posta.rs\/en\/product\/90-godina-standardizacije-u-srbiji\/","og_site_name":"\u0435\u0424\u0438\u043b\u0430\u0442\u0435\u043b\u0438\u0458\u0430","article_modified_time":"2026-01-13T19:44:53+00:00","og_image":[{"width":800,"height":800,"url":"https:\/\/efilatelija.posta.rs\/wp-content\/uploads\/2024\/04\/801897.jpg","type":"image\/jpeg"}],"twitter_card":"summary_large_image","schema":{"@context":"https:\/\/schema.org","@graph":[{"@type":"WebPage","@id":"https:\/\/efilatelija.posta.rs\/product\/90-godina-standardizacije-u-srbiji\/","url":"https:\/\/efilatelija.posta.rs\/product\/90-godina-standardizacije-u-srbiji\/","name":"90 \u0433\u043e\u0434\u0438\u043d\u0430 \u0441\u0442\u0430\u043d\u0434\u0430\u0440\u0434\u0438\u0437\u0430\u0446\u0438\u0458\u0435 \u0443 \u0421\u0440\u0431\u0438\u0458\u0438 - \u0435\u0424\u0438\u043b\u0430\u0442\u0435\u043b\u0438\u0458\u0430","isPartOf":{"@id":"https:\/\/efilatelija.posta.rs\/#website"},"primaryImageOfPage":{"@id":"https:\/\/efilatelija.posta.rs\/product\/90-godina-standardizacije-u-srbiji\/#primaryimage"},"image":{"@id":"https:\/\/efilatelija.posta.rs\/product\/90-godina-standardizacije-u-srbiji\/#primaryimage"},"thumbnailUrl":"https:\/\/efilatelija.posta.rs\/wp-content\/uploads\/2024\/04\/801897.jpg","datePublished":"2024-04-25T05:48:42+00:00","dateModified":"2026-01-13T19:44:53+00:00","breadcrumb":{"@id":"https:\/\/efilatelija.posta.rs\/product\/90-godina-standardizacije-u-srbiji\/#breadcrumb"},"inLanguage":"en-GB","potentialAction":[{"@type":"ReadAction","target":["https:\/\/efilatelija.posta.rs\/product\/90-godina-standardizacije-u-srbiji\/"]}]},{"@type":"ImageObject","inLanguage":"en-GB","@id":"https:\/\/efilatelija.posta.rs\/product\/90-godina-standardizacije-u-srbiji\/#primaryimage","url":"https:\/\/efilatelija.posta.rs\/wp-content\/uploads\/2024\/04\/801897.jpg","contentUrl":"https:\/\/efilatelija.posta.rs\/wp-content\/uploads\/2024\/04\/801897.jpg","width":800,"height":800,"caption":"2024 90 \u0433\u043e\u0434\u0438\u043d\u0430 \u0441\u0442\u0430\u043d\u0434\u0430\u0440\u0434\u0438\u0437\u0430\u0446\u0438\u0458\u0435 \u0443 \u0421\u0440\u0431\u0438\u0458\u0438 \u043f\u0440\u0438\u0433\u043e\u0434\u043d\u0430 \u043f\u043e\u0448\u0442\u0430\u043d\u0441\u043a\u0430 \u043c\u0430\u0440\u043a\u0430"},{"@type":"BreadcrumbList","@id":"https:\/\/efilatelija.posta.rs\/product\/90-godina-standardizacije-u-srbiji\/#breadcrumb","itemListElement":[{"@type":"ListItem","position":1,"name":"\u041f\u0440\u043e\u0434\u0430\u0432\u043d\u0438\u0446\u0430","item":"https:\/\/efilatelija.posta.rs\/shop\/"},{"@type":"ListItem","position":2,"name":"90 \u0433\u043e\u0434\u0438\u043d\u0430 \u0441\u0442\u0430\u043d\u0434\u0430\u0440\u0434\u0438\u0437\u0430\u0446\u0438\u0458\u0435 \u0443 \u0421\u0440\u0431\u0438\u0458\u0438"}]},{"@type":"WebSite","@id":"https:\/\/efilatelija.posta.rs\/#website","url":"https:\/\/efilatelija.posta.rs\/","name":"ePhilately","description":"\u041f\u043e\u0448\u0442\u0430 \u0421\u0440\u0431\u0438\u0458\u0435 \u0434.\u043e.\u043e.","publisher":{"@id":"https:\/\/efilatelija.posta.rs\/#organization"},"potentialAction":[{"@type":"SearchAction","target":{"@type":"EntryPoint","urlTemplate":"https:\/\/efilatelija.posta.rs\/?s={search_term_string}"},"query-input":{"@type":"PropertyValueSpecification","valueRequired":true,"valueName":"search_term_string"}}],"inLanguage":"en-GB"},{"@type":"Organization","@id":"https:\/\/efilatelija.posta.rs\/#organization","name":"\u0435\u0424\u0438\u043b\u0430\u0442\u0435\u043b\u0438\u0458\u0430 - \u0408\u041f \u041f\u043e\u0448\u0442\u0430 \u0421\u0440\u0431\u0438\u0458\u0435","url":"https:\/\/efilatelija.posta.rs\/","logo":{"@type":"ImageObject","inLanguage":"en-GB","@id":"https:\/\/efilatelija.posta.rs\/#\/schema\/logo\/image\/","url":"https:\/\/efilatelija.posta.rs\/wp-content\/uploads\/2025\/01\/logo-posta-srbije-500x500-1.jpg","contentUrl":"https:\/\/efilatelija.posta.rs\/wp-content\/uploads\/2025\/01\/logo-posta-srbije-500x500-1.jpg","width":500,"height":500,"caption":"\u0435\u0424\u0438\u043b\u0430\u0442\u0435\u043b\u0438\u0458\u0430 - \u0408\u041f \u041f\u043e\u0448\u0442\u0430 \u0421\u0440\u0431\u0438\u0458\u0435"},"image":{"@id":"https:\/\/efilatelija.posta.rs\/#\/schema\/logo\/image\/"}}]}},"_links":{"self":[{"href":"https:\/\/efilatelija.posta.rs\/en\/wp-json\/wp\/v2\/product\/12842","targetHints":{"allow":["GET"]}}],"collection":[{"href":"https:\/\/efilatelija.posta.rs\/en\/wp-json\/wp\/v2\/product"}],"about":[{"href":"https:\/\/efilatelija.posta.rs\/en\/wp-json\/wp\/v2\/types\/product"}],"wp:featuredmedia":[{"embeddable":true,"href":"https:\/\/efilatelija.posta.rs\/en\/wp-json\/wp\/v2\/media\/12843"}],"wp:attachment":[{"href":"https:\/\/efilatelija.posta.rs\/en\/wp-json\/wp\/v2\/media?parent=12842"}],"wp:term":[{"taxonomy":"product_brand","embeddable":true,"href":"https:\/\/efilatelija.posta.rs\/en\/wp-json\/wp\/v2\/product_brand?post=12842"},{"taxonomy":"product_cat","embeddable":true,"href":"https:\/\/efilatelija.posta.rs\/en\/wp-json\/wp\/v2\/product_cat?post=12842"},{"taxonomy":"product_tag","embeddable":true,"href":"https:\/\/efilatelija.posta.rs\/en\/wp-json\/wp\/v2\/product_tag?post=12842"}],"curies":[{"name":"wp","href":"https:\/\/api.w.org\/{rel}","templated":true}]}}