{"id":12570,"date":"2024-03-14T13:35:52","date_gmt":"2024-03-14T12:35:52","guid":{"rendered":"https:\/\/efilatelija.posta.rs\/?post_type=product&#038;p=12570"},"modified":"2026-01-11T01:04:40","modified_gmt":"2026-01-11T00:04:40","slug":"velikani-srbije-2024","status":"publish","type":"product","link":"https:\/\/efilatelija.posta.rs\/en\/product\/velikani-srbije-2024\/","title":{"rendered":"Prominent Serbs 2024"},"content":{"rendered":"<p><strong>Luka \u0106elovi\u0107 \u2013 Trebinjac<\/strong><\/p>\n<p>Luka \u0106elovi\u0107 \u2013 Trebinjac  (Pridvorci near Trebinje, October 18, 1854 \u2013 Belgrade, August 15, 1929) was a famous merchant, financier, benefactor and endower, one of the richest people in Serbia at the beginning of the 20th century and a great benefactor of Belgrade University.<br \/>\nHe completed his elementary studies in Trebinje, apprenticed in trade in Banja Luka and Br\u010dko, and from 1872, he was apprenticed to Petar Radosavljevi\u0107 and Mita Ignjatovi\u0107 in Belgrade. As a volunteer, in the summer of 1875 he joined the insurgents in Herzegovina, and from 1876 he joined the Serbian army during both Serbian-Turkish wars. In the fall of 1878, he began to engage in trade on his own. As early as 1882, as a reputable merchant, he participated in the founding of the Belgrade Cooperative, which was intended for small and medium-sized merchants, artisans, and officials, and devoted himself completely to the activities of the Cooperative.<br \/>\nHe was elected as a member of the Steering Committee of the National Bank of Serbia in February 1912 and in the same year by the Decree of His Highness King Petar I from February 7, Luka \u0106elovi\u0107 was appointed a member of the Endowment Council at the Ministry of Education, a member of which he remained until his death.<br \/>\nDuring the First World War, as a member of the Steering Committee of the National Bank, he participated in the evacuation of the National Bank's treasury with \u0110or\u0111e Vajfert and Marko Stojanovi\u0107, first to Thessaloniki and then to Marseilles, where he remained until the end of the war, helping our wounded and refugees.<br \/>\nLuka \u0106elovi\u0107 significantly contributed to the change of Belgrade's visual identity, first by building a family house in Savamala at Kraljevi\u0107a Marka St. 1, which was built in 1903 by Eng. Milo\u0161 Sav\u010di\u0107, and then by participating in the construction of the Palace of the Belgrade Cooperative and the magnificent building of the \"Bristol\" hotel, as well as the Stock Exchange building. On his estate, in today's Kara\u0111or\u0111eva Street, he built and arranged a large and beautiful park, which he visited every morning. He bequeathed all his property to the University of Belgrade. He founded the \"Endowment of Luka \u0106elovi\u0107 \u2013 Trebinjac, a Belgrade merchant\" in 1926.<\/p>\n<p><strong>Enriko Josif<\/strong><\/p>\n<p>Enriko Josif  (Belgrade, May 1, 1924 \u2013 Belgrade, March 13, 2003) was a Serbian composer, pedagogue, music writer, professor and member of the Serbian Academy of Sciences and Arts.<br \/>\nHe was born in a Jewish Sephardic family as Hayim Yosif, but his father, Mosha Yosif, a merchant and representative of German and Italian companies, otherwise a fan of music and a fan of the famous Italian tenor Enrico Caruso, affectionately called him Enriko. Mother Sofia, educated in Switzerland, was a translator and a member of the international PEN club.<br \/>\nThe Josif family spent the war years in exile. After the end of the war, they return to Belgrade, where Enriko continued his education and graduated from the First Belgrade Gymnasium. He graduated from the Academy of Music in the class of Professor Milenko \u017divkovi\u0107 in 1954. He began his career as a music pedagogue in 1955 at the \"Vojislav Vu\u010dkovi\u0107\" Junior Music School (1955\u20131956) and the \"Kornelije Stankovi\u0107\" Secondary Music School (1955\u20131957). He became the Assistant Lecturer at the Department of Composition at the Academy of Music in 1957 under his Professor Milenko \u017divkovi\u0107. During 1961 and 1962, he stayed in Rome for further studies, and after \u017divkovi\u0107's sudden death in 1964, he took over his chair at the Department of Composition. He was elected Assistant Professor in 1965, became Associate Professor in 1970, and earned the title of Full Professor in 1976. He worked as a Full Professor until his retirement in 1989.<br \/>\nHe was elected a corresponding member of SANU in 1991, and became a regular member in 2000.<br \/>\nHe composed numerous vocal and instrumental, chamber, choral and orchestral pieces, among which the most famous are \"Sonata Antika\", \"Death of Stefan De\u010danski\", \"Concerto for Piano and Orchestra\", \"Hamlet\" and others.<br \/>\nEnriko Josif died in Belgrade on March 13, 2003. He was buried at the Jewish Cemetery.<\/p>\n<p><strong>Vladeta Jeroti\u0107<\/strong><\/p>\n<p>Vladeta Jeroti\u0107 (Belgrade, August 2, 1924 \u2013 Belgrade, September 4, 2018) was a doctor, neuropsychiatrist and psychotherapist, professor, philosopher, writer and member of the Serbian Academy of Sciences and Arts. He graduated from the Second Male Gymnasium in Belgrade, then from the Faculty of Medicine in 1951, where he specialized in neuropsychiatry in 1957. He specialized in psychotherapy in Switzerland, Germany and France from 1958 to 1961.<br \/>\nUntil 1963, he worked as an Assistant at the University Neurology Clinic, and when the first psychotherapeutic department was established at the \"Dragi\u0161a Mi\u0161ovi\u0107\" hospital, Vladeta Jeroti\u0107 moved to work with the Primarius, Dr. Vladislav Klajn. During the decades of work on the development of psychotherapy in Serbia, he gained extensive experience in working with patients and obtained the title Primarius.<br \/>\nIn 1985, at the Orthodox Faculty of Theology, he participated in the establishment of the Department of Pastoral Psychology and Medicine and devoted himself completely to pedagogical and scientific work, definitively leaving the hospital and psychotherapy. Interest that went beyond medicine and nourished the research spirit led Jeroti\u0107 to cultural anthropology and resulted in over 70 books and several hundred scientific articles in the fields of psychotherapy, sociology, social psychiatry and philosophy. In addition to extensive journalistic activities and research work, he held a series of lectures throughout Yugoslavia and Serbia.<br \/>\nSince 1984, Vladeta Jeroti\u0107 was a member of the Association of Writers. He was also a regular member of the Academy of Medical Sciences and a member of the Serbian Medical Society (psychotherapeutic section), the Psychotherapeutic Society of Yugoslavia, as well as the Jung Association in Belgrade. He was elected a corresponding member of the Serbian Academy of Sciences and Arts, Department of Languages and Literature in 1994, and a full member in 2000. He is the recipient of numerous recognitions and awards for his scientific work and social contribution. He died on September 4, 2018 in Belgrade.<\/p>\n<p><strong>Mira Trailovi\u0107<\/strong><\/p>\n<p>Mirjana Mira Trailovi\u0107 (Kraljevo, January 22, 1924 \u2013 Belgrade, August 7, 1989) was a prominent Yugoslav theatre and film director, one of the founders and a long-time manager of Atelje 212, one of the most important theatre centres in the former Yugoslavia. Her overall contribution to culture in our region is extremely important, and her works left a deep and lasting impression.<br \/>\nShe was born into a bourgeois family, her father was a translator, and her mother was a professor. She entered public life as an announcer at Radio Belgrade in 1944, where she later became a director and editor of the drama program. She graduated in directing in 1956 at the Faculty of Dramatic Arts in Belgrade, and later taught radio directing there. As her graduation thesis, she directed a concert performance of Goethe's \"Faust\" at the opening of Atelje 212 on November 12, 1956.<br \/>\nThe establishment of the Atelje 212 theatre, at that time an avant-garde theatre known for its innovative performances that often challenged social norms and taboos, but were also extremely popular with the audience, is one of Mira Trailovi\u0107's most significant achievements, although not the only one. Together with Jovan \u0106irilov, she founded the Belgrade International Theatre Festival BITEF in 1967, and was its artistic director until the end of her life. In 1989, she participated in the founding of the Bitef Theatre.<br \/>\n\u041d\u0430 \u0441\u0446\u0435\u043d\u0438 \u0410\u0442\u0435\u0459\u0435\u0430 212 \u043f\u043e\u0441\u0442\u0430\u0432\u0438\u043b\u0430 \u0458\u0435 \u043d\u0435\u043a\u0435 \u043e\u0434 \u043a\u0443\u043b\u0442\u043d\u0438\u0445 \u043f\u0440\u0435\u0434\u0441\u0442\u0430\u0432\u0430 \u043e\u0432\u043e\u0433 \u043f\u043e\u0437\u043e\u0440\u0438\u0448\u0442\u0430 \u2013 \u0440\u043e\u043a \u043e\u043f\u0435\u0440\u0443 \u201e\u0418\u0441\u0443\u0441 \u0425\u0440\u0438\u0441\u0442 \u0441\u0443\u043f\u0435\u0440\u0441\u0442\u0430\u0440\u201d, \u043c\u0458\u0443\u0437\u0438\u043a\u043b \u201e\u041a\u043e\u0441\u0430\u201d, \u043f\u0440\u0435\u0434\u0441\u0442\u0430\u0432\u0443 \u201e\u0427\u0443\u0434\u043e \u0443 \u0428\u0430\u0440\u0433\u0430\u043d\u0443\u201d \u0438 \u0431\u0440\u043e\u0458\u043d\u0435 \u0434\u0440\u0443\u0433\u0435, \u0430 \u0437\u0430\u0445\u0432\u0430\u0459\u0443\u0458\u0443\u045b\u0438 \u045a\u0435\u043d\u043e\u043c \u0430\u043d\u0433\u0430\u0436\u043c\u0430\u043d\u0443 \u043d\u0430 \u043c\u0435\u0441\u0442\u0443 \u0443\u043c\u0435\u0442\u043d\u0438\u0447\u043a\u043e\u0433 \u0434\u0438\u0440\u0435\u043a\u0442\u043e\u0440\u0430 \u0411\u0438\u0442\u0435\u0444\u0430, \u0411\u0435\u043e\u0433\u0440\u0430\u0434 \u0458\u0435 \u0443\u0433\u043e\u0441\u0442\u0438\u043e \u0438 \u043d\u0430\u0458\u0432\u0435\u045b\u0430 \u0438\u043c\u0435\u043d\u0430 \u043f\u043e\u0437\u043e\u0440\u0438\u0448\u043d\u0435 \u0430\u0432\u0430\u043d\u0433\u0430\u0440\u0434\u0435 \u043e\u043d\u043e\u0433 \u0432\u0440\u0435\u043c\u0435\u043d\u0430 \u2013 \u0416\u0430\u043d-\u041f\u043e\u043b \u0421\u0430\u0440\u0442\u0440\u0430, \u0422\u043e\u043c\u0430\u0441\u0430 \u0415\u043b\u0438\u043e\u0442\u0430, \u0415\u0436\u0435\u043d\u0430 \u0408\u043e\u043d\u0435\u0441\u043a\u0430, \u0421\u0435\u043c\u0458\u0443\u0435\u043b\u0430 \u0411\u0435\u043a\u0435\u0442\u0430\u2026<br \/>\nKnown for her brave and committed approach to theatre and active social engagement, Mira Trailovi\u0107 made a huge contribution and left a deep mark in the world of art and culture. She died in Belgrade in 1989.<\/p>\n<p>Expert collaboration: \u201dSvetozar Markovi\u0107\u201d University Library, Belgrade<br \/>\nArtistic realization of the issue: Boban Savi\u0107 MA, academic painter<\/p>","protected":false},"excerpt":{"rendered":"<h3>Commemorative postage stamps<\/h3>\n<p>Year of issue: <strong>2024<\/strong><\/p>","protected":false},"featured_media":12571,"template":"","meta":{"inline_featured_image":false,"pgc_sgb_lightbox_settings":""},"product_brand":[],"product_cat":[96,166,39,40],"product_tag":[],"class_list":{"0":"post-12570","1":"product","2":"type-product","3":"status-publish","4":"has-post-thumbnail","6":"product_cat-godina-izdanja","7":"product_cat-166","8":"product_cat-postanske-marke","9":"product_cat-prigodne-marke","10":"pa_godina-izdanja-167","11":"pa_tema-znamenite-licnosti","13":"first","14":"instock","15":"shipping-taxable","16":"purchasable","17":"product-type-simple"},"yoast_head":"<!-- This site is optimized with the Yoast SEO plugin v26.8 - https:\/\/yoast.com\/product\/yoast-seo-wordpress\/ -->\n<title>\u0412\u0435\u043b\u0438\u043a\u0430\u043d\u0438 \u0421\u0440\u0431\u0438\u0458\u0435 2024 - \u0435\u0424\u0438\u043b\u0430\u0442\u0435\u043b\u0438\u0458\u0430<\/title>\n<meta name=\"robots\" content=\"index, follow, max-snippet:-1, max-image-preview:large, max-video-preview:-1\" \/>\n<link rel=\"canonical\" href=\"https:\/\/efilatelija.posta.rs\/en\/product\/velikani-srbije-2024\/\" \/>\n<meta property=\"og:locale\" content=\"en_GB\" \/>\n<meta property=\"og:type\" content=\"article\" \/>\n<meta property=\"og:title\" content=\"\u0412\u0435\u043b\u0438\u043a\u0430\u043d\u0438 \u0421\u0440\u0431\u0438\u0458\u0435 2024 - \u0435\u0424\u0438\u043b\u0430\u0442\u0435\u043b\u0438\u0458\u0430\" \/>\n<meta property=\"og:description\" content=\"\u041f\u0440\u0438\u0433\u043e\u0434\u043d\u0430 \u043f\u043e\u0448\u0442\u0430\u043d\u0441\u043a\u0430 \u043c\u0430\u0440\u043a\u0430 \u0413\u043e\u0434\u0438\u043d\u0430 \u0438\u0437\u0434\u0430\u045a\u0430: 2024\" \/>\n<meta property=\"og:url\" content=\"https:\/\/efilatelija.posta.rs\/en\/product\/velikani-srbije-2024\/\" \/>\n<meta property=\"og:site_name\" content=\"\u0435\u0424\u0438\u043b\u0430\u0442\u0435\u043b\u0438\u0458\u0430\" \/>\n<meta property=\"article:modified_time\" content=\"2026-01-11T00:04:40+00:00\" \/>\n<meta property=\"og:image\" content=\"https:\/\/efilatelija.posta.rs\/wp-content\/uploads\/2024\/03\/863493.jpg\" \/>\n\t<meta property=\"og:image:width\" content=\"800\" \/>\n\t<meta property=\"og:image:height\" content=\"800\" \/>\n\t<meta property=\"og:image:type\" content=\"image\/jpeg\" \/>\n<meta name=\"twitter:card\" content=\"summary_large_image\" \/>\n<script type=\"application\/ld+json\" class=\"yoast-schema-graph\">{\"@context\":\"https:\/\/schema.org\",\"@graph\":[{\"@type\":\"WebPage\",\"@id\":\"https:\/\/efilatelija.posta.rs\/product\/velikani-srbije-2024\/\",\"url\":\"https:\/\/efilatelija.posta.rs\/product\/velikani-srbije-2024\/\",\"name\":\"\u0412\u0435\u043b\u0438\u043a\u0430\u043d\u0438 \u0421\u0440\u0431\u0438\u0458\u0435 2024 - \u0435\u0424\u0438\u043b\u0430\u0442\u0435\u043b\u0438\u0458\u0430\",\"isPartOf\":{\"@id\":\"https:\/\/efilatelija.posta.rs\/#website\"},\"primaryImageOfPage\":{\"@id\":\"https:\/\/efilatelija.posta.rs\/product\/velikani-srbije-2024\/#primaryimage\"},\"image\":{\"@id\":\"https:\/\/efilatelija.posta.rs\/product\/velikani-srbije-2024\/#primaryimage\"},\"thumbnailUrl\":\"https:\/\/efilatelija.posta.rs\/wp-content\/uploads\/2024\/03\/863493.jpg\",\"datePublished\":\"2024-03-14T12:35:52+00:00\",\"dateModified\":\"2026-01-11T00:04:40+00:00\",\"breadcrumb\":{\"@id\":\"https:\/\/efilatelija.posta.rs\/product\/velikani-srbije-2024\/#breadcrumb\"},\"inLanguage\":\"en-GB\",\"potentialAction\":[{\"@type\":\"ReadAction\",\"target\":[\"https:\/\/efilatelija.posta.rs\/product\/velikani-srbije-2024\/\"]}]},{\"@type\":\"ImageObject\",\"inLanguage\":\"en-GB\",\"@id\":\"https:\/\/efilatelija.posta.rs\/product\/velikani-srbije-2024\/#primaryimage\",\"url\":\"https:\/\/efilatelija.posta.rs\/wp-content\/uploads\/2024\/03\/863493.jpg\",\"contentUrl\":\"https:\/\/efilatelija.posta.rs\/wp-content\/uploads\/2024\/03\/863493.jpg\",\"width\":800,\"height\":800,\"caption\":\"2024 \u0412\u0435\u043b\u0438\u043a\u0430\u043d\u0438 \u0421\u0440\u0431\u0438\u0458\u0435 \u043f\u0440\u0438\u0433\u043e\u0434\u043d\u0430 \u043f\u043e\u0448\u0442\u0430\u043d\u0441\u043a\u0430 \u043c\u0430\u0440\u043a\u0430\"},{\"@type\":\"BreadcrumbList\",\"@id\":\"https:\/\/efilatelija.posta.rs\/product\/velikani-srbije-2024\/#breadcrumb\",\"itemListElement\":[{\"@type\":\"ListItem\",\"position\":1,\"name\":\"\u041f\u0440\u043e\u0434\u0430\u0432\u043d\u0438\u0446\u0430\",\"item\":\"https:\/\/efilatelija.posta.rs\/shop\/\"},{\"@type\":\"ListItem\",\"position\":2,\"name\":\"\u0412\u0435\u043b\u0438\u043a\u0430\u043d\u0438 \u0421\u0440\u0431\u0438\u0458\u0435 2024\"}]},{\"@type\":\"WebSite\",\"@id\":\"https:\/\/efilatelija.posta.rs\/#website\",\"url\":\"https:\/\/efilatelija.posta.rs\/\",\"name\":\"\u0435\u0424\u0438\u043b\u0430\u0442\u0435\u043b\u0438\u0458\u0430\",\"description\":\"\u041f\u043e\u0448\u0442\u0430 \u0421\u0440\u0431\u0438\u0458\u0435 \u0434.\u043e.\u043e.\",\"publisher\":{\"@id\":\"https:\/\/efilatelija.posta.rs\/#organization\"},\"potentialAction\":[{\"@type\":\"SearchAction\",\"target\":{\"@type\":\"EntryPoint\",\"urlTemplate\":\"https:\/\/efilatelija.posta.rs\/?s={search_term_string}\"},\"query-input\":{\"@type\":\"PropertyValueSpecification\",\"valueRequired\":true,\"valueName\":\"search_term_string\"}}],\"inLanguage\":\"en-GB\"},{\"@type\":\"Organization\",\"@id\":\"https:\/\/efilatelija.posta.rs\/#organization\",\"name\":\"\u0435\u0424\u0438\u043b\u0430\u0442\u0435\u043b\u0438\u0458\u0430 - \u0408\u041f \u041f\u043e\u0448\u0442\u0430 \u0421\u0440\u0431\u0438\u0458\u0435\",\"url\":\"https:\/\/efilatelija.posta.rs\/\",\"logo\":{\"@type\":\"ImageObject\",\"inLanguage\":\"en-GB\",\"@id\":\"https:\/\/efilatelija.posta.rs\/#\/schema\/logo\/image\/\",\"url\":\"https:\/\/efilatelija.posta.rs\/wp-content\/uploads\/2025\/01\/logo-posta-srbije-500x500-1.jpg\",\"contentUrl\":\"https:\/\/efilatelija.posta.rs\/wp-content\/uploads\/2025\/01\/logo-posta-srbije-500x500-1.jpg\",\"width\":500,\"height\":500,\"caption\":\"\u0435\u0424\u0438\u043b\u0430\u0442\u0435\u043b\u0438\u0458\u0430 - \u0408\u041f \u041f\u043e\u0448\u0442\u0430 \u0421\u0440\u0431\u0438\u0458\u0435\"},\"image\":{\"@id\":\"https:\/\/efilatelija.posta.rs\/#\/schema\/logo\/image\/\"}}]}<\/script>\n<!-- \/ Yoast SEO plugin. -->","yoast_head_json":{"title":"\u0412\u0435\u043b\u0438\u043a\u0430\u043d\u0438 \u0421\u0440\u0431\u0438\u0458\u0435 2024 - \u0435\u0424\u0438\u043b\u0430\u0442\u0435\u043b\u0438\u0458\u0430","robots":{"index":"index","follow":"follow","max-snippet":"max-snippet:-1","max-image-preview":"max-image-preview:large","max-video-preview":"max-video-preview:-1"},"canonical":"https:\/\/efilatelija.posta.rs\/en\/product\/velikani-srbije-2024\/","og_locale":"en_GB","og_type":"article","og_title":"\u0412\u0435\u043b\u0438\u043a\u0430\u043d\u0438 \u0421\u0440\u0431\u0438\u0458\u0435 2024 - \u0435\u0424\u0438\u043b\u0430\u0442\u0435\u043b\u0438\u0458\u0430","og_description":"\u041f\u0440\u0438\u0433\u043e\u0434\u043d\u0430 \u043f\u043e\u0448\u0442\u0430\u043d\u0441\u043a\u0430 \u043c\u0430\u0440\u043a\u0430 \u0413\u043e\u0434\u0438\u043d\u0430 \u0438\u0437\u0434\u0430\u045a\u0430: 2024","og_url":"https:\/\/efilatelija.posta.rs\/en\/product\/velikani-srbije-2024\/","og_site_name":"\u0435\u0424\u0438\u043b\u0430\u0442\u0435\u043b\u0438\u0458\u0430","article_modified_time":"2026-01-11T00:04:40+00:00","og_image":[{"width":800,"height":800,"url":"https:\/\/efilatelija.posta.rs\/wp-content\/uploads\/2024\/03\/863493.jpg","type":"image\/jpeg"}],"twitter_card":"summary_large_image","schema":{"@context":"https:\/\/schema.org","@graph":[{"@type":"WebPage","@id":"https:\/\/efilatelija.posta.rs\/product\/velikani-srbije-2024\/","url":"https:\/\/efilatelija.posta.rs\/product\/velikani-srbije-2024\/","name":"\u0412\u0435\u043b\u0438\u043a\u0430\u043d\u0438 \u0421\u0440\u0431\u0438\u0458\u0435 2024 - \u0435\u0424\u0438\u043b\u0430\u0442\u0435\u043b\u0438\u0458\u0430","isPartOf":{"@id":"https:\/\/efilatelija.posta.rs\/#website"},"primaryImageOfPage":{"@id":"https:\/\/efilatelija.posta.rs\/product\/velikani-srbije-2024\/#primaryimage"},"image":{"@id":"https:\/\/efilatelija.posta.rs\/product\/velikani-srbije-2024\/#primaryimage"},"thumbnailUrl":"https:\/\/efilatelija.posta.rs\/wp-content\/uploads\/2024\/03\/863493.jpg","datePublished":"2024-03-14T12:35:52+00:00","dateModified":"2026-01-11T00:04:40+00:00","breadcrumb":{"@id":"https:\/\/efilatelija.posta.rs\/product\/velikani-srbije-2024\/#breadcrumb"},"inLanguage":"en-GB","potentialAction":[{"@type":"ReadAction","target":["https:\/\/efilatelija.posta.rs\/product\/velikani-srbije-2024\/"]}]},{"@type":"ImageObject","inLanguage":"en-GB","@id":"https:\/\/efilatelija.posta.rs\/product\/velikani-srbije-2024\/#primaryimage","url":"https:\/\/efilatelija.posta.rs\/wp-content\/uploads\/2024\/03\/863493.jpg","contentUrl":"https:\/\/efilatelija.posta.rs\/wp-content\/uploads\/2024\/03\/863493.jpg","width":800,"height":800,"caption":"2024 \u0412\u0435\u043b\u0438\u043a\u0430\u043d\u0438 \u0421\u0440\u0431\u0438\u0458\u0435 \u043f\u0440\u0438\u0433\u043e\u0434\u043d\u0430 \u043f\u043e\u0448\u0442\u0430\u043d\u0441\u043a\u0430 \u043c\u0430\u0440\u043a\u0430"},{"@type":"BreadcrumbList","@id":"https:\/\/efilatelija.posta.rs\/product\/velikani-srbije-2024\/#breadcrumb","itemListElement":[{"@type":"ListItem","position":1,"name":"\u041f\u0440\u043e\u0434\u0430\u0432\u043d\u0438\u0446\u0430","item":"https:\/\/efilatelija.posta.rs\/shop\/"},{"@type":"ListItem","position":2,"name":"\u0412\u0435\u043b\u0438\u043a\u0430\u043d\u0438 \u0421\u0440\u0431\u0438\u0458\u0435 2024"}]},{"@type":"WebSite","@id":"https:\/\/efilatelija.posta.rs\/#website","url":"https:\/\/efilatelija.posta.rs\/","name":"ePhilately","description":"\u041f\u043e\u0448\u0442\u0430 \u0421\u0440\u0431\u0438\u0458\u0435 \u0434.\u043e.\u043e.","publisher":{"@id":"https:\/\/efilatelija.posta.rs\/#organization"},"potentialAction":[{"@type":"SearchAction","target":{"@type":"EntryPoint","urlTemplate":"https:\/\/efilatelija.posta.rs\/?s={search_term_string}"},"query-input":{"@type":"PropertyValueSpecification","valueRequired":true,"valueName":"search_term_string"}}],"inLanguage":"en-GB"},{"@type":"Organization","@id":"https:\/\/efilatelija.posta.rs\/#organization","name":"\u0435\u0424\u0438\u043b\u0430\u0442\u0435\u043b\u0438\u0458\u0430 - \u0408\u041f \u041f\u043e\u0448\u0442\u0430 \u0421\u0440\u0431\u0438\u0458\u0435","url":"https:\/\/efilatelija.posta.rs\/","logo":{"@type":"ImageObject","inLanguage":"en-GB","@id":"https:\/\/efilatelija.posta.rs\/#\/schema\/logo\/image\/","url":"https:\/\/efilatelija.posta.rs\/wp-content\/uploads\/2025\/01\/logo-posta-srbije-500x500-1.jpg","contentUrl":"https:\/\/efilatelija.posta.rs\/wp-content\/uploads\/2025\/01\/logo-posta-srbije-500x500-1.jpg","width":500,"height":500,"caption":"\u0435\u0424\u0438\u043b\u0430\u0442\u0435\u043b\u0438\u0458\u0430 - \u0408\u041f \u041f\u043e\u0448\u0442\u0430 \u0421\u0440\u0431\u0438\u0458\u0435"},"image":{"@id":"https:\/\/efilatelija.posta.rs\/#\/schema\/logo\/image\/"}}]}},"_links":{"self":[{"href":"https:\/\/efilatelija.posta.rs\/en\/wp-json\/wp\/v2\/product\/12570","targetHints":{"allow":["GET"]}}],"collection":[{"href":"https:\/\/efilatelija.posta.rs\/en\/wp-json\/wp\/v2\/product"}],"about":[{"href":"https:\/\/efilatelija.posta.rs\/en\/wp-json\/wp\/v2\/types\/product"}],"wp:featuredmedia":[{"embeddable":true,"href":"https:\/\/efilatelija.posta.rs\/en\/wp-json\/wp\/v2\/media\/12571"}],"wp:attachment":[{"href":"https:\/\/efilatelija.posta.rs\/en\/wp-json\/wp\/v2\/media?parent=12570"}],"wp:term":[{"taxonomy":"product_brand","embeddable":true,"href":"https:\/\/efilatelija.posta.rs\/en\/wp-json\/wp\/v2\/product_brand?post=12570"},{"taxonomy":"product_cat","embeddable":true,"href":"https:\/\/efilatelija.posta.rs\/en\/wp-json\/wp\/v2\/product_cat?post=12570"},{"taxonomy":"product_tag","embeddable":true,"href":"https:\/\/efilatelija.posta.rs\/en\/wp-json\/wp\/v2\/product_tag?post=12570"}],"curies":[{"name":"wp","href":"https:\/\/api.w.org\/{rel}","templated":true}]}}