{"id":12493,"date":"2024-02-27T09:18:26","date_gmt":"2024-02-27T08:18:26","guid":{"rendered":"https:\/\/efilatelija.posta.rs\/?post_type=product&#038;p=12493"},"modified":"2026-03-08T10:54:34","modified_gmt":"2026-03-08T09:54:34","slug":"100-godina-radio-beograda","status":"publish","type":"product","link":"https:\/\/efilatelija.posta.rs\/en\/product\/100-godina-radio-beograda\/","title":{"rendered":"100 years of Radio Beograd"},"content":{"rendered":"<p>October 1, 1924 is taken as the date of the official start of broadcasting of radio programme in our country, the day of the beginning of programme broadcasting of Radiophonic Station Belgrade\u2013Rakovica, the first in Serbia, the Kingdom of SCS, and the Balkans. On the same day of the same year, radio programme in Vienna began broadcasting. Politika and all the other daily press of the time published the news about the radio programme schedule, the radio concert that was held on Tuesdays, Thursdays and Saturdays afternoon in the concert hall at Knez Mihailova 42 in Belgrade, and was broadcast through the radiotelegraph station in Rakovica.<\/p>\n<p>The technical innovation of that time met with a more than warm reception from listeners who demanded regular daily broadcasting of the programme, so the newly formed enterprise Radio Beograd JSC started regular broadcast of radio programme on March 24, 1929, with the words spoken by Jelena Bilbija, \u201cThis is Radio Beograd calling\u201d. The bombing of Belgrade on April 6, 1941 and the German occupation of Serbia led to the interruption of the Radio Beograd programme, on the airwaves of which the signal of the occupation German station Military Radio Belgrade, known for the wartime hit Lily Marlene, was broadcast.<\/p>\n<p>On November 10, 1944, Jelena Bilbija once again addressed the listeners of Radio Beograd from the liberated capital, with the familiar words \u2013 \u201cThis is Radio Beograd calling\u201d. Not long after the liberation, in 1947, Radio Beograd got a new address \u2013 a building at Hilandarska 2, from the roof of which the letters of this radio station are still visible today.<\/p>\n<p>\u201cJolly evening\u201d, \u201cCaravan\u201d, \u201cGood morning, children\u201d, \u201cTime for sports and entertainment\u201d, are just some of the shows with which generations from these areas grew up listening to the voices of Draga Jona\u0161, Ljiljana Markovi\u0107, Du\u0161anka Kalanj, Mi\u0107a Orlovi\u0107, Svetislav Vukovi\u0107, Jordan Ivanovi\u0107, Marko Markovi\u0107 and many others who, from the waves of Radio Beograd 1, and then Radio Beograd 2 (from 1958), the third programme of Radio Beograd (from 1965), and Programme 202 (from 1969), were daily guests in homes throughout our region, making Radio Beograd the most influential radio station in the Balkans.<\/p>\n<p>Professional cooperation: Radio Beograd<br \/>\nArtistic realization of the issue: MA Jak\u0161a Vlahovi\u0107, academic graphic artist<\/p>","protected":false},"excerpt":{"rendered":"<h3>Commemorative postage stamps<\/h3>\n<p>Year of issue: <strong>2024<\/strong><\/p>","protected":false},"featured_media":12494,"template":"","meta":{"inline_featured_image":false,"pgc_sgb_lightbox_settings":""},"product_brand":[],"product_cat":[96,166,39,40],"product_tag":[],"class_list":{"0":"post-12493","1":"product","2":"type-product","3":"status-publish","4":"has-post-thumbnail","6":"product_cat-godina-izdanja","7":"product_cat-166","8":"product_cat-postanske-marke","9":"product_cat-prigodne-marke","10":"pa_godina-izdanja-167","11":"pa_tema-muzika","12":"pa_tema-obrazovanje","14":"first","15":"instock","16":"shipping-taxable","17":"purchasable","18":"product-type-simple"},"yoast_head":"<!-- This site is optimized with the Yoast SEO plugin v26.8 - https:\/\/yoast.com\/product\/yoast-seo-wordpress\/ -->\n<title>100 \u0433\u043e\u0434\u0438\u043d\u0430 \u0420\u0430\u0434\u0438\u043e \u0411\u0435\u043e\u0433\u0440\u0430\u0434\u0430 - \u0435\u0424\u0438\u043b\u0430\u0442\u0435\u043b\u0438\u0458\u0430<\/title>\n<meta name=\"robots\" content=\"index, follow, max-snippet:-1, max-image-preview:large, max-video-preview:-1\" \/>\n<link rel=\"canonical\" href=\"https:\/\/efilatelija.posta.rs\/en\/product\/100-godina-radio-beograda\/\" \/>\n<meta property=\"og:locale\" content=\"en_GB\" \/>\n<meta property=\"og:type\" content=\"article\" \/>\n<meta property=\"og:title\" content=\"100 \u0433\u043e\u0434\u0438\u043d\u0430 \u0420\u0430\u0434\u0438\u043e \u0411\u0435\u043e\u0433\u0440\u0430\u0434\u0430 - \u0435\u0424\u0438\u043b\u0430\u0442\u0435\u043b\u0438\u0458\u0430\" \/>\n<meta property=\"og:description\" content=\"\u041f\u0440\u0438\u0433\u043e\u0434\u043d\u0430 \u043f\u043e\u0448\u0442\u0430\u043d\u0441\u043a\u0430 \u043c\u0430\u0440\u043a\u0430 \u0413\u043e\u0434\u0438\u043d\u0430 \u0438\u0437\u0434\u0430\u045a\u0430: 2024\" \/>\n<meta property=\"og:url\" content=\"https:\/\/efilatelija.posta.rs\/en\/product\/100-godina-radio-beograda\/\" \/>\n<meta property=\"og:site_name\" content=\"\u0435\u0424\u0438\u043b\u0430\u0442\u0435\u043b\u0438\u0458\u0430\" \/>\n<meta property=\"article:modified_time\" content=\"2026-03-08T09:54:34+00:00\" \/>\n<meta property=\"og:image\" content=\"https:\/\/efilatelija.posta.rs\/wp-content\/uploads\/2024\/02\/801886.jpg\" \/>\n\t<meta property=\"og:image:width\" content=\"800\" \/>\n\t<meta property=\"og:image:height\" content=\"800\" \/>\n\t<meta property=\"og:image:type\" content=\"image\/jpeg\" \/>\n<meta name=\"twitter:card\" content=\"summary_large_image\" \/>\n<script type=\"application\/ld+json\" class=\"yoast-schema-graph\">{\"@context\":\"https:\/\/schema.org\",\"@graph\":[{\"@type\":\"WebPage\",\"@id\":\"https:\/\/efilatelija.posta.rs\/product\/100-godina-radio-beograda\/\",\"url\":\"https:\/\/efilatelija.posta.rs\/product\/100-godina-radio-beograda\/\",\"name\":\"100 \u0433\u043e\u0434\u0438\u043d\u0430 \u0420\u0430\u0434\u0438\u043e \u0411\u0435\u043e\u0433\u0440\u0430\u0434\u0430 - \u0435\u0424\u0438\u043b\u0430\u0442\u0435\u043b\u0438\u0458\u0430\",\"isPartOf\":{\"@id\":\"https:\/\/efilatelija.posta.rs\/#website\"},\"primaryImageOfPage\":{\"@id\":\"https:\/\/efilatelija.posta.rs\/product\/100-godina-radio-beograda\/#primaryimage\"},\"image\":{\"@id\":\"https:\/\/efilatelija.posta.rs\/product\/100-godina-radio-beograda\/#primaryimage\"},\"thumbnailUrl\":\"https:\/\/efilatelija.posta.rs\/wp-content\/uploads\/2024\/02\/801886.jpg\",\"datePublished\":\"2024-02-27T08:18:26+00:00\",\"dateModified\":\"2026-03-08T09:54:34+00:00\",\"breadcrumb\":{\"@id\":\"https:\/\/efilatelija.posta.rs\/product\/100-godina-radio-beograda\/#breadcrumb\"},\"inLanguage\":\"en-GB\",\"potentialAction\":[{\"@type\":\"ReadAction\",\"target\":[\"https:\/\/efilatelija.posta.rs\/product\/100-godina-radio-beograda\/\"]}]},{\"@type\":\"ImageObject\",\"inLanguage\":\"en-GB\",\"@id\":\"https:\/\/efilatelija.posta.rs\/product\/100-godina-radio-beograda\/#primaryimage\",\"url\":\"https:\/\/efilatelija.posta.rs\/wp-content\/uploads\/2024\/02\/801886.jpg\",\"contentUrl\":\"https:\/\/efilatelija.posta.rs\/wp-content\/uploads\/2024\/02\/801886.jpg\",\"width\":800,\"height\":800,\"caption\":\"2024 100 \u0433\u043e\u0434\u0438\u043d\u0430 \u0420\u0430\u0434\u0438\u043e \u0411\u0435\u043e\u0433\u0440\u0430\u0434\u0430 \u043f\u0440\u0438\u0433\u043e\u0434\u043d\u0430 \u043f\u043e\u0448\u0442\u0430\u043d\u0441\u043a\u0430 \u043c\u0430\u0440\u043a\u0430\"},{\"@type\":\"BreadcrumbList\",\"@id\":\"https:\/\/efilatelija.posta.rs\/product\/100-godina-radio-beograda\/#breadcrumb\",\"itemListElement\":[{\"@type\":\"ListItem\",\"position\":1,\"name\":\"\u041f\u0440\u043e\u0434\u0430\u0432\u043d\u0438\u0446\u0430\",\"item\":\"https:\/\/efilatelija.posta.rs\/shop\/\"},{\"@type\":\"ListItem\",\"position\":2,\"name\":\"100 \u0433\u043e\u0434\u0438\u043d\u0430 \u0420\u0430\u0434\u0438\u043e \u0411\u0435\u043e\u0433\u0440\u0430\u0434\u0430\"}]},{\"@type\":\"WebSite\",\"@id\":\"https:\/\/efilatelija.posta.rs\/#website\",\"url\":\"https:\/\/efilatelija.posta.rs\/\",\"name\":\"\u0435\u0424\u0438\u043b\u0430\u0442\u0435\u043b\u0438\u0458\u0430\",\"description\":\"\u041f\u043e\u0448\u0442\u0430 \u0421\u0440\u0431\u0438\u0458\u0435 \u0434.\u043e.\u043e.\",\"publisher\":{\"@id\":\"https:\/\/efilatelija.posta.rs\/#organization\"},\"potentialAction\":[{\"@type\":\"SearchAction\",\"target\":{\"@type\":\"EntryPoint\",\"urlTemplate\":\"https:\/\/efilatelija.posta.rs\/?s={search_term_string}\"},\"query-input\":{\"@type\":\"PropertyValueSpecification\",\"valueRequired\":true,\"valueName\":\"search_term_string\"}}],\"inLanguage\":\"en-GB\"},{\"@type\":\"Organization\",\"@id\":\"https:\/\/efilatelija.posta.rs\/#organization\",\"name\":\"\u0435\u0424\u0438\u043b\u0430\u0442\u0435\u043b\u0438\u0458\u0430 - \u0408\u041f \u041f\u043e\u0448\u0442\u0430 \u0421\u0440\u0431\u0438\u0458\u0435\",\"url\":\"https:\/\/efilatelija.posta.rs\/\",\"logo\":{\"@type\":\"ImageObject\",\"inLanguage\":\"en-GB\",\"@id\":\"https:\/\/efilatelija.posta.rs\/#\/schema\/logo\/image\/\",\"url\":\"https:\/\/efilatelija.posta.rs\/wp-content\/uploads\/2025\/01\/logo-posta-srbije-500x500-1.jpg\",\"contentUrl\":\"https:\/\/efilatelija.posta.rs\/wp-content\/uploads\/2025\/01\/logo-posta-srbije-500x500-1.jpg\",\"width\":500,\"height\":500,\"caption\":\"\u0435\u0424\u0438\u043b\u0430\u0442\u0435\u043b\u0438\u0458\u0430 - \u0408\u041f \u041f\u043e\u0448\u0442\u0430 \u0421\u0440\u0431\u0438\u0458\u0435\"},\"image\":{\"@id\":\"https:\/\/efilatelija.posta.rs\/#\/schema\/logo\/image\/\"}}]}<\/script>\n<!-- \/ Yoast SEO plugin. -->","yoast_head_json":{"title":"100 \u0433\u043e\u0434\u0438\u043d\u0430 \u0420\u0430\u0434\u0438\u043e \u0411\u0435\u043e\u0433\u0440\u0430\u0434\u0430 - \u0435\u0424\u0438\u043b\u0430\u0442\u0435\u043b\u0438\u0458\u0430","robots":{"index":"index","follow":"follow","max-snippet":"max-snippet:-1","max-image-preview":"max-image-preview:large","max-video-preview":"max-video-preview:-1"},"canonical":"https:\/\/efilatelija.posta.rs\/en\/product\/100-godina-radio-beograda\/","og_locale":"en_GB","og_type":"article","og_title":"100 \u0433\u043e\u0434\u0438\u043d\u0430 \u0420\u0430\u0434\u0438\u043e \u0411\u0435\u043e\u0433\u0440\u0430\u0434\u0430 - \u0435\u0424\u0438\u043b\u0430\u0442\u0435\u043b\u0438\u0458\u0430","og_description":"\u041f\u0440\u0438\u0433\u043e\u0434\u043d\u0430 \u043f\u043e\u0448\u0442\u0430\u043d\u0441\u043a\u0430 \u043c\u0430\u0440\u043a\u0430 \u0413\u043e\u0434\u0438\u043d\u0430 \u0438\u0437\u0434\u0430\u045a\u0430: 2024","og_url":"https:\/\/efilatelija.posta.rs\/en\/product\/100-godina-radio-beograda\/","og_site_name":"\u0435\u0424\u0438\u043b\u0430\u0442\u0435\u043b\u0438\u0458\u0430","article_modified_time":"2026-03-08T09:54:34+00:00","og_image":[{"width":800,"height":800,"url":"https:\/\/efilatelija.posta.rs\/wp-content\/uploads\/2024\/02\/801886.jpg","type":"image\/jpeg"}],"twitter_card":"summary_large_image","schema":{"@context":"https:\/\/schema.org","@graph":[{"@type":"WebPage","@id":"https:\/\/efilatelija.posta.rs\/product\/100-godina-radio-beograda\/","url":"https:\/\/efilatelija.posta.rs\/product\/100-godina-radio-beograda\/","name":"100 \u0433\u043e\u0434\u0438\u043d\u0430 \u0420\u0430\u0434\u0438\u043e \u0411\u0435\u043e\u0433\u0440\u0430\u0434\u0430 - \u0435\u0424\u0438\u043b\u0430\u0442\u0435\u043b\u0438\u0458\u0430","isPartOf":{"@id":"https:\/\/efilatelija.posta.rs\/#website"},"primaryImageOfPage":{"@id":"https:\/\/efilatelija.posta.rs\/product\/100-godina-radio-beograda\/#primaryimage"},"image":{"@id":"https:\/\/efilatelija.posta.rs\/product\/100-godina-radio-beograda\/#primaryimage"},"thumbnailUrl":"https:\/\/efilatelija.posta.rs\/wp-content\/uploads\/2024\/02\/801886.jpg","datePublished":"2024-02-27T08:18:26+00:00","dateModified":"2026-03-08T09:54:34+00:00","breadcrumb":{"@id":"https:\/\/efilatelija.posta.rs\/product\/100-godina-radio-beograda\/#breadcrumb"},"inLanguage":"en-GB","potentialAction":[{"@type":"ReadAction","target":["https:\/\/efilatelija.posta.rs\/product\/100-godina-radio-beograda\/"]}]},{"@type":"ImageObject","inLanguage":"en-GB","@id":"https:\/\/efilatelija.posta.rs\/product\/100-godina-radio-beograda\/#primaryimage","url":"https:\/\/efilatelija.posta.rs\/wp-content\/uploads\/2024\/02\/801886.jpg","contentUrl":"https:\/\/efilatelija.posta.rs\/wp-content\/uploads\/2024\/02\/801886.jpg","width":800,"height":800,"caption":"2024 100 \u0433\u043e\u0434\u0438\u043d\u0430 \u0420\u0430\u0434\u0438\u043e \u0411\u0435\u043e\u0433\u0440\u0430\u0434\u0430 \u043f\u0440\u0438\u0433\u043e\u0434\u043d\u0430 \u043f\u043e\u0448\u0442\u0430\u043d\u0441\u043a\u0430 \u043c\u0430\u0440\u043a\u0430"},{"@type":"BreadcrumbList","@id":"https:\/\/efilatelija.posta.rs\/product\/100-godina-radio-beograda\/#breadcrumb","itemListElement":[{"@type":"ListItem","position":1,"name":"\u041f\u0440\u043e\u0434\u0430\u0432\u043d\u0438\u0446\u0430","item":"https:\/\/efilatelija.posta.rs\/shop\/"},{"@type":"ListItem","position":2,"name":"100 \u0433\u043e\u0434\u0438\u043d\u0430 \u0420\u0430\u0434\u0438\u043e \u0411\u0435\u043e\u0433\u0440\u0430\u0434\u0430"}]},{"@type":"WebSite","@id":"https:\/\/efilatelija.posta.rs\/#website","url":"https:\/\/efilatelija.posta.rs\/","name":"ePhilately","description":"\u041f\u043e\u0448\u0442\u0430 \u0421\u0440\u0431\u0438\u0458\u0435 \u0434.\u043e.\u043e.","publisher":{"@id":"https:\/\/efilatelija.posta.rs\/#organization"},"potentialAction":[{"@type":"SearchAction","target":{"@type":"EntryPoint","urlTemplate":"https:\/\/efilatelija.posta.rs\/?s={search_term_string}"},"query-input":{"@type":"PropertyValueSpecification","valueRequired":true,"valueName":"search_term_string"}}],"inLanguage":"en-GB"},{"@type":"Organization","@id":"https:\/\/efilatelija.posta.rs\/#organization","name":"\u0435\u0424\u0438\u043b\u0430\u0442\u0435\u043b\u0438\u0458\u0430 - \u0408\u041f \u041f\u043e\u0448\u0442\u0430 \u0421\u0440\u0431\u0438\u0458\u0435","url":"https:\/\/efilatelija.posta.rs\/","logo":{"@type":"ImageObject","inLanguage":"en-GB","@id":"https:\/\/efilatelija.posta.rs\/#\/schema\/logo\/image\/","url":"https:\/\/efilatelija.posta.rs\/wp-content\/uploads\/2025\/01\/logo-posta-srbije-500x500-1.jpg","contentUrl":"https:\/\/efilatelija.posta.rs\/wp-content\/uploads\/2025\/01\/logo-posta-srbije-500x500-1.jpg","width":500,"height":500,"caption":"\u0435\u0424\u0438\u043b\u0430\u0442\u0435\u043b\u0438\u0458\u0430 - \u0408\u041f \u041f\u043e\u0448\u0442\u0430 \u0421\u0440\u0431\u0438\u0458\u0435"},"image":{"@id":"https:\/\/efilatelija.posta.rs\/#\/schema\/logo\/image\/"}}]}},"_links":{"self":[{"href":"https:\/\/efilatelija.posta.rs\/en\/wp-json\/wp\/v2\/product\/12493","targetHints":{"allow":["GET"]}}],"collection":[{"href":"https:\/\/efilatelija.posta.rs\/en\/wp-json\/wp\/v2\/product"}],"about":[{"href":"https:\/\/efilatelija.posta.rs\/en\/wp-json\/wp\/v2\/types\/product"}],"wp:featuredmedia":[{"embeddable":true,"href":"https:\/\/efilatelija.posta.rs\/en\/wp-json\/wp\/v2\/media\/12494"}],"wp:attachment":[{"href":"https:\/\/efilatelija.posta.rs\/en\/wp-json\/wp\/v2\/media?parent=12493"}],"wp:term":[{"taxonomy":"product_brand","embeddable":true,"href":"https:\/\/efilatelija.posta.rs\/en\/wp-json\/wp\/v2\/product_brand?post=12493"},{"taxonomy":"product_cat","embeddable":true,"href":"https:\/\/efilatelija.posta.rs\/en\/wp-json\/wp\/v2\/product_cat?post=12493"},{"taxonomy":"product_tag","embeddable":true,"href":"https:\/\/efilatelija.posta.rs\/en\/wp-json\/wp\/v2\/product_tag?post=12493"}],"curies":[{"name":"wp","href":"https:\/\/api.w.org\/{rel}","templated":true}]}}