{"id":11874,"date":"2023-12-14T12:55:30","date_gmt":"2023-12-14T11:55:30","guid":{"rendered":"https:\/\/efilatelija.posta.rs\/?post_type=product&#038;p=11874"},"modified":"2026-03-20T08:33:56","modified_gmt":"2026-03-20T07:33:56","slug":"velikani-svetske-umetnosti","status":"publish","type":"product","link":"https:\/\/efilatelija.posta.rs\/en\/product\/velikani-svetske-umetnosti\/","title":{"rendered":"World Art Greats"},"content":{"rendered":"<p><strong>150 years since the birth of Sergei Rachmaninoff<\/strong><\/p>\n<p>Sergei Vasilyevich Rachmaninoff (\u0421\u0435\u0440\u0433\u0435\u0439 \u0412\u0430\u0441\u0438\u043b\u044c\u0435\u0432\u0438\u0447 \u0420\u0430\u0445\u043c\u0430\u043d\u0438\u043d\u043e\u0432, Semyonovo, April 2, 1873 \u2013 Beverly Hills, March 28, 1943) was a Russian composer, pianist and conductor, who was a key representative of the romantic musical tradition and one of the most important composers of the 20<sup>th<\/sup> century.<\/p>\n<p>Rachmaninoff gained fame and world recognition due to his virtuoso piano skills, fantastic sense of rhythm and legendary technical capabilities. In the opinion of many, he was the greatest pianist of the 20<sup>th<\/sup>  century.<\/p>\n<p>He started composing very early, already at the age of thirteen, at the age of nineteen he finished his Piano Concerto no. 1 (Op. 1, 1891), and his first symphony, Symphony no. 1 (Op. 13, 1896), he composed in 1896. He began his career as a conductor in 1904 at the Bolshoi Theater.<\/p>\n<p>Sergei Rachmaninoff\u2019s life encompassed challenging periods, including the turbulent events in Russia and the October Revolution. He moved from Russia in 1908, first to Italy, then to Germany and then to the United States, where he gained popularity after a very successful tour in 1909.<\/p>\n<p>The rich author\u2019s oeuvre of Sergei Rachmaninoff \u2013 among other things, four piano concertos, three symphonies, two piano sonatas, three operas and several choral works, is marked by deep emotional power, complexity and virtuosity in the best tradition of late romanticism, which is why his most famous works, including \u201cRhapsody on the Theme of Paganini\u201d and \u201cSecond Concerto for Piano and Orchestra\u201d are considered the pinnacle of romantic music.<\/p>\n<p>Sergei Rachmaninoff\u2019s musical work marked an entire era, and his overall artistic and performing work marked the music of the 20<sup>th<\/sup> century.<\/p>\n<p>&nbsp;<\/p>\n<p>&nbsp;<\/p>\n<p><strong>100 years since the birth of Biserka Cveji\u0107<\/strong><\/p>\n<p>Biserka Cveji\u0107 (born Katu\u0161i\u0107; Krilo, November 5, 1923 \u2013 Belgrade, January 7, 2021) is one of the most significant and respected opera singers of our time. She left a permanent mark on the world of opera with her extraordinary talent, dedication to art and an impressive career that lasted for decades, during which she realized 77 mezzo-soprano roles in nearly 1,800 performances on stages around the world.<\/p>\n<p>She began her professional career in the 1950s at the National Theater in Belgrade, quickly gaining a reputation for her powerful, emotional interpretation of roles. At the invitation of Herbert von Karajan, in 1961 she accepted an engagement at the Vienna Opera and worked with him until 1979.<\/p>\n<p>Her singing skills were appreciated all over the world. She performed at the Milan Scala, the Metropolitan Opera, the Paris Opera and all major opera houses in the world.<\/p>\n<p>At the height of her career, in 1978, she retired from the stage and devoted herself to the education of young singers, first as a professor of solo singing at the Faculty of Music in Belgrade, and later at the Academy of Arts in Novi Sad. With her husband Du\u0161an Cveji\u0107, she published the book \u201cThe Art of Singing\u201d, and her extensive and notable pedagogical work, through which she passed on her knowledge and experience to generations of young artists, had a lasting impact on the development of the opera scene.<\/p>\n<p>The ability to convey deep emotions through music and impressive vocal technique have made Biserka Cveji\u0107 a favorite among opera lovers and a role model for many young artists.<\/p>\n<p>Biserka Cveji\u0107 is the holder of the highest French decoration, the order of the Legion of Honor and the lifetime achievement award \u201cDositej Obradovi\u0107\u201d. Her huge role in the popularization of opera in Serbia and the promotion of local talents contributed immeasurably to the cultural identity of our country. She passed away on January 7, 2021 in Belgrade.<\/p>\n<p>&nbsp;<\/p>\n<p>&nbsp;<\/p>\n<p><strong>100 years since the birth of Wis\u0142awa Szymborska<\/strong><\/p>\n<p>Wis\u0142awa Szymborska (Maria Wis\u0142awa Anna Szymborska; Bnin, July 2, 1923 \u2013 Krakow, February 1, 2012), Polish poet, essayist and translator, winner of the Nobel Prize for Literature, is one of the most original and important contemporary Polish writers whose work is characterized by intelligence, deep introspection and imagination.<\/p>\n<p>She started creating very early, even in her teenage years. She published her first collection of poems, \u201cDlatego \u017cyjemy\u201d (\u201cThat\u2019s why we live\u201d), in 1952.<\/p>\n<p>Among her most significant works are the collections of poems \u201cWo\u0142anie do Yeti\u201d (Cry of the Yeti, 1957), \u201cS\u00f3l ziemi\u201d (Salt of the Earth, 1962), \u201cWiersze wybrane\u201d (Selected Songs, 1967), \u201cSto pociech\u201d (One Hundred Consolations, 1967), \u201cCzarny pasek\u201d (Black Ribbon, 1976).<\/p>\n<p>Through her verses, Szymborska explored the paradoxes of human existence, asking questions about the meaning of life, love and art. Deeply introspective, intellectually sharp and very skilled in wordplay and imaginative use of language, Szymborska wrote poetry rich in humor, which makes reading her poems a real pleasure.<\/p>\n<p>She received the Nobel Prize for Literature in 1996, \u201cfor her poetic imagination that illuminates social reality with sarcasm.\u201d Her works have been translated into almost all European languages, Arabic, Hebrew, Japanese and Chinese. Although her poetic oeuvre was not too extensive, the unique poetic expression with which she shrewdly illuminated the essence of human experience made Wis\u0142awa Szymborska\u2019s work leave a permanent mark on the Polish and world literary scene.<\/p>\n<p>Expert collaboration: \u201dSvetozar Markovi\u0107\u201d University Library, Belgrade<\/p>\n<p>Artistic realization of the issue: Boban Savi\u0107 MA, academic painter<\/p>\n<p>Graphic realization: MA Nade\u017eda Sko\u010daji\u0107, Academic Graphic Artist<\/p>","protected":false},"excerpt":{"rendered":"<h3>Commemorative postage stamps<\/h3>\n<p>Year of issue: <strong>2023<\/strong><\/p>","protected":false},"featured_media":11875,"template":"","meta":{"inline_featured_image":false,"pgc_sgb_lightbox_settings":""},"product_brand":[],"product_cat":[96,164,39,40],"product_tag":[],"class_list":{"0":"post-11874","1":"product","2":"type-product","3":"status-publish","4":"has-post-thumbnail","6":"product_cat-godina-izdanja","7":"product_cat-164","8":"product_cat-postanske-marke","9":"product_cat-prigodne-marke","10":"pa_godina-izdanja-165","11":"pa_tema-znamenite-licnosti","12":"pa_tema-muzika","13":"pa_tema-obrazovanje","14":"pa_tema-svetske-teme","15":"pa_tema-umetnost","17":"first","18":"instock","19":"shipping-taxable","20":"purchasable","21":"product-type-simple"},"yoast_head":"<!-- This site is optimized with the Yoast SEO plugin v26.8 - https:\/\/yoast.com\/product\/yoast-seo-wordpress\/ -->\n<title>\u0412\u0435\u043b\u0438\u043a\u0430\u043d\u0438 \u0441\u0432\u0435\u0442\u0441\u043a\u0435 \u0443\u043c\u0435\u0442\u043d\u043e\u0441\u0442\u0438 - \u0435\u0424\u0438\u043b\u0430\u0442\u0435\u043b\u0438\u0458\u0430<\/title>\n<meta name=\"robots\" content=\"index, follow, max-snippet:-1, max-image-preview:large, max-video-preview:-1\" \/>\n<link rel=\"canonical\" href=\"https:\/\/efilatelija.posta.rs\/en\/product\/velikani-svetske-umetnosti\/\" \/>\n<meta property=\"og:locale\" content=\"en_GB\" \/>\n<meta property=\"og:type\" content=\"article\" \/>\n<meta property=\"og:title\" content=\"\u0412\u0435\u043b\u0438\u043a\u0430\u043d\u0438 \u0441\u0432\u0435\u0442\u0441\u043a\u0435 \u0443\u043c\u0435\u0442\u043d\u043e\u0441\u0442\u0438 - \u0435\u0424\u0438\u043b\u0430\u0442\u0435\u043b\u0438\u0458\u0430\" \/>\n<meta property=\"og:description\" content=\"\u041f\u0440\u0438\u0433\u043e\u0434\u043d\u0430 \u043f\u043e\u0448\u0442\u0430\u043d\u0441\u043a\u0430 \u043c\u0430\u0440\u043a\u0430 \u0413\u043e\u0434\u0438\u043d\u0430 \u0438\u0437\u0434\u0430\u045a\u0430: 2023\" \/>\n<meta property=\"og:url\" content=\"https:\/\/efilatelija.posta.rs\/en\/product\/velikani-svetske-umetnosti\/\" \/>\n<meta property=\"og:site_name\" content=\"\u0435\u0424\u0438\u043b\u0430\u0442\u0435\u043b\u0438\u0458\u0430\" \/>\n<meta property=\"article:modified_time\" content=\"2026-03-20T07:33:56+00:00\" \/>\n<meta property=\"og:image\" content=\"https:\/\/efilatelija.posta.rs\/wp-content\/uploads\/2023\/12\/863434.jpg\" \/>\n\t<meta property=\"og:image:width\" content=\"800\" \/>\n\t<meta property=\"og:image:height\" content=\"800\" \/>\n\t<meta property=\"og:image:type\" content=\"image\/jpeg\" \/>\n<meta name=\"twitter:card\" content=\"summary_large_image\" \/>\n<script type=\"application\/ld+json\" class=\"yoast-schema-graph\">{\"@context\":\"https:\/\/schema.org\",\"@graph\":[{\"@type\":\"WebPage\",\"@id\":\"https:\/\/efilatelija.posta.rs\/product\/velikani-svetske-umetnosti\/\",\"url\":\"https:\/\/efilatelija.posta.rs\/product\/velikani-svetske-umetnosti\/\",\"name\":\"\u0412\u0435\u043b\u0438\u043a\u0430\u043d\u0438 \u0441\u0432\u0435\u0442\u0441\u043a\u0435 \u0443\u043c\u0435\u0442\u043d\u043e\u0441\u0442\u0438 - \u0435\u0424\u0438\u043b\u0430\u0442\u0435\u043b\u0438\u0458\u0430\",\"isPartOf\":{\"@id\":\"https:\/\/efilatelija.posta.rs\/#website\"},\"primaryImageOfPage\":{\"@id\":\"https:\/\/efilatelija.posta.rs\/product\/velikani-svetske-umetnosti\/#primaryimage\"},\"image\":{\"@id\":\"https:\/\/efilatelija.posta.rs\/product\/velikani-svetske-umetnosti\/#primaryimage\"},\"thumbnailUrl\":\"https:\/\/efilatelija.posta.rs\/wp-content\/uploads\/2023\/12\/863434.jpg\",\"datePublished\":\"2023-12-14T11:55:30+00:00\",\"dateModified\":\"2026-03-20T07:33:56+00:00\",\"breadcrumb\":{\"@id\":\"https:\/\/efilatelija.posta.rs\/product\/velikani-svetske-umetnosti\/#breadcrumb\"},\"inLanguage\":\"en-GB\",\"potentialAction\":[{\"@type\":\"ReadAction\",\"target\":[\"https:\/\/efilatelija.posta.rs\/product\/velikani-svetske-umetnosti\/\"]}]},{\"@type\":\"ImageObject\",\"inLanguage\":\"en-GB\",\"@id\":\"https:\/\/efilatelija.posta.rs\/product\/velikani-svetske-umetnosti\/#primaryimage\",\"url\":\"https:\/\/efilatelija.posta.rs\/wp-content\/uploads\/2023\/12\/863434.jpg\",\"contentUrl\":\"https:\/\/efilatelija.posta.rs\/wp-content\/uploads\/2023\/12\/863434.jpg\",\"width\":800,\"height\":800,\"caption\":\"2023 \u0412\u0435\u043b\u0438\u043a\u0430\u043d\u0438 \u0441\u0432\u0435\u0442\u0441\u043a\u0435 \u0443\u043c\u0435\u0442\u043d\u043e\u0441\u0442\u0438 \u043f\u0440\u0438\u0433\u043e\u0434\u043d\u0430 \u043f\u043e\u0448\u0442\u0430\u043d\u0441\u043a\u0430 \u043c\u0430\u0440\u043a\u0430\"},{\"@type\":\"BreadcrumbList\",\"@id\":\"https:\/\/efilatelija.posta.rs\/product\/velikani-svetske-umetnosti\/#breadcrumb\",\"itemListElement\":[{\"@type\":\"ListItem\",\"position\":1,\"name\":\"\u041f\u0440\u043e\u0434\u0430\u0432\u043d\u0438\u0446\u0430\",\"item\":\"https:\/\/efilatelija.posta.rs\/shop\/\"},{\"@type\":\"ListItem\",\"position\":2,\"name\":\"\u0412\u0435\u043b\u0438\u043a\u0430\u043d\u0438 \u0441\u0432\u0435\u0442\u0441\u043a\u0435 \u0443\u043c\u0435\u0442\u043d\u043e\u0441\u0442\u0438\"}]},{\"@type\":\"WebSite\",\"@id\":\"https:\/\/efilatelija.posta.rs\/#website\",\"url\":\"https:\/\/efilatelija.posta.rs\/\",\"name\":\"\u0435\u0424\u0438\u043b\u0430\u0442\u0435\u043b\u0438\u0458\u0430\",\"description\":\"\u041f\u043e\u0448\u0442\u0430 \u0421\u0440\u0431\u0438\u0458\u0435 \u0434.\u043e.\u043e.\",\"publisher\":{\"@id\":\"https:\/\/efilatelija.posta.rs\/#organization\"},\"potentialAction\":[{\"@type\":\"SearchAction\",\"target\":{\"@type\":\"EntryPoint\",\"urlTemplate\":\"https:\/\/efilatelija.posta.rs\/?s={search_term_string}\"},\"query-input\":{\"@type\":\"PropertyValueSpecification\",\"valueRequired\":true,\"valueName\":\"search_term_string\"}}],\"inLanguage\":\"en-GB\"},{\"@type\":\"Organization\",\"@id\":\"https:\/\/efilatelija.posta.rs\/#organization\",\"name\":\"\u0435\u0424\u0438\u043b\u0430\u0442\u0435\u043b\u0438\u0458\u0430 - \u0408\u041f \u041f\u043e\u0448\u0442\u0430 \u0421\u0440\u0431\u0438\u0458\u0435\",\"url\":\"https:\/\/efilatelija.posta.rs\/\",\"logo\":{\"@type\":\"ImageObject\",\"inLanguage\":\"en-GB\",\"@id\":\"https:\/\/efilatelija.posta.rs\/#\/schema\/logo\/image\/\",\"url\":\"https:\/\/efilatelija.posta.rs\/wp-content\/uploads\/2025\/01\/logo-posta-srbije-500x500-1.jpg\",\"contentUrl\":\"https:\/\/efilatelija.posta.rs\/wp-content\/uploads\/2025\/01\/logo-posta-srbije-500x500-1.jpg\",\"width\":500,\"height\":500,\"caption\":\"\u0435\u0424\u0438\u043b\u0430\u0442\u0435\u043b\u0438\u0458\u0430 - \u0408\u041f \u041f\u043e\u0448\u0442\u0430 \u0421\u0440\u0431\u0438\u0458\u0435\"},\"image\":{\"@id\":\"https:\/\/efilatelija.posta.rs\/#\/schema\/logo\/image\/\"}}]}<\/script>\n<!-- \/ Yoast SEO plugin. -->","yoast_head_json":{"title":"\u0412\u0435\u043b\u0438\u043a\u0430\u043d\u0438 \u0441\u0432\u0435\u0442\u0441\u043a\u0435 \u0443\u043c\u0435\u0442\u043d\u043e\u0441\u0442\u0438 - \u0435\u0424\u0438\u043b\u0430\u0442\u0435\u043b\u0438\u0458\u0430","robots":{"index":"index","follow":"follow","max-snippet":"max-snippet:-1","max-image-preview":"max-image-preview:large","max-video-preview":"max-video-preview:-1"},"canonical":"https:\/\/efilatelija.posta.rs\/en\/product\/velikani-svetske-umetnosti\/","og_locale":"en_GB","og_type":"article","og_title":"\u0412\u0435\u043b\u0438\u043a\u0430\u043d\u0438 \u0441\u0432\u0435\u0442\u0441\u043a\u0435 \u0443\u043c\u0435\u0442\u043d\u043e\u0441\u0442\u0438 - \u0435\u0424\u0438\u043b\u0430\u0442\u0435\u043b\u0438\u0458\u0430","og_description":"\u041f\u0440\u0438\u0433\u043e\u0434\u043d\u0430 \u043f\u043e\u0448\u0442\u0430\u043d\u0441\u043a\u0430 \u043c\u0430\u0440\u043a\u0430 \u0413\u043e\u0434\u0438\u043d\u0430 \u0438\u0437\u0434\u0430\u045a\u0430: 2023","og_url":"https:\/\/efilatelija.posta.rs\/en\/product\/velikani-svetske-umetnosti\/","og_site_name":"\u0435\u0424\u0438\u043b\u0430\u0442\u0435\u043b\u0438\u0458\u0430","article_modified_time":"2026-03-20T07:33:56+00:00","og_image":[{"width":800,"height":800,"url":"https:\/\/efilatelija.posta.rs\/wp-content\/uploads\/2023\/12\/863434.jpg","type":"image\/jpeg"}],"twitter_card":"summary_large_image","schema":{"@context":"https:\/\/schema.org","@graph":[{"@type":"WebPage","@id":"https:\/\/efilatelija.posta.rs\/product\/velikani-svetske-umetnosti\/","url":"https:\/\/efilatelija.posta.rs\/product\/velikani-svetske-umetnosti\/","name":"\u0412\u0435\u043b\u0438\u043a\u0430\u043d\u0438 \u0441\u0432\u0435\u0442\u0441\u043a\u0435 \u0443\u043c\u0435\u0442\u043d\u043e\u0441\u0442\u0438 - \u0435\u0424\u0438\u043b\u0430\u0442\u0435\u043b\u0438\u0458\u0430","isPartOf":{"@id":"https:\/\/efilatelija.posta.rs\/#website"},"primaryImageOfPage":{"@id":"https:\/\/efilatelija.posta.rs\/product\/velikani-svetske-umetnosti\/#primaryimage"},"image":{"@id":"https:\/\/efilatelija.posta.rs\/product\/velikani-svetske-umetnosti\/#primaryimage"},"thumbnailUrl":"https:\/\/efilatelija.posta.rs\/wp-content\/uploads\/2023\/12\/863434.jpg","datePublished":"2023-12-14T11:55:30+00:00","dateModified":"2026-03-20T07:33:56+00:00","breadcrumb":{"@id":"https:\/\/efilatelija.posta.rs\/product\/velikani-svetske-umetnosti\/#breadcrumb"},"inLanguage":"en-GB","potentialAction":[{"@type":"ReadAction","target":["https:\/\/efilatelija.posta.rs\/product\/velikani-svetske-umetnosti\/"]}]},{"@type":"ImageObject","inLanguage":"en-GB","@id":"https:\/\/efilatelija.posta.rs\/product\/velikani-svetske-umetnosti\/#primaryimage","url":"https:\/\/efilatelija.posta.rs\/wp-content\/uploads\/2023\/12\/863434.jpg","contentUrl":"https:\/\/efilatelija.posta.rs\/wp-content\/uploads\/2023\/12\/863434.jpg","width":800,"height":800,"caption":"2023 \u0412\u0435\u043b\u0438\u043a\u0430\u043d\u0438 \u0441\u0432\u0435\u0442\u0441\u043a\u0435 \u0443\u043c\u0435\u0442\u043d\u043e\u0441\u0442\u0438 \u043f\u0440\u0438\u0433\u043e\u0434\u043d\u0430 \u043f\u043e\u0448\u0442\u0430\u043d\u0441\u043a\u0430 \u043c\u0430\u0440\u043a\u0430"},{"@type":"BreadcrumbList","@id":"https:\/\/efilatelija.posta.rs\/product\/velikani-svetske-umetnosti\/#breadcrumb","itemListElement":[{"@type":"ListItem","position":1,"name":"\u041f\u0440\u043e\u0434\u0430\u0432\u043d\u0438\u0446\u0430","item":"https:\/\/efilatelija.posta.rs\/shop\/"},{"@type":"ListItem","position":2,"name":"\u0412\u0435\u043b\u0438\u043a\u0430\u043d\u0438 \u0441\u0432\u0435\u0442\u0441\u043a\u0435 \u0443\u043c\u0435\u0442\u043d\u043e\u0441\u0442\u0438"}]},{"@type":"WebSite","@id":"https:\/\/efilatelija.posta.rs\/#website","url":"https:\/\/efilatelija.posta.rs\/","name":"ePhilately","description":"\u041f\u043e\u0448\u0442\u0430 \u0421\u0440\u0431\u0438\u0458\u0435 \u0434.\u043e.\u043e.","publisher":{"@id":"https:\/\/efilatelija.posta.rs\/#organization"},"potentialAction":[{"@type":"SearchAction","target":{"@type":"EntryPoint","urlTemplate":"https:\/\/efilatelija.posta.rs\/?s={search_term_string}"},"query-input":{"@type":"PropertyValueSpecification","valueRequired":true,"valueName":"search_term_string"}}],"inLanguage":"en-GB"},{"@type":"Organization","@id":"https:\/\/efilatelija.posta.rs\/#organization","name":"\u0435\u0424\u0438\u043b\u0430\u0442\u0435\u043b\u0438\u0458\u0430 - \u0408\u041f \u041f\u043e\u0448\u0442\u0430 \u0421\u0440\u0431\u0438\u0458\u0435","url":"https:\/\/efilatelija.posta.rs\/","logo":{"@type":"ImageObject","inLanguage":"en-GB","@id":"https:\/\/efilatelija.posta.rs\/#\/schema\/logo\/image\/","url":"https:\/\/efilatelija.posta.rs\/wp-content\/uploads\/2025\/01\/logo-posta-srbije-500x500-1.jpg","contentUrl":"https:\/\/efilatelija.posta.rs\/wp-content\/uploads\/2025\/01\/logo-posta-srbije-500x500-1.jpg","width":500,"height":500,"caption":"\u0435\u0424\u0438\u043b\u0430\u0442\u0435\u043b\u0438\u0458\u0430 - \u0408\u041f \u041f\u043e\u0448\u0442\u0430 \u0421\u0440\u0431\u0438\u0458\u0435"},"image":{"@id":"https:\/\/efilatelija.posta.rs\/#\/schema\/logo\/image\/"}}]}},"_links":{"self":[{"href":"https:\/\/efilatelija.posta.rs\/en\/wp-json\/wp\/v2\/product\/11874","targetHints":{"allow":["GET"]}}],"collection":[{"href":"https:\/\/efilatelija.posta.rs\/en\/wp-json\/wp\/v2\/product"}],"about":[{"href":"https:\/\/efilatelija.posta.rs\/en\/wp-json\/wp\/v2\/types\/product"}],"wp:featuredmedia":[{"embeddable":true,"href":"https:\/\/efilatelija.posta.rs\/en\/wp-json\/wp\/v2\/media\/11875"}],"wp:attachment":[{"href":"https:\/\/efilatelija.posta.rs\/en\/wp-json\/wp\/v2\/media?parent=11874"}],"wp:term":[{"taxonomy":"product_brand","embeddable":true,"href":"https:\/\/efilatelija.posta.rs\/en\/wp-json\/wp\/v2\/product_brand?post=11874"},{"taxonomy":"product_cat","embeddable":true,"href":"https:\/\/efilatelija.posta.rs\/en\/wp-json\/wp\/v2\/product_cat?post=11874"},{"taxonomy":"product_tag","embeddable":true,"href":"https:\/\/efilatelija.posta.rs\/en\/wp-json\/wp\/v2\/product_tag?post=11874"}],"curies":[{"name":"wp","href":"https:\/\/api.w.org\/{rel}","templated":true}]}}