{"id":11869,"date":"2023-12-14T12:30:40","date_gmt":"2023-12-14T11:30:40","guid":{"rendered":"https:\/\/efilatelija.posta.rs\/?post_type=product&#038;p=11869"},"modified":"2026-03-27T13:58:24","modified_gmt":"2026-03-27T12:58:24","slug":"umetnost-2023","status":"publish","type":"product","link":"https:\/\/efilatelija.posta.rs\/en\/product\/umetnost-2023\/","title":{"rendered":"Art"},"content":{"rendered":"<p><strong>50 years since the establishment of the University of Arts in Belgrade<\/strong><\/p>\n<p>Association of Higher Art Schools \u2013 Academy of Music (founded in 1937), Academy of Fine Arts (founded in 1937), Academy of Applied Arts (founded in 1948) and Academy of Theater Arts (founded in 1948, into which the Higher School of Film Acting and Directing was integrated in 1950), was formed on June 10, 1957 as the Academy of Arts.<\/p>\n<p>In 1973, the Academy of Arts grew into the University of Arts, which consists of four faculties: the Faculty of Fine Arts, the Faculty of Music, the Faculty of Applied Arts and Design, and the Faculty of Dramatic Arts.<\/p>\n<p>Since its establishment, the University of Arts in Belgrade, as the leading institution for art education in Serbia and the region, has played a key role in shaping the art scene in Serbia and is one of the foundations on which Belgrade has built its reputation as a creative center and capital of culture.<\/p>\n<p>Today, the University of Arts educates more than 2,800 students, through 37 accredited study programs and over 120 modules at the level of undergraduate, master\u2019s and doctoral studies, in four faculties and the University\u2019s Center for Interdisciplinary Studies, and is one of the few universities in Europe that has introduced artistic research into frameworks of doctoral studies.<\/p>\n<p>During its five decades of existence, the University of the Arts has had an exceptional cultural impact by educating talented artists, musicians, actors, directors and other experts in various artistic disciplines, and its graduates have contributed to the richness of the cultural heritage of modern society, not only in our region, but also around the world.<\/p>\n<p>Expert collaboration: \u201dSvetozar Markovi\u0107\u201d University Library, Belgrade<\/p>\n<p>Artistic realization of the issue: Miroslav Nikoli\u0107<\/p>\n<p>Graphic realization: MA Nade\u017eda Sko\u010daji\u0107, Academic Graphic Artist<\/p>\n<p><strong>100 years since the founding of the Belgrade Philharmonic Orchestra<\/strong><\/p>\n<p>One of the most important Serbian composers and conductors, Stevan Hristi\u0107 (1885\u20131958), formed an orchestra from musicians of the National Theater Opera, teachers of Belgrade music schools and several amateurs, which, under the name of the Belgrade Philharmonic, held its first concert on June 13, 1923. Thanks to the enthusiasm of the founder, artistic director and chief conductor Stevan Hristi\u0107 and his fellow musicians, the artistic musical journey of the Belgrade Philharmonic began in 1923, which has lasted for a century.<\/p>\n<p>The 100-year long history of the Philharmonic consists of a diverse musical repertoire performed on stages all over the world, 620 musicians who have spent their working lives there since the archive has been continuously maintained (1951), 16 artistic directors, numerous guest conductors and musicians \u2013 the world\u2019s most famous names in music art, but also enthusiastic audiences on all continents.<\/p>\n<p>The Belgrade Philharmonic entered the new millennium under the leadership of Ivan Tasovac after several difficult years at the very end of the last century. Unique charm, specific character and undiminished enthusiasm have once again become the main characteristics of the Belgrade Philharmonic, which have returned this grandiose ensemble to the very top of the world\u2019s orchestras and among one of the most successful cultural institutions in the country and region.<\/p>\n<p>In addition to professional support and cooperation with the most important names of the international concert scene, the decades-long friendship with the legendary maestro Zubin Mehta, who regularly holds charity concerts with the Philharmonic, is especially valuable.<\/p>\n<p>Breaking down prejudices, initiating cultural contacts, preserving old and creating new friendships, pushing boundaries in music and reaching new levels of excellence have created the Belgrade Philharmonic as a national brand and an orchestra for the concerts of which people wait in long lines for hours.<\/p>\n<p>Expert collaboration: Belgrade Philharmonic<\/p>\n<p>Artistic realization of the issue: Miroslav Nikoli\u0107 and MA Nade\u017eda Sko\u010daji\u0107, academic graphic artist<\/p>\n<p><strong>70 years since the establishment of the Gallery of the Central Military Club<\/strong><\/p>\n<p>The Gallery of the Central Military Club is located in the monumental building of the palace of the former Military Home, today the Central Military Club. The initiative to establish the Gallery was initiated in 1945 by the well-known fine artist and founder of the Faculty of Applied Arts in Belgrade, Branko \u0160otra, the first post-war head of the institution.<\/p>\n<p>Since the beginning of the Gallery\u2019s work in 1953, numerous themed exhibitions of Yugoslav artists have been organized, dedicated to the revolution and the national liberation struggle, but artists have also organized independent exhibitions without thematic restrictions. This type of activity of the Gallery had a direct impact on the formation of the Art Collection, for which works were acquired through purchases, gifts, in exchange with institutions, and sometimes through the engagement of fine artists. As among the acquired works, there were equally works from both thematically engaged and independent exhibitions, the Art Collection of the Central Military Club became unique with this approach to collecting. This statement is supported by the wealth of the fund, which contains around 1,500 works of fine and applied art from all generations of artists from the former Yugoslavia.<\/p>\n<p>The collection contains several significant works created in the first half of the 20<sup>th<\/sup> century, such as the works of Vlaho Bukovac, Ljuba Ivanovi\u0107, Marino Tartalja, Sava \u0160umanovi\u0107, Milo Milunovi\u0107, Ljubo Babi\u0107, Kosta Hakman, and Jovan Bijeli\u0107. However, the largest part of the collection consists of works by Serbian and Yugoslav artists created in the second half of the 20<sup>th<\/sup> century, starting with Petar Lubarda, Zora Petrovi\u0107, Milan Konjovi\u0107, Krsto Hegedu\u0161i\u0107, Marko \u010celebonovi\u0107, Nikola Martinoski, Mi\u0107a Popovi\u0107, Ljubica Cuca Soki\u0107, Sreten Stojanovi\u0107 and other greats of Yugoslav art.<\/p>\n<p>Expert collaboration: Jelena Kne\u017eevi\u0107, Senior Curator, Head of the Gallery of the Central Military Club<\/p>\n<p>Artistic realization of the issue: Miroslav Nikoli\u0107<\/p>\n<p>Graphic realization: MA Nade\u017eda Sko\u010daji\u0107, Academic Graphic Artist<\/p>","protected":false},"excerpt":{"rendered":"<h3>Commemorative postage stamps<\/h3>\n<p>Year of issue: <strong>2023<\/strong><\/p>","protected":false},"featured_media":11870,"template":"","meta":{"inline_featured_image":false,"pgc_sgb_lightbox_settings":""},"product_brand":[],"product_cat":[96,164,39,40],"product_tag":[],"class_list":{"0":"post-11869","1":"product","2":"type-product","3":"status-publish","4":"has-post-thumbnail","6":"product_cat-godina-izdanja","7":"product_cat-164","8":"product_cat-postanske-marke","9":"product_cat-prigodne-marke","10":"pa_godina-izdanja-165","11":"pa_tema-arhitektura-spomenici","12":"pa_tema-znamenite-licnosti","13":"pa_tema-muzika","14":"pa_tema-umetnost","16":"first","17":"instock","18":"shipping-taxable","19":"purchasable","20":"product-type-simple"},"yoast_head":"<!-- This site is optimized with the Yoast SEO plugin v26.8 - https:\/\/yoast.com\/product\/yoast-seo-wordpress\/ -->\n<title>\u0423\u043c\u0435\u0442\u043d\u043e\u0441\u0442 - \u0435\u0424\u0438\u043b\u0430\u0442\u0435\u043b\u0438\u0458\u0430<\/title>\n<meta name=\"robots\" content=\"index, follow, max-snippet:-1, max-image-preview:large, max-video-preview:-1\" \/>\n<link rel=\"canonical\" href=\"https:\/\/efilatelija.posta.rs\/en\/product\/umetnost-2023\/\" \/>\n<meta property=\"og:locale\" content=\"en_GB\" \/>\n<meta property=\"og:type\" content=\"article\" \/>\n<meta property=\"og:title\" content=\"\u0423\u043c\u0435\u0442\u043d\u043e\u0441\u0442 - \u0435\u0424\u0438\u043b\u0430\u0442\u0435\u043b\u0438\u0458\u0430\" \/>\n<meta property=\"og:description\" content=\"\u041f\u0440\u0438\u0433\u043e\u0434\u043d\u0430 \u043f\u043e\u0448\u0442\u0430\u043d\u0441\u043a\u0430 \u043c\u0430\u0440\u043a\u0430 \u0413\u043e\u0434\u0438\u043d\u0430 \u0438\u0437\u0434\u0430\u045a\u0430: 2023\" \/>\n<meta property=\"og:url\" content=\"https:\/\/efilatelija.posta.rs\/en\/product\/umetnost-2023\/\" \/>\n<meta property=\"og:site_name\" content=\"\u0435\u0424\u0438\u043b\u0430\u0442\u0435\u043b\u0438\u0458\u0430\" \/>\n<meta property=\"article:modified_time\" content=\"2026-03-27T12:58:24+00:00\" \/>\n<meta property=\"og:image\" content=\"https:\/\/efilatelija.posta.rs\/wp-content\/uploads\/2023\/12\/863439.jpg\" \/>\n\t<meta property=\"og:image:width\" content=\"800\" \/>\n\t<meta property=\"og:image:height\" content=\"800\" \/>\n\t<meta property=\"og:image:type\" content=\"image\/jpeg\" \/>\n<meta name=\"twitter:card\" content=\"summary_large_image\" \/>\n<script type=\"application\/ld+json\" class=\"yoast-schema-graph\">{\"@context\":\"https:\/\/schema.org\",\"@graph\":[{\"@type\":\"WebPage\",\"@id\":\"https:\/\/efilatelija.posta.rs\/product\/umetnost-2023\/\",\"url\":\"https:\/\/efilatelija.posta.rs\/product\/umetnost-2023\/\",\"name\":\"\u0423\u043c\u0435\u0442\u043d\u043e\u0441\u0442 - \u0435\u0424\u0438\u043b\u0430\u0442\u0435\u043b\u0438\u0458\u0430\",\"isPartOf\":{\"@id\":\"https:\/\/efilatelija.posta.rs\/#website\"},\"primaryImageOfPage\":{\"@id\":\"https:\/\/efilatelija.posta.rs\/product\/umetnost-2023\/#primaryimage\"},\"image\":{\"@id\":\"https:\/\/efilatelija.posta.rs\/product\/umetnost-2023\/#primaryimage\"},\"thumbnailUrl\":\"https:\/\/efilatelija.posta.rs\/wp-content\/uploads\/2023\/12\/863439.jpg\",\"datePublished\":\"2023-12-14T11:30:40+00:00\",\"dateModified\":\"2026-03-27T12:58:24+00:00\",\"breadcrumb\":{\"@id\":\"https:\/\/efilatelija.posta.rs\/product\/umetnost-2023\/#breadcrumb\"},\"inLanguage\":\"en-GB\",\"potentialAction\":[{\"@type\":\"ReadAction\",\"target\":[\"https:\/\/efilatelija.posta.rs\/product\/umetnost-2023\/\"]}]},{\"@type\":\"ImageObject\",\"inLanguage\":\"en-GB\",\"@id\":\"https:\/\/efilatelija.posta.rs\/product\/umetnost-2023\/#primaryimage\",\"url\":\"https:\/\/efilatelija.posta.rs\/wp-content\/uploads\/2023\/12\/863439.jpg\",\"contentUrl\":\"https:\/\/efilatelija.posta.rs\/wp-content\/uploads\/2023\/12\/863439.jpg\",\"width\":800,\"height\":800,\"caption\":\"2023 \u0423\u043c\u0435\u0442\u043d\u043e\u0441\u0442 \u043f\u0440\u0438\u0433\u043e\u0434\u043d\u0430 \u043f\u043e\u0448\u0442\u0430\u043d\u0441\u043a\u0430 \u043c\u0430\u0440\u043a\u0430\"},{\"@type\":\"BreadcrumbList\",\"@id\":\"https:\/\/efilatelija.posta.rs\/product\/umetnost-2023\/#breadcrumb\",\"itemListElement\":[{\"@type\":\"ListItem\",\"position\":1,\"name\":\"\u041f\u0440\u043e\u0434\u0430\u0432\u043d\u0438\u0446\u0430\",\"item\":\"https:\/\/efilatelija.posta.rs\/shop\/\"},{\"@type\":\"ListItem\",\"position\":2,\"name\":\"\u0423\u043c\u0435\u0442\u043d\u043e\u0441\u0442\"}]},{\"@type\":\"WebSite\",\"@id\":\"https:\/\/efilatelija.posta.rs\/#website\",\"url\":\"https:\/\/efilatelija.posta.rs\/\",\"name\":\"\u0435\u0424\u0438\u043b\u0430\u0442\u0435\u043b\u0438\u0458\u0430\",\"description\":\"\u041f\u043e\u0448\u0442\u0430 \u0421\u0440\u0431\u0438\u0458\u0435 \u0434.\u043e.\u043e.\",\"publisher\":{\"@id\":\"https:\/\/efilatelija.posta.rs\/#organization\"},\"potentialAction\":[{\"@type\":\"SearchAction\",\"target\":{\"@type\":\"EntryPoint\",\"urlTemplate\":\"https:\/\/efilatelija.posta.rs\/?s={search_term_string}\"},\"query-input\":{\"@type\":\"PropertyValueSpecification\",\"valueRequired\":true,\"valueName\":\"search_term_string\"}}],\"inLanguage\":\"en-GB\"},{\"@type\":\"Organization\",\"@id\":\"https:\/\/efilatelija.posta.rs\/#organization\",\"name\":\"\u0435\u0424\u0438\u043b\u0430\u0442\u0435\u043b\u0438\u0458\u0430 - \u0408\u041f \u041f\u043e\u0448\u0442\u0430 \u0421\u0440\u0431\u0438\u0458\u0435\",\"url\":\"https:\/\/efilatelija.posta.rs\/\",\"logo\":{\"@type\":\"ImageObject\",\"inLanguage\":\"en-GB\",\"@id\":\"https:\/\/efilatelija.posta.rs\/#\/schema\/logo\/image\/\",\"url\":\"https:\/\/efilatelija.posta.rs\/wp-content\/uploads\/2025\/01\/logo-posta-srbije-500x500-1.jpg\",\"contentUrl\":\"https:\/\/efilatelija.posta.rs\/wp-content\/uploads\/2025\/01\/logo-posta-srbije-500x500-1.jpg\",\"width\":500,\"height\":500,\"caption\":\"\u0435\u0424\u0438\u043b\u0430\u0442\u0435\u043b\u0438\u0458\u0430 - \u0408\u041f \u041f\u043e\u0448\u0442\u0430 \u0421\u0440\u0431\u0438\u0458\u0435\"},\"image\":{\"@id\":\"https:\/\/efilatelija.posta.rs\/#\/schema\/logo\/image\/\"}}]}<\/script>\n<!-- \/ Yoast SEO plugin. -->","yoast_head_json":{"title":"\u0423\u043c\u0435\u0442\u043d\u043e\u0441\u0442 - \u0435\u0424\u0438\u043b\u0430\u0442\u0435\u043b\u0438\u0458\u0430","robots":{"index":"index","follow":"follow","max-snippet":"max-snippet:-1","max-image-preview":"max-image-preview:large","max-video-preview":"max-video-preview:-1"},"canonical":"https:\/\/efilatelija.posta.rs\/en\/product\/umetnost-2023\/","og_locale":"en_GB","og_type":"article","og_title":"\u0423\u043c\u0435\u0442\u043d\u043e\u0441\u0442 - \u0435\u0424\u0438\u043b\u0430\u0442\u0435\u043b\u0438\u0458\u0430","og_description":"\u041f\u0440\u0438\u0433\u043e\u0434\u043d\u0430 \u043f\u043e\u0448\u0442\u0430\u043d\u0441\u043a\u0430 \u043c\u0430\u0440\u043a\u0430 \u0413\u043e\u0434\u0438\u043d\u0430 \u0438\u0437\u0434\u0430\u045a\u0430: 2023","og_url":"https:\/\/efilatelija.posta.rs\/en\/product\/umetnost-2023\/","og_site_name":"\u0435\u0424\u0438\u043b\u0430\u0442\u0435\u043b\u0438\u0458\u0430","article_modified_time":"2026-03-27T12:58:24+00:00","og_image":[{"width":800,"height":800,"url":"https:\/\/efilatelija.posta.rs\/wp-content\/uploads\/2023\/12\/863439.jpg","type":"image\/jpeg"}],"twitter_card":"summary_large_image","schema":{"@context":"https:\/\/schema.org","@graph":[{"@type":"WebPage","@id":"https:\/\/efilatelija.posta.rs\/product\/umetnost-2023\/","url":"https:\/\/efilatelija.posta.rs\/product\/umetnost-2023\/","name":"\u0423\u043c\u0435\u0442\u043d\u043e\u0441\u0442 - \u0435\u0424\u0438\u043b\u0430\u0442\u0435\u043b\u0438\u0458\u0430","isPartOf":{"@id":"https:\/\/efilatelija.posta.rs\/#website"},"primaryImageOfPage":{"@id":"https:\/\/efilatelija.posta.rs\/product\/umetnost-2023\/#primaryimage"},"image":{"@id":"https:\/\/efilatelija.posta.rs\/product\/umetnost-2023\/#primaryimage"},"thumbnailUrl":"https:\/\/efilatelija.posta.rs\/wp-content\/uploads\/2023\/12\/863439.jpg","datePublished":"2023-12-14T11:30:40+00:00","dateModified":"2026-03-27T12:58:24+00:00","breadcrumb":{"@id":"https:\/\/efilatelija.posta.rs\/product\/umetnost-2023\/#breadcrumb"},"inLanguage":"en-GB","potentialAction":[{"@type":"ReadAction","target":["https:\/\/efilatelija.posta.rs\/product\/umetnost-2023\/"]}]},{"@type":"ImageObject","inLanguage":"en-GB","@id":"https:\/\/efilatelija.posta.rs\/product\/umetnost-2023\/#primaryimage","url":"https:\/\/efilatelija.posta.rs\/wp-content\/uploads\/2023\/12\/863439.jpg","contentUrl":"https:\/\/efilatelija.posta.rs\/wp-content\/uploads\/2023\/12\/863439.jpg","width":800,"height":800,"caption":"2023 \u0423\u043c\u0435\u0442\u043d\u043e\u0441\u0442 \u043f\u0440\u0438\u0433\u043e\u0434\u043d\u0430 \u043f\u043e\u0448\u0442\u0430\u043d\u0441\u043a\u0430 \u043c\u0430\u0440\u043a\u0430"},{"@type":"BreadcrumbList","@id":"https:\/\/efilatelija.posta.rs\/product\/umetnost-2023\/#breadcrumb","itemListElement":[{"@type":"ListItem","position":1,"name":"\u041f\u0440\u043e\u0434\u0430\u0432\u043d\u0438\u0446\u0430","item":"https:\/\/efilatelija.posta.rs\/shop\/"},{"@type":"ListItem","position":2,"name":"\u0423\u043c\u0435\u0442\u043d\u043e\u0441\u0442"}]},{"@type":"WebSite","@id":"https:\/\/efilatelija.posta.rs\/#website","url":"https:\/\/efilatelija.posta.rs\/","name":"ePhilately","description":"\u041f\u043e\u0448\u0442\u0430 \u0421\u0440\u0431\u0438\u0458\u0435 \u0434.\u043e.\u043e.","publisher":{"@id":"https:\/\/efilatelija.posta.rs\/#organization"},"potentialAction":[{"@type":"SearchAction","target":{"@type":"EntryPoint","urlTemplate":"https:\/\/efilatelija.posta.rs\/?s={search_term_string}"},"query-input":{"@type":"PropertyValueSpecification","valueRequired":true,"valueName":"search_term_string"}}],"inLanguage":"en-GB"},{"@type":"Organization","@id":"https:\/\/efilatelija.posta.rs\/#organization","name":"\u0435\u0424\u0438\u043b\u0430\u0442\u0435\u043b\u0438\u0458\u0430 - \u0408\u041f \u041f\u043e\u0448\u0442\u0430 \u0421\u0440\u0431\u0438\u0458\u0435","url":"https:\/\/efilatelija.posta.rs\/","logo":{"@type":"ImageObject","inLanguage":"en-GB","@id":"https:\/\/efilatelija.posta.rs\/#\/schema\/logo\/image\/","url":"https:\/\/efilatelija.posta.rs\/wp-content\/uploads\/2025\/01\/logo-posta-srbije-500x500-1.jpg","contentUrl":"https:\/\/efilatelija.posta.rs\/wp-content\/uploads\/2025\/01\/logo-posta-srbije-500x500-1.jpg","width":500,"height":500,"caption":"\u0435\u0424\u0438\u043b\u0430\u0442\u0435\u043b\u0438\u0458\u0430 - \u0408\u041f \u041f\u043e\u0448\u0442\u0430 \u0421\u0440\u0431\u0438\u0458\u0435"},"image":{"@id":"https:\/\/efilatelija.posta.rs\/#\/schema\/logo\/image\/"}}]}},"_links":{"self":[{"href":"https:\/\/efilatelija.posta.rs\/en\/wp-json\/wp\/v2\/product\/11869","targetHints":{"allow":["GET"]}}],"collection":[{"href":"https:\/\/efilatelija.posta.rs\/en\/wp-json\/wp\/v2\/product"}],"about":[{"href":"https:\/\/efilatelija.posta.rs\/en\/wp-json\/wp\/v2\/types\/product"}],"wp:featuredmedia":[{"embeddable":true,"href":"https:\/\/efilatelija.posta.rs\/en\/wp-json\/wp\/v2\/media\/11870"}],"wp:attachment":[{"href":"https:\/\/efilatelija.posta.rs\/en\/wp-json\/wp\/v2\/media?parent=11869"}],"wp:term":[{"taxonomy":"product_brand","embeddable":true,"href":"https:\/\/efilatelija.posta.rs\/en\/wp-json\/wp\/v2\/product_brand?post=11869"},{"taxonomy":"product_cat","embeddable":true,"href":"https:\/\/efilatelija.posta.rs\/en\/wp-json\/wp\/v2\/product_cat?post=11869"},{"taxonomy":"product_tag","embeddable":true,"href":"https:\/\/efilatelija.posta.rs\/en\/wp-json\/wp\/v2\/product_tag?post=11869"}],"curies":[{"name":"wp","href":"https:\/\/api.w.org\/{rel}","templated":true}]}}