{"id":11058,"date":"2023-09-01T10:19:17","date_gmt":"2023-09-01T09:19:17","guid":{"rendered":"https:\/\/efilatelija.posta.rs\/?post_type=product&#038;p=11058"},"modified":"2026-04-07T14:38:55","modified_gmt":"2026-04-07T13:38:55","slug":"svetski-kup-u-veslanju-beograd-2023","status":"publish","type":"product","link":"https:\/\/efilatelija.posta.rs\/en\/product\/svetski-kup-u-veslanju-beograd-2023\/","title":{"rendered":"World Rowing Championships Belgrade 2023"},"content":{"rendered":"<p>Serbian Rowing Federation (SRF) has been chosen as the host and organizer of the 2023 World Rowing Championships by the World Rowing Federation (FISA), which will be held from September 3 to 10, 2023 at Ada Ciganlija. The city of Belgrade and the Republic of Serbia for the first time became the hosts of the world championship in rowing for seniors.<\/p>\n<p>The World Rowing Championship is the largest sports event to be held in Belgrade in 2023 and will gather over 1,500 rowers from more than 80 countries. The championship is also a qualifying regatta for the upcoming Olympic Games that will be held in Paris in 2024, so the competition will have additional significance because it is the last championship before the Olympic Games in Paris.<\/p>\n<p>The World Rowing Championship is an opportunity for the best rowers worldwide to compete at the highest level and demonstrate their skills and abilities. It is also an opportunity to promote rowing as a sport and to raise awareness of the importance of physical activity and a healthy lifestyle. In addition, such a large international sports event has a significant economic impact on the host city and country, due to greater tourist visits during the competition itself and better development of sports infrastructure.<\/p>\n<p>Expert collaboration: Serbian Rowing Federation<\/p>\n<p>Graphic realization: MA Nade\u017eda Sko\u010daji\u0107, Academic Graphic Artist<\/p>","protected":false},"excerpt":{"rendered":"<h3>Commemorative postage stamps<\/h3>\n<p>Year of issue: <strong>2023<\/strong><\/p>","protected":false},"featured_media":11059,"template":"","meta":{"inline_featured_image":false,"pgc_sgb_lightbox_settings":""},"product_brand":[],"product_cat":[96,164,39,40],"product_tag":[],"class_list":{"0":"post-11058","1":"product","2":"type-product","3":"status-publish","4":"has-post-thumbnail","6":"product_cat-godina-izdanja","7":"product_cat-164","8":"product_cat-postanske-marke","9":"product_cat-prigodne-marke","10":"pa_godina-izdanja-165","11":"pa_tema-svetske-teme","12":"pa_tema-sport","14":"first","15":"instock","16":"shipping-taxable","17":"purchasable","18":"product-type-simple"},"yoast_head":"<!-- This site is optimized with the Yoast SEO plugin v26.8 - https:\/\/yoast.com\/product\/yoast-seo-wordpress\/ -->\n<title>\u0421\u0432\u0435\u0442\u0441\u043a\u043e \u043f\u0440\u0432\u0435\u043d\u0441\u0442\u0432\u043e \u0443 \u0432\u0435\u0441\u043b\u0430\u045a\u0443 \u0411\u0435\u043e\u0433\u0440\u0430\u0434 2023 - \u0435\u0424\u0438\u043b\u0430\u0442\u0435\u043b\u0438\u0458\u0430<\/title>\n<meta name=\"robots\" content=\"index, follow, max-snippet:-1, max-image-preview:large, max-video-preview:-1\" \/>\n<link rel=\"canonical\" href=\"https:\/\/efilatelija.posta.rs\/en\/product\/svetski-kup-u-veslanju-beograd-2023\/\" \/>\n<meta property=\"og:locale\" content=\"en_GB\" \/>\n<meta property=\"og:type\" content=\"article\" \/>\n<meta property=\"og:title\" content=\"\u0421\u0432\u0435\u0442\u0441\u043a\u043e \u043f\u0440\u0432\u0435\u043d\u0441\u0442\u0432\u043e \u0443 \u0432\u0435\u0441\u043b\u0430\u045a\u0443 \u0411\u0435\u043e\u0433\u0440\u0430\u0434 2023 - \u0435\u0424\u0438\u043b\u0430\u0442\u0435\u043b\u0438\u0458\u0430\" \/>\n<meta property=\"og:description\" content=\"\u041f\u0440\u0438\u0433\u043e\u0434\u043d\u0430 \u043f\u043e\u0448\u0442\u0430\u043d\u0441\u043a\u0430 \u043c\u0430\u0440\u043a\u0430 \u0413\u043e\u0434\u0438\u043d\u0430 \u0438\u0437\u0434\u0430\u045a\u0430: 2023\" \/>\n<meta property=\"og:url\" content=\"https:\/\/efilatelija.posta.rs\/en\/product\/svetski-kup-u-veslanju-beograd-2023\/\" \/>\n<meta property=\"og:site_name\" content=\"\u0435\u0424\u0438\u043b\u0430\u0442\u0435\u043b\u0438\u0458\u0430\" \/>\n<meta property=\"article:modified_time\" content=\"2026-04-07T13:38:55+00:00\" \/>\n<meta property=\"og:image\" content=\"https:\/\/efilatelija.posta.rs\/wp-content\/uploads\/2023\/09\/801853.jpg\" \/>\n\t<meta property=\"og:image:width\" content=\"800\" \/>\n\t<meta property=\"og:image:height\" content=\"800\" \/>\n\t<meta property=\"og:image:type\" content=\"image\/jpeg\" \/>\n<meta name=\"twitter:card\" content=\"summary_large_image\" \/>\n<script type=\"application\/ld+json\" class=\"yoast-schema-graph\">{\"@context\":\"https:\/\/schema.org\",\"@graph\":[{\"@type\":\"WebPage\",\"@id\":\"https:\/\/efilatelija.posta.rs\/product\/svetski-kup-u-veslanju-beograd-2023\/\",\"url\":\"https:\/\/efilatelija.posta.rs\/product\/svetski-kup-u-veslanju-beograd-2023\/\",\"name\":\"\u0421\u0432\u0435\u0442\u0441\u043a\u043e \u043f\u0440\u0432\u0435\u043d\u0441\u0442\u0432\u043e \u0443 \u0432\u0435\u0441\u043b\u0430\u045a\u0443 \u0411\u0435\u043e\u0433\u0440\u0430\u0434 2023 - \u0435\u0424\u0438\u043b\u0430\u0442\u0435\u043b\u0438\u0458\u0430\",\"isPartOf\":{\"@id\":\"https:\/\/efilatelija.posta.rs\/#website\"},\"primaryImageOfPage\":{\"@id\":\"https:\/\/efilatelija.posta.rs\/product\/svetski-kup-u-veslanju-beograd-2023\/#primaryimage\"},\"image\":{\"@id\":\"https:\/\/efilatelija.posta.rs\/product\/svetski-kup-u-veslanju-beograd-2023\/#primaryimage\"},\"thumbnailUrl\":\"https:\/\/efilatelija.posta.rs\/wp-content\/uploads\/2023\/09\/801853.jpg\",\"datePublished\":\"2023-09-01T09:19:17+00:00\",\"dateModified\":\"2026-04-07T13:38:55+00:00\",\"breadcrumb\":{\"@id\":\"https:\/\/efilatelija.posta.rs\/product\/svetski-kup-u-veslanju-beograd-2023\/#breadcrumb\"},\"inLanguage\":\"en-GB\",\"potentialAction\":[{\"@type\":\"ReadAction\",\"target\":[\"https:\/\/efilatelija.posta.rs\/product\/svetski-kup-u-veslanju-beograd-2023\/\"]}]},{\"@type\":\"ImageObject\",\"inLanguage\":\"en-GB\",\"@id\":\"https:\/\/efilatelija.posta.rs\/product\/svetski-kup-u-veslanju-beograd-2023\/#primaryimage\",\"url\":\"https:\/\/efilatelija.posta.rs\/wp-content\/uploads\/2023\/09\/801853.jpg\",\"contentUrl\":\"https:\/\/efilatelija.posta.rs\/wp-content\/uploads\/2023\/09\/801853.jpg\",\"width\":800,\"height\":800,\"caption\":\"2023 \u0421\u0432\u0435\u0442\u0441\u043a\u043e \u043f\u0440\u0432\u0435\u043d\u0441\u0442\u0432\u043e \u0443 \u0432\u0435\u0441\u043b\u0430\u045a\u0443 \u0411\u0435\u043e\u0433\u0440\u0430\u0434 2023 \u043f\u0440\u0438\u0433\u043e\u0434\u043d\u0430 \u043f\u043e\u0448\u0442\u0430\u043d\u0441\u043a\u0430 \u043c\u0430\u0440\u043a\u0430\"},{\"@type\":\"BreadcrumbList\",\"@id\":\"https:\/\/efilatelija.posta.rs\/product\/svetski-kup-u-veslanju-beograd-2023\/#breadcrumb\",\"itemListElement\":[{\"@type\":\"ListItem\",\"position\":1,\"name\":\"\u041f\u0440\u043e\u0434\u0430\u0432\u043d\u0438\u0446\u0430\",\"item\":\"https:\/\/efilatelija.posta.rs\/shop\/\"},{\"@type\":\"ListItem\",\"position\":2,\"name\":\"\u0421\u0432\u0435\u0442\u0441\u043a\u043e \u043f\u0440\u0432\u0435\u043d\u0441\u0442\u0432\u043e \u0443 \u0432\u0435\u0441\u043b\u0430\u045a\u0443 \u0411\u0435\u043e\u0433\u0440\u0430\u0434 2023\"}]},{\"@type\":\"WebSite\",\"@id\":\"https:\/\/efilatelija.posta.rs\/#website\",\"url\":\"https:\/\/efilatelija.posta.rs\/\",\"name\":\"\u0435\u0424\u0438\u043b\u0430\u0442\u0435\u043b\u0438\u0458\u0430\",\"description\":\"\u041f\u043e\u0448\u0442\u0430 \u0421\u0440\u0431\u0438\u0458\u0435 \u0434.\u043e.\u043e.\",\"publisher\":{\"@id\":\"https:\/\/efilatelija.posta.rs\/#organization\"},\"potentialAction\":[{\"@type\":\"SearchAction\",\"target\":{\"@type\":\"EntryPoint\",\"urlTemplate\":\"https:\/\/efilatelija.posta.rs\/?s={search_term_string}\"},\"query-input\":{\"@type\":\"PropertyValueSpecification\",\"valueRequired\":true,\"valueName\":\"search_term_string\"}}],\"inLanguage\":\"en-GB\"},{\"@type\":\"Organization\",\"@id\":\"https:\/\/efilatelija.posta.rs\/#organization\",\"name\":\"\u0435\u0424\u0438\u043b\u0430\u0442\u0435\u043b\u0438\u0458\u0430 - \u0408\u041f \u041f\u043e\u0448\u0442\u0430 \u0421\u0440\u0431\u0438\u0458\u0435\",\"url\":\"https:\/\/efilatelija.posta.rs\/\",\"logo\":{\"@type\":\"ImageObject\",\"inLanguage\":\"en-GB\",\"@id\":\"https:\/\/efilatelija.posta.rs\/#\/schema\/logo\/image\/\",\"url\":\"https:\/\/efilatelija.posta.rs\/wp-content\/uploads\/2025\/01\/logo-posta-srbije-500x500-1.jpg\",\"contentUrl\":\"https:\/\/efilatelija.posta.rs\/wp-content\/uploads\/2025\/01\/logo-posta-srbije-500x500-1.jpg\",\"width\":500,\"height\":500,\"caption\":\"\u0435\u0424\u0438\u043b\u0430\u0442\u0435\u043b\u0438\u0458\u0430 - \u0408\u041f \u041f\u043e\u0448\u0442\u0430 \u0421\u0440\u0431\u0438\u0458\u0435\"},\"image\":{\"@id\":\"https:\/\/efilatelija.posta.rs\/#\/schema\/logo\/image\/\"}}]}<\/script>\n<!-- \/ Yoast SEO plugin. -->","yoast_head_json":{"title":"\u0421\u0432\u0435\u0442\u0441\u043a\u043e \u043f\u0440\u0432\u0435\u043d\u0441\u0442\u0432\u043e \u0443 \u0432\u0435\u0441\u043b\u0430\u045a\u0443 \u0411\u0435\u043e\u0433\u0440\u0430\u0434 2023 - \u0435\u0424\u0438\u043b\u0430\u0442\u0435\u043b\u0438\u0458\u0430","robots":{"index":"index","follow":"follow","max-snippet":"max-snippet:-1","max-image-preview":"max-image-preview:large","max-video-preview":"max-video-preview:-1"},"canonical":"https:\/\/efilatelija.posta.rs\/en\/product\/svetski-kup-u-veslanju-beograd-2023\/","og_locale":"en_GB","og_type":"article","og_title":"\u0421\u0432\u0435\u0442\u0441\u043a\u043e \u043f\u0440\u0432\u0435\u043d\u0441\u0442\u0432\u043e \u0443 \u0432\u0435\u0441\u043b\u0430\u045a\u0443 \u0411\u0435\u043e\u0433\u0440\u0430\u0434 2023 - \u0435\u0424\u0438\u043b\u0430\u0442\u0435\u043b\u0438\u0458\u0430","og_description":"\u041f\u0440\u0438\u0433\u043e\u0434\u043d\u0430 \u043f\u043e\u0448\u0442\u0430\u043d\u0441\u043a\u0430 \u043c\u0430\u0440\u043a\u0430 \u0413\u043e\u0434\u0438\u043d\u0430 \u0438\u0437\u0434\u0430\u045a\u0430: 2023","og_url":"https:\/\/efilatelija.posta.rs\/en\/product\/svetski-kup-u-veslanju-beograd-2023\/","og_site_name":"\u0435\u0424\u0438\u043b\u0430\u0442\u0435\u043b\u0438\u0458\u0430","article_modified_time":"2026-04-07T13:38:55+00:00","og_image":[{"width":800,"height":800,"url":"https:\/\/efilatelija.posta.rs\/wp-content\/uploads\/2023\/09\/801853.jpg","type":"image\/jpeg"}],"twitter_card":"summary_large_image","schema":{"@context":"https:\/\/schema.org","@graph":[{"@type":"WebPage","@id":"https:\/\/efilatelija.posta.rs\/product\/svetski-kup-u-veslanju-beograd-2023\/","url":"https:\/\/efilatelija.posta.rs\/product\/svetski-kup-u-veslanju-beograd-2023\/","name":"\u0421\u0432\u0435\u0442\u0441\u043a\u043e \u043f\u0440\u0432\u0435\u043d\u0441\u0442\u0432\u043e \u0443 \u0432\u0435\u0441\u043b\u0430\u045a\u0443 \u0411\u0435\u043e\u0433\u0440\u0430\u0434 2023 - \u0435\u0424\u0438\u043b\u0430\u0442\u0435\u043b\u0438\u0458\u0430","isPartOf":{"@id":"https:\/\/efilatelija.posta.rs\/#website"},"primaryImageOfPage":{"@id":"https:\/\/efilatelija.posta.rs\/product\/svetski-kup-u-veslanju-beograd-2023\/#primaryimage"},"image":{"@id":"https:\/\/efilatelija.posta.rs\/product\/svetski-kup-u-veslanju-beograd-2023\/#primaryimage"},"thumbnailUrl":"https:\/\/efilatelija.posta.rs\/wp-content\/uploads\/2023\/09\/801853.jpg","datePublished":"2023-09-01T09:19:17+00:00","dateModified":"2026-04-07T13:38:55+00:00","breadcrumb":{"@id":"https:\/\/efilatelija.posta.rs\/product\/svetski-kup-u-veslanju-beograd-2023\/#breadcrumb"},"inLanguage":"en-GB","potentialAction":[{"@type":"ReadAction","target":["https:\/\/efilatelija.posta.rs\/product\/svetski-kup-u-veslanju-beograd-2023\/"]}]},{"@type":"ImageObject","inLanguage":"en-GB","@id":"https:\/\/efilatelija.posta.rs\/product\/svetski-kup-u-veslanju-beograd-2023\/#primaryimage","url":"https:\/\/efilatelija.posta.rs\/wp-content\/uploads\/2023\/09\/801853.jpg","contentUrl":"https:\/\/efilatelija.posta.rs\/wp-content\/uploads\/2023\/09\/801853.jpg","width":800,"height":800,"caption":"2023 \u0421\u0432\u0435\u0442\u0441\u043a\u043e \u043f\u0440\u0432\u0435\u043d\u0441\u0442\u0432\u043e \u0443 \u0432\u0435\u0441\u043b\u0430\u045a\u0443 \u0411\u0435\u043e\u0433\u0440\u0430\u0434 2023 \u043f\u0440\u0438\u0433\u043e\u0434\u043d\u0430 \u043f\u043e\u0448\u0442\u0430\u043d\u0441\u043a\u0430 \u043c\u0430\u0440\u043a\u0430"},{"@type":"BreadcrumbList","@id":"https:\/\/efilatelija.posta.rs\/product\/svetski-kup-u-veslanju-beograd-2023\/#breadcrumb","itemListElement":[{"@type":"ListItem","position":1,"name":"\u041f\u0440\u043e\u0434\u0430\u0432\u043d\u0438\u0446\u0430","item":"https:\/\/efilatelija.posta.rs\/shop\/"},{"@type":"ListItem","position":2,"name":"\u0421\u0432\u0435\u0442\u0441\u043a\u043e \u043f\u0440\u0432\u0435\u043d\u0441\u0442\u0432\u043e \u0443 \u0432\u0435\u0441\u043b\u0430\u045a\u0443 \u0411\u0435\u043e\u0433\u0440\u0430\u0434 2023"}]},{"@type":"WebSite","@id":"https:\/\/efilatelija.posta.rs\/#website","url":"https:\/\/efilatelija.posta.rs\/","name":"ePhilately","description":"\u041f\u043e\u0448\u0442\u0430 \u0421\u0440\u0431\u0438\u0458\u0435 \u0434.\u043e.\u043e.","publisher":{"@id":"https:\/\/efilatelija.posta.rs\/#organization"},"potentialAction":[{"@type":"SearchAction","target":{"@type":"EntryPoint","urlTemplate":"https:\/\/efilatelija.posta.rs\/?s={search_term_string}"},"query-input":{"@type":"PropertyValueSpecification","valueRequired":true,"valueName":"search_term_string"}}],"inLanguage":"en-GB"},{"@type":"Organization","@id":"https:\/\/efilatelija.posta.rs\/#organization","name":"\u0435\u0424\u0438\u043b\u0430\u0442\u0435\u043b\u0438\u0458\u0430 - \u0408\u041f \u041f\u043e\u0448\u0442\u0430 \u0421\u0440\u0431\u0438\u0458\u0435","url":"https:\/\/efilatelija.posta.rs\/","logo":{"@type":"ImageObject","inLanguage":"en-GB","@id":"https:\/\/efilatelija.posta.rs\/#\/schema\/logo\/image\/","url":"https:\/\/efilatelija.posta.rs\/wp-content\/uploads\/2025\/01\/logo-posta-srbije-500x500-1.jpg","contentUrl":"https:\/\/efilatelija.posta.rs\/wp-content\/uploads\/2025\/01\/logo-posta-srbije-500x500-1.jpg","width":500,"height":500,"caption":"\u0435\u0424\u0438\u043b\u0430\u0442\u0435\u043b\u0438\u0458\u0430 - \u0408\u041f \u041f\u043e\u0448\u0442\u0430 \u0421\u0440\u0431\u0438\u0458\u0435"},"image":{"@id":"https:\/\/efilatelija.posta.rs\/#\/schema\/logo\/image\/"}}]}},"_links":{"self":[{"href":"https:\/\/efilatelija.posta.rs\/en\/wp-json\/wp\/v2\/product\/11058","targetHints":{"allow":["GET"]}}],"collection":[{"href":"https:\/\/efilatelija.posta.rs\/en\/wp-json\/wp\/v2\/product"}],"about":[{"href":"https:\/\/efilatelija.posta.rs\/en\/wp-json\/wp\/v2\/types\/product"}],"wp:featuredmedia":[{"embeddable":true,"href":"https:\/\/efilatelija.posta.rs\/en\/wp-json\/wp\/v2\/media\/11059"}],"wp:attachment":[{"href":"https:\/\/efilatelija.posta.rs\/en\/wp-json\/wp\/v2\/media?parent=11058"}],"wp:term":[{"taxonomy":"product_brand","embeddable":true,"href":"https:\/\/efilatelija.posta.rs\/en\/wp-json\/wp\/v2\/product_brand?post=11058"},{"taxonomy":"product_cat","embeddable":true,"href":"https:\/\/efilatelija.posta.rs\/en\/wp-json\/wp\/v2\/product_cat?post=11058"},{"taxonomy":"product_tag","embeddable":true,"href":"https:\/\/efilatelija.posta.rs\/en\/wp-json\/wp\/v2\/product_tag?post=11058"}],"curies":[{"name":"wp","href":"https:\/\/api.w.org\/{rel}","templated":true}]}}