{"id":10918,"date":"2023-07-31T08:22:08","date_gmt":"2023-07-31T07:22:08","guid":{"rendered":"https:\/\/efilatelija.posta.rs\/?post_type=product&#038;p=10918"},"modified":"2026-03-16T19:23:22","modified_gmt":"2026-03-16T18:23:22","slug":"100-godina-ptt-muzeja","status":"publish","type":"product","link":"https:\/\/efilatelija.posta.rs\/en\/product\/100-godina-ptt-muzeja\/","title":{"rendered":"100 years of the PTT Museum"},"content":{"rendered":"<p class=\"translation-block\">The PTT Museum in Belgrade, as a technical museum and cultural institution, functions as part of PE Post of Serbia and deals with the protection, collection, study and exhibition of items and documents related to the history of postal, telegraphic and telephone traffic. The PTT Museum was founded on July 31, 1923, when the Ministry of Posts and Telegraphs of the Kingdom of Serbs, Croats and Slovenes passed the first em&gt;Rulebook on the museum<\/em>. This Rulebook defined the way of operation and the organization of the PTT Museum and created a fund with exhibits that had been collected in an organized manner since 1888. The PTT Museum was officially opened to the public in 1958, and the museum\u2019s new permanent exhibition, in Majke Jevrosime 13 Street, Belgrade, was opened to the public in 2013.<\/p>\n<p>For a full 100 years, the PTT Museum, by participating in various cultural manifestations, organizing various thematic exhibitions, children\u203as workshops, expert panels and concerts, has successfully continued its tradition and achieved its main goal \u2013 to preserve and present the postal and technical heritage and nurture and build a culture of remembrance.<\/p>\n<p class=\"translation-block\">Motifs on the stamp: <em>Tatar and accompanist<\/em>, aquarelle; Order of the Takovo Cross, V degree, awarded for special merits to Panta Mihajlovi\u0107 by King Aleksandar I Obrenovi\u0107 in 1900; <em>The Certificate<\/em> which Panta Mihajlovi\u0107 received in 1883 from the Ministry of National Economy of the Kingdom of Serbia, \"that he built telephone lines within the prescribed period and, based on that, fulfilled the conditions of the concession, so it should not be taken away from him\".<\/p>\n<p>Motifs on the envelope: personal phone of King Petar I Kara\u0111or\u0111evi\u0107; regular issue of the postage stamp, with the image of King Petar I Kara\u0111or\u0111evi\u0107 from 1911, draft M. Markovi\u0107, cut P. Ani\u010di\u0107, and the press of the State Stamp Office in Belgrade; this stamp was made in 12 different values and in a different color for each denomination. In the background Bellinograph \u2013 a device for transferring documents and photos on the Belgrade \u2013 Paris line, acquired in 1937 and installed in 1938, in the Palace of the Main Post Office in Takovska Street.<\/p>\n<p>All the motifs depicted are from the collection of the PTT Museum.<\/p>\n<p>Expert collaboration: PTT Museum, Belgrade\nGraphic realization of the issue: Nade\u017eda Sko\u010daji\u0107, Academic Graphic Artist<\/p>","protected":false},"excerpt":{"rendered":"<h3>Commemorative postage stamps<\/h3>\n<p>Year of issue: <strong>2023<\/strong><\/p>","protected":false},"featured_media":10919,"template":"","meta":{"inline_featured_image":false,"pgc_sgb_lightbox_settings":""},"product_brand":[],"product_cat":[96,164,39,40],"product_tag":[],"class_list":{"0":"post-10918","1":"product","2":"type-product","3":"status-publish","4":"has-post-thumbnail","6":"product_cat-godina-izdanja","7":"product_cat-164","8":"product_cat-postanske-marke","9":"product_cat-prigodne-marke","10":"pa_godina-izdanja-165","11":"pa_tema-posta-postanske-marke","13":"first","14":"instock","15":"shipping-taxable","16":"purchasable","17":"product-type-simple"},"yoast_head":"<!-- This site is optimized with the Yoast SEO plugin v26.8 - https:\/\/yoast.com\/product\/yoast-seo-wordpress\/ -->\n<title>100 \u0433\u043e\u0434\u0438\u043d\u0430 \u041f\u0422\u0422 \u043c\u0443\u0437\u0435\u0458\u0430 - \u0435\u0424\u0438\u043b\u0430\u0442\u0435\u043b\u0438\u0458\u0430<\/title>\n<meta name=\"robots\" content=\"index, follow, max-snippet:-1, max-image-preview:large, max-video-preview:-1\" \/>\n<link rel=\"canonical\" href=\"https:\/\/efilatelija.posta.rs\/en\/product\/100-godina-ptt-muzeja\/\" \/>\n<meta property=\"og:locale\" content=\"en_GB\" \/>\n<meta property=\"og:type\" content=\"article\" \/>\n<meta property=\"og:title\" content=\"100 \u0433\u043e\u0434\u0438\u043d\u0430 \u041f\u0422\u0422 \u043c\u0443\u0437\u0435\u0458\u0430 - \u0435\u0424\u0438\u043b\u0430\u0442\u0435\u043b\u0438\u0458\u0430\" \/>\n<meta property=\"og:description\" content=\"\u041f\u0440\u0438\u0433\u043e\u0434\u043d\u0430 \u043f\u043e\u0448\u0442\u0430\u043d\u0441\u043a\u0430 \u043c\u0430\u0440\u043a\u0430 \u0413\u043e\u0434\u0438\u043d\u0430 \u0438\u0437\u0434\u0430\u045a\u0430: 2023\" \/>\n<meta property=\"og:url\" content=\"https:\/\/efilatelija.posta.rs\/en\/product\/100-godina-ptt-muzeja\/\" \/>\n<meta property=\"og:site_name\" content=\"\u0435\u0424\u0438\u043b\u0430\u0442\u0435\u043b\u0438\u0458\u0430\" \/>\n<meta property=\"article:modified_time\" content=\"2026-03-16T18:23:22+00:00\" \/>\n<meta property=\"og:image\" content=\"https:\/\/efilatelija.posta.rs\/wp-content\/uploads\/2023\/07\/801849.jpg\" \/>\n\t<meta property=\"og:image:width\" content=\"800\" \/>\n\t<meta property=\"og:image:height\" content=\"800\" \/>\n\t<meta property=\"og:image:type\" content=\"image\/jpeg\" \/>\n<meta name=\"twitter:card\" content=\"summary_large_image\" \/>\n<script type=\"application\/ld+json\" class=\"yoast-schema-graph\">{\"@context\":\"https:\/\/schema.org\",\"@graph\":[{\"@type\":\"WebPage\",\"@id\":\"https:\/\/efilatelija.posta.rs\/product\/100-godina-ptt-muzeja\/\",\"url\":\"https:\/\/efilatelija.posta.rs\/product\/100-godina-ptt-muzeja\/\",\"name\":\"100 \u0433\u043e\u0434\u0438\u043d\u0430 \u041f\u0422\u0422 \u043c\u0443\u0437\u0435\u0458\u0430 - \u0435\u0424\u0438\u043b\u0430\u0442\u0435\u043b\u0438\u0458\u0430\",\"isPartOf\":{\"@id\":\"https:\/\/efilatelija.posta.rs\/#website\"},\"primaryImageOfPage\":{\"@id\":\"https:\/\/efilatelija.posta.rs\/product\/100-godina-ptt-muzeja\/#primaryimage\"},\"image\":{\"@id\":\"https:\/\/efilatelija.posta.rs\/product\/100-godina-ptt-muzeja\/#primaryimage\"},\"thumbnailUrl\":\"https:\/\/efilatelija.posta.rs\/wp-content\/uploads\/2023\/07\/801849.jpg\",\"datePublished\":\"2023-07-31T07:22:08+00:00\",\"dateModified\":\"2026-03-16T18:23:22+00:00\",\"breadcrumb\":{\"@id\":\"https:\/\/efilatelija.posta.rs\/product\/100-godina-ptt-muzeja\/#breadcrumb\"},\"inLanguage\":\"en-GB\",\"potentialAction\":[{\"@type\":\"ReadAction\",\"target\":[\"https:\/\/efilatelija.posta.rs\/product\/100-godina-ptt-muzeja\/\"]}]},{\"@type\":\"ImageObject\",\"inLanguage\":\"en-GB\",\"@id\":\"https:\/\/efilatelija.posta.rs\/product\/100-godina-ptt-muzeja\/#primaryimage\",\"url\":\"https:\/\/efilatelija.posta.rs\/wp-content\/uploads\/2023\/07\/801849.jpg\",\"contentUrl\":\"https:\/\/efilatelija.posta.rs\/wp-content\/uploads\/2023\/07\/801849.jpg\",\"width\":800,\"height\":800,\"caption\":\"2023 100 \u0433\u043e\u0434\u0438\u043d\u0430 \u041f\u0422\u0422 \u043c\u0443\u0437\u0435\u0458\u0430 \u043f\u0440\u0438\u0433\u043e\u0434\u043d\u0430 \u043f\u043e\u0448\u0442\u0430\u043d\u0441\u043a\u0430 \u043c\u0430\u0440\u043a\u0430\"},{\"@type\":\"BreadcrumbList\",\"@id\":\"https:\/\/efilatelija.posta.rs\/product\/100-godina-ptt-muzeja\/#breadcrumb\",\"itemListElement\":[{\"@type\":\"ListItem\",\"position\":1,\"name\":\"\u041f\u0440\u043e\u0434\u0430\u0432\u043d\u0438\u0446\u0430\",\"item\":\"https:\/\/efilatelija.posta.rs\/shop\/\"},{\"@type\":\"ListItem\",\"position\":2,\"name\":\"100 \u0433\u043e\u0434\u0438\u043d\u0430 \u041f\u0422\u0422 \u043c\u0443\u0437\u0435\u0458\u0430\"}]},{\"@type\":\"WebSite\",\"@id\":\"https:\/\/efilatelija.posta.rs\/#website\",\"url\":\"https:\/\/efilatelija.posta.rs\/\",\"name\":\"\u0435\u0424\u0438\u043b\u0430\u0442\u0435\u043b\u0438\u0458\u0430\",\"description\":\"\u041f\u043e\u0448\u0442\u0430 \u0421\u0440\u0431\u0438\u0458\u0435 \u0434.\u043e.\u043e.\",\"publisher\":{\"@id\":\"https:\/\/efilatelija.posta.rs\/#organization\"},\"potentialAction\":[{\"@type\":\"SearchAction\",\"target\":{\"@type\":\"EntryPoint\",\"urlTemplate\":\"https:\/\/efilatelija.posta.rs\/?s={search_term_string}\"},\"query-input\":{\"@type\":\"PropertyValueSpecification\",\"valueRequired\":true,\"valueName\":\"search_term_string\"}}],\"inLanguage\":\"en-GB\"},{\"@type\":\"Organization\",\"@id\":\"https:\/\/efilatelija.posta.rs\/#organization\",\"name\":\"\u0435\u0424\u0438\u043b\u0430\u0442\u0435\u043b\u0438\u0458\u0430 - \u0408\u041f \u041f\u043e\u0448\u0442\u0430 \u0421\u0440\u0431\u0438\u0458\u0435\",\"url\":\"https:\/\/efilatelija.posta.rs\/\",\"logo\":{\"@type\":\"ImageObject\",\"inLanguage\":\"en-GB\",\"@id\":\"https:\/\/efilatelija.posta.rs\/#\/schema\/logo\/image\/\",\"url\":\"https:\/\/efilatelija.posta.rs\/wp-content\/uploads\/2025\/01\/logo-posta-srbije-500x500-1.jpg\",\"contentUrl\":\"https:\/\/efilatelija.posta.rs\/wp-content\/uploads\/2025\/01\/logo-posta-srbije-500x500-1.jpg\",\"width\":500,\"height\":500,\"caption\":\"\u0435\u0424\u0438\u043b\u0430\u0442\u0435\u043b\u0438\u0458\u0430 - \u0408\u041f \u041f\u043e\u0448\u0442\u0430 \u0421\u0440\u0431\u0438\u0458\u0435\"},\"image\":{\"@id\":\"https:\/\/efilatelija.posta.rs\/#\/schema\/logo\/image\/\"}}]}<\/script>\n<!-- \/ Yoast SEO plugin. -->","yoast_head_json":{"title":"100 \u0433\u043e\u0434\u0438\u043d\u0430 \u041f\u0422\u0422 \u043c\u0443\u0437\u0435\u0458\u0430 - \u0435\u0424\u0438\u043b\u0430\u0442\u0435\u043b\u0438\u0458\u0430","robots":{"index":"index","follow":"follow","max-snippet":"max-snippet:-1","max-image-preview":"max-image-preview:large","max-video-preview":"max-video-preview:-1"},"canonical":"https:\/\/efilatelija.posta.rs\/en\/product\/100-godina-ptt-muzeja\/","og_locale":"en_GB","og_type":"article","og_title":"100 \u0433\u043e\u0434\u0438\u043d\u0430 \u041f\u0422\u0422 \u043c\u0443\u0437\u0435\u0458\u0430 - \u0435\u0424\u0438\u043b\u0430\u0442\u0435\u043b\u0438\u0458\u0430","og_description":"\u041f\u0440\u0438\u0433\u043e\u0434\u043d\u0430 \u043f\u043e\u0448\u0442\u0430\u043d\u0441\u043a\u0430 \u043c\u0430\u0440\u043a\u0430 \u0413\u043e\u0434\u0438\u043d\u0430 \u0438\u0437\u0434\u0430\u045a\u0430: 2023","og_url":"https:\/\/efilatelija.posta.rs\/en\/product\/100-godina-ptt-muzeja\/","og_site_name":"\u0435\u0424\u0438\u043b\u0430\u0442\u0435\u043b\u0438\u0458\u0430","article_modified_time":"2026-03-16T18:23:22+00:00","og_image":[{"width":800,"height":800,"url":"https:\/\/efilatelija.posta.rs\/wp-content\/uploads\/2023\/07\/801849.jpg","type":"image\/jpeg"}],"twitter_card":"summary_large_image","schema":{"@context":"https:\/\/schema.org","@graph":[{"@type":"WebPage","@id":"https:\/\/efilatelija.posta.rs\/product\/100-godina-ptt-muzeja\/","url":"https:\/\/efilatelija.posta.rs\/product\/100-godina-ptt-muzeja\/","name":"100 \u0433\u043e\u0434\u0438\u043d\u0430 \u041f\u0422\u0422 \u043c\u0443\u0437\u0435\u0458\u0430 - \u0435\u0424\u0438\u043b\u0430\u0442\u0435\u043b\u0438\u0458\u0430","isPartOf":{"@id":"https:\/\/efilatelija.posta.rs\/#website"},"primaryImageOfPage":{"@id":"https:\/\/efilatelija.posta.rs\/product\/100-godina-ptt-muzeja\/#primaryimage"},"image":{"@id":"https:\/\/efilatelija.posta.rs\/product\/100-godina-ptt-muzeja\/#primaryimage"},"thumbnailUrl":"https:\/\/efilatelija.posta.rs\/wp-content\/uploads\/2023\/07\/801849.jpg","datePublished":"2023-07-31T07:22:08+00:00","dateModified":"2026-03-16T18:23:22+00:00","breadcrumb":{"@id":"https:\/\/efilatelija.posta.rs\/product\/100-godina-ptt-muzeja\/#breadcrumb"},"inLanguage":"en-GB","potentialAction":[{"@type":"ReadAction","target":["https:\/\/efilatelija.posta.rs\/product\/100-godina-ptt-muzeja\/"]}]},{"@type":"ImageObject","inLanguage":"en-GB","@id":"https:\/\/efilatelija.posta.rs\/product\/100-godina-ptt-muzeja\/#primaryimage","url":"https:\/\/efilatelija.posta.rs\/wp-content\/uploads\/2023\/07\/801849.jpg","contentUrl":"https:\/\/efilatelija.posta.rs\/wp-content\/uploads\/2023\/07\/801849.jpg","width":800,"height":800,"caption":"2023 100 \u0433\u043e\u0434\u0438\u043d\u0430 \u041f\u0422\u0422 \u043c\u0443\u0437\u0435\u0458\u0430 \u043f\u0440\u0438\u0433\u043e\u0434\u043d\u0430 \u043f\u043e\u0448\u0442\u0430\u043d\u0441\u043a\u0430 \u043c\u0430\u0440\u043a\u0430"},{"@type":"BreadcrumbList","@id":"https:\/\/efilatelija.posta.rs\/product\/100-godina-ptt-muzeja\/#breadcrumb","itemListElement":[{"@type":"ListItem","position":1,"name":"\u041f\u0440\u043e\u0434\u0430\u0432\u043d\u0438\u0446\u0430","item":"https:\/\/efilatelija.posta.rs\/shop\/"},{"@type":"ListItem","position":2,"name":"100 \u0433\u043e\u0434\u0438\u043d\u0430 \u041f\u0422\u0422 \u043c\u0443\u0437\u0435\u0458\u0430"}]},{"@type":"WebSite","@id":"https:\/\/efilatelija.posta.rs\/#website","url":"https:\/\/efilatelija.posta.rs\/","name":"ePhilately","description":"\u041f\u043e\u0448\u0442\u0430 \u0421\u0440\u0431\u0438\u0458\u0435 \u0434.\u043e.\u043e.","publisher":{"@id":"https:\/\/efilatelija.posta.rs\/#organization"},"potentialAction":[{"@type":"SearchAction","target":{"@type":"EntryPoint","urlTemplate":"https:\/\/efilatelija.posta.rs\/?s={search_term_string}"},"query-input":{"@type":"PropertyValueSpecification","valueRequired":true,"valueName":"search_term_string"}}],"inLanguage":"en-GB"},{"@type":"Organization","@id":"https:\/\/efilatelija.posta.rs\/#organization","name":"\u0435\u0424\u0438\u043b\u0430\u0442\u0435\u043b\u0438\u0458\u0430 - \u0408\u041f \u041f\u043e\u0448\u0442\u0430 \u0421\u0440\u0431\u0438\u0458\u0435","url":"https:\/\/efilatelija.posta.rs\/","logo":{"@type":"ImageObject","inLanguage":"en-GB","@id":"https:\/\/efilatelija.posta.rs\/#\/schema\/logo\/image\/","url":"https:\/\/efilatelija.posta.rs\/wp-content\/uploads\/2025\/01\/logo-posta-srbije-500x500-1.jpg","contentUrl":"https:\/\/efilatelija.posta.rs\/wp-content\/uploads\/2025\/01\/logo-posta-srbije-500x500-1.jpg","width":500,"height":500,"caption":"\u0435\u0424\u0438\u043b\u0430\u0442\u0435\u043b\u0438\u0458\u0430 - \u0408\u041f \u041f\u043e\u0448\u0442\u0430 \u0421\u0440\u0431\u0438\u0458\u0435"},"image":{"@id":"https:\/\/efilatelija.posta.rs\/#\/schema\/logo\/image\/"}}]}},"_links":{"self":[{"href":"https:\/\/efilatelija.posta.rs\/en\/wp-json\/wp\/v2\/product\/10918","targetHints":{"allow":["GET"]}}],"collection":[{"href":"https:\/\/efilatelija.posta.rs\/en\/wp-json\/wp\/v2\/product"}],"about":[{"href":"https:\/\/efilatelija.posta.rs\/en\/wp-json\/wp\/v2\/types\/product"}],"wp:featuredmedia":[{"embeddable":true,"href":"https:\/\/efilatelija.posta.rs\/en\/wp-json\/wp\/v2\/media\/10919"}],"wp:attachment":[{"href":"https:\/\/efilatelija.posta.rs\/en\/wp-json\/wp\/v2\/media?parent=10918"}],"wp:term":[{"taxonomy":"product_brand","embeddable":true,"href":"https:\/\/efilatelija.posta.rs\/en\/wp-json\/wp\/v2\/product_brand?post=10918"},{"taxonomy":"product_cat","embeddable":true,"href":"https:\/\/efilatelija.posta.rs\/en\/wp-json\/wp\/v2\/product_cat?post=10918"},{"taxonomy":"product_tag","embeddable":true,"href":"https:\/\/efilatelija.posta.rs\/en\/wp-json\/wp\/v2\/product_tag?post=10918"}],"curies":[{"name":"wp","href":"https:\/\/api.w.org\/{rel}","templated":true}]}}