{"id":10848,"date":"2023-07-14T08:51:33","date_gmt":"2023-07-14T07:51:33","guid":{"rendered":"https:\/\/efilatelija.posta.rs\/?post_type=product&#038;p=10848"},"modified":"2026-04-17T14:04:38","modified_gmt":"2026-04-17T13:04:38","slug":"250-godina-od-doseljavanja-slovaka-u-kisac","status":"publish","type":"product","link":"https:\/\/efilatelija.posta.rs\/en\/product\/250-godina-od-doseljavanja-slovaka-u-kisac\/","title":{"rendered":"250  Years since the Slovak Settlement in Kisa\u010d"},"content":{"rendered":"<p>The settlement of Slovaks to Kisa\u010d (slov. Kys\u00e1\u010d) started in 1773, whereby the role of Count Andr\u00e1s Hadik stands out, who, probably because of his Slovak origin, wanted to settle a larger number of his compatriots on his Futog estate. The first Slovak who moved to Kisa\u010d was Michal Vard\u017e\u00edk (1736\u20131792). Circumstantially, the year of the arrival of the Slovaks in Kisa\u010d was immortalized in the Serbian Orthodox church that was built in that very year.<\/p>\n<p>The issuance of the Patent of Tolerance in 1781 encouraged the arrival of a new wave of settlers, which created the conditions for the establishment of a school and inviting the first teacher and the first priest. The Evangelical church in Kisa\u010d bears the oldest Slovak Vojvodina epigraphic inscription from 1802.<\/p>\n<p>In a period of 250 years, the Slovaks in Kisa\u010d managed to survive and preserve their identity in a multinational environment thanks primarily to favourable socio-political circumstances. Unhindered establishment and functioning of key institutions, societies and associations of national character (in the 18<sup>th<\/sup> and 19<sup>th<\/sup> centuries, for example, a school, a church and the \u201cReading Society\u201d were founded, and in the period between the two world wars the \u201cSociety of Czechoslovak Women\u201d, \u201cSokolstvo Jedinstvo\u201d Falconry Society, the \u201cTatra\u201d football club, \u201cZanatsko dru\u0161tvo\u201d Crafts Society, the local board of the Matica slova\u010dka in Yugoslavia, etc.) had a positive effect on the spread of literacy, the preservation of the Slovak native language and the growth of national consciousness. Here we should highlight the exemplary coexistence with other nationalities in the area, above all Serbian-Slovak cooperation in all local institutions and beyond.<\/p>\n<p>The issuance of this series of commemorative postage stamps indicates that the harmony of inter-ethnic relations in Serbia is based on historical memory and mutual respect of all its citizens.<\/p>\n<p>\u0421\u0442\u0440\u0443\u0447\u043d\u0430 \u0441\u0430\u0440\u0430\u0434\u045a\u0430: \u0421\u0430\u0432\u0435\u0442 \u041c\u0435\u0441\u043d\u0435 \u0437\u0430\u0458\u0435\u0434\u043d\u0438\u0446\u0435 \u201e\u041a\u0438\u0441\u0430\u0447\u201d, \u0434\u043e\u0446. \u0434\u0440 \u0414\u0430\u043d\u0438\u0435\u043b\u0430 \u041c\u0430\u0440\u0447\u043e\u043a \u0423\u043c\u0435\u0442\u043d\u0438\u0447\u043a\u0430 \u0440\u0435\u0430\u043b\u0438\u0437\u0430\u0446\u0438\u0458\u0430 \u0438\u0437\u0434\u0430\u045a\u0430: \u041c\u0430\u0440\u0438\u0458\u0430 \u0412\u043b\u0430\u0445\u043e\u0432\u0438\u045b, \u0430\u043a\u0430\u0434\u0435\u043c\u0441\u043a\u0438 \u0433\u0440\u0430\u0444\u0438\u0447\u0430\u0440<\/p>","protected":false},"excerpt":{"rendered":"<h3>Commemorative postage stamps<\/h3>\n<p>Year of issue: <strong>2023<\/strong><\/p>","protected":false},"featured_media":10849,"template":"","meta":{"inline_featured_image":false,"pgc_sgb_lightbox_settings":""},"product_brand":[],"product_cat":[96,164,39,40],"product_tag":[],"class_list":{"0":"post-10848","1":"product","2":"type-product","3":"status-publish","4":"has-post-thumbnail","6":"product_cat-godina-izdanja","7":"product_cat-164","8":"product_cat-postanske-marke","9":"product_cat-prigodne-marke","10":"pa_godina-izdanja-165","11":"pa_tema-istorija","13":"first","14":"instock","15":"shipping-taxable","16":"purchasable","17":"product-type-simple"},"yoast_head":"<!-- This site is optimized with the Yoast SEO plugin v26.8 - https:\/\/yoast.com\/product\/yoast-seo-wordpress\/ -->\n<title>250 \u0433\u043e\u0434\u0438\u043d\u0430 \u043e\u0434 \u0434\u043e\u0441\u0435\u0459\u0430\u0432\u0430\u045a\u0430 \u0421\u043b\u043e\u0432\u0430\u043a\u0430 \u0443 \u041a\u0438\u0441\u0430\u0447 - \u0435\u0424\u0438\u043b\u0430\u0442\u0435\u043b\u0438\u0458\u0430<\/title>\n<meta name=\"robots\" content=\"index, follow, max-snippet:-1, max-image-preview:large, max-video-preview:-1\" \/>\n<link rel=\"canonical\" href=\"https:\/\/efilatelija.posta.rs\/en\/product\/250-godina-od-doseljavanja-slovaka-u-kisac\/\" \/>\n<meta property=\"og:locale\" content=\"en_GB\" \/>\n<meta property=\"og:type\" content=\"article\" \/>\n<meta property=\"og:title\" content=\"250 \u0433\u043e\u0434\u0438\u043d\u0430 \u043e\u0434 \u0434\u043e\u0441\u0435\u0459\u0430\u0432\u0430\u045a\u0430 \u0421\u043b\u043e\u0432\u0430\u043a\u0430 \u0443 \u041a\u0438\u0441\u0430\u0447 - \u0435\u0424\u0438\u043b\u0430\u0442\u0435\u043b\u0438\u0458\u0430\" \/>\n<meta property=\"og:description\" content=\"\u041f\u0440\u0438\u0433\u043e\u0434\u043d\u0430 \u043f\u043e\u0448\u0442\u0430\u043d\u0441\u043a\u0430 \u043c\u0430\u0440\u043a\u0430 \u0413\u043e\u0434\u0438\u043d\u0430 \u0438\u0437\u0434\u0430\u045a\u0430: 2023\" \/>\n<meta property=\"og:url\" content=\"https:\/\/efilatelija.posta.rs\/en\/product\/250-godina-od-doseljavanja-slovaka-u-kisac\/\" \/>\n<meta property=\"og:site_name\" content=\"\u0435\u0424\u0438\u043b\u0430\u0442\u0435\u043b\u0438\u0458\u0430\" \/>\n<meta property=\"article:modified_time\" content=\"2026-04-17T13:04:38+00:00\" \/>\n<meta property=\"og:image\" content=\"https:\/\/efilatelija.posta.rs\/wp-content\/uploads\/2023\/07\/801848.jpg\" \/>\n\t<meta property=\"og:image:width\" content=\"800\" \/>\n\t<meta property=\"og:image:height\" content=\"800\" \/>\n\t<meta property=\"og:image:type\" content=\"image\/jpeg\" \/>\n<meta name=\"twitter:card\" content=\"summary_large_image\" \/>\n<script type=\"application\/ld+json\" class=\"yoast-schema-graph\">{\"@context\":\"https:\/\/schema.org\",\"@graph\":[{\"@type\":\"WebPage\",\"@id\":\"https:\/\/efilatelija.posta.rs\/product\/250-godina-od-doseljavanja-slovaka-u-kisac\/\",\"url\":\"https:\/\/efilatelija.posta.rs\/product\/250-godina-od-doseljavanja-slovaka-u-kisac\/\",\"name\":\"250 \u0433\u043e\u0434\u0438\u043d\u0430 \u043e\u0434 \u0434\u043e\u0441\u0435\u0459\u0430\u0432\u0430\u045a\u0430 \u0421\u043b\u043e\u0432\u0430\u043a\u0430 \u0443 \u041a\u0438\u0441\u0430\u0447 - \u0435\u0424\u0438\u043b\u0430\u0442\u0435\u043b\u0438\u0458\u0430\",\"isPartOf\":{\"@id\":\"https:\/\/efilatelija.posta.rs\/#website\"},\"primaryImageOfPage\":{\"@id\":\"https:\/\/efilatelija.posta.rs\/product\/250-godina-od-doseljavanja-slovaka-u-kisac\/#primaryimage\"},\"image\":{\"@id\":\"https:\/\/efilatelija.posta.rs\/product\/250-godina-od-doseljavanja-slovaka-u-kisac\/#primaryimage\"},\"thumbnailUrl\":\"https:\/\/efilatelija.posta.rs\/wp-content\/uploads\/2023\/07\/801848.jpg\",\"datePublished\":\"2023-07-14T07:51:33+00:00\",\"dateModified\":\"2026-04-17T13:04:38+00:00\",\"breadcrumb\":{\"@id\":\"https:\/\/efilatelija.posta.rs\/product\/250-godina-od-doseljavanja-slovaka-u-kisac\/#breadcrumb\"},\"inLanguage\":\"en-GB\",\"potentialAction\":[{\"@type\":\"ReadAction\",\"target\":[\"https:\/\/efilatelija.posta.rs\/product\/250-godina-od-doseljavanja-slovaka-u-kisac\/\"]}]},{\"@type\":\"ImageObject\",\"inLanguage\":\"en-GB\",\"@id\":\"https:\/\/efilatelija.posta.rs\/product\/250-godina-od-doseljavanja-slovaka-u-kisac\/#primaryimage\",\"url\":\"https:\/\/efilatelija.posta.rs\/wp-content\/uploads\/2023\/07\/801848.jpg\",\"contentUrl\":\"https:\/\/efilatelija.posta.rs\/wp-content\/uploads\/2023\/07\/801848.jpg\",\"width\":800,\"height\":800,\"caption\":\"2023 250 \u0433\u043e\u0434\u0438\u043d\u0430 \u043e\u0434 \u0434\u043e\u0441\u0435\u0459\u0430\u0432\u0430\u045a\u0430 \u0421\u043b\u043e\u0432\u0430\u043a\u0430 \u0443 \u041a\u0438\u0441\u0430\u0447 \u043f\u0440\u0438\u0433\u043e\u0434\u043d\u0430 \u043f\u043e\u0448\u0442\u0430\u043d\u0441\u043a\u0430 \u043c\u0430\u0440\u043a\u0430\"},{\"@type\":\"BreadcrumbList\",\"@id\":\"https:\/\/efilatelija.posta.rs\/product\/250-godina-od-doseljavanja-slovaka-u-kisac\/#breadcrumb\",\"itemListElement\":[{\"@type\":\"ListItem\",\"position\":1,\"name\":\"\u041f\u0440\u043e\u0434\u0430\u0432\u043d\u0438\u0446\u0430\",\"item\":\"https:\/\/efilatelija.posta.rs\/shop\/\"},{\"@type\":\"ListItem\",\"position\":2,\"name\":\"250 \u0433\u043e\u0434\u0438\u043d\u0430 \u043e\u0434 \u0434\u043e\u0441\u0435\u0459\u0430\u0432\u0430\u045a\u0430 \u0421\u043b\u043e\u0432\u0430\u043a\u0430 \u0443 \u041a\u0438\u0441\u0430\u0447\"}]},{\"@type\":\"WebSite\",\"@id\":\"https:\/\/efilatelija.posta.rs\/#website\",\"url\":\"https:\/\/efilatelija.posta.rs\/\",\"name\":\"\u0435\u0424\u0438\u043b\u0430\u0442\u0435\u043b\u0438\u0458\u0430\",\"description\":\"\u041f\u043e\u0448\u0442\u0430 \u0421\u0440\u0431\u0438\u0458\u0435 \u0434.\u043e.\u043e.\",\"publisher\":{\"@id\":\"https:\/\/efilatelija.posta.rs\/#organization\"},\"potentialAction\":[{\"@type\":\"SearchAction\",\"target\":{\"@type\":\"EntryPoint\",\"urlTemplate\":\"https:\/\/efilatelija.posta.rs\/?s={search_term_string}\"},\"query-input\":{\"@type\":\"PropertyValueSpecification\",\"valueRequired\":true,\"valueName\":\"search_term_string\"}}],\"inLanguage\":\"en-GB\"},{\"@type\":\"Organization\",\"@id\":\"https:\/\/efilatelija.posta.rs\/#organization\",\"name\":\"\u0435\u0424\u0438\u043b\u0430\u0442\u0435\u043b\u0438\u0458\u0430 - \u0408\u041f \u041f\u043e\u0448\u0442\u0430 \u0421\u0440\u0431\u0438\u0458\u0435\",\"url\":\"https:\/\/efilatelija.posta.rs\/\",\"logo\":{\"@type\":\"ImageObject\",\"inLanguage\":\"en-GB\",\"@id\":\"https:\/\/efilatelija.posta.rs\/#\/schema\/logo\/image\/\",\"url\":\"https:\/\/efilatelija.posta.rs\/wp-content\/uploads\/2025\/01\/logo-posta-srbije-500x500-1.jpg\",\"contentUrl\":\"https:\/\/efilatelija.posta.rs\/wp-content\/uploads\/2025\/01\/logo-posta-srbije-500x500-1.jpg\",\"width\":500,\"height\":500,\"caption\":\"\u0435\u0424\u0438\u043b\u0430\u0442\u0435\u043b\u0438\u0458\u0430 - \u0408\u041f \u041f\u043e\u0448\u0442\u0430 \u0421\u0440\u0431\u0438\u0458\u0435\"},\"image\":{\"@id\":\"https:\/\/efilatelija.posta.rs\/#\/schema\/logo\/image\/\"}}]}<\/script>\n<!-- \/ Yoast SEO plugin. -->","yoast_head_json":{"title":"250 \u0433\u043e\u0434\u0438\u043d\u0430 \u043e\u0434 \u0434\u043e\u0441\u0435\u0459\u0430\u0432\u0430\u045a\u0430 \u0421\u043b\u043e\u0432\u0430\u043a\u0430 \u0443 \u041a\u0438\u0441\u0430\u0447 - \u0435\u0424\u0438\u043b\u0430\u0442\u0435\u043b\u0438\u0458\u0430","robots":{"index":"index","follow":"follow","max-snippet":"max-snippet:-1","max-image-preview":"max-image-preview:large","max-video-preview":"max-video-preview:-1"},"canonical":"https:\/\/efilatelija.posta.rs\/en\/product\/250-godina-od-doseljavanja-slovaka-u-kisac\/","og_locale":"en_GB","og_type":"article","og_title":"250 \u0433\u043e\u0434\u0438\u043d\u0430 \u043e\u0434 \u0434\u043e\u0441\u0435\u0459\u0430\u0432\u0430\u045a\u0430 \u0421\u043b\u043e\u0432\u0430\u043a\u0430 \u0443 \u041a\u0438\u0441\u0430\u0447 - \u0435\u0424\u0438\u043b\u0430\u0442\u0435\u043b\u0438\u0458\u0430","og_description":"\u041f\u0440\u0438\u0433\u043e\u0434\u043d\u0430 \u043f\u043e\u0448\u0442\u0430\u043d\u0441\u043a\u0430 \u043c\u0430\u0440\u043a\u0430 \u0413\u043e\u0434\u0438\u043d\u0430 \u0438\u0437\u0434\u0430\u045a\u0430: 2023","og_url":"https:\/\/efilatelija.posta.rs\/en\/product\/250-godina-od-doseljavanja-slovaka-u-kisac\/","og_site_name":"\u0435\u0424\u0438\u043b\u0430\u0442\u0435\u043b\u0438\u0458\u0430","article_modified_time":"2026-04-17T13:04:38+00:00","og_image":[{"width":800,"height":800,"url":"https:\/\/efilatelija.posta.rs\/wp-content\/uploads\/2023\/07\/801848.jpg","type":"image\/jpeg"}],"twitter_card":"summary_large_image","schema":{"@context":"https:\/\/schema.org","@graph":[{"@type":"WebPage","@id":"https:\/\/efilatelija.posta.rs\/product\/250-godina-od-doseljavanja-slovaka-u-kisac\/","url":"https:\/\/efilatelija.posta.rs\/product\/250-godina-od-doseljavanja-slovaka-u-kisac\/","name":"250 \u0433\u043e\u0434\u0438\u043d\u0430 \u043e\u0434 \u0434\u043e\u0441\u0435\u0459\u0430\u0432\u0430\u045a\u0430 \u0421\u043b\u043e\u0432\u0430\u043a\u0430 \u0443 \u041a\u0438\u0441\u0430\u0447 - \u0435\u0424\u0438\u043b\u0430\u0442\u0435\u043b\u0438\u0458\u0430","isPartOf":{"@id":"https:\/\/efilatelija.posta.rs\/#website"},"primaryImageOfPage":{"@id":"https:\/\/efilatelija.posta.rs\/product\/250-godina-od-doseljavanja-slovaka-u-kisac\/#primaryimage"},"image":{"@id":"https:\/\/efilatelija.posta.rs\/product\/250-godina-od-doseljavanja-slovaka-u-kisac\/#primaryimage"},"thumbnailUrl":"https:\/\/efilatelija.posta.rs\/wp-content\/uploads\/2023\/07\/801848.jpg","datePublished":"2023-07-14T07:51:33+00:00","dateModified":"2026-04-17T13:04:38+00:00","breadcrumb":{"@id":"https:\/\/efilatelija.posta.rs\/product\/250-godina-od-doseljavanja-slovaka-u-kisac\/#breadcrumb"},"inLanguage":"en-GB","potentialAction":[{"@type":"ReadAction","target":["https:\/\/efilatelija.posta.rs\/product\/250-godina-od-doseljavanja-slovaka-u-kisac\/"]}]},{"@type":"ImageObject","inLanguage":"en-GB","@id":"https:\/\/efilatelija.posta.rs\/product\/250-godina-od-doseljavanja-slovaka-u-kisac\/#primaryimage","url":"https:\/\/efilatelija.posta.rs\/wp-content\/uploads\/2023\/07\/801848.jpg","contentUrl":"https:\/\/efilatelija.posta.rs\/wp-content\/uploads\/2023\/07\/801848.jpg","width":800,"height":800,"caption":"2023 250 \u0433\u043e\u0434\u0438\u043d\u0430 \u043e\u0434 \u0434\u043e\u0441\u0435\u0459\u0430\u0432\u0430\u045a\u0430 \u0421\u043b\u043e\u0432\u0430\u043a\u0430 \u0443 \u041a\u0438\u0441\u0430\u0447 \u043f\u0440\u0438\u0433\u043e\u0434\u043d\u0430 \u043f\u043e\u0448\u0442\u0430\u043d\u0441\u043a\u0430 \u043c\u0430\u0440\u043a\u0430"},{"@type":"BreadcrumbList","@id":"https:\/\/efilatelija.posta.rs\/product\/250-godina-od-doseljavanja-slovaka-u-kisac\/#breadcrumb","itemListElement":[{"@type":"ListItem","position":1,"name":"\u041f\u0440\u043e\u0434\u0430\u0432\u043d\u0438\u0446\u0430","item":"https:\/\/efilatelija.posta.rs\/shop\/"},{"@type":"ListItem","position":2,"name":"250 \u0433\u043e\u0434\u0438\u043d\u0430 \u043e\u0434 \u0434\u043e\u0441\u0435\u0459\u0430\u0432\u0430\u045a\u0430 \u0421\u043b\u043e\u0432\u0430\u043a\u0430 \u0443 \u041a\u0438\u0441\u0430\u0447"}]},{"@type":"WebSite","@id":"https:\/\/efilatelija.posta.rs\/#website","url":"https:\/\/efilatelija.posta.rs\/","name":"ePhilately","description":"\u041f\u043e\u0448\u0442\u0430 \u0421\u0440\u0431\u0438\u0458\u0435 \u0434.\u043e.\u043e.","publisher":{"@id":"https:\/\/efilatelija.posta.rs\/#organization"},"potentialAction":[{"@type":"SearchAction","target":{"@type":"EntryPoint","urlTemplate":"https:\/\/efilatelija.posta.rs\/?s={search_term_string}"},"query-input":{"@type":"PropertyValueSpecification","valueRequired":true,"valueName":"search_term_string"}}],"inLanguage":"en-GB"},{"@type":"Organization","@id":"https:\/\/efilatelija.posta.rs\/#organization","name":"\u0435\u0424\u0438\u043b\u0430\u0442\u0435\u043b\u0438\u0458\u0430 - \u0408\u041f \u041f\u043e\u0448\u0442\u0430 \u0421\u0440\u0431\u0438\u0458\u0435","url":"https:\/\/efilatelija.posta.rs\/","logo":{"@type":"ImageObject","inLanguage":"en-GB","@id":"https:\/\/efilatelija.posta.rs\/#\/schema\/logo\/image\/","url":"https:\/\/efilatelija.posta.rs\/wp-content\/uploads\/2025\/01\/logo-posta-srbije-500x500-1.jpg","contentUrl":"https:\/\/efilatelija.posta.rs\/wp-content\/uploads\/2025\/01\/logo-posta-srbije-500x500-1.jpg","width":500,"height":500,"caption":"\u0435\u0424\u0438\u043b\u0430\u0442\u0435\u043b\u0438\u0458\u0430 - \u0408\u041f \u041f\u043e\u0448\u0442\u0430 \u0421\u0440\u0431\u0438\u0458\u0435"},"image":{"@id":"https:\/\/efilatelija.posta.rs\/#\/schema\/logo\/image\/"}}]}},"_links":{"self":[{"href":"https:\/\/efilatelija.posta.rs\/en\/wp-json\/wp\/v2\/product\/10848","targetHints":{"allow":["GET"]}}],"collection":[{"href":"https:\/\/efilatelija.posta.rs\/en\/wp-json\/wp\/v2\/product"}],"about":[{"href":"https:\/\/efilatelija.posta.rs\/en\/wp-json\/wp\/v2\/types\/product"}],"wp:featuredmedia":[{"embeddable":true,"href":"https:\/\/efilatelija.posta.rs\/en\/wp-json\/wp\/v2\/media\/10849"}],"wp:attachment":[{"href":"https:\/\/efilatelija.posta.rs\/en\/wp-json\/wp\/v2\/media?parent=10848"}],"wp:term":[{"taxonomy":"product_brand","embeddable":true,"href":"https:\/\/efilatelija.posta.rs\/en\/wp-json\/wp\/v2\/product_brand?post=10848"},{"taxonomy":"product_cat","embeddable":true,"href":"https:\/\/efilatelija.posta.rs\/en\/wp-json\/wp\/v2\/product_cat?post=10848"},{"taxonomy":"product_tag","embeddable":true,"href":"https:\/\/efilatelija.posta.rs\/en\/wp-json\/wp\/v2\/product_tag?post=10848"}],"curies":[{"name":"wp","href":"https:\/\/api.w.org\/{rel}","templated":true}]}}