{"id":10424,"date":"2023-04-24T11:09:21","date_gmt":"2023-04-24T10:09:21","guid":{"rendered":"https:\/\/efilatelija.posta.rs\/?post_type=product&#038;p=10424"},"modified":"2026-04-15T15:08:12","modified_gmt":"2026-04-15T14:08:12","slug":"grad-nis","status":"publish","type":"product","link":"https:\/\/efilatelija.posta.rs\/en\/product\/grad-nis\/","title":{"rendered":"The City of Ni\u0161"},"content":{"rendered":"<p>The city of Ni\u0161 is the largest city in southeastern Serbia and the third city in terms of population in the Republic of Serbia. It is the seat of the Ni\u0161ava administrative district and one of the most important economic, cultural and educational centers in the country. Throughout history, due to its geostrategic position, Ni\u0161 has played an important role in the Balkans and in this part of Europe.<\/p>\n<p><strong>75 years of the Historical Archive of Ni\u0161<\/strong><\/p>\n<p>One of the most important cultural institutions of the city of Ni\u0161 is the Historical Archive of Ni\u0161. This year marks the 75<sup>th<\/sup> anniversary of the Historical Archive of Ni\u0161, an institution that takes care of archival materials in the territory of the city of Ni\u0161 and the municipalities of Aleksinac, Gad\u017ein Han, Doljevac, Mero\u0161ina, Ra\u017eanj, Svrljig and Sokobanja. The historical archive of Ni\u0161 was founded on 24 April, 1948. In its depots, in over 800 funds and collections, more than 4,000 long metres of archival material created in the period from 1737 to the present day are kept. The archive has been engaged in publishing since 1982. The archive has so far published 16 monographs and 23 issues of the journal \u201cPe\u0161\u010danik\u201d for historiography, archives and humanities. In addition to taking care of archival materials and publishing, the Historical Archive of Ni\u0161 also organizes lectures, promotions and exhibitions.<\/p>\n<p>The Historical Archive of Ni\u0161 has been awarded several times as a cultural institution, and a special place is the Golden Archive award from 2008, awarded by the Aleksandar Arnautovi\u0107 Foundation.<\/p>\n<p>Motif on the stamp and vignette: Building of the Historical Archives of Ni\u0161<\/p>\n<p>Motifs on the first day cover: Copper print \u2013 the oldest document in the Archive that describes how the Ottomans surrendered the city to the Austrians in 1737 and the Law on State Archives adopted at the session of the National Assembly of the Kingdom of Serbia in Ni\u0161 in 1898.<\/p>\n<p><strong>300 years of the Ni\u0161 Fortress<\/strong><\/p>\n<p>The most important building that Ni\u0161 has is the fortress, whose cultural, historical and touristic importance is priceless. In 2023, the city of Ni\u0161 will celebrate three centuries since the construction of the Ni\u0161 Fortress. Located on the right bank of the Ni\u0161ava River, it is a witness to the turbulent times of the first half of the 18<sup>th<\/sup> century. The construction was started by the Ottomans in 1719, and it was completed in 1723, when a plaque with an inscription was placed that adorns its main gate, Stambol Gate. The fortress, which covers 22 hectares, has a polygonal base with eight bastion terraces and four large gates. Within the fortress complex there are prehistoric, ancient and medieval settlements, important archaeological sites and monuments. Today, the Ni\u0161 Fortress is a cultural monument of exceptional importance, where generations of Ni\u0161 residents acquire basic knowledge from the stormy history of their city. During summertime, one of Ni\u0161 residents\u2019 favorite promenades and one of the city\u2019s most visited tourist attractions turns into an important cultural centre where significant events such as Film Encounters and the \u201cNi\u0161ville\u201d International Jazz Festival take place.<\/p>\n<p>Motif on the stamp, vignette and the first day cover: Istanbul Gate and view of the Ni\u0161 Fortress<\/p>\n<p>Expert collaboration: Historical Archive of Ni\u0161<\/p>\n<p>Artistic realization of the issue: Miroslav Nikoli\u0107<\/p>","protected":false},"excerpt":{"rendered":"<h3>Commemorative postage stamps<\/h3>\n<p>Year of issue: <strong>2023<\/strong><\/p>","protected":false},"featured_media":10425,"template":"","meta":{"inline_featured_image":false,"pgc_sgb_lightbox_settings":""},"product_brand":[],"product_cat":[96,164,39,40],"product_tag":[],"class_list":{"0":"post-10424","1":"product","2":"type-product","3":"status-publish","4":"has-post-thumbnail","6":"product_cat-godina-izdanja","7":"product_cat-164","8":"product_cat-postanske-marke","9":"product_cat-prigodne-marke","10":"pa_godina-izdanja-165","11":"pa_tema-gradovi","12":"pa_tema-turizam","14":"first","15":"instock","16":"shipping-taxable","17":"purchasable","18":"product-type-simple"},"yoast_head":"<!-- This site is optimized with the Yoast SEO plugin v26.8 - https:\/\/yoast.com\/product\/yoast-seo-wordpress\/ -->\n<title>\u0413\u0440\u0430\u0434 \u041d\u0438\u0448 - \u0435\u0424\u0438\u043b\u0430\u0442\u0435\u043b\u0438\u0458\u0430<\/title>\n<meta name=\"robots\" content=\"index, follow, max-snippet:-1, max-image-preview:large, max-video-preview:-1\" \/>\n<link rel=\"canonical\" href=\"https:\/\/efilatelija.posta.rs\/en\/product\/grad-nis\/\" \/>\n<meta property=\"og:locale\" content=\"en_GB\" \/>\n<meta property=\"og:type\" content=\"article\" \/>\n<meta property=\"og:title\" content=\"\u0413\u0440\u0430\u0434 \u041d\u0438\u0448 - \u0435\u0424\u0438\u043b\u0430\u0442\u0435\u043b\u0438\u0458\u0430\" \/>\n<meta property=\"og:description\" content=\"\u041f\u0440\u0438\u0433\u043e\u0434\u043d\u0430 \u043f\u043e\u0448\u0442\u0430\u043d\u0441\u043a\u0430 \u043c\u0430\u0440\u043a\u0430 \u0413\u043e\u0434\u0438\u043d\u0430 \u0438\u0437\u0434\u0430\u045a\u0430: 2023\" \/>\n<meta property=\"og:url\" content=\"https:\/\/efilatelija.posta.rs\/en\/product\/grad-nis\/\" \/>\n<meta property=\"og:site_name\" content=\"\u0435\u0424\u0438\u043b\u0430\u0442\u0435\u043b\u0438\u0458\u0430\" \/>\n<meta property=\"article:modified_time\" content=\"2026-04-15T14:08:12+00:00\" \/>\n<meta property=\"og:image\" content=\"https:\/\/efilatelija.posta.rs\/wp-content\/uploads\/2023\/04\/863210.jpg\" \/>\n\t<meta property=\"og:image:width\" content=\"800\" \/>\n\t<meta property=\"og:image:height\" content=\"800\" \/>\n\t<meta property=\"og:image:type\" content=\"image\/jpeg\" \/>\n<meta name=\"twitter:card\" content=\"summary_large_image\" \/>\n<script type=\"application\/ld+json\" class=\"yoast-schema-graph\">{\"@context\":\"https:\/\/schema.org\",\"@graph\":[{\"@type\":\"WebPage\",\"@id\":\"https:\/\/efilatelija.posta.rs\/product\/grad-nis\/\",\"url\":\"https:\/\/efilatelija.posta.rs\/product\/grad-nis\/\",\"name\":\"\u0413\u0440\u0430\u0434 \u041d\u0438\u0448 - \u0435\u0424\u0438\u043b\u0430\u0442\u0435\u043b\u0438\u0458\u0430\",\"isPartOf\":{\"@id\":\"https:\/\/efilatelija.posta.rs\/#website\"},\"primaryImageOfPage\":{\"@id\":\"https:\/\/efilatelija.posta.rs\/product\/grad-nis\/#primaryimage\"},\"image\":{\"@id\":\"https:\/\/efilatelija.posta.rs\/product\/grad-nis\/#primaryimage\"},\"thumbnailUrl\":\"https:\/\/efilatelija.posta.rs\/wp-content\/uploads\/2023\/04\/863210.jpg\",\"datePublished\":\"2023-04-24T10:09:21+00:00\",\"dateModified\":\"2026-04-15T14:08:12+00:00\",\"breadcrumb\":{\"@id\":\"https:\/\/efilatelija.posta.rs\/product\/grad-nis\/#breadcrumb\"},\"inLanguage\":\"en-GB\",\"potentialAction\":[{\"@type\":\"ReadAction\",\"target\":[\"https:\/\/efilatelija.posta.rs\/product\/grad-nis\/\"]}]},{\"@type\":\"ImageObject\",\"inLanguage\":\"en-GB\",\"@id\":\"https:\/\/efilatelija.posta.rs\/product\/grad-nis\/#primaryimage\",\"url\":\"https:\/\/efilatelija.posta.rs\/wp-content\/uploads\/2023\/04\/863210.jpg\",\"contentUrl\":\"https:\/\/efilatelija.posta.rs\/wp-content\/uploads\/2023\/04\/863210.jpg\",\"width\":800,\"height\":800,\"caption\":\"2023 \u0413\u0440\u0430\u0434 \u041d\u0438\u0448 \u043f\u0440\u0438\u0433\u043e\u0434\u043d\u0430 \u043f\u043e\u0448\u0442\u0430\u043d\u0441\u043a\u0430 \u043c\u0430\u0440\u043a\u0430\"},{\"@type\":\"BreadcrumbList\",\"@id\":\"https:\/\/efilatelija.posta.rs\/product\/grad-nis\/#breadcrumb\",\"itemListElement\":[{\"@type\":\"ListItem\",\"position\":1,\"name\":\"\u041f\u0440\u043e\u0434\u0430\u0432\u043d\u0438\u0446\u0430\",\"item\":\"https:\/\/efilatelija.posta.rs\/shop\/\"},{\"@type\":\"ListItem\",\"position\":2,\"name\":\"\u0413\u0440\u0430\u0434 \u041d\u0438\u0448\"}]},{\"@type\":\"WebSite\",\"@id\":\"https:\/\/efilatelija.posta.rs\/#website\",\"url\":\"https:\/\/efilatelija.posta.rs\/\",\"name\":\"\u0435\u0424\u0438\u043b\u0430\u0442\u0435\u043b\u0438\u0458\u0430\",\"description\":\"\u041f\u043e\u0448\u0442\u0430 \u0421\u0440\u0431\u0438\u0458\u0435 \u0434.\u043e.\u043e.\",\"publisher\":{\"@id\":\"https:\/\/efilatelija.posta.rs\/#organization\"},\"potentialAction\":[{\"@type\":\"SearchAction\",\"target\":{\"@type\":\"EntryPoint\",\"urlTemplate\":\"https:\/\/efilatelija.posta.rs\/?s={search_term_string}\"},\"query-input\":{\"@type\":\"PropertyValueSpecification\",\"valueRequired\":true,\"valueName\":\"search_term_string\"}}],\"inLanguage\":\"en-GB\"},{\"@type\":\"Organization\",\"@id\":\"https:\/\/efilatelija.posta.rs\/#organization\",\"name\":\"\u0435\u0424\u0438\u043b\u0430\u0442\u0435\u043b\u0438\u0458\u0430 - \u0408\u041f \u041f\u043e\u0448\u0442\u0430 \u0421\u0440\u0431\u0438\u0458\u0435\",\"url\":\"https:\/\/efilatelija.posta.rs\/\",\"logo\":{\"@type\":\"ImageObject\",\"inLanguage\":\"en-GB\",\"@id\":\"https:\/\/efilatelija.posta.rs\/#\/schema\/logo\/image\/\",\"url\":\"https:\/\/efilatelija.posta.rs\/wp-content\/uploads\/2025\/01\/logo-posta-srbije-500x500-1.jpg\",\"contentUrl\":\"https:\/\/efilatelija.posta.rs\/wp-content\/uploads\/2025\/01\/logo-posta-srbije-500x500-1.jpg\",\"width\":500,\"height\":500,\"caption\":\"\u0435\u0424\u0438\u043b\u0430\u0442\u0435\u043b\u0438\u0458\u0430 - \u0408\u041f \u041f\u043e\u0448\u0442\u0430 \u0421\u0440\u0431\u0438\u0458\u0435\"},\"image\":{\"@id\":\"https:\/\/efilatelija.posta.rs\/#\/schema\/logo\/image\/\"}}]}<\/script>\n<!-- \/ Yoast SEO plugin. -->","yoast_head_json":{"title":"\u0413\u0440\u0430\u0434 \u041d\u0438\u0448 - \u0435\u0424\u0438\u043b\u0430\u0442\u0435\u043b\u0438\u0458\u0430","robots":{"index":"index","follow":"follow","max-snippet":"max-snippet:-1","max-image-preview":"max-image-preview:large","max-video-preview":"max-video-preview:-1"},"canonical":"https:\/\/efilatelija.posta.rs\/en\/product\/grad-nis\/","og_locale":"en_GB","og_type":"article","og_title":"\u0413\u0440\u0430\u0434 \u041d\u0438\u0448 - \u0435\u0424\u0438\u043b\u0430\u0442\u0435\u043b\u0438\u0458\u0430","og_description":"\u041f\u0440\u0438\u0433\u043e\u0434\u043d\u0430 \u043f\u043e\u0448\u0442\u0430\u043d\u0441\u043a\u0430 \u043c\u0430\u0440\u043a\u0430 \u0413\u043e\u0434\u0438\u043d\u0430 \u0438\u0437\u0434\u0430\u045a\u0430: 2023","og_url":"https:\/\/efilatelija.posta.rs\/en\/product\/grad-nis\/","og_site_name":"\u0435\u0424\u0438\u043b\u0430\u0442\u0435\u043b\u0438\u0458\u0430","article_modified_time":"2026-04-15T14:08:12+00:00","og_image":[{"width":800,"height":800,"url":"https:\/\/efilatelija.posta.rs\/wp-content\/uploads\/2023\/04\/863210.jpg","type":"image\/jpeg"}],"twitter_card":"summary_large_image","schema":{"@context":"https:\/\/schema.org","@graph":[{"@type":"WebPage","@id":"https:\/\/efilatelija.posta.rs\/product\/grad-nis\/","url":"https:\/\/efilatelija.posta.rs\/product\/grad-nis\/","name":"\u0413\u0440\u0430\u0434 \u041d\u0438\u0448 - \u0435\u0424\u0438\u043b\u0430\u0442\u0435\u043b\u0438\u0458\u0430","isPartOf":{"@id":"https:\/\/efilatelija.posta.rs\/#website"},"primaryImageOfPage":{"@id":"https:\/\/efilatelija.posta.rs\/product\/grad-nis\/#primaryimage"},"image":{"@id":"https:\/\/efilatelija.posta.rs\/product\/grad-nis\/#primaryimage"},"thumbnailUrl":"https:\/\/efilatelija.posta.rs\/wp-content\/uploads\/2023\/04\/863210.jpg","datePublished":"2023-04-24T10:09:21+00:00","dateModified":"2026-04-15T14:08:12+00:00","breadcrumb":{"@id":"https:\/\/efilatelija.posta.rs\/product\/grad-nis\/#breadcrumb"},"inLanguage":"en-GB","potentialAction":[{"@type":"ReadAction","target":["https:\/\/efilatelija.posta.rs\/product\/grad-nis\/"]}]},{"@type":"ImageObject","inLanguage":"en-GB","@id":"https:\/\/efilatelija.posta.rs\/product\/grad-nis\/#primaryimage","url":"https:\/\/efilatelija.posta.rs\/wp-content\/uploads\/2023\/04\/863210.jpg","contentUrl":"https:\/\/efilatelija.posta.rs\/wp-content\/uploads\/2023\/04\/863210.jpg","width":800,"height":800,"caption":"2023 \u0413\u0440\u0430\u0434 \u041d\u0438\u0448 \u043f\u0440\u0438\u0433\u043e\u0434\u043d\u0430 \u043f\u043e\u0448\u0442\u0430\u043d\u0441\u043a\u0430 \u043c\u0430\u0440\u043a\u0430"},{"@type":"BreadcrumbList","@id":"https:\/\/efilatelija.posta.rs\/product\/grad-nis\/#breadcrumb","itemListElement":[{"@type":"ListItem","position":1,"name":"\u041f\u0440\u043e\u0434\u0430\u0432\u043d\u0438\u0446\u0430","item":"https:\/\/efilatelija.posta.rs\/shop\/"},{"@type":"ListItem","position":2,"name":"\u0413\u0440\u0430\u0434 \u041d\u0438\u0448"}]},{"@type":"WebSite","@id":"https:\/\/efilatelija.posta.rs\/#website","url":"https:\/\/efilatelija.posta.rs\/","name":"ePhilately","description":"\u041f\u043e\u0448\u0442\u0430 \u0421\u0440\u0431\u0438\u0458\u0435 \u0434.\u043e.\u043e.","publisher":{"@id":"https:\/\/efilatelija.posta.rs\/#organization"},"potentialAction":[{"@type":"SearchAction","target":{"@type":"EntryPoint","urlTemplate":"https:\/\/efilatelija.posta.rs\/?s={search_term_string}"},"query-input":{"@type":"PropertyValueSpecification","valueRequired":true,"valueName":"search_term_string"}}],"inLanguage":"en-GB"},{"@type":"Organization","@id":"https:\/\/efilatelija.posta.rs\/#organization","name":"\u0435\u0424\u0438\u043b\u0430\u0442\u0435\u043b\u0438\u0458\u0430 - \u0408\u041f \u041f\u043e\u0448\u0442\u0430 \u0421\u0440\u0431\u0438\u0458\u0435","url":"https:\/\/efilatelija.posta.rs\/","logo":{"@type":"ImageObject","inLanguage":"en-GB","@id":"https:\/\/efilatelija.posta.rs\/#\/schema\/logo\/image\/","url":"https:\/\/efilatelija.posta.rs\/wp-content\/uploads\/2025\/01\/logo-posta-srbije-500x500-1.jpg","contentUrl":"https:\/\/efilatelija.posta.rs\/wp-content\/uploads\/2025\/01\/logo-posta-srbije-500x500-1.jpg","width":500,"height":500,"caption":"\u0435\u0424\u0438\u043b\u0430\u0442\u0435\u043b\u0438\u0458\u0430 - \u0408\u041f \u041f\u043e\u0448\u0442\u0430 \u0421\u0440\u0431\u0438\u0458\u0435"},"image":{"@id":"https:\/\/efilatelija.posta.rs\/#\/schema\/logo\/image\/"}}]}},"_links":{"self":[{"href":"https:\/\/efilatelija.posta.rs\/en\/wp-json\/wp\/v2\/product\/10424","targetHints":{"allow":["GET"]}}],"collection":[{"href":"https:\/\/efilatelija.posta.rs\/en\/wp-json\/wp\/v2\/product"}],"about":[{"href":"https:\/\/efilatelija.posta.rs\/en\/wp-json\/wp\/v2\/types\/product"}],"wp:featuredmedia":[{"embeddable":true,"href":"https:\/\/efilatelija.posta.rs\/en\/wp-json\/wp\/v2\/media\/10425"}],"wp:attachment":[{"href":"https:\/\/efilatelija.posta.rs\/en\/wp-json\/wp\/v2\/media?parent=10424"}],"wp:term":[{"taxonomy":"product_brand","embeddable":true,"href":"https:\/\/efilatelija.posta.rs\/en\/wp-json\/wp\/v2\/product_brand?post=10424"},{"taxonomy":"product_cat","embeddable":true,"href":"https:\/\/efilatelija.posta.rs\/en\/wp-json\/wp\/v2\/product_cat?post=10424"},{"taxonomy":"product_tag","embeddable":true,"href":"https:\/\/efilatelija.posta.rs\/en\/wp-json\/wp\/v2\/product_tag?post=10424"}],"curies":[{"name":"wp","href":"https:\/\/api.w.org\/{rel}","templated":true}]}}