{"id":2177,"date":"2021-05-25T07:57:33","date_gmt":"2021-05-25T06:57:33","guid":{"rendered":"https:\/\/efilatelija.posta.rs\/?page_id=2177"},"modified":"2022-12-01T12:16:10","modified_gmt":"2022-12-01T11:16:10","slug":"redovna-izdanja-2012","status":"publish","type":"page","link":"https:\/\/efilatelija.posta.rs\/en\/redovna-izdanja-2012\/","title":{"rendered":"Regular editions - 2012"},"content":{"rendered":"<h3 class=\"wp-block-heading\">Digital television<\/h3>\n\n\n\n<div class=\"wp-block-columns is-layout-flex wp-container-core-columns-is-layout-28f84493 wp-block-columns-is-layout-flex\">\n<div class=\"wp-block-column is-layout-flow wp-block-column-is-layout-flow\" style=\"flex-basis:33.33%\">\n<figure class=\"wp-block-gallery aligncenter has-nested-images columns-default wp-block-gallery-1 is-layout-flex wp-block-gallery-is-layout-flex\">\n<figure class=\"wp-block-image size-large is-style-default\"><a href=\"https:\/\/efilatelija.posta.rs\/wp-content\/uploads\/2021\/05\/marka-1-30.png\"><img loading=\"lazy\" decoding=\"async\" width=\"330\" height=\"308\" data-id=\"2567\" src=\"https:\/\/efilatelija.posta.rs\/wp-content\/uploads\/2021\/05\/marka-1-30.png\" alt=\"\" class=\"wp-image-2567\" srcset=\"https:\/\/efilatelija.posta.rs\/wp-content\/uploads\/2021\/05\/marka-1-30.png 330w, https:\/\/efilatelija.posta.rs\/wp-content\/uploads\/2021\/05\/marka-1-30-324x302.png 324w\" sizes=\"auto, (max-width: 330px) 100vw, 330px\" \/><\/a><\/figure>\n<\/figure>\n<\/div>\n\n\n\n<div class=\"wp-block-column is-layout-flow wp-block-column-is-layout-flow\" style=\"flex-basis:66.66%\">\n<p class=\"translation-block\"><strong>Technical informations<\/strong>\n<br>\nDate of Issue: 4.10.2012\n<br>\nNumber of stamps: 1\n<br>\nSheet: 100\n<br>\nFace value in RSD: 50,00\n<br>\nArtistic realization: Jak\u0161a Vlahovi\u0107\n<br>\nSize of stamps: 23,2 x 24,65 mm\n<br>\nQuantity: 50,00 RSD= 300.000\n<br>\nPrinting: offset 4\/0\n<br>\nPaper: \u043cuflep 100 gr\/m2 gum\n<br>\nPerforation: 13 \u00bc<\/p>\n<\/div>\n<\/div>\n\n\n\n<hr class=\"wp-block-separator has-css-opacity alignwide is-style-wide\"\/>\n\n\n\n<h3 class=\"wp-block-heading\">Collar with clasp<\/h3>\n\n\n\n<div class=\"wp-block-columns is-layout-flex wp-container-core-columns-is-layout-28f84493 wp-block-columns-is-layout-flex\">\n<div class=\"wp-block-column is-layout-flow wp-block-column-is-layout-flow\" style=\"flex-basis:33.33%\">\n<figure class=\"wp-block-gallery aligncenter has-nested-images columns-default wp-block-gallery-2 is-layout-flex wp-block-gallery-is-layout-flex\">\n<figure class=\"wp-block-image size-large\"><a href=\"https:\/\/efilatelija.posta.rs\/wp-content\/uploads\/2021\/05\/marka-2-23.png\"><img loading=\"lazy\" decoding=\"async\" width=\"330\" height=\"353\" data-id=\"2568\" src=\"https:\/\/efilatelija.posta.rs\/wp-content\/uploads\/2021\/05\/marka-2-23.png\" alt=\"\" class=\"wp-image-2568\" srcset=\"https:\/\/efilatelija.posta.rs\/wp-content\/uploads\/2021\/05\/marka-2-23.png 330w, https:\/\/efilatelija.posta.rs\/wp-content\/uploads\/2021\/05\/marka-2-23-324x347.png 324w\" sizes=\"auto, (max-width: 330px) 100vw, 330px\" \/><\/a><\/figure>\n<\/figure>\n<\/div>\n\n\n\n<div class=\"wp-block-column is-layout-flow wp-block-column-is-layout-flow\" style=\"flex-basis:66.66%\">\n<p class=\"translation-block\"><strong>Technical informations<\/strong>\n<br>\nDate of Issue: 12.10.2012\n<br>\nNumber of stamps: 1\n<br>\nSheet: 100\n<br>\nFace value in RSD: 11,00\n<br>\nGraphic realization: Nade\u017eda Sko\u010daji\u0107\n<br>\nSize of stamps: 23,2 x 24,65 mm\n<br>\nQuantity: 11,00 RSD= 1.500.000\n<br>\nPrinting: offset 4\/0\n<br>\nPaper: \u043cuflep 100 gr\/m2 gum\n<br>\nPerforation: 13 \u00bc<\/p>\n<\/div>\n<\/div>","protected":false},"excerpt":{"rendered":"<p>\u0414\u0438\u0433\u0438\u0442\u0430\u043b\u043d\u0430 \u0442\u0435\u043b\u0435\u0432\u0438\u0437\u0438\u0458\u0430 \u041a\u0430\u0442\u0430\u043b\u043e\u0448\u043a\u0435 \u0438\u043d\u0444\u043e\u0440\u043c\u0430\u0446\u0438\u0458\u04354. \u043e\u043a\u0442\u043e\u0431\u0430\u0440 2012.\u0423\u043c\u0435\u0442\u043d\u0438\u0447\u043a\u0430 \u043e\u0431\u0440\u0430\u0434\u0430: \u0408\u0430\u043a\u0448\u0430 \u0412\u043b\u0430\u0445\u043e\u0432\u0438\u045b\u0412\u0438\u0448\u0435\u0431\u043e\u0458\u043d\u0438 \u043e\u0444\u0441\u0435\u0442 \u201e\u0424\u043e\u0440\u0443\u043c\u201d \u041d\u043e\u0432\u0438 \u0421\u0430\u0434; \u0437.\u0447. 13 \u00be515. 50,00 \u0434\u0438\u043d (\u0432\u0438\u0448\u0435\u0431\u043e\u0458\u043d\u0430) 300.000\u0422\u0430\u0431\u0430\u043a: 100 \u043a\u043e\u043c\u0430\u0434\u0430\u041d\u0430\u0446\u0440\u0442: 515. \u0414\u0438\u0433\u0438\u0442\u0430\u043b\u043d\u0430 \u0442\u0435\u043b\u0435\u0432\u0438\u0437\u0438\u0458\u0430.\u0412\u0435\u043b\u0438\u0447\u0438\u043d\u0430 \u043c\u0430\u0440\u043a\u0435: 23,2 \u0445 24,65\u043c\u043c\u0412\u0430\u0436\u0438 \u043d\u0435\u043e\u0433\u0440\u0430\u043d\u0438\u0447\u0435\u043d\u043e. \u041a\u043e\u043b\u0430\u043d \u0441\u0430 \u043a\u043e\u043f\u0447\u043e\u043c \u041a\u0430\u0442\u0430\u043b\u043e\u0448\u043a\u0435 \u0438\u043d\u0444\u043e\u0440\u043c\u0430\u0446\u0438\u0458\u043512. \u043e\u043a\u0442\u043e\u0431\u0430\u0440 2012.\u0423\u043c\u0435\u0442\u043d\u0438\u0447\u043a\u0430 \u043e\u0431\u0440\u0430\u0434\u0430: \u041d\u0430\u0434\u0435\u0436\u0434\u0430 \u0421\u043a\u043e\u0447\u0430\u0458\u0438\u045b\u0412\u0438\u0448\u0435\u0431\u043e\u0458\u043d\u0438 \u043e\u0444\u0441\u0435\u0442 \u201e\u0424\u043e\u0440\u0443\u043c\u201d \u041d\u043e\u0432\u0438 \u0421\u0430\u0434; \u0437.\u0447. 13 \u00be516. 11,00 \u0434\u0438\u043d (\u0432\u0438\u0448\u0435\u0431\u043e\u0458\u043d\u0430) 1.500.000\u0422\u0430\u0431\u0430\u043a: 100 \u043a\u043e\u043c\u0430\u0434\u0430\u041d\u0430\u0446\u0440\u0442: 516. \u041a\u043e\u043b\u0430\u043d [&hellip;]<\/p>","protected":false},"author":1,"featured_media":0,"parent":0,"menu_order":0,"comment_status":"closed","ping_status":"closed","template":"page-redovna-izdanja.php","meta":{"inline_featured_image":false,"pgc_sgb_lightbox_settings":"","footnotes":""},"class_list":["post-2177","page","type-page","status-publish","hentry"],"yoast_head":"<!-- This site is optimized with the Yoast SEO plugin v26.8 - https:\/\/yoast.com\/product\/yoast-seo-wordpress\/ -->\n<title>\u0420\u0435\u0434\u043e\u0432\u043d\u0430 \u0438\u0437\u0434\u0430\u045a\u0430 - 2012 - \u0435\u0424\u0438\u043b\u0430\u0442\u0435\u043b\u0438\u0458\u0430<\/title>\n<meta name=\"robots\" content=\"index, follow, max-snippet:-1, max-image-preview:large, max-video-preview:-1\" \/>\n<link rel=\"canonical\" href=\"https:\/\/efilatelija.posta.rs\/en\/redovna-izdanja-2012\/\" \/>\n<meta property=\"og:locale\" content=\"en_GB\" \/>\n<meta property=\"og:type\" content=\"article\" \/>\n<meta property=\"og:title\" content=\"\u0420\u0435\u0434\u043e\u0432\u043d\u0430 \u0438\u0437\u0434\u0430\u045a\u0430 - 2012 - \u0435\u0424\u0438\u043b\u0430\u0442\u0435\u043b\u0438\u0458\u0430\" \/>\n<meta property=\"og:description\" content=\"\u0414\u0438\u0433\u0438\u0442\u0430\u043b\u043d\u0430 \u0442\u0435\u043b\u0435\u0432\u0438\u0437\u0438\u0458\u0430 \u041a\u0430\u0442\u0430\u043b\u043e\u0448\u043a\u0435 \u0438\u043d\u0444\u043e\u0440\u043c\u0430\u0446\u0438\u0458\u04354. \u043e\u043a\u0442\u043e\u0431\u0430\u0440 2012.\u0423\u043c\u0435\u0442\u043d\u0438\u0447\u043a\u0430 \u043e\u0431\u0440\u0430\u0434\u0430: \u0408\u0430\u043a\u0448\u0430 \u0412\u043b\u0430\u0445\u043e\u0432\u0438\u045b\u0412\u0438\u0448\u0435\u0431\u043e\u0458\u043d\u0438 \u043e\u0444\u0441\u0435\u0442 \u201e\u0424\u043e\u0440\u0443\u043c\u201d \u041d\u043e\u0432\u0438 \u0421\u0430\u0434; \u0437.\u0447. 13 \u00be515. 50,00 \u0434\u0438\u043d (\u0432\u0438\u0448\u0435\u0431\u043e\u0458\u043d\u0430) 300.000\u0422\u0430\u0431\u0430\u043a: 100 \u043a\u043e\u043c\u0430\u0434\u0430\u041d\u0430\u0446\u0440\u0442: 515. \u0414\u0438\u0433\u0438\u0442\u0430\u043b\u043d\u0430 \u0442\u0435\u043b\u0435\u0432\u0438\u0437\u0438\u0458\u0430.\u0412\u0435\u043b\u0438\u0447\u0438\u043d\u0430 \u043c\u0430\u0440\u043a\u0435: 23,2 \u0445 24,65\u043c\u043c\u0412\u0430\u0436\u0438 \u043d\u0435\u043e\u0433\u0440\u0430\u043d\u0438\u0447\u0435\u043d\u043e. \u041a\u043e\u043b\u0430\u043d \u0441\u0430 \u043a\u043e\u043f\u0447\u043e\u043c \u041a\u0430\u0442\u0430\u043b\u043e\u0448\u043a\u0435 \u0438\u043d\u0444\u043e\u0440\u043c\u0430\u0446\u0438\u0458\u043512. \u043e\u043a\u0442\u043e\u0431\u0430\u0440 2012.\u0423\u043c\u0435\u0442\u043d\u0438\u0447\u043a\u0430 \u043e\u0431\u0440\u0430\u0434\u0430: \u041d\u0430\u0434\u0435\u0436\u0434\u0430 \u0421\u043a\u043e\u0447\u0430\u0458\u0438\u045b\u0412\u0438\u0448\u0435\u0431\u043e\u0458\u043d\u0438 \u043e\u0444\u0441\u0435\u0442 \u201e\u0424\u043e\u0440\u0443\u043c\u201d \u041d\u043e\u0432\u0438 \u0421\u0430\u0434; \u0437.\u0447. 13 \u00be516. 11,00 \u0434\u0438\u043d (\u0432\u0438\u0448\u0435\u0431\u043e\u0458\u043d\u0430) 1.500.000\u0422\u0430\u0431\u0430\u043a: 100 \u043a\u043e\u043c\u0430\u0434\u0430\u041d\u0430\u0446\u0440\u0442: 516. \u041a\u043e\u043b\u0430\u043d [&hellip;]\" \/>\n<meta property=\"og:url\" content=\"https:\/\/efilatelija.posta.rs\/en\/redovna-izdanja-2012\/\" \/>\n<meta property=\"og:site_name\" content=\"\u0435\u0424\u0438\u043b\u0430\u0442\u0435\u043b\u0438\u0458\u0430\" \/>\n<meta property=\"article:modified_time\" content=\"2022-12-01T11:16:10+00:00\" \/>\n<meta property=\"og:image\" content=\"https:\/\/efilatelija.posta.rs\/wp-content\/uploads\/2021\/05\/marka-1-30.png\" \/>\n<meta name=\"twitter:card\" content=\"summary_large_image\" \/>\n<script type=\"application\/ld+json\" class=\"yoast-schema-graph\">{\"@context\":\"https:\/\/schema.org\",\"@graph\":[{\"@type\":\"WebPage\",\"@id\":\"https:\/\/efilatelija.posta.rs\/redovna-izdanja-2012\/\",\"url\":\"https:\/\/efilatelija.posta.rs\/redovna-izdanja-2012\/\",\"name\":\"\u0420\u0435\u0434\u043e\u0432\u043d\u0430 \u0438\u0437\u0434\u0430\u045a\u0430 - 2012 - \u0435\u0424\u0438\u043b\u0430\u0442\u0435\u043b\u0438\u0458\u0430\",\"isPartOf\":{\"@id\":\"https:\/\/efilatelija.posta.rs\/#website\"},\"primaryImageOfPage\":{\"@id\":\"https:\/\/efilatelija.posta.rs\/redovna-izdanja-2012\/#primaryimage\"},\"image\":{\"@id\":\"https:\/\/efilatelija.posta.rs\/redovna-izdanja-2012\/#primaryimage\"},\"thumbnailUrl\":\"https:\/\/efilatelija.posta.rs\/wp-content\/uploads\/2021\/05\/marka-1-30.png\",\"datePublished\":\"2021-05-25T06:57:33+00:00\",\"dateModified\":\"2022-12-01T11:16:10+00:00\",\"inLanguage\":\"en-GB\",\"potentialAction\":[{\"@type\":\"ReadAction\",\"target\":[\"https:\/\/efilatelija.posta.rs\/redovna-izdanja-2012\/\"]}]},{\"@type\":\"ImageObject\",\"inLanguage\":\"en-GB\",\"@id\":\"https:\/\/efilatelija.posta.rs\/redovna-izdanja-2012\/#primaryimage\",\"url\":\"https:\/\/efilatelija.posta.rs\/wp-content\/uploads\/2021\/05\/marka-1-30.png\",\"contentUrl\":\"https:\/\/efilatelija.posta.rs\/wp-content\/uploads\/2021\/05\/marka-1-30.png\"},{\"@type\":\"WebSite\",\"@id\":\"https:\/\/efilatelija.posta.rs\/#website\",\"url\":\"https:\/\/efilatelija.posta.rs\/\",\"name\":\"\u0435\u0424\u0438\u043b\u0430\u0442\u0435\u043b\u0438\u0458\u0430\",\"description\":\"\u041f\u043e\u0448\u0442\u0430 \u0421\u0440\u0431\u0438\u0458\u0435 \u0434.\u043e.\u043e.\",\"publisher\":{\"@id\":\"https:\/\/efilatelija.posta.rs\/#organization\"},\"potentialAction\":[{\"@type\":\"SearchAction\",\"target\":{\"@type\":\"EntryPoint\",\"urlTemplate\":\"https:\/\/efilatelija.posta.rs\/?s={search_term_string}\"},\"query-input\":{\"@type\":\"PropertyValueSpecification\",\"valueRequired\":true,\"valueName\":\"search_term_string\"}}],\"inLanguage\":\"en-GB\"},{\"@type\":\"Organization\",\"@id\":\"https:\/\/efilatelija.posta.rs\/#organization\",\"name\":\"\u0435\u0424\u0438\u043b\u0430\u0442\u0435\u043b\u0438\u0458\u0430 - \u0408\u041f \u041f\u043e\u0448\u0442\u0430 \u0421\u0440\u0431\u0438\u0458\u0435\",\"url\":\"https:\/\/efilatelija.posta.rs\/\",\"logo\":{\"@type\":\"ImageObject\",\"inLanguage\":\"en-GB\",\"@id\":\"https:\/\/efilatelija.posta.rs\/#\/schema\/logo\/image\/\",\"url\":\"https:\/\/efilatelija.posta.rs\/wp-content\/uploads\/2025\/01\/logo-posta-srbije-500x500-1.jpg\",\"contentUrl\":\"https:\/\/efilatelija.posta.rs\/wp-content\/uploads\/2025\/01\/logo-posta-srbije-500x500-1.jpg\",\"width\":500,\"height\":500,\"caption\":\"\u0435\u0424\u0438\u043b\u0430\u0442\u0435\u043b\u0438\u0458\u0430 - \u0408\u041f \u041f\u043e\u0448\u0442\u0430 \u0421\u0440\u0431\u0438\u0458\u0435\"},\"image\":{\"@id\":\"https:\/\/efilatelija.posta.rs\/#\/schema\/logo\/image\/\"}}]}<\/script>\n<!-- \/ Yoast SEO plugin. -->","yoast_head_json":{"title":"\u0420\u0435\u0434\u043e\u0432\u043d\u0430 \u0438\u0437\u0434\u0430\u045a\u0430 - 2012 - \u0435\u0424\u0438\u043b\u0430\u0442\u0435\u043b\u0438\u0458\u0430","robots":{"index":"index","follow":"follow","max-snippet":"max-snippet:-1","max-image-preview":"max-image-preview:large","max-video-preview":"max-video-preview:-1"},"canonical":"https:\/\/efilatelija.posta.rs\/en\/redovna-izdanja-2012\/","og_locale":"en_GB","og_type":"article","og_title":"\u0420\u0435\u0434\u043e\u0432\u043d\u0430 \u0438\u0437\u0434\u0430\u045a\u0430 - 2012 - \u0435\u0424\u0438\u043b\u0430\u0442\u0435\u043b\u0438\u0458\u0430","og_description":"\u0414\u0438\u0433\u0438\u0442\u0430\u043b\u043d\u0430 \u0442\u0435\u043b\u0435\u0432\u0438\u0437\u0438\u0458\u0430 \u041a\u0430\u0442\u0430\u043b\u043e\u0448\u043a\u0435 \u0438\u043d\u0444\u043e\u0440\u043c\u0430\u0446\u0438\u0458\u04354. \u043e\u043a\u0442\u043e\u0431\u0430\u0440 2012.\u0423\u043c\u0435\u0442\u043d\u0438\u0447\u043a\u0430 \u043e\u0431\u0440\u0430\u0434\u0430: \u0408\u0430\u043a\u0448\u0430 \u0412\u043b\u0430\u0445\u043e\u0432\u0438\u045b\u0412\u0438\u0448\u0435\u0431\u043e\u0458\u043d\u0438 \u043e\u0444\u0441\u0435\u0442 \u201e\u0424\u043e\u0440\u0443\u043c\u201d \u041d\u043e\u0432\u0438 \u0421\u0430\u0434; \u0437.\u0447. 13 \u00be515. 50,00 \u0434\u0438\u043d (\u0432\u0438\u0448\u0435\u0431\u043e\u0458\u043d\u0430) 300.000\u0422\u0430\u0431\u0430\u043a: 100 \u043a\u043e\u043c\u0430\u0434\u0430\u041d\u0430\u0446\u0440\u0442: 515. \u0414\u0438\u0433\u0438\u0442\u0430\u043b\u043d\u0430 \u0442\u0435\u043b\u0435\u0432\u0438\u0437\u0438\u0458\u0430.\u0412\u0435\u043b\u0438\u0447\u0438\u043d\u0430 \u043c\u0430\u0440\u043a\u0435: 23,2 \u0445 24,65\u043c\u043c\u0412\u0430\u0436\u0438 \u043d\u0435\u043e\u0433\u0440\u0430\u043d\u0438\u0447\u0435\u043d\u043e. \u041a\u043e\u043b\u0430\u043d \u0441\u0430 \u043a\u043e\u043f\u0447\u043e\u043c \u041a\u0430\u0442\u0430\u043b\u043e\u0448\u043a\u0435 \u0438\u043d\u0444\u043e\u0440\u043c\u0430\u0446\u0438\u0458\u043512. \u043e\u043a\u0442\u043e\u0431\u0430\u0440 2012.\u0423\u043c\u0435\u0442\u043d\u0438\u0447\u043a\u0430 \u043e\u0431\u0440\u0430\u0434\u0430: \u041d\u0430\u0434\u0435\u0436\u0434\u0430 \u0421\u043a\u043e\u0447\u0430\u0458\u0438\u045b\u0412\u0438\u0448\u0435\u0431\u043e\u0458\u043d\u0438 \u043e\u0444\u0441\u0435\u0442 \u201e\u0424\u043e\u0440\u0443\u043c\u201d \u041d\u043e\u0432\u0438 \u0421\u0430\u0434; \u0437.\u0447. 13 \u00be516. 11,00 \u0434\u0438\u043d (\u0432\u0438\u0448\u0435\u0431\u043e\u0458\u043d\u0430) 1.500.000\u0422\u0430\u0431\u0430\u043a: 100 \u043a\u043e\u043c\u0430\u0434\u0430\u041d\u0430\u0446\u0440\u0442: 516. \u041a\u043e\u043b\u0430\u043d [&hellip;]","og_url":"https:\/\/efilatelija.posta.rs\/en\/redovna-izdanja-2012\/","og_site_name":"\u0435\u0424\u0438\u043b\u0430\u0442\u0435\u043b\u0438\u0458\u0430","article_modified_time":"2022-12-01T11:16:10+00:00","og_image":[{"url":"https:\/\/efilatelija.posta.rs\/wp-content\/uploads\/2021\/05\/marka-1-30.png","type":"","width":"","height":""}],"twitter_card":"summary_large_image","schema":{"@context":"https:\/\/schema.org","@graph":[{"@type":"WebPage","@id":"https:\/\/efilatelija.posta.rs\/redovna-izdanja-2012\/","url":"https:\/\/efilatelija.posta.rs\/redovna-izdanja-2012\/","name":"\u0420\u0435\u0434\u043e\u0432\u043d\u0430 \u0438\u0437\u0434\u0430\u045a\u0430 - 2012 - \u0435\u0424\u0438\u043b\u0430\u0442\u0435\u043b\u0438\u0458\u0430","isPartOf":{"@id":"https:\/\/efilatelija.posta.rs\/#website"},"primaryImageOfPage":{"@id":"https:\/\/efilatelija.posta.rs\/redovna-izdanja-2012\/#primaryimage"},"image":{"@id":"https:\/\/efilatelija.posta.rs\/redovna-izdanja-2012\/#primaryimage"},"thumbnailUrl":"https:\/\/efilatelija.posta.rs\/wp-content\/uploads\/2021\/05\/marka-1-30.png","datePublished":"2021-05-25T06:57:33+00:00","dateModified":"2022-12-01T11:16:10+00:00","inLanguage":"en-GB","potentialAction":[{"@type":"ReadAction","target":["https:\/\/efilatelija.posta.rs\/redovna-izdanja-2012\/"]}]},{"@type":"ImageObject","inLanguage":"en-GB","@id":"https:\/\/efilatelija.posta.rs\/redovna-izdanja-2012\/#primaryimage","url":"https:\/\/efilatelija.posta.rs\/wp-content\/uploads\/2021\/05\/marka-1-30.png","contentUrl":"https:\/\/efilatelija.posta.rs\/wp-content\/uploads\/2021\/05\/marka-1-30.png"},{"@type":"WebSite","@id":"https:\/\/efilatelija.posta.rs\/#website","url":"https:\/\/efilatelija.posta.rs\/","name":"ePhilately","description":"\u041f\u043e\u0448\u0442\u0430 \u0421\u0440\u0431\u0438\u0458\u0435 \u0434.\u043e.\u043e.","publisher":{"@id":"https:\/\/efilatelija.posta.rs\/#organization"},"potentialAction":[{"@type":"SearchAction","target":{"@type":"EntryPoint","urlTemplate":"https:\/\/efilatelija.posta.rs\/?s={search_term_string}"},"query-input":{"@type":"PropertyValueSpecification","valueRequired":true,"valueName":"search_term_string"}}],"inLanguage":"en-GB"},{"@type":"Organization","@id":"https:\/\/efilatelija.posta.rs\/#organization","name":"\u0435\u0424\u0438\u043b\u0430\u0442\u0435\u043b\u0438\u0458\u0430 - \u0408\u041f \u041f\u043e\u0448\u0442\u0430 \u0421\u0440\u0431\u0438\u0458\u0435","url":"https:\/\/efilatelija.posta.rs\/","logo":{"@type":"ImageObject","inLanguage":"en-GB","@id":"https:\/\/efilatelija.posta.rs\/#\/schema\/logo\/image\/","url":"https:\/\/efilatelija.posta.rs\/wp-content\/uploads\/2025\/01\/logo-posta-srbije-500x500-1.jpg","contentUrl":"https:\/\/efilatelija.posta.rs\/wp-content\/uploads\/2025\/01\/logo-posta-srbije-500x500-1.jpg","width":500,"height":500,"caption":"\u0435\u0424\u0438\u043b\u0430\u0442\u0435\u043b\u0438\u0458\u0430 - \u0408\u041f \u041f\u043e\u0448\u0442\u0430 \u0421\u0440\u0431\u0438\u0458\u0435"},"image":{"@id":"https:\/\/efilatelija.posta.rs\/#\/schema\/logo\/image\/"}}]}},"_links":{"self":[{"href":"https:\/\/efilatelija.posta.rs\/en\/wp-json\/wp\/v2\/pages\/2177","targetHints":{"allow":["GET"]}}],"collection":[{"href":"https:\/\/efilatelija.posta.rs\/en\/wp-json\/wp\/v2\/pages"}],"about":[{"href":"https:\/\/efilatelija.posta.rs\/en\/wp-json\/wp\/v2\/types\/page"}],"author":[{"embeddable":true,"href":"https:\/\/efilatelija.posta.rs\/en\/wp-json\/wp\/v2\/users\/1"}],"replies":[{"embeddable":true,"href":"https:\/\/efilatelija.posta.rs\/en\/wp-json\/wp\/v2\/comments?post=2177"}],"version-history":[{"count":0,"href":"https:\/\/efilatelija.posta.rs\/en\/wp-json\/wp\/v2\/pages\/2177\/revisions"}],"wp:attachment":[{"href":"https:\/\/efilatelija.posta.rs\/en\/wp-json\/wp\/v2\/media?parent=2177"}],"curies":[{"name":"wp","href":"https:\/\/api.w.org\/{rel}","templated":true}]}}