{"id":2031,"date":"2021-05-24T07:34:32","date_gmt":"2021-05-24T06:34:32","guid":{"rendered":"https:\/\/efilatelija.posta.rs\/?page_id=2031"},"modified":"2022-12-01T12:25:44","modified_gmt":"2022-12-01T11:25:44","slug":"redovna-izdanja-2021","status":"publish","type":"page","link":"https:\/\/efilatelija.posta.rs\/en\/redovna-izdanja-2021\/","title":{"rendered":"Regular editions \u2013 2021"},"content":{"rendered":"<h3 class=\"wp-block-heading\">Grapes \u2013 <em>Vitis vinifera L.<\/em><\/h3>\n\n\n\n<div class=\"wp-block-columns is-layout-flex wp-container-core-columns-is-layout-28f84493 wp-block-columns-is-layout-flex\">\n<div class=\"wp-block-column is-layout-flow wp-block-column-is-layout-flow\" style=\"flex-basis:33.33%\">\n<div class=\"wp-block-columns is-layout-flex wp-container-core-columns-is-layout-28f84493 wp-block-columns-is-layout-flex\">\n<div class=\"wp-block-column is-layout-flow wp-block-column-is-layout-flow\" style=\"flex-basis:100%\">\n<figure class=\"wp-block-gallery aligncenter has-nested-images columns-default wp-block-gallery-1 is-layout-flex wp-block-gallery-is-layout-flex\">\n<figure class=\"wp-block-image size-large is-style-default\"><a href=\"https:\/\/efilatelija.posta.rs\/wp-content\/uploads\/2021\/05\/marka-1-16.png\"><img loading=\"lazy\" decoding=\"async\" width=\"330\" height=\"351\" data-id=\"2163\" src=\"https:\/\/efilatelija.posta.rs\/wp-content\/uploads\/2021\/05\/marka-1-16.png\" alt=\"\u0413\u0440\u043e\u0436\u0452\u0435 \u2013 Vitis vinifera L. - \u0420\u0435\u0434\u043e\u0432\u043d\u0430 \u043c\u0430\u0440\u043a\u0430\" class=\"wp-image-2163\" srcset=\"https:\/\/efilatelija.posta.rs\/wp-content\/uploads\/2021\/05\/marka-1-16.png 330w, https:\/\/efilatelija.posta.rs\/wp-content\/uploads\/2021\/05\/marka-1-16-324x345.png 324w\" sizes=\"auto, (max-width: 330px) 100vw, 330px\" \/><\/a><figcaption class=\"wp-element-caption\">\u0413\u0440\u043e\u0436\u0452\u0435 \u2013 Vitis vinifera L. &#8211; \u0420\u0435\u0434\u043e\u0432\u043d\u0430 \u043c\u0430\u0440\u043a\u0430<\/figcaption><\/figure>\n<\/figure>\n<\/div>\n<\/div>\n<\/div>\n\n\n\n<div class=\"wp-block-column is-layout-flow wp-block-column-is-layout-flow\" style=\"flex-basis:66.66%\">\n<p class=\"translation-block\"><strong>Technical informations<\/strong>\n<br>\nDate of Issue: 09.04. 2021<br>\nNumber of stamps: 1<br>\nSheet: 100<br>\nFace value in RSD: 10,00<br>\nArtistic realization: Nade\u017eda Sko\u010daji\u0107<br>\nSize of stamps: 23,2 x 24,65 mm<br>\nQuantity: 200.000<br>\nPrinting process: offset 4\/0<br>\nPaper: Muflep 100 gr\/m2 gummed<br>\nPerforation: 13 \u00bc<br><\/p>\n<\/div>\n<\/div>\n\n\n\n<hr class=\"wp-block-separator has-css-opacity alignwide is-style-wide\"\/>\n\n\n\n<h3 class=\"wp-block-heading\">Let\u2019s bring back the hug \u2013 by vaccination to herd immunity<\/h3>\n\n\n\n<div class=\"wp-block-columns is-layout-flex wp-container-core-columns-is-layout-28f84493 wp-block-columns-is-layout-flex\">\n<div class=\"wp-block-column is-layout-flow wp-block-column-is-layout-flow\" style=\"flex-basis:33.33%\">\n<div class=\"wp-block-columns is-layout-flex wp-container-core-columns-is-layout-28f84493 wp-block-columns-is-layout-flex\">\n<div class=\"wp-block-column is-layout-flow wp-block-column-is-layout-flow\" style=\"flex-basis:100%\">\n<figure class=\"wp-block-gallery aligncenter has-nested-images columns-default wp-block-gallery-2 is-layout-flex wp-block-gallery-is-layout-flex\">\n<figure class=\"wp-block-image size-large\"><a href=\"https:\/\/efilatelija.posta.rs\/wp-content\/uploads\/2021\/05\/marka-2-9.png\"><img loading=\"lazy\" decoding=\"async\" width=\"410\" height=\"386\" data-id=\"2164\" src=\"https:\/\/efilatelija.posta.rs\/wp-content\/uploads\/2021\/05\/marka-2-9.png\" alt=\"\u0412\u0440\u0430\u0442\u0438\u043c\u043e \u0437\u0430\u0433\u0440\u0459\u0430\u0458 \u2013 \u0432\u0430\u043a\u0446\u0438\u043d\u0430\u0446\u0438\u0458\u043e\u043c \u0434\u043e \u043a\u043e\u043b\u0435\u043a\u0442\u0438\u0432\u043d\u043e\u0433 \u0438\u043c\u0443\u043d\u0438\u0442\u0435\u0442\u0430 - \u0420\u0435\u0434\u043e\u0432\u043d\u0430 \u043c\u0430\u0440\u043a\u0430\" class=\"wp-image-2164\" srcset=\"https:\/\/efilatelija.posta.rs\/wp-content\/uploads\/2021\/05\/marka-2-9.png 410w, https:\/\/efilatelija.posta.rs\/wp-content\/uploads\/2021\/05\/marka-2-9-324x305.png 324w\" sizes=\"auto, (max-width: 410px) 100vw, 410px\" \/><\/a><figcaption class=\"wp-element-caption\">\u0412\u0440\u0430\u0442\u0438\u043c\u043e \u0437\u0430\u0433\u0440\u0459\u0430\u0458 \u2013 \u0432\u0430\u043a\u0446\u0438\u043d\u0430\u0446\u0438\u0458\u043e\u043c \u0434\u043e \u043a\u043e\u043b\u0435\u043a\u0442\u0438\u0432\u043d\u043e\u0433 \u0438\u043c\u0443\u043d\u0438\u0442\u0435\u0442\u0430 &#8211; \u0420\u0435\u0434\u043e\u0432\u043d\u0430 \u043c\u0430\u0440\u043a\u0430<\/figcaption><\/figure>\n<\/figure>\n<\/div>\n<\/div>\n<\/div>\n\n\n\n<div class=\"wp-block-column is-layout-flow wp-block-column-is-layout-flow\" style=\"flex-basis:66.66%\">\n<p class=\"translation-block\"><strong>Technical informations<\/strong><br>\nDate of Issue: 12.04. 2021<br>\nNumber of stamps: 1<br>\nSheet: 100<br>\nFace value in RSD: 3,00<br>\nArtistic realization: Nade\u017eda Sko\u010daji\u0107<br>\nSize of stamps: 23,2 x 24,65 mm<br>\nQuantity: 1.500.000<br>\nPrinting process: offset 4\/0<br>\nPaper: Muflep 100 gr\/m2 gummed<br>\nPerforation: 13 \u00bc<\/p>\n<\/div>\n<\/div>\n\n\n\n<hr class=\"wp-block-separator has-css-opacity alignwide is-style-wide\"\/>\n\n\n\n<h3 class=\"wp-block-heading\">Children\u2019s online safety<\/h3>\n\n\n\n<div class=\"wp-block-columns is-layout-flex wp-container-core-columns-is-layout-28f84493 wp-block-columns-is-layout-flex\">\n<div class=\"wp-block-column is-layout-flow wp-block-column-is-layout-flow\" style=\"flex-basis:33.33%\">\n<div class=\"wp-block-columns is-layout-flex wp-container-core-columns-is-layout-28f84493 wp-block-columns-is-layout-flex\">\n<div class=\"wp-block-column is-layout-flow wp-block-column-is-layout-flow\" style=\"flex-basis:100%\">\n<figure class=\"wp-block-gallery aligncenter has-nested-images columns-default wp-block-gallery-3 is-layout-flex wp-block-gallery-is-layout-flex\">\n<figure class=\"wp-block-image size-large\"><a href=\"https:\/\/efilatelija.posta.rs\/wp-content\/uploads\/2021\/06\/marka-3-19.png\"><img loading=\"lazy\" decoding=\"async\" width=\"330\" height=\"351\" data-id=\"3443\" src=\"https:\/\/efilatelija.posta.rs\/wp-content\/uploads\/2021\/06\/marka-3-19.png\" alt=\"\" class=\"wp-image-3443\" srcset=\"https:\/\/efilatelija.posta.rs\/wp-content\/uploads\/2021\/06\/marka-3-19.png 330w, https:\/\/efilatelija.posta.rs\/wp-content\/uploads\/2021\/06\/marka-3-19-324x345.png 324w\" sizes=\"auto, (max-width: 330px) 100vw, 330px\" \/><\/a><\/figure>\n<\/figure>\n<\/div>\n<\/div>\n<\/div>\n\n\n\n<div class=\"wp-block-column is-layout-flow wp-block-column-is-layout-flow\" style=\"flex-basis:66.66%\">\n<p class=\"translation-block\"><strong>Technical informations<\/strong>\n<br>\n            Date of Issue: 27.5.2021<br>\n            Number of stamps: 1<br>\n            Sheet: 100<br>\n            Face value in RSD: 36,00<br>\n            Artistic realization: Boban Savi\u0107<br>\n            Size of stamps: 23,2 x 24,65 mm<br>\n            Quantity: 400.000<br>\n            Printing process: offset 4\/0<br>\n            Paper: Muflep 100 gr\/m<sup>2<\/sup> gummed<br>\n            Perforation: 13 \u00bc<br><\/p>\n<\/div>\n<\/div>\n\n\n\n<hr class=\"wp-block-separator has-css-opacity alignwide is-style-wide\"\/>\n\n\n\n<h3 class=\"wp-block-heading\">The St. Sava temple<\/h3>\n\n\n\n<div class=\"wp-block-columns is-layout-flex wp-container-core-columns-is-layout-28f84493 wp-block-columns-is-layout-flex\">\n<div class=\"wp-block-column is-layout-flow wp-block-column-is-layout-flow\" style=\"flex-basis:33.33%\">\n<div class=\"wp-block-columns is-layout-flex wp-container-core-columns-is-layout-28f84493 wp-block-columns-is-layout-flex\">\n<div class=\"wp-block-column is-layout-flow wp-block-column-is-layout-flow\" style=\"flex-basis:100%\">\n<figure class=\"wp-block-gallery aligncenter has-nested-images columns-default wp-block-gallery-4 is-layout-flex wp-block-gallery-is-layout-flex\">\n<figure class=\"wp-block-image size-large\"><a href=\"https:\/\/efilatelija.posta.rs\/wp-content\/uploads\/2021\/08\/Hram1.png\"><img loading=\"lazy\" decoding=\"async\" width=\"800\" height=\"800\" data-id=\"4782\" src=\"https:\/\/efilatelija.posta.rs\/wp-content\/uploads\/2021\/08\/Hram1.png\" alt=\"\" class=\"wp-image-4782\" srcset=\"https:\/\/efilatelija.posta.rs\/wp-content\/uploads\/2021\/08\/Hram1.png 800w, https:\/\/efilatelija.posta.rs\/wp-content\/uploads\/2021\/08\/Hram1-324x324.png 324w, https:\/\/efilatelija.posta.rs\/wp-content\/uploads\/2021\/08\/Hram1-100x100.png 100w, https:\/\/efilatelija.posta.rs\/wp-content\/uploads\/2021\/08\/Hram1-416x416.png 416w\" sizes=\"auto, (max-width: 800px) 100vw, 800px\" \/><\/a><\/figure>\n<\/figure>\n<\/div>\n<\/div>\n<\/div>\n\n\n\n<div class=\"wp-block-column is-layout-flow wp-block-column-is-layout-flow\" style=\"flex-basis:66.66%\">\n<p class=\"translation-block\"><strong>Technical informations<\/strong><br>\nDate of Issue: 12.8.2021<br>\nNumber of stamps: 1<br>\nSheet: 100<br>\nFace value in RSD: 30,00<br>\nArtistic realization: Nade\u017eda Sko\u010daji\u0107<br>\nMotif: The St. Sava temple (Hram Svetog Save), located at the St. Sava Plateau (or Vra\u010dar\u2019s Plateau) in Belgrade<br>\nSize of stamps: 24,65 \u0445 23,2 mm<br>\nQuantity: 2.000.000<br>\nPrinting process: offset 4\/0<br>\nPaper: Muflep 100 gr\/m<sup>2<\/sup> gummed<br>\nPerforation: 13 \u00bc<\/p>\n<\/div>\n<\/div>\n\n\n\n<hr class=\"wp-block-separator has-css-opacity alignwide is-style-wide\"\/>","protected":false},"excerpt":{"rendered":"<p>\u0413\u0440\u043e\u0436\u0452\u0435 \u2013 Vitis vinifera L. \u041a\u0430\u0442\u0430\u043b\u043e\u0448\u043a\u0435 \u0438\u043d\u0444\u043e\u0440\u043c\u0430\u0446\u0438\u0458\u043509. \u0430\u043f\u0440\u0438\u043b 2021.\u0423\u043c\u0435\u0442\u043d\u0438\u0447\u043a\u0430 \u043e\u0431\u0440\u0430\u0434\u0430: \u041d\u0430\u0434\u0435\u0436\u0434\u0430 \u0421\u043a\u043e\u0447\u0430\u0458\u0438\u045b\u0412\u0438\u0448\u0435\u0431\u043e\u0458\u043d\u0438 \u043e\u0444\u0441\u0435\u0442 \u201e\u0424\u043e\u0440\u0443\u043c\u201d \u041d\u043e\u0432\u0438 \u0421\u0430\u0434; \u0437.\u0447. 13 \u00be1048. 10,00 \u0434\u0438\u043d (\u0432\u0438\u0448\u0435\u0431\u043e\u0458\u043d\u0430) 200.000\u0422\u0430\u0431\u0430\u043a: 100 \u043a\u043e\u043c\u0430\u0434\u0430\u041d\u0430\u0446\u0440\u0442: 1048. \u0413\u0440\u043e\u0437\u0434.\u0412\u0435\u043b\u0438\u0447\u0438\u043d\u0430 \u043c\u0430\u0440\u043a\u0435: 23,2 x 24,65 \u043c\u043c\u0412\u0430\u0436\u0438 \u043d\u0435\u043e\u0433\u0440\u0430\u043d\u0438\u0447\u0435\u043d\u043e. \u0412\u0440\u0430\u0442\u0438\u043c\u043e \u0437\u0430\u0433\u0440\u0459\u0430\u0458 \u2013 \u0432\u0430\u043a\u0446\u0438\u043d\u0430\u0446\u0438\u0458\u043e\u043c \u0434\u043e \u043a\u043e\u043b\u0435\u043a\u0442\u0438\u0432\u043d\u043e\u0433 \u0438\u043c\u0443\u043d\u0438\u0442\u0435\u0442\u0430 \u041a\u0430\u0442\u0430\u043b\u043e\u0448\u043a\u0435 \u0438\u043d\u0444\u043e\u0440\u043c\u0430\u0446\u0438\u0458\u043512. \u0430\u043f\u0440\u0438\u043b 2021.\u0413\u0440\u0430\u0444\u0438\u0447\u043a\u0430 \u043e\u0431\u0440\u0430\u0434\u0430: \u041d\u0430\u0434\u0435\u0436\u0434\u0430 \u0421\u043a\u043e\u0447\u0430\u0458\u0438\u045b\u0412\u0438\u0448\u0435\u0431\u043e\u0458\u043d\u0438 \u043e\u0444\u0441\u0435\u0442 \u201e\u0424\u043e\u0440\u0443\u043c\u201d \u041d\u043e\u0432\u0438 \u0421\u0430\u0434; \u0437.\u0447. 13 \u00be1052. 3,00 [&hellip;]<\/p>","protected":false},"author":1,"featured_media":0,"parent":0,"menu_order":0,"comment_status":"closed","ping_status":"closed","template":"page-redovna-izdanja.php","meta":{"inline_featured_image":false,"pgc_sgb_lightbox_settings":"","footnotes":""},"class_list":["post-2031","page","type-page","status-publish","hentry"],"yoast_head":"<!-- This site is optimized with the Yoast SEO plugin v26.8 - https:\/\/yoast.com\/product\/yoast-seo-wordpress\/ -->\n<title>\u0420\u0435\u0434\u043e\u0432\u043d\u0430 \u0438\u0437\u0434\u0430\u045a\u0430 - 2021 - \u0435\u0424\u0438\u043b\u0430\u0442\u0435\u043b\u0438\u0458\u0430<\/title>\n<meta name=\"robots\" content=\"index, follow, max-snippet:-1, max-image-preview:large, max-video-preview:-1\" \/>\n<link rel=\"canonical\" href=\"https:\/\/efilatelija.posta.rs\/en\/redovna-izdanja-2021\/\" \/>\n<meta property=\"og:locale\" content=\"en_GB\" \/>\n<meta property=\"og:type\" content=\"article\" \/>\n<meta property=\"og:title\" content=\"\u0420\u0435\u0434\u043e\u0432\u043d\u0430 \u0438\u0437\u0434\u0430\u045a\u0430 - 2021 - \u0435\u0424\u0438\u043b\u0430\u0442\u0435\u043b\u0438\u0458\u0430\" \/>\n<meta property=\"og:description\" content=\"\u0413\u0440\u043e\u0436\u0452\u0435 \u2013 Vitis vinifera L. \u041a\u0430\u0442\u0430\u043b\u043e\u0448\u043a\u0435 \u0438\u043d\u0444\u043e\u0440\u043c\u0430\u0446\u0438\u0458\u043509. \u0430\u043f\u0440\u0438\u043b 2021.\u0423\u043c\u0435\u0442\u043d\u0438\u0447\u043a\u0430 \u043e\u0431\u0440\u0430\u0434\u0430: \u041d\u0430\u0434\u0435\u0436\u0434\u0430 \u0421\u043a\u043e\u0447\u0430\u0458\u0438\u045b\u0412\u0438\u0448\u0435\u0431\u043e\u0458\u043d\u0438 \u043e\u0444\u0441\u0435\u0442 \u201e\u0424\u043e\u0440\u0443\u043c\u201d \u041d\u043e\u0432\u0438 \u0421\u0430\u0434; \u0437.\u0447. 13 \u00be1048. 10,00 \u0434\u0438\u043d (\u0432\u0438\u0448\u0435\u0431\u043e\u0458\u043d\u0430) 200.000\u0422\u0430\u0431\u0430\u043a: 100 \u043a\u043e\u043c\u0430\u0434\u0430\u041d\u0430\u0446\u0440\u0442: 1048. \u0413\u0440\u043e\u0437\u0434.\u0412\u0435\u043b\u0438\u0447\u0438\u043d\u0430 \u043c\u0430\u0440\u043a\u0435: 23,2 x 24,65 \u043c\u043c\u0412\u0430\u0436\u0438 \u043d\u0435\u043e\u0433\u0440\u0430\u043d\u0438\u0447\u0435\u043d\u043e. \u0412\u0440\u0430\u0442\u0438\u043c\u043e \u0437\u0430\u0433\u0440\u0459\u0430\u0458 \u2013 \u0432\u0430\u043a\u0446\u0438\u043d\u0430\u0446\u0438\u0458\u043e\u043c \u0434\u043e \u043a\u043e\u043b\u0435\u043a\u0442\u0438\u0432\u043d\u043e\u0433 \u0438\u043c\u0443\u043d\u0438\u0442\u0435\u0442\u0430 \u041a\u0430\u0442\u0430\u043b\u043e\u0448\u043a\u0435 \u0438\u043d\u0444\u043e\u0440\u043c\u0430\u0446\u0438\u0458\u043512. \u0430\u043f\u0440\u0438\u043b 2021.\u0413\u0440\u0430\u0444\u0438\u0447\u043a\u0430 \u043e\u0431\u0440\u0430\u0434\u0430: \u041d\u0430\u0434\u0435\u0436\u0434\u0430 \u0421\u043a\u043e\u0447\u0430\u0458\u0438\u045b\u0412\u0438\u0448\u0435\u0431\u043e\u0458\u043d\u0438 \u043e\u0444\u0441\u0435\u0442 \u201e\u0424\u043e\u0440\u0443\u043c\u201d \u041d\u043e\u0432\u0438 \u0421\u0430\u0434; \u0437.\u0447. 13 \u00be1052. 3,00 [&hellip;]\" \/>\n<meta property=\"og:url\" content=\"https:\/\/efilatelija.posta.rs\/en\/redovna-izdanja-2021\/\" \/>\n<meta property=\"og:site_name\" content=\"\u0435\u0424\u0438\u043b\u0430\u0442\u0435\u043b\u0438\u0458\u0430\" \/>\n<meta property=\"article:modified_time\" content=\"2022-12-01T11:25:44+00:00\" \/>\n<meta property=\"og:image\" content=\"https:\/\/efilatelija.posta.rs\/wp-content\/uploads\/2021\/05\/marka-1-16.png\" \/>\n<meta name=\"twitter:card\" content=\"summary_large_image\" \/>\n<meta name=\"twitter:label1\" content=\"Estimated reading time\" \/>\n\t<meta name=\"twitter:data1\" content=\"2 minutes\" \/>\n<script type=\"application\/ld+json\" class=\"yoast-schema-graph\">{\"@context\":\"https:\/\/schema.org\",\"@graph\":[{\"@type\":\"WebPage\",\"@id\":\"https:\/\/efilatelija.posta.rs\/redovna-izdanja-2021\/\",\"url\":\"https:\/\/efilatelija.posta.rs\/redovna-izdanja-2021\/\",\"name\":\"\u0420\u0435\u0434\u043e\u0432\u043d\u0430 \u0438\u0437\u0434\u0430\u045a\u0430 - 2021 - \u0435\u0424\u0438\u043b\u0430\u0442\u0435\u043b\u0438\u0458\u0430\",\"isPartOf\":{\"@id\":\"https:\/\/efilatelija.posta.rs\/#website\"},\"primaryImageOfPage\":{\"@id\":\"https:\/\/efilatelija.posta.rs\/redovna-izdanja-2021\/#primaryimage\"},\"image\":{\"@id\":\"https:\/\/efilatelija.posta.rs\/redovna-izdanja-2021\/#primaryimage\"},\"thumbnailUrl\":\"https:\/\/efilatelija.posta.rs\/wp-content\/uploads\/2021\/05\/marka-1-16.png\",\"datePublished\":\"2021-05-24T06:34:32+00:00\",\"dateModified\":\"2022-12-01T11:25:44+00:00\",\"inLanguage\":\"en-GB\",\"potentialAction\":[{\"@type\":\"ReadAction\",\"target\":[\"https:\/\/efilatelija.posta.rs\/redovna-izdanja-2021\/\"]}]},{\"@type\":\"ImageObject\",\"inLanguage\":\"en-GB\",\"@id\":\"https:\/\/efilatelija.posta.rs\/redovna-izdanja-2021\/#primaryimage\",\"url\":\"https:\/\/efilatelija.posta.rs\/wp-content\/uploads\/2021\/05\/marka-1-16.png\",\"contentUrl\":\"https:\/\/efilatelija.posta.rs\/wp-content\/uploads\/2021\/05\/marka-1-16.png\"},{\"@type\":\"WebSite\",\"@id\":\"https:\/\/efilatelija.posta.rs\/#website\",\"url\":\"https:\/\/efilatelija.posta.rs\/\",\"name\":\"\u0435\u0424\u0438\u043b\u0430\u0442\u0435\u043b\u0438\u0458\u0430\",\"description\":\"\u041f\u043e\u0448\u0442\u0430 \u0421\u0440\u0431\u0438\u0458\u0435 \u0434.\u043e.\u043e.\",\"publisher\":{\"@id\":\"https:\/\/efilatelija.posta.rs\/#organization\"},\"potentialAction\":[{\"@type\":\"SearchAction\",\"target\":{\"@type\":\"EntryPoint\",\"urlTemplate\":\"https:\/\/efilatelija.posta.rs\/?s={search_term_string}\"},\"query-input\":{\"@type\":\"PropertyValueSpecification\",\"valueRequired\":true,\"valueName\":\"search_term_string\"}}],\"inLanguage\":\"en-GB\"},{\"@type\":\"Organization\",\"@id\":\"https:\/\/efilatelija.posta.rs\/#organization\",\"name\":\"\u0435\u0424\u0438\u043b\u0430\u0442\u0435\u043b\u0438\u0458\u0430 - \u0408\u041f \u041f\u043e\u0448\u0442\u0430 \u0421\u0440\u0431\u0438\u0458\u0435\",\"url\":\"https:\/\/efilatelija.posta.rs\/\",\"logo\":{\"@type\":\"ImageObject\",\"inLanguage\":\"en-GB\",\"@id\":\"https:\/\/efilatelija.posta.rs\/#\/schema\/logo\/image\/\",\"url\":\"https:\/\/efilatelija.posta.rs\/wp-content\/uploads\/2025\/01\/logo-posta-srbije-500x500-1.jpg\",\"contentUrl\":\"https:\/\/efilatelija.posta.rs\/wp-content\/uploads\/2025\/01\/logo-posta-srbije-500x500-1.jpg\",\"width\":500,\"height\":500,\"caption\":\"\u0435\u0424\u0438\u043b\u0430\u0442\u0435\u043b\u0438\u0458\u0430 - \u0408\u041f \u041f\u043e\u0448\u0442\u0430 \u0421\u0440\u0431\u0438\u0458\u0435\"},\"image\":{\"@id\":\"https:\/\/efilatelija.posta.rs\/#\/schema\/logo\/image\/\"}}]}<\/script>\n<!-- \/ Yoast SEO plugin. -->","yoast_head_json":{"title":"\u0420\u0435\u0434\u043e\u0432\u043d\u0430 \u0438\u0437\u0434\u0430\u045a\u0430 - 2021 - \u0435\u0424\u0438\u043b\u0430\u0442\u0435\u043b\u0438\u0458\u0430","robots":{"index":"index","follow":"follow","max-snippet":"max-snippet:-1","max-image-preview":"max-image-preview:large","max-video-preview":"max-video-preview:-1"},"canonical":"https:\/\/efilatelija.posta.rs\/en\/redovna-izdanja-2021\/","og_locale":"en_GB","og_type":"article","og_title":"\u0420\u0435\u0434\u043e\u0432\u043d\u0430 \u0438\u0437\u0434\u0430\u045a\u0430 - 2021 - \u0435\u0424\u0438\u043b\u0430\u0442\u0435\u043b\u0438\u0458\u0430","og_description":"\u0413\u0440\u043e\u0436\u0452\u0435 \u2013 Vitis vinifera L. \u041a\u0430\u0442\u0430\u043b\u043e\u0448\u043a\u0435 \u0438\u043d\u0444\u043e\u0440\u043c\u0430\u0446\u0438\u0458\u043509. \u0430\u043f\u0440\u0438\u043b 2021.\u0423\u043c\u0435\u0442\u043d\u0438\u0447\u043a\u0430 \u043e\u0431\u0440\u0430\u0434\u0430: \u041d\u0430\u0434\u0435\u0436\u0434\u0430 \u0421\u043a\u043e\u0447\u0430\u0458\u0438\u045b\u0412\u0438\u0448\u0435\u0431\u043e\u0458\u043d\u0438 \u043e\u0444\u0441\u0435\u0442 \u201e\u0424\u043e\u0440\u0443\u043c\u201d \u041d\u043e\u0432\u0438 \u0421\u0430\u0434; \u0437.\u0447. 13 \u00be1048. 10,00 \u0434\u0438\u043d (\u0432\u0438\u0448\u0435\u0431\u043e\u0458\u043d\u0430) 200.000\u0422\u0430\u0431\u0430\u043a: 100 \u043a\u043e\u043c\u0430\u0434\u0430\u041d\u0430\u0446\u0440\u0442: 1048. \u0413\u0440\u043e\u0437\u0434.\u0412\u0435\u043b\u0438\u0447\u0438\u043d\u0430 \u043c\u0430\u0440\u043a\u0435: 23,2 x 24,65 \u043c\u043c\u0412\u0430\u0436\u0438 \u043d\u0435\u043e\u0433\u0440\u0430\u043d\u0438\u0447\u0435\u043d\u043e. \u0412\u0440\u0430\u0442\u0438\u043c\u043e \u0437\u0430\u0433\u0440\u0459\u0430\u0458 \u2013 \u0432\u0430\u043a\u0446\u0438\u043d\u0430\u0446\u0438\u0458\u043e\u043c \u0434\u043e \u043a\u043e\u043b\u0435\u043a\u0442\u0438\u0432\u043d\u043e\u0433 \u0438\u043c\u0443\u043d\u0438\u0442\u0435\u0442\u0430 \u041a\u0430\u0442\u0430\u043b\u043e\u0448\u043a\u0435 \u0438\u043d\u0444\u043e\u0440\u043c\u0430\u0446\u0438\u0458\u043512. \u0430\u043f\u0440\u0438\u043b 2021.\u0413\u0440\u0430\u0444\u0438\u0447\u043a\u0430 \u043e\u0431\u0440\u0430\u0434\u0430: \u041d\u0430\u0434\u0435\u0436\u0434\u0430 \u0421\u043a\u043e\u0447\u0430\u0458\u0438\u045b\u0412\u0438\u0448\u0435\u0431\u043e\u0458\u043d\u0438 \u043e\u0444\u0441\u0435\u0442 \u201e\u0424\u043e\u0440\u0443\u043c\u201d \u041d\u043e\u0432\u0438 \u0421\u0430\u0434; \u0437.\u0447. 13 \u00be1052. 3,00 [&hellip;]","og_url":"https:\/\/efilatelija.posta.rs\/en\/redovna-izdanja-2021\/","og_site_name":"\u0435\u0424\u0438\u043b\u0430\u0442\u0435\u043b\u0438\u0458\u0430","article_modified_time":"2022-12-01T11:25:44+00:00","og_image":[{"url":"https:\/\/efilatelija.posta.rs\/wp-content\/uploads\/2021\/05\/marka-1-16.png","type":"","width":"","height":""}],"twitter_card":"summary_large_image","twitter_misc":{"Estimated reading time":"2 minutes"},"schema":{"@context":"https:\/\/schema.org","@graph":[{"@type":"WebPage","@id":"https:\/\/efilatelija.posta.rs\/redovna-izdanja-2021\/","url":"https:\/\/efilatelija.posta.rs\/redovna-izdanja-2021\/","name":"\u0420\u0435\u0434\u043e\u0432\u043d\u0430 \u0438\u0437\u0434\u0430\u045a\u0430 - 2021 - \u0435\u0424\u0438\u043b\u0430\u0442\u0435\u043b\u0438\u0458\u0430","isPartOf":{"@id":"https:\/\/efilatelija.posta.rs\/#website"},"primaryImageOfPage":{"@id":"https:\/\/efilatelija.posta.rs\/redovna-izdanja-2021\/#primaryimage"},"image":{"@id":"https:\/\/efilatelija.posta.rs\/redovna-izdanja-2021\/#primaryimage"},"thumbnailUrl":"https:\/\/efilatelija.posta.rs\/wp-content\/uploads\/2021\/05\/marka-1-16.png","datePublished":"2021-05-24T06:34:32+00:00","dateModified":"2022-12-01T11:25:44+00:00","inLanguage":"en-GB","potentialAction":[{"@type":"ReadAction","target":["https:\/\/efilatelija.posta.rs\/redovna-izdanja-2021\/"]}]},{"@type":"ImageObject","inLanguage":"en-GB","@id":"https:\/\/efilatelija.posta.rs\/redovna-izdanja-2021\/#primaryimage","url":"https:\/\/efilatelija.posta.rs\/wp-content\/uploads\/2021\/05\/marka-1-16.png","contentUrl":"https:\/\/efilatelija.posta.rs\/wp-content\/uploads\/2021\/05\/marka-1-16.png"},{"@type":"WebSite","@id":"https:\/\/efilatelija.posta.rs\/#website","url":"https:\/\/efilatelija.posta.rs\/","name":"ePhilately","description":"\u041f\u043e\u0448\u0442\u0430 \u0421\u0440\u0431\u0438\u0458\u0435 \u0434.\u043e.\u043e.","publisher":{"@id":"https:\/\/efilatelija.posta.rs\/#organization"},"potentialAction":[{"@type":"SearchAction","target":{"@type":"EntryPoint","urlTemplate":"https:\/\/efilatelija.posta.rs\/?s={search_term_string}"},"query-input":{"@type":"PropertyValueSpecification","valueRequired":true,"valueName":"search_term_string"}}],"inLanguage":"en-GB"},{"@type":"Organization","@id":"https:\/\/efilatelija.posta.rs\/#organization","name":"\u0435\u0424\u0438\u043b\u0430\u0442\u0435\u043b\u0438\u0458\u0430 - \u0408\u041f \u041f\u043e\u0448\u0442\u0430 \u0421\u0440\u0431\u0438\u0458\u0435","url":"https:\/\/efilatelija.posta.rs\/","logo":{"@type":"ImageObject","inLanguage":"en-GB","@id":"https:\/\/efilatelija.posta.rs\/#\/schema\/logo\/image\/","url":"https:\/\/efilatelija.posta.rs\/wp-content\/uploads\/2025\/01\/logo-posta-srbije-500x500-1.jpg","contentUrl":"https:\/\/efilatelija.posta.rs\/wp-content\/uploads\/2025\/01\/logo-posta-srbije-500x500-1.jpg","width":500,"height":500,"caption":"\u0435\u0424\u0438\u043b\u0430\u0442\u0435\u043b\u0438\u0458\u0430 - \u0408\u041f \u041f\u043e\u0448\u0442\u0430 \u0421\u0440\u0431\u0438\u0458\u0435"},"image":{"@id":"https:\/\/efilatelija.posta.rs\/#\/schema\/logo\/image\/"}}]}},"_links":{"self":[{"href":"https:\/\/efilatelija.posta.rs\/en\/wp-json\/wp\/v2\/pages\/2031","targetHints":{"allow":["GET"]}}],"collection":[{"href":"https:\/\/efilatelija.posta.rs\/en\/wp-json\/wp\/v2\/pages"}],"about":[{"href":"https:\/\/efilatelija.posta.rs\/en\/wp-json\/wp\/v2\/types\/page"}],"author":[{"embeddable":true,"href":"https:\/\/efilatelija.posta.rs\/en\/wp-json\/wp\/v2\/users\/1"}],"replies":[{"embeddable":true,"href":"https:\/\/efilatelija.posta.rs\/en\/wp-json\/wp\/v2\/comments?post=2031"}],"version-history":[{"count":0,"href":"https:\/\/efilatelija.posta.rs\/en\/wp-json\/wp\/v2\/pages\/2031\/revisions"}],"wp:attachment":[{"href":"https:\/\/efilatelija.posta.rs\/en\/wp-json\/wp\/v2\/media?parent=2031"}],"curies":[{"name":"wp","href":"https:\/\/api.w.org\/{rel}","templated":true}]}}